{"id":9607,"date":"2024-06-12T18:11:31","date_gmt":"2024-06-12T10:11:31","guid":{"rendered":"https:\/\/saituprinter.com\/?post_type=product&#038;p=9607"},"modified":"2025-06-14T18:43:01","modified_gmt":"2025-06-14T10:43:01","slug":"saitu-jc2015-sublimation-textile-printer","status":"publish","type":"product","link":"https:\/\/www.saituprinter.com\/es\/producto\/saitu-jc2015-sublimation-textile-printer\/","title":{"rendered":"Impresora textil por sublimaci\u00f3n SAITU JC2015"},"content":{"rendered":"<p><strong>La impresora textil de sublimaci\u00f3n JC2015, con un marco resistente, una interfaz de usuario intuitiva, capacidades de producci\u00f3n de alta velocidad y un soporte posventa integral, es la herramienta perfecta para impulsar su negocio.<\/strong><\/p>\n<p><img fetchpriority=\"high\" decoding=\"async\" class=\"alignnone size-full wp-image-9608\" src=\"https:\/\/saituprinter.com\/wp-content\/uploads\/2024\/06\/3.jpg\" alt=\"\" width=\"1000\" height=\"667\" srcset=\"https:\/\/www.saituprinter.com\/wp-content\/uploads\/2024\/06\/3.jpg 1000w, https:\/\/www.saituprinter.com\/wp-content\/uploads\/2024\/06\/3-600x400.jpg 600w, https:\/\/www.saituprinter.com\/wp-content\/uploads\/2024\/06\/3-150x100.jpg 150w, https:\/\/www.saituprinter.com\/wp-content\/uploads\/2024\/06\/3-800x534.jpg 800w, https:\/\/www.saituprinter.com\/wp-content\/uploads\/2024\/06\/3-768x512.jpg 768w, https:\/\/www.saituprinter.com\/wp-content\/uploads\/2024\/06\/3-18x12.jpg 18w\" sizes=\"(max-width: 1000px) 100vw, 1000px\" \/><\/p>\n<p style=\"text-align: center;\"><b>Printhead:15*EPSION 3200-A1 <\/b><\/p>\n<p style=\"text-align: center;\"><b>Resoluci\u00f3n del cabezal de impresi\u00f3n: 3200 DPI <\/b><\/p>\n<p style=\"text-align: center;\"><b>Velocidad de impresi\u00f3n: 500 m\u00b2\/h <\/b><\/p>\n<p style=\"text-align: center;\"><b>Ancho de impresi\u00f3n: 1900 mm <\/b><\/p>\n<p style=\"text-align: center;\"><b>Tinta: Tinta de sublimaci\u00f3n, Tinta pigmentada <\/b><\/p>\n<p style=\"text-align: center;\"><b>Medio: Papel de transferencia, Papel de sublimaci\u00f3n <\/b><\/p>\n<p style=\"text-align: center;\"><b>Software RIP: Maintop, impresi\u00f3n fotogr\u00e1fica, Neostampa, etc.<\/b><\/p>\n<p>&nbsp;<\/p>\n<table class=\"all magic-5\">\n<tbody>\n<tr>\n<td colspan=\"2\" rowspan=\"1\">\n<div class=\"magic-6\">\n<div class=\"magic-7\" data-spm-anchor-id=\"a2700.custom-template.0.i150.7a603333fNGZfj\"><b data-spm-anchor-id=\"a2700.pc-decorate.0.i6.57713333VpRCU9\">Impresora de papel de transferencia por sublimaci\u00f3n Saitu JC2015<\/b><\/div>\n<\/div>\n<\/td>\n<\/tr>\n<tr>\n<td colspan=\"1\" rowspan=\"1\">\n<div class=\"magic-10\">\n<div class=\"magic-7\">cabezal de impresi\u00f3n<\/div>\n<\/div>\n<\/td>\n<td colspan=\"1\" rowspan=\"1\">\n<div class=\"magic-11\">\n<p>15 piezas Epson i3200<\/p>\n<div>Resoluci\u00f3n: 3200 DPI<\/div>\n<\/div>\n<\/td>\n<\/tr>\n<tr>\n<td colspan=\"1\" rowspan=\"1\">\n<div class=\"magic-10\">\n<div class=\"magic-7\">Velocidad<\/div>\n<\/div>\n<\/td>\n<td colspan=\"1\" rowspan=\"1\">\n<div class=\"magic-11\">\n<p>1 pasada 500 m\u00b2\/h<\/p>\n<div data-spm-anchor-id=\"a2700.custom-template.0.i55.7a603333fNGZfj\">2 pasadas 250 m\u00b2\/h<\/div>\n<\/div>\n<\/td>\n<\/tr>\n<tr>\n<td colspan=\"1\" rowspan=\"1\">\n<div class=\"magic-10\">\n<div class=\"magic-7\" data-spm-anchor-id=\"a2700.custom-template.0.i61.7a603333fNGZfj\">Ancho de impresi\u00f3n<\/div>\n<\/div>\n<\/td>\n<td colspan=\"1\" rowspan=\"1\">\n<div class=\"magic-11\">1900mm<\/div>\n<\/td>\n<\/tr>\n<tr>\n<td colspan=\"1\" rowspan=\"3\">\n<div class=\"magic-12\">\n<div class=\"magic-7\" data-spm-anchor-id=\"a2700.custom-template.0.i63.7a603333fNGZfj\"><\/div>\n<div class=\"magic-7\" data-spm-anchor-id=\"a2700.custom-template.0.i63.7a603333fNGZfj\">Color de tinta de sublimaci\u00f3n<\/div>\n<\/div>\n<\/td>\n<td colspan=\"1\" rowspan=\"1\">\n<div class=\"magic-11\">C\/M\/Y\/K<\/div>\n<\/td>\n<\/tr>\n<tr>\n<td colspan=\"1\" rowspan=\"1\">\n<div class=\"magic-11\">Opcional: C\/M\/Y\/K\/LC\/LM (6 colores)<\/div>\n<\/td>\n<\/tr>\n<tr>\n<td colspan=\"1\" rowspan=\"1\">\n<div class=\"magic-11\"><\/div>\n<\/td>\n<\/tr>\n<tr>\n<td colspan=\"1\" rowspan=\"1\">\n<div class=\"magic-10\">\n<div class=\"magic-7\">Medios de comunicaci\u00f3n<\/div>\n<\/div>\n<\/td>\n<td colspan=\"1\" rowspan=\"1\">\n<div class=\"magic-11\">Papel de transferencia<\/div>\n<\/td>\n<\/tr>\n<tr>\n<td colspan=\"1\" rowspan=\"1\">\n<div class=\"magic-10\">\n<div class=\"magic-7\">Formato de imagen<\/div>\n<\/div>\n<\/td>\n<td colspan=\"1\" rowspan=\"1\">\n<div class=\"magic-11\">JPG, TIF, PDF, BMP y etc.<\/div>\n<\/td>\n<\/tr>\n<tr>\n<td colspan=\"1\" rowspan=\"1\">\n<div class=\"magic-10\">\n<div class=\"magic-7\">Interfaz<\/div>\n<\/div>\n<\/td>\n<td colspan=\"1\" rowspan=\"1\">\n<div class=\"magic-11\">1000 Mbit\/s<\/div>\n<\/td>\n<\/tr>\n<tr>\n<td colspan=\"1\" rowspan=\"1\">\n<div class=\"magic-10\">\n<div class=\"magic-7\" data-spm-anchor-id=\"a2700.custom-template.0.i119.7a603333fNGZfj\">Software RIP<\/div>\n<\/div>\n<\/td>\n<td colspan=\"1\" rowspan=\"1\">\n<div class=\"magic-11\">Maintop, Photoprint, Onyx, Wasatch y NeoStampa, etc.<\/div>\n<\/td>\n<\/tr>\n<tr>\n<td colspan=\"1\" rowspan=\"1\">\n<div class=\"magic-10\">\n<div class=\"magic-7\" data-spm-anchor-id=\"a2700.custom-template.0.i112.7a603333fNGZfj\">Voltaje<\/div>\n<\/div>\n<\/td>\n<td colspan=\"1\" rowspan=\"1\">\n<div class=\"magic-11\">Temperatura: 25-35 \u2103 Humedad: 35-65 %<\/div>\n<\/td>\n<\/tr>\n<tr>\n<td colspan=\"1\" rowspan=\"1\"><\/td>\n<td colspan=\"1\" rowspan=\"1\"><\/td>\n<\/tr>\n<tr>\n<td colspan=\"1\" rowspan=\"1\">\n<div class=\"magic-10\">\n<div class=\"magic-7\">Sistema inform\u00e1tico<\/div>\n<\/div>\n<\/td>\n<td colspan=\"1\" rowspan=\"1\">\n<div class=\"magic-11\">WIN7 de 64 bits\/WIN10 de 64 bits<\/div>\n<\/td>\n<\/tr>\n<tr>\n<td colspan=\"1\" rowspan=\"2\">\n<div class=\"magic-12\">Configuraci\u00f3n del hardware de la computadora<\/div>\n<\/td>\n<td colspan=\"1\" rowspan=\"1\">\n<div class=\"magic-11\">Disco duro: 500G (disco de sistema de m\u00e1s de 100G)<\/div>\n<\/td>\n<\/tr>\n<tr>\n<td colspan=\"1\" rowspan=\"1\">\n<div class=\"magic-11\" data-spm-anchor-id=\"a2700.details.0.i53.527c549d6sYB7P\">Memoria: 16G o m\u00e1s de 16G CPU: Procesador Intel i7<\/div>\n<\/td>\n<\/tr>\n<tr>\n<td colspan=\"1\" rowspan=\"1\">\n<div class=\"magic-10\">\n<div class=\"magic-7\">Tama\u00f1o<\/div>\n<\/div>\n<\/td>\n<td colspan=\"1\" rowspan=\"1\">\n<div class=\"magic-11\">\n<p>Tama\u00f1o de la m\u00e1quina: 3520 x 1400 x 1940 mm<\/p>\n<div data-spm-anchor-id=\"a2700.custom-template.0.i147.7a603333fNGZfj\">Tama\u00f1o del paquete: 3650 x 1140 x 1800 mm<\/div>\n<\/div>\n<\/td>\n<\/tr>\n<tr>\n<td colspan=\"1\" rowspan=\"1\"><\/td>\n<\/tr>\n<\/tbody>\n<\/table>\n<p>&nbsp;<\/p>\n<div class=\"J_module\">\n<div class=\"detail-decorate-json-renderer-container\">\n<div class=\"magic-13\">\n<h3 class=\"magic-14\"><span data-spm-anchor-id=\"a2700.details.0.i60.527c549d6sYB7P\">Industria involucrada<\/span><\/h3>\n<div class=\"magic-15\">\n<div class=\"magic-16\">\n<div class=\"magic-17\">\n<div>Usuarios involucrados en diversas industrias, como impresi\u00f3n digital de ropa, s\u00e1banas, cortinas, camisetas, toallas, toallas de ba\u00f1o, cortinas de ducha, carpas, sombrillas, pancartas, telas de fondo, pinturas decorativas, alfombrillas de rat\u00f3n, colchonetas de yoga, impresi\u00f3n de telas para sof\u00e1s y m\u00e1s.<\/div>\n<div><\/div>\n<\/div>\n<\/div>\n<\/div>\n<\/div>\n<\/div>\n<\/div>\n<div class=\"J_module\">\n<div class=\"detail-decorate-json-renderer-container\">\n<div class=\"magic-13\">\n<div class=\"magic-18\">\n<div class=\"magic-19\">\n<div class=\"magic-20\"><img decoding=\"async\" class=\"magic-21\" src=\"https:\/\/sc04.alicdn.com\/kf\/A808ba1a9fd03447d931440eed9489a7aa\/274156227\/A808ba1a9fd03447d931440eed9489a7aa.jpg\" width=\"454\" height=\"341\" data-src=\"\/\/sc04.alicdn.com\/kf\/A808ba1a9fd03447d931440eed9489a7aa\/274156227\/A808ba1a9fd03447d931440eed9489a7aa.jpg\" \/><\/div>\n<\/div>\n<div class=\"magic-19\">\n<h3 class=\"magic-22\">Rodillo de presi\u00f3n grande y compacto<\/h3>\n<\/div>\n<div class=\"magic-16\">\n<div class=\"magic-17\">Admite una mayor variedad de rodillos de papel, lo que garantiza una impresi\u00f3n uniforme y plana. Gracias a su dise\u00f1o innovador, mitiga los problemas de precisi\u00f3n derivados del transporte. Si la plataforma se desnivela, basta con ajustar los tornillos.<\/div>\n<div><\/div>\n<\/div>\n<\/div>\n<div class=\"magic-18\">\n<div class=\"magic-19\">\n<div class=\"magic-23\"><img decoding=\"async\" class=\"magic-24\" src=\"https:\/\/sc04.alicdn.com\/kf\/H2c76828a2ac24a7d94ad54c51759a2deh\/274156227\/H2c76828a2ac24a7d94ad54c51759a2deh.png\" data-src=\"\/\/sc04.alicdn.com\/kf\/H2c76828a2ac24a7d94ad54c51759a2deh\/274156227\/H2c76828a2ac24a7d94ad54c51759a2deh.png\" \/><\/div>\n<\/div>\n<div class=\"magic-19\">\n<h3 class=\"magic-22\">Disposici\u00f3n del cabezal de impresi\u00f3n<\/h3>\n<\/div>\n<div class=\"magic-16\">\n<div class=\"magic-17\">Una placa base del cabezal de impresi\u00f3n sencilla y f\u00e1cil de instalar, que ahorra tiempo a los ingenieros en la instalaci\u00f3n de la m\u00e1quina.<\/div>\n<\/div>\n<\/div>\n<div class=\"magic-18\">\n<div class=\"magic-19\">\n<div class=\"magic-23\"><img decoding=\"async\" class=\"magic-25\" src=\"https:\/\/sc04.alicdn.com\/kf\/H391d7d88da754201999d9a0240934d70A\/274156227\/H391d7d88da754201999d9a0240934d70A.jpg\" data-src=\"\/\/sc04.alicdn.com\/kf\/H391d7d88da754201999d9a0240934d70A\/274156227\/H391d7d88da754201999d9a0240934d70A.jpg\" \/><\/div>\n<\/div>\n<div class=\"magic-19\">\n<h3 class=\"magic-22\">Tanque de tinta:<\/h3>\n<\/div>\n<div class=\"magic-16\">\n<div class=\"magic-17\">Cuatro unidades de dep\u00f3sitos de tinta de gran capacidad de 5 litros proporcionan tinta de forma independiente y continua, lo que garantiza la continuidad a largo plazo de la salida de tinta.<\/div>\n<\/div>\n<\/div>\n<\/div>\n<div><\/div>\n<\/div>\n<\/div>\n<div class=\"J_module\">\n<div class=\"detail-decorate-json-renderer-container\">\n<div class=\"magic-13\">\n<div class=\"magic-18\">\n<div class=\"magic-19\">\n<div class=\"magic-26\"><img decoding=\"async\" class=\"magic-27\" src=\"https:\/\/sc04.alicdn.com\/kf\/Aaee9265bbd4a40e189eb39377c8ab894D\/274156227\/Aaee9265bbd4a40e189eb39377c8ab894D.jpg\" width=\"271\" height=\"361\" data-src=\"\/\/sc04.alicdn.com\/kf\/Aaee9265bbd4a40e189eb39377c8ab894D\/274156227\/Aaee9265bbd4a40e189eb39377c8ab894D.jpg\" \/><\/div>\n<\/div>\n<div class=\"magic-19\">\n<h3 class=\"magic-22\">Carriles gu\u00eda<\/h3>\n<\/div>\n<div class=\"magic-16\">\n<div class=\"magic-17\">Los rieles gu\u00eda THK garantizan una impresi\u00f3n suave y silenciosa.<\/div>\n<div><\/div>\n<\/div>\n<\/div>\n<\/div>\n<div><\/div>\n<div class=\"magic-13\">\n<div class=\"magic-18\">\n<div class=\"magic-19\">\n<div class=\"magic-28\"><img loading=\"lazy\" decoding=\"async\" class=\"magic-29\" src=\"https:\/\/sc04.alicdn.com\/kf\/He836ac360342465fa3a4c98f982ae7907\/274156227\/He836ac360342465fa3a4c98f982ae7907.jpg\" width=\"251\" height=\"188\" data-src=\"\/\/sc04.alicdn.com\/kf\/He836ac360342465fa3a4c98f982ae7907\/274156227\/He836ac360342465fa3a4c98f982ae7907.jpg\" \/><\/div>\n<div class=\"magic-28\"><span style=\"color: #1b1919; font-size: 22px;\">Caja de fuente de alimentaci\u00f3n<\/span><\/div>\n<\/div>\n<div class=\"magic-16\">\n<div class=\"magic-17\">El uso de una caja de alimentaci\u00f3n con certificaci\u00f3n CE garantiza la estabilidad de la m\u00e1quina con una calidad superior.<\/div>\n<div><\/div>\n<\/div>\n<div><\/div>\n<\/div>\n<div class=\"magic-18\">\n<div class=\"magic-19\">\n<div class=\"magic-28\"><\/div>\n<\/div>\n<\/div>\n<\/div>\n<\/div>\n<\/div>\n<div class=\"J_module\">\n<div class=\"detail-decorate-json-renderer-container\">\n<div class=\"magic-13\">\n<div class=\"magic-31\">\n<div class=\"magic-16\">\n<div class=\"magic-17\"><\/div>\n<\/div>\n<\/div>\n<\/div>\n<\/div>\n<\/div>\n<div class=\"J_module\">\n<div class=\"icbu-pc-images magic-0\">\n<div class=\"flex-layout-v\">\n<div class=\"flex-layout-h magic-0\">\n<div class=\"magic-33\"><\/div>\n<\/div>\n<\/div>\n<\/div>\n<\/div>\n<div class=\"J_module\">\n<div class=\"detail-decorate-json-renderer-container\">\n<div class=\"magic-13\">\n<div class=\"magic-15\">\n<div class=\"magic-16\">\n<div class=\"magic-17\"><\/div>\n<\/div>\n<\/div>\n<\/div>\n<\/div>\n<\/div>\n<div class=\"J_module\">\n<div class=\"detail-decorate-json-renderer-container\">\n<div class=\"magic-13\">\n<div class=\"magic-15\">\n<div class=\"magic-16\">\n<div class=\"magic-17\">\n<div><\/div>\n<\/div>\n<\/div>\n<\/div>\n<\/div>\n<\/div>\n<\/div>\n<div class=\"J_module\">\n<div class=\"detail-decorate-json-renderer-container\">\n<div class=\"magic-13\">\n<h3 class=\"magic-14\">Instalar imagen:<\/h3>\n<div class=\"magic-15\">\n<div class=\"magic-16\">\n<div class=\"magic-17\"><\/div>\n<\/div>\n<\/div>\n<\/div>\n<\/div>\n<\/div>\n<div class=\"J_module\">\n<div class=\"icbu-pc-images magic-0\">\n<div class=\"flex-layout-v\">\n<div class=\"flex-layout-h magic-0\">\n<div class=\"magic-36\"><img decoding=\"async\" class=\"magic-37\" src=\"https:\/\/sc04.alicdn.com\/kf\/H9b3cd5cb6d434a7b9682b24077b2f832w\/274156227\/H9b3cd5cb6d434a7b9682b24077b2f832w.jpg\" data-src=\"\/\/sc04.alicdn.com\/kf\/H9b3cd5cb6d434a7b9682b24077b2f832w\/274156227\/H9b3cd5cb6d434a7b9682b24077b2f832w.jpg\" \/><\/div>\n<div class=\"magic-38\"><img decoding=\"async\" class=\"magic-37\" src=\"https:\/\/sc04.alicdn.com\/kf\/H6dad54de501a400a83f2b03424deb8aec\/274156227\/H6dad54de501a400a83f2b03424deb8aec.jpg\" data-src=\"\/\/sc04.alicdn.com\/kf\/H6dad54de501a400a83f2b03424deb8aec\/274156227\/H6dad54de501a400a83f2b03424deb8aec.jpg\" \/><\/div>\n<div class=\"magic-38\"><\/div>\n<\/div>\n<\/div>\n<\/div>\n<\/div>\n<div class=\"J_module\">\n<div class=\"icbu-pc-images magic-0\">\n<div>\n<div class=\"flex-layout-v\">\n<div class=\"flex-layout-h magic-0\">\n<div class=\"magic-36\"><img decoding=\"async\" class=\"magic-40\" src=\"https:\/\/sc04.alicdn.com\/kf\/Hef25539629d14a649dd2e9e753db4a39W\/274156227\/Hef25539629d14a649dd2e9e753db4a39W.jpg\" data-src=\"\/\/sc04.alicdn.com\/kf\/Hef25539629d14a649dd2e9e753db4a39W\/274156227\/Hef25539629d14a649dd2e9e753db4a39W.jpg\" \/><\/div>\n<div class=\"magic-38\"><img decoding=\"async\" class=\"magic-37\" src=\"https:\/\/sc04.alicdn.com\/kf\/H4bc3235aec08401682e59a2cf0c50060k\/274156227\/H4bc3235aec08401682e59a2cf0c50060k.jpg\" data-src=\"\/\/sc04.alicdn.com\/kf\/H4bc3235aec08401682e59a2cf0c50060k\/274156227\/H4bc3235aec08401682e59a2cf0c50060k.jpg\" \/><\/div>\n<div class=\"magic-38\"><img decoding=\"async\" class=\"magic-41\" src=\"https:\/\/sc04.alicdn.com\/kf\/H0d752381c55643df904669ebdb088c21Q\/274156227\/H0d752381c55643df904669ebdb088c21Q.jpg\" data-src=\"\/\/sc04.alicdn.com\/kf\/H0d752381c55643df904669ebdb088c21Q\/274156227\/H0d752381c55643df904669ebdb088c21Q.jpg\" \/><\/div>\n<\/div>\n<\/div>\n<\/div>\n<\/div>\n<\/div>","protected":false},"excerpt":{"rendered":"<p>La impresora textil de sublimaci\u00f3n JC2015, con un marco resistente, una interfaz de usuario intuitiva, capacidades de producci\u00f3n de alta velocidad y un soporte posventa integral, es la herramienta perfecta para impulsar su negocio.<\/p>","protected":false},"featured_media":9609,"comment_status":"closed","ping_status":"closed","template":"","meta":[],"product_cat":[18,90],"product_tag":[],"class_list":["post-9607","product","type-product","status-publish","has-post-thumbnail","hentry","product_cat-sublimation-printer","product_cat-1000m-paper-system-machine"],"_links":{"self":[{"href":"https:\/\/www.saituprinter.com\/es\/wp-json\/wp\/v2\/product\/9607","targetHints":{"allow":["GET"]}}],"collection":[{"href":"https:\/\/www.saituprinter.com\/es\/wp-json\/wp\/v2\/product"}],"about":[{"href":"https:\/\/www.saituprinter.com\/es\/wp-json\/wp\/v2\/types\/product"}],"replies":[{"embeddable":true,"href":"https:\/\/www.saituprinter.com\/es\/wp-json\/wp\/v2\/comments?post=9607"}],"wp:featuredmedia":[{"embeddable":true,"href":"https:\/\/www.saituprinter.com\/es\/wp-json\/wp\/v2\/media\/9609"}],"wp:attachment":[{"href":"https:\/\/www.saituprinter.com\/es\/wp-json\/wp\/v2\/media?parent=9607"}],"wp:term":[{"taxonomy":"product_cat","embeddable":true,"href":"https:\/\/www.saituprinter.com\/es\/wp-json\/wp\/v2\/product_cat?post=9607"},{"taxonomy":"product_tag","embeddable":true,"href":"https:\/\/www.saituprinter.com\/es\/wp-json\/wp\/v2\/product_tag?post=9607"}],"curies":[{"name":"wp","href":"https:\/\/api.w.org\/{rel}","templated":true}]}}