{"id":9561,"date":"2024-05-31T12:02:02","date_gmt":"2024-05-31T04:02:02","guid":{"rendered":"https:\/\/saituprinter.com\/?post_type=product&#038;p=9561"},"modified":"2025-06-15T17:10:18","modified_gmt":"2025-06-15T09:10:18","slug":"saitu-jc2620-sublimation-textile-printer","status":"publish","type":"product","link":"https:\/\/www.saituprinter.com\/es\/producto\/saitu-jc2620-sublimation-textile-printer\/","title":{"rendered":"SAITU 3.2m 20 head JC3220 Sublimation Textile Printer"},"content":{"rendered":"<p><strong>Saitu 3.2M, 20 piezas de cabezales de impresi\u00f3n para impresora de sublimaci\u00f3n Epson i3200<\/strong><\/p>\n<p><img fetchpriority=\"high\" decoding=\"async\" class=\"alignnone wp-image-9569\" src=\"https:\/\/saituprinter.com\/wp-content\/uploads\/2024\/05\/\u5fae\u4fe1\u56fe\u7247_20240524165239_\u7f8e\u56fe\u62a0\u56fe20240524.jpg\" alt=\"\" width=\"400\" height=\"300\" srcset=\"https:\/\/www.saituprinter.com\/wp-content\/uploads\/2024\/05\/\u5fae\u4fe1\u56fe\u7247_20240524165239_\u7f8e\u56fe\u62a0\u56fe20240524.jpg 1000w, https:\/\/www.saituprinter.com\/wp-content\/uploads\/2024\/05\/\u5fae\u4fe1\u56fe\u7247_20240524165239_\u7f8e\u56fe\u62a0\u56fe20240524-600x450.jpg 600w, https:\/\/www.saituprinter.com\/wp-content\/uploads\/2024\/05\/\u5fae\u4fe1\u56fe\u7247_20240524165239_\u7f8e\u56fe\u62a0\u56fe20240524-150x113.jpg 150w, https:\/\/www.saituprinter.com\/wp-content\/uploads\/2024\/05\/\u5fae\u4fe1\u56fe\u7247_20240524165239_\u7f8e\u56fe\u62a0\u56fe20240524-800x600.jpg 800w, https:\/\/www.saituprinter.com\/wp-content\/uploads\/2024\/05\/\u5fae\u4fe1\u56fe\u7247_20240524165239_\u7f8e\u56fe\u62a0\u56fe20240524-768x576.jpg 768w, https:\/\/www.saituprinter.com\/wp-content\/uploads\/2024\/05\/\u5fae\u4fe1\u56fe\u7247_20240524165239_\u7f8e\u56fe\u62a0\u56fe20240524-16x12.jpg 16w\" sizes=\"(max-width: 400px) 100vw, 400px\" \/><img decoding=\"async\" class=\"alignnone wp-image-9570\" src=\"https:\/\/saituprinter.com\/wp-content\/uploads\/2024\/05\/\u5fae\u4fe1\u56fe\u7247_20240524165235_\u7f8e\u56fe\u62a0\u56fe20240524.jpg\" alt=\"\" width=\"427\" height=\"321\" srcset=\"https:\/\/www.saituprinter.com\/wp-content\/uploads\/2024\/05\/\u5fae\u4fe1\u56fe\u7247_20240524165235_\u7f8e\u56fe\u62a0\u56fe20240524.jpg 1000w, https:\/\/www.saituprinter.com\/wp-content\/uploads\/2024\/05\/\u5fae\u4fe1\u56fe\u7247_20240524165235_\u7f8e\u56fe\u62a0\u56fe20240524-600x450.jpg 600w, https:\/\/www.saituprinter.com\/wp-content\/uploads\/2024\/05\/\u5fae\u4fe1\u56fe\u7247_20240524165235_\u7f8e\u56fe\u62a0\u56fe20240524-150x113.jpg 150w, https:\/\/www.saituprinter.com\/wp-content\/uploads\/2024\/05\/\u5fae\u4fe1\u56fe\u7247_20240524165235_\u7f8e\u56fe\u62a0\u56fe20240524-800x600.jpg 800w, https:\/\/www.saituprinter.com\/wp-content\/uploads\/2024\/05\/\u5fae\u4fe1\u56fe\u7247_20240524165235_\u7f8e\u56fe\u62a0\u56fe20240524-768x576.jpg 768w, https:\/\/www.saituprinter.com\/wp-content\/uploads\/2024\/05\/\u5fae\u4fe1\u56fe\u7247_20240524165235_\u7f8e\u56fe\u62a0\u56fe20240524-16x12.jpg 16w\" sizes=\"(max-width: 427px) 100vw, 427px\" \/><\/p>\n<p><strong>Especificaci\u00f3n:<\/strong><\/p>\n<table>\n<tbody>\n<tr>\n<td colspan=\"2\" width=\"241\"><strong><b>Modelo<\/b><\/strong><\/td>\n<td width=\"378\"><strong><b>JC3220<\/b><\/strong><\/td>\n<\/tr>\n<tr>\n<td colspan=\"2\" width=\"241\"><strong><b>Cabezal de impresi\u00f3n<\/b><\/strong><\/td>\n<td width=\"378\">20 cabezales de impresi\u00f3n Epson i3200<\/td>\n<\/tr>\n<tr>\n<td colspan=\"2\" rowspan=\"2\" width=\"241\"><strong><b>Resoluci\u00f3n\/velocidad de impresi\u00f3n<\/b><\/strong><\/td>\n<td width=\"378\">Modo de producci\u00f3n\/1 pasada: 780 \u33a1\/h<\/td>\n<\/tr>\n<tr>\n<td width=\"378\">Modo de resoluci\u00f3n \/2 pasadas: 420\u33a1\/h<\/td>\n<\/tr>\n<tr>\n<td colspan=\"2\" width=\"241\"><strong><b>Ancho m\u00e1ximo de impresi\u00f3n<\/b><\/strong><\/td>\n<td width=\"378\">3150 mm<\/td>\n<\/tr>\n<tr>\n<td colspan=\"2\" width=\"241\"><strong><b>tipo de tinta<\/b><\/strong><\/td>\n<td width=\"378\">Enlace de sublimaci\u00f3n<\/td>\n<\/tr>\n<tr>\n<td rowspan=\"4\" width=\"109\"><strong><b>Medios de comunicaci\u00f3n<\/b><\/strong><\/td>\n<td width=\"132\"><strong><b>Ancho<\/b><\/strong><\/td>\n<td width=\"378\">3200 mm<\/td>\n<\/tr>\n<tr>\n<td width=\"132\"><strong><b>Espesor<\/b><\/strong><\/td>\n<td width=\"378\">Ajustable de 1,5 mm a 8 mm<\/td>\n<\/tr>\n<tr>\n<td width=\"132\"><strong><b>Peso<\/b><\/strong><\/td>\n<td width=\"378\">10000 metros<\/td>\n<\/tr>\n<tr>\n<td width=\"132\"><strong><b>Tipo<\/b><\/strong><\/td>\n<td width=\"378\">Papel de transferencia de calor<\/td>\n<\/tr>\n<tr>\n<td colspan=\"2\" width=\"241\"><strong><b>Alta calidad de impresi\u00f3n<\/b><\/strong><\/td>\n<td width=\"378\">tecnolog\u00eda VSD<\/td>\n<\/tr>\n<tr>\n<td colspan=\"2\" width=\"241\"><strong><b>\u00a0Dispositivo de alimentaci\u00f3n de medios<\/b><\/strong><\/td>\n<td width=\"378\">Coloque 1,6 metros de papel, la capacidad de carga es de 500 kg; Coloque 3,2 metros de papel, la capacidad de carga es de 700 kg<\/td>\n<\/tr>\n<tr>\n<td colspan=\"2\" width=\"241\"><strong><b>Sistema de secado<\/b><\/strong><\/td>\n<td width=\"378\">Sistema de secado de aire externo.<\/td>\n<\/tr>\n<tr>\n<td colspan=\"2\" width=\"241\"><strong><b>Carril de gu\u00eda<\/b><\/strong><\/td>\n<td width=\"378\">Carril gu\u00eda THK (Jap\u00f3n) con motor lineal de levitaci\u00f3n magn\u00e9tica<\/td>\n<\/tr>\n<tr>\n<td colspan=\"2\" width=\"241\"><strong><b>Interfaz<\/b><\/strong><\/td>\n<td width=\"378\">Tres tarjetas de red Gigabit de 1000 Mbit\/s<\/td>\n<\/tr>\n<tr>\n<td colspan=\"2\" width=\"241\"><strong><b>Software RIP<\/b><\/strong><\/td>\n<td width=\"378\">\u00a0Maintop, impresi\u00f3n fotogr\u00e1fica<\/td>\n<\/tr>\n<tr>\n<td colspan=\"2\" width=\"241\"><strong><b>Voltaje<\/b><\/strong><\/td>\n<td width=\"378\">CA 220 V \u00b1 10 %, CA 380 V \u00b1 10 %, 50\/60 \u00b1 1 Hz<\/td>\n<\/tr>\n<tr>\n<td colspan=\"2\" width=\"241\"><strong><b>Entornos de operaci\u00f3n<\/b><\/strong><\/td>\n<td width=\"378\">Temperatura: 15 \u2103 -30 \u2103, Humedad: 35%RH-65%RH<\/td>\n<\/tr>\n<tr>\n<td colspan=\"2\" width=\"241\"><strong><b>Fuerza<\/b><\/strong><\/td>\n<td width=\"378\">25 kW<\/td>\n<\/tr>\n<tr>\n<td colspan=\"2\" width=\"241\"><strong><b>Dimensiones de la impresora (espacio de instalaci\u00f3n) <\/b><\/strong><\/td>\n<td width=\"378\">Largo x Ancho: 5489 x 2715 x 2003,5 mm<\/td>\n<\/tr>\n<tr>\n<td rowspan=\"2\" width=\"109\"><strong><b>Dimensiones del embalaje:<\/b><\/strong><\/td>\n<td width=\"132\">Cuerpo principal (LWH):<\/td>\n<td width=\"378\">5700*1500*1910 mm<\/td>\n<\/tr>\n<tr>\n<td width=\"132\">Sistema de alimentaci\u00f3n de medios (LWH):<\/td>\n<td width=\"378\">4200*1140*1270 mm<\/td>\n<\/tr>\n<tr>\n<td rowspan=\"2\" width=\"109\"><strong><b>Peso neto<\/b><\/strong><\/td>\n<td width=\"132\">Cuerpo principal :<\/td>\n<td width=\"378\">1530 kilogramos<\/td>\n<\/tr>\n<tr>\n<td width=\"132\">Sistema de rollo jumbo:<\/td>\n<td width=\"378\">570 kg<\/td>\n<\/tr>\n<tr>\n<td rowspan=\"2\" width=\"109\"><strong><b>Peso bruto<\/b><\/strong><\/td>\n<td width=\"132\">Cuerpo principal:<\/td>\n<td width=\"378\">2040 kilogramos<\/td>\n<\/tr>\n<tr>\n<td width=\"132\">Sistema de rollo jumbo:<\/td>\n<td width=\"378\">760 kilos<\/td>\n<\/tr>\n<\/tbody>\n<\/table>\n<p><strong>\u00a0<\/strong><\/p>\n<p><strong>\u00a0<\/strong><\/p>\n<p><strong>\u00a0<\/strong><\/p>\n<p><strong>\u00a0<\/strong><\/p>\n<p><strong>Requisitos de configuraci\u00f3n del equipo:<\/strong><\/p>\n<p><strong>\u00a0<\/strong>Placa base Asus 650<\/p>\n<p>Memoria 32 GB (16 GB x 2)<\/p>\n<p>Unidad de estado s\u00f3lido 2T<\/p>\n<p>Tres tarjetas de red Gigabit 2.5G<\/p>\n<p>Hassis AOC CB114<\/p>\n<p>Fuente de alimentaci\u00f3n AOC DD600<\/p>\n<p>&nbsp;<\/p>\n<p>Regulador de voltaje con 5kw~8kw superior<\/p>\n<p>El regulador de voltaje se utiliza para la alimentaci\u00f3n de la m\u00e1quina, y el secado por infrarrojos no requiere un regulador de voltaje.<\/p>\n<p>Potencia total del secador -22Kw, par\u00e1metros de potencia: 3 fases 4 l\u00edneas 380V<\/p>\n<p>Requisitos de cableado: 10 cables cuadrados o m\u00e1s de cable de cobre<\/p>\n<p>&nbsp;<\/p>\n<p><strong><b>Fotos detalladas:<\/b><\/strong><\/p>\n<p>&nbsp;<\/p>\n<p><img decoding=\"async\" class=\"alignnone wp-image-9562\" src=\"https:\/\/saituprinter.com\/wp-content\/uploads\/2024\/05\/\u56fe\u72472-scaled.jpg\" alt=\"\" width=\"231\" height=\"308\" srcset=\"https:\/\/www.saituprinter.com\/wp-content\/uploads\/2024\/05\/\u56fe\u72472-scaled.jpg 1920w, https:\/\/www.saituprinter.com\/wp-content\/uploads\/2024\/05\/\u56fe\u72472-scaled-600x800.jpg 600w, https:\/\/www.saituprinter.com\/wp-content\/uploads\/2024\/05\/\u56fe\u72472-scaled-150x200.jpg 150w, https:\/\/www.saituprinter.com\/wp-content\/uploads\/2024\/05\/\u56fe\u72472-scaled-800x1067.jpg 800w, https:\/\/www.saituprinter.com\/wp-content\/uploads\/2024\/05\/\u56fe\u72472-768x1024.jpg 768w, https:\/\/www.saituprinter.com\/wp-content\/uploads\/2024\/05\/\u56fe\u72472-1152x1536.jpg 1152w, https:\/\/www.saituprinter.com\/wp-content\/uploads\/2024\/05\/\u56fe\u72472-1536x2048.jpg 1536w, https:\/\/www.saituprinter.com\/wp-content\/uploads\/2024\/05\/\u56fe\u72472-9x12.jpg 9w\" sizes=\"(max-width: 231px) 100vw, 231px\" \/>\u00a0 \u00a0<img loading=\"lazy\" decoding=\"async\" class=\"alignnone wp-image-9563\" src=\"https:\/\/saituprinter.com\/wp-content\/uploads\/2024\/05\/\u56fe\u72473-scaled.jpg\" alt=\"\" width=\"232\" height=\"309\" srcset=\"https:\/\/www.saituprinter.com\/wp-content\/uploads\/2024\/05\/\u56fe\u72473-scaled.jpg 1920w, https:\/\/www.saituprinter.com\/wp-content\/uploads\/2024\/05\/\u56fe\u72473-scaled-600x800.jpg 600w, https:\/\/www.saituprinter.com\/wp-content\/uploads\/2024\/05\/\u56fe\u72473-scaled-150x200.jpg 150w, https:\/\/www.saituprinter.com\/wp-content\/uploads\/2024\/05\/\u56fe\u72473-scaled-800x1067.jpg 800w, https:\/\/www.saituprinter.com\/wp-content\/uploads\/2024\/05\/\u56fe\u72473-768x1024.jpg 768w, https:\/\/www.saituprinter.com\/wp-content\/uploads\/2024\/05\/\u56fe\u72473-1152x1536.jpg 1152w, https:\/\/www.saituprinter.com\/wp-content\/uploads\/2024\/05\/\u56fe\u72473-1536x2048.jpg 1536w, https:\/\/www.saituprinter.com\/wp-content\/uploads\/2024\/05\/\u56fe\u72473-9x12.jpg 9w\" sizes=\"(max-width: 232px) 100vw, 232px\" \/><\/p>\n<p>Al adoptar una placa base m\u00e1s simplificada, la instalaci\u00f3n del cabezal de impresi\u00f3n se ha vuelto m\u00e1s f\u00e1cil, mejorando significativamente la eficiencia de los ingenieros durante la configuraci\u00f3n de la m\u00e1quina.<\/p>\n<p><img loading=\"lazy\" decoding=\"async\" class=\"alignnone wp-image-9564\" src=\"https:\/\/saituprinter.com\/wp-content\/uploads\/2024\/05\/\u56fe\u72474-scaled.jpg\" alt=\"\" width=\"243\" height=\"324\" srcset=\"https:\/\/www.saituprinter.com\/wp-content\/uploads\/2024\/05\/\u56fe\u72474-scaled.jpg 1920w, https:\/\/www.saituprinter.com\/wp-content\/uploads\/2024\/05\/\u56fe\u72474-scaled-600x800.jpg 600w, https:\/\/www.saituprinter.com\/wp-content\/uploads\/2024\/05\/\u56fe\u72474-scaled-150x200.jpg 150w, https:\/\/www.saituprinter.com\/wp-content\/uploads\/2024\/05\/\u56fe\u72474-scaled-800x1067.jpg 800w, https:\/\/www.saituprinter.com\/wp-content\/uploads\/2024\/05\/\u56fe\u72474-768x1024.jpg 768w, https:\/\/www.saituprinter.com\/wp-content\/uploads\/2024\/05\/\u56fe\u72474-1152x1536.jpg 1152w, https:\/\/www.saituprinter.com\/wp-content\/uploads\/2024\/05\/\u56fe\u72474-1536x2048.jpg 1536w, https:\/\/www.saituprinter.com\/wp-content\/uploads\/2024\/05\/\u56fe\u72474-9x12.jpg 9w\" sizes=\"(max-width: 243px) 100vw, 243px\" \/><\/p>\n<p>Adem\u00e1s, la estaci\u00f3n de tinta ajustable autom\u00e1ticamente garantiza que el cabezal de impresi\u00f3n permanezca hidratado cuando la impresora no est\u00e1 en funcionamiento.<\/p>\n<p>El dise\u00f1o compacto de los rodillos de presi\u00f3n del papel garantiza una impresi\u00f3n m\u00e1s suave de varios tipos de papel, lo que mejora la calidad de impresi\u00f3n.<\/p>\n<p>&nbsp;<\/p>\n<p><img loading=\"lazy\" decoding=\"async\" class=\"alignnone wp-image-9565\" src=\"https:\/\/saituprinter.com\/wp-content\/uploads\/2024\/05\/\u56fe\u72475.jpg\" alt=\"\" width=\"254\" height=\"190\" srcset=\"https:\/\/www.saituprinter.com\/wp-content\/uploads\/2024\/05\/\u56fe\u72475.jpg 1000w, https:\/\/www.saituprinter.com\/wp-content\/uploads\/2024\/05\/\u56fe\u72475-600x450.jpg 600w, https:\/\/www.saituprinter.com\/wp-content\/uploads\/2024\/05\/\u56fe\u72475-150x113.jpg 150w, https:\/\/www.saituprinter.com\/wp-content\/uploads\/2024\/05\/\u56fe\u72475-800x600.jpg 800w, https:\/\/www.saituprinter.com\/wp-content\/uploads\/2024\/05\/\u56fe\u72475-768x576.jpg 768w, https:\/\/www.saituprinter.com\/wp-content\/uploads\/2024\/05\/\u56fe\u72475-16x12.jpg 16w\" sizes=\"(max-width: 254px) 100vw, 254px\" \/><\/p>\n<p>Utilizamos 2 varillas auxiliares para garantizar una alimentaci\u00f3n de papel m\u00e1s suave durante la impresi\u00f3n con tinta pesada, minimizando los problemas de movimiento del papel y mejorando el proceso de recolecci\u00f3n de papel, mejorando en \u00faltima instancia la calidad de la imagen impresa.<\/p>\n<p><img loading=\"lazy\" decoding=\"async\" class=\"alignnone wp-image-9566\" src=\"https:\/\/saituprinter.com\/wp-content\/uploads\/2024\/05\/\u56fe\u72476-scaled.jpg\" alt=\"\" width=\"243\" height=\"323\" srcset=\"https:\/\/www.saituprinter.com\/wp-content\/uploads\/2024\/05\/\u56fe\u72476-scaled.jpg 1920w, https:\/\/www.saituprinter.com\/wp-content\/uploads\/2024\/05\/\u56fe\u72476-scaled-600x800.jpg 600w, https:\/\/www.saituprinter.com\/wp-content\/uploads\/2024\/05\/\u56fe\u72476-scaled-150x200.jpg 150w, https:\/\/www.saituprinter.com\/wp-content\/uploads\/2024\/05\/\u56fe\u72476-scaled-800x1067.jpg 800w, https:\/\/www.saituprinter.com\/wp-content\/uploads\/2024\/05\/\u56fe\u72476-768x1024.jpg 768w, https:\/\/www.saituprinter.com\/wp-content\/uploads\/2024\/05\/\u56fe\u72476-1152x1536.jpg 1152w, https:\/\/www.saituprinter.com\/wp-content\/uploads\/2024\/05\/\u56fe\u72476-1536x2048.jpg 1536w, https:\/\/www.saituprinter.com\/wp-content\/uploads\/2024\/05\/\u56fe\u72476-9x12.jpg 9w\" sizes=\"(max-width: 243px) 100vw, 243px\" \/><\/p>\n<p>Utilizamos cajas de suministro de energ\u00eda con certificaci\u00f3n CE y cables superiores para garantizar la seguridad del uso el\u00e9ctrico de los usuarios.<\/p>\n<p>&nbsp;<\/p>\n<p>&nbsp;<\/p>\n<p><img loading=\"lazy\" decoding=\"async\" class=\"alignnone wp-image-9567\" src=\"https:\/\/saituprinter.com\/wp-content\/uploads\/2024\/05\/\u56fe\u72477-scaled.jpg\" alt=\"\" width=\"236\" height=\"315\" srcset=\"https:\/\/www.saituprinter.com\/wp-content\/uploads\/2024\/05\/\u56fe\u72477-scaled.jpg 1920w, https:\/\/www.saituprinter.com\/wp-content\/uploads\/2024\/05\/\u56fe\u72477-scaled-600x800.jpg 600w, https:\/\/www.saituprinter.com\/wp-content\/uploads\/2024\/05\/\u56fe\u72477-scaled-150x200.jpg 150w, https:\/\/www.saituprinter.com\/wp-content\/uploads\/2024\/05\/\u56fe\u72477-scaled-800x1067.jpg 800w, https:\/\/www.saituprinter.com\/wp-content\/uploads\/2024\/05\/\u56fe\u72477-768x1024.jpg 768w, https:\/\/www.saituprinter.com\/wp-content\/uploads\/2024\/05\/\u56fe\u72477-1152x1536.jpg 1152w, https:\/\/www.saituprinter.com\/wp-content\/uploads\/2024\/05\/\u56fe\u72477-1536x2048.jpg 1536w, https:\/\/www.saituprinter.com\/wp-content\/uploads\/2024\/05\/\u56fe\u72477-9x12.jpg 9w\" sizes=\"(max-width: 236px) 100vw, 236px\" \/><\/p>\n<p>El tanque de tinta de 10L garantiza una impresi\u00f3n de alta velocidad a largo plazo para una mejor eficiencia.<\/p>\n<p>&nbsp;<\/p>\n<p>&nbsp;<\/p>\n<p><img loading=\"lazy\" decoding=\"async\" class=\"alignnone wp-image-9568\" src=\"https:\/\/saituprinter.com\/wp-content\/uploads\/2024\/05\/\u56fe\u72478.jpg\" alt=\"\" width=\"275\" height=\"207\" srcset=\"https:\/\/www.saituprinter.com\/wp-content\/uploads\/2024\/05\/\u56fe\u72478.jpg 1000w, https:\/\/www.saituprinter.com\/wp-content\/uploads\/2024\/05\/\u56fe\u72478-600x450.jpg 600w, https:\/\/www.saituprinter.com\/wp-content\/uploads\/2024\/05\/\u56fe\u72478-150x113.jpg 150w, https:\/\/www.saituprinter.com\/wp-content\/uploads\/2024\/05\/\u56fe\u72478-800x600.jpg 800w, https:\/\/www.saituprinter.com\/wp-content\/uploads\/2024\/05\/\u56fe\u72478-768x576.jpg 768w, https:\/\/www.saituprinter.com\/wp-content\/uploads\/2024\/05\/\u56fe\u72478-16x12.jpg 16w\" sizes=\"(max-width: 275px) 100vw, 275px\" \/><\/p>\n<p>Utilizando un eje de alimentaci\u00f3n de aire de acero inoxidable reforzado, puede soportar un peso m\u00e1ximo de 700 kg, lo que permite a los usuarios seleccionar tama\u00f1os de papel m\u00e1s grandes, mejorando as\u00ed de manera efectiva la eficiencia de producci\u00f3n.<\/p>\n<p>&nbsp;<\/p>\n<p><img loading=\"lazy\" decoding=\"async\" class=\"alignnone  wp-image-13049\" src=\"https:\/\/www.saituprinter.com\/wp-content\/uploads\/2024\/05\/\u5fae\u4fe1\u56fe\u7247_20250606185030-300x225.jpg\" alt=\"\" width=\"402\" height=\"301\" srcset=\"https:\/\/www.saituprinter.com\/wp-content\/uploads\/2024\/05\/\u5fae\u4fe1\u56fe\u7247_20250606185030-300x225.jpg 300w, https:\/\/www.saituprinter.com\/wp-content\/uploads\/2024\/05\/\u5fae\u4fe1\u56fe\u7247_20250606185030-600x450.jpg 600w, https:\/\/www.saituprinter.com\/wp-content\/uploads\/2024\/05\/\u5fae\u4fe1\u56fe\u7247_20250606185030-150x112.jpg 150w, https:\/\/www.saituprinter.com\/wp-content\/uploads\/2024\/05\/\u5fae\u4fe1\u56fe\u7247_20250606185030-800x600.jpg 800w, https:\/\/www.saituprinter.com\/wp-content\/uploads\/2024\/05\/\u5fae\u4fe1\u56fe\u7247_20250606185030-1020x764.jpg 1020w, https:\/\/www.saituprinter.com\/wp-content\/uploads\/2024\/05\/\u5fae\u4fe1\u56fe\u7247_20250606185030-768x576.jpg 768w, https:\/\/www.saituprinter.com\/wp-content\/uploads\/2024\/05\/\u5fae\u4fe1\u56fe\u7247_20250606185030-16x12.jpg 16w, https:\/\/www.saituprinter.com\/wp-content\/uploads\/2024\/05\/\u5fae\u4fe1\u56fe\u7247_20250606185030.jpg 1441w\" sizes=\"(max-width: 402px) 100vw, 402px\" \/><\/p>\n<p><strong><b>\u00a0<\/b><\/strong><\/p>\n<p><strong><b>\u00a0<\/b><\/strong><\/p>","protected":false},"excerpt":{"rendered":"<p>Saitu 3.2M, 20 pieces of Epson i3200 print heads sublimation printer Specification: Model JC3220 Print Head 20 pieces Epson i3200<\/p>","protected":false},"featured_media":9569,"comment_status":"closed","ping_status":"closed","template":"","meta":[],"product_cat":[18,91],"product_tag":[],"class_list":["post-9561","product","type-product","status-publish","has-post-thumbnail","hentry","product_cat-sublimation-printer","product_cat-jumbo-roll-system-machine"],"_links":{"self":[{"href":"https:\/\/www.saituprinter.com\/es\/wp-json\/wp\/v2\/product\/9561","targetHints":{"allow":["GET"]}}],"collection":[{"href":"https:\/\/www.saituprinter.com\/es\/wp-json\/wp\/v2\/product"}],"about":[{"href":"https:\/\/www.saituprinter.com\/es\/wp-json\/wp\/v2\/types\/product"}],"replies":[{"embeddable":true,"href":"https:\/\/www.saituprinter.com\/es\/wp-json\/wp\/v2\/comments?post=9561"}],"wp:featuredmedia":[{"embeddable":true,"href":"https:\/\/www.saituprinter.com\/es\/wp-json\/wp\/v2\/media\/9569"}],"wp:attachment":[{"href":"https:\/\/www.saituprinter.com\/es\/wp-json\/wp\/v2\/media?parent=9561"}],"wp:term":[{"taxonomy":"product_cat","embeddable":true,"href":"https:\/\/www.saituprinter.com\/es\/wp-json\/wp\/v2\/product_cat?post=9561"},{"taxonomy":"product_tag","embeddable":true,"href":"https:\/\/www.saituprinter.com\/es\/wp-json\/wp\/v2\/product_tag?post=9561"}],"curies":[{"name":"wp","href":"https:\/\/api.w.org\/{rel}","templated":true}]}}