{"id":9464,"date":"2024-04-12T17:48:07","date_gmt":"2024-04-12T09:48:07","guid":{"rendered":"https:\/\/saituprinter.com\/?post_type=product&#038;p=9464"},"modified":"2025-06-18T15:10:13","modified_gmt":"2025-06-18T07:10:13","slug":"saitu-3-2m-solvent-printer-konica-512i-jc512i","status":"publish","type":"product","link":"https:\/\/www.saituprinter.com\/es\/producto\/saitu-3-2m-solvent-printer-konica-512i-jc512i\/","title":{"rendered":"Impresora solvente Saitu 3,2 m Cabezal Konica 512i JC512i"},"content":{"rendered":"<p><img fetchpriority=\"high\" decoding=\"async\" class=\"alignnone wp-image-9477\" src=\"https:\/\/saituprinter.com\/wp-content\/uploads\/2024\/04\/20240412154622.jpg\" alt=\"\" width=\"815\" height=\"815\" srcset=\"https:\/\/www.saituprinter.com\/wp-content\/uploads\/2024\/04\/20240412154622.jpg 1000w, https:\/\/www.saituprinter.com\/wp-content\/uploads\/2024\/04\/20240412154622-600x600.jpg 600w, https:\/\/www.saituprinter.com\/wp-content\/uploads\/2024\/04\/20240412154622-150x150.jpg 150w, https:\/\/www.saituprinter.com\/wp-content\/uploads\/2024\/04\/20240412154622-800x800.jpg 800w, https:\/\/www.saituprinter.com\/wp-content\/uploads\/2024\/04\/20240412154622-768x768.jpg 768w, https:\/\/www.saituprinter.com\/wp-content\/uploads\/2024\/04\/20240412154622-12x12.jpg 12w\" sizes=\"(max-width: 815px) 100vw, 815px\" \/><\/p>\n<p>&nbsp;<\/p>\n<p><strong>Par\u00e1metro:<\/strong><\/p>\n<table width=\"793\">\n<tbody>\n<tr>\n<td colspan=\"2\" width=\"216\">Modelo<\/td>\n<td width=\"280\">ST3204<\/td>\n<td width=\"297\">ST3208<\/td>\n<\/tr>\n<tr>\n<td colspan=\"2\">cabezal de impresi\u00f3n<\/td>\n<td width=\"280\">4 cabezales de impresi\u00f3n Konica 512i, 480 ppp, 30 pl<\/td>\n<td width=\"297\">8 cabezales de impresi\u00f3n Konica 512i, 480 ppp, 30 pl<\/td>\n<\/tr>\n<tr>\n<td colspan=\"2\" width=\"216\">Ancho m\u00e1ximo de impresi\u00f3n<\/td>\n<td colspan=\"2\">3200 mm<\/td>\n<\/tr>\n<tr>\n<td colspan=\"2\" rowspan=\"3\" width=\"216\">Resoluci\u00f3n de impresi\u00f3n\/Velocidad<\/td>\n<td>Modo de producto: 163 m\u00b2\/H<\/td>\n<td>Modo de producto: 326 m\u00b2\/H<\/td>\n<\/tr>\n<tr>\n<td>Modo de resoluci\u00f3n: 120 m\u00b2\/H<\/td>\n<td>Modo de resoluci\u00f3n: 240 m\u00b2\/H<\/td>\n<\/tr>\n<tr>\n<td width=\"280\">Modo de alta resoluci\u00f3n: 86 m\u00b2\/H<\/td>\n<td width=\"297\">Modo de alta resoluci\u00f3n: 172 m\u00b2\/H<\/td>\n<\/tr>\n<tr>\n<td rowspan=\"2\">Tinta<\/td>\n<td>Clasificar<\/td>\n<td colspan=\"2\">tinta solvente<\/td>\n<\/tr>\n<tr>\n<td>Capacidad<\/td>\n<td colspan=\"2\">5L<\/td>\n<\/tr>\n<tr>\n<td rowspan=\"4\">Medios de comunicaci\u00f3n<\/td>\n<td>Ancho<\/td>\n<td colspan=\"2\">3300 mm<\/td>\n<\/tr>\n<tr>\n<td>Espesor<\/td>\n<td colspan=\"2\">Ajustable de 1,5 mm a 7 mm<\/td>\n<\/tr>\n<tr>\n<td width=\"144\">Peso del material<\/td>\n<td colspan=\"2\">225 kg<\/td>\n<\/tr>\n<tr>\n<td>Clasificar<\/td>\n<td colspan=\"2\" width=\"577\">Pancarta, lona, pel\u00edcula blanda, pegatina, inflable, etc.<\/td>\n<\/tr>\n<tr>\n<td colspan=\"2\">Alta calidad de impresi\u00f3n<\/td>\n<td colspan=\"2\">Punto fijo<\/td>\n<\/tr>\n<tr>\n<td colspan=\"2\">Calentador de medios<\/td>\n<td colspan=\"2\">Calentador previo\/trasero (se puede controlar por separado)<\/td>\n<\/tr>\n<tr>\n<td colspan=\"2\" width=\"216\">Sistema de recogida de medios<\/td>\n<td colspan=\"2\">No<\/td>\n<\/tr>\n<tr>\n<td colspan=\"2\" width=\"216\">Sistema de secado<\/td>\n<td colspan=\"2\">Sistema de secado por rayos infrarrojos.<\/td>\n<\/tr>\n<tr>\n<td colspan=\"2\">Carril de gu\u00eda<\/td>\n<td colspan=\"2\">THK de Jap\u00f3n<\/td>\n<\/tr>\n<tr>\n<td colspan=\"2\">Interfaz<\/td>\n<td colspan=\"2\">USB 3.0<\/td>\n<\/tr>\n<tr>\n<td colspan=\"2\">software de procesamiento de archivos<\/td>\n<td colspan=\"2\">Principal Principal 6.0. Foto impresa<\/td>\n<\/tr>\n<tr>\n<td colspan=\"2\">Voltaje<\/td>\n<td colspan=\"2\">CA 110 V \u00b1 10%, CA 220 V \u00b1 10%, 50\/60 \u00b1 1 Hz<\/td>\n<\/tr>\n<tr>\n<td colspan=\"2\" width=\"216\">Entornos de operaci\u00f3n<\/td>\n<td colspan=\"2\">Temperatura: 15 \u2103 -30 \u2103, Humedad: 35%RH-65%RH<\/td>\n<\/tr>\n<tr>\n<td colspan=\"2\">Fuerza<\/td>\n<td>3500W<\/td>\n<td>5000W<\/td>\n<\/tr>\n<tr>\n<td colspan=\"2\" width=\"216\">Dimensiones de la impresora (LWH)<\/td>\n<td>4720*990*1450mm<\/td>\n<td>4720*990*1450mm<\/td>\n<\/tr>\n<tr>\n<td colspan=\"2\" width=\"216\">Dimensiones del embalaje (LWH)<\/td>\n<td>4880*1135*1550mm<\/td>\n<td>4880*1135*1550mm<\/td>\n<\/tr>\n<tr>\n<td colspan=\"2\">Peso neto<\/td>\n<td>900KG<\/td>\n<td>900KG<\/td>\n<\/tr>\n<tr>\n<td colspan=\"2\">Peso bruto<\/td>\n<td>980 kg<\/td>\n<td>980 kg<\/td>\n<\/tr>\n<tr>\n<td><\/td>\n<td><\/td>\n<td><\/td>\n<td><\/td>\n<\/tr>\n<\/tbody>\n<\/table>\n<p>&nbsp;<\/p>\n<p><img decoding=\"async\" class=\"alignnone wp-image-9466\" src=\"https:\/\/saituprinter.com\/wp-content\/uploads\/2024\/04\/\u5fae\u4fe1\u56fe\u7247_20240412154901.jpg\" alt=\"\" width=\"209\" height=\"278\" srcset=\"https:\/\/www.saituprinter.com\/wp-content\/uploads\/2024\/04\/\u5fae\u4fe1\u56fe\u7247_20240412154901.jpg 675w, https:\/\/www.saituprinter.com\/wp-content\/uploads\/2024\/04\/\u5fae\u4fe1\u56fe\u7247_20240412154901-600x800.jpg 600w, https:\/\/www.saituprinter.com\/wp-content\/uploads\/2024\/04\/\u5fae\u4fe1\u56fe\u7247_20240412154901-150x200.jpg 150w, https:\/\/www.saituprinter.com\/wp-content\/uploads\/2024\/04\/\u5fae\u4fe1\u56fe\u7247_20240412154901-9x12.jpg 9w\" sizes=\"(max-width: 209px) 100vw, 209px\" \/> <img decoding=\"async\" class=\"alignnone wp-image-9467\" src=\"https:\/\/saituprinter.com\/wp-content\/uploads\/2024\/04\/\u5fae\u4fe1\u56fe\u7247_20240412154904.jpg\" alt=\"\" width=\"209\" height=\"278\" srcset=\"https:\/\/www.saituprinter.com\/wp-content\/uploads\/2024\/04\/\u5fae\u4fe1\u56fe\u7247_20240412154904.jpg 675w, https:\/\/www.saituprinter.com\/wp-content\/uploads\/2024\/04\/\u5fae\u4fe1\u56fe\u7247_20240412154904-600x800.jpg 600w, https:\/\/www.saituprinter.com\/wp-content\/uploads\/2024\/04\/\u5fae\u4fe1\u56fe\u7247_20240412154904-150x200.jpg 150w, https:\/\/www.saituprinter.com\/wp-content\/uploads\/2024\/04\/\u5fae\u4fe1\u56fe\u7247_20240412154904-9x12.jpg 9w\" sizes=\"(max-width: 209px) 100vw, 209px\" \/> <img loading=\"lazy\" decoding=\"async\" class=\"alignnone wp-image-9468\" src=\"https:\/\/saituprinter.com\/wp-content\/uploads\/2024\/04\/\u5fae\u4fe1\u56fe\u7247_20240412154908.jpg\" alt=\"\" width=\"371\" height=\"278\" srcset=\"https:\/\/www.saituprinter.com\/wp-content\/uploads\/2024\/04\/\u5fae\u4fe1\u56fe\u7247_20240412154908.jpg 900w, https:\/\/www.saituprinter.com\/wp-content\/uploads\/2024\/04\/\u5fae\u4fe1\u56fe\u7247_20240412154908-600x450.jpg 600w, https:\/\/www.saituprinter.com\/wp-content\/uploads\/2024\/04\/\u5fae\u4fe1\u56fe\u7247_20240412154908-150x113.jpg 150w, https:\/\/www.saituprinter.com\/wp-content\/uploads\/2024\/04\/\u5fae\u4fe1\u56fe\u7247_20240412154908-800x600.jpg 800w, https:\/\/www.saituprinter.com\/wp-content\/uploads\/2024\/04\/\u5fae\u4fe1\u56fe\u7247_20240412154908-768x576.jpg 768w, https:\/\/www.saituprinter.com\/wp-content\/uploads\/2024\/04\/\u5fae\u4fe1\u56fe\u7247_20240412154908-16x12.jpg 16w\" sizes=\"(max-width: 371px) 100vw, 371px\" \/> <img loading=\"lazy\" decoding=\"async\" class=\"alignnone wp-image-9469\" src=\"https:\/\/saituprinter.com\/wp-content\/uploads\/2024\/04\/\u5fae\u4fe1\u56fe\u7247_20240412154912.jpg\" alt=\"\" width=\"305\" height=\"229\" srcset=\"https:\/\/www.saituprinter.com\/wp-content\/uploads\/2024\/04\/\u5fae\u4fe1\u56fe\u7247_20240412154912.jpg 900w, https:\/\/www.saituprinter.com\/wp-content\/uploads\/2024\/04\/\u5fae\u4fe1\u56fe\u7247_20240412154912-600x450.jpg 600w, https:\/\/www.saituprinter.com\/wp-content\/uploads\/2024\/04\/\u5fae\u4fe1\u56fe\u7247_20240412154912-150x113.jpg 150w, https:\/\/www.saituprinter.com\/wp-content\/uploads\/2024\/04\/\u5fae\u4fe1\u56fe\u7247_20240412154912-800x600.jpg 800w, https:\/\/www.saituprinter.com\/wp-content\/uploads\/2024\/04\/\u5fae\u4fe1\u56fe\u7247_20240412154912-768x576.jpg 768w, https:\/\/www.saituprinter.com\/wp-content\/uploads\/2024\/04\/\u5fae\u4fe1\u56fe\u7247_20240412154912-16x12.jpg 16w\" sizes=\"(max-width: 305px) 100vw, 305px\" \/> <img loading=\"lazy\" decoding=\"async\" class=\"alignnone wp-image-9470\" src=\"https:\/\/saituprinter.com\/wp-content\/uploads\/2024\/04\/\u5fae\u4fe1\u56fe\u7247_20240412154915.jpg\" alt=\"\" width=\"304\" height=\"228\" srcset=\"https:\/\/www.saituprinter.com\/wp-content\/uploads\/2024\/04\/\u5fae\u4fe1\u56fe\u7247_20240412154915.jpg 900w, https:\/\/www.saituprinter.com\/wp-content\/uploads\/2024\/04\/\u5fae\u4fe1\u56fe\u7247_20240412154915-600x450.jpg 600w, https:\/\/www.saituprinter.com\/wp-content\/uploads\/2024\/04\/\u5fae\u4fe1\u56fe\u7247_20240412154915-150x113.jpg 150w, https:\/\/www.saituprinter.com\/wp-content\/uploads\/2024\/04\/\u5fae\u4fe1\u56fe\u7247_20240412154915-800x600.jpg 800w, https:\/\/www.saituprinter.com\/wp-content\/uploads\/2024\/04\/\u5fae\u4fe1\u56fe\u7247_20240412154915-768x576.jpg 768w, https:\/\/www.saituprinter.com\/wp-content\/uploads\/2024\/04\/\u5fae\u4fe1\u56fe\u7247_20240412154915-16x12.jpg 16w\" sizes=\"(max-width: 304px) 100vw, 304px\" \/> <img loading=\"lazy\" decoding=\"async\" class=\"alignnone wp-image-9471\" src=\"https:\/\/saituprinter.com\/wp-content\/uploads\/2024\/04\/\u5fae\u4fe1\u56fe\u7247_20240412154919.jpg\" alt=\"\" width=\"309\" height=\"232\" srcset=\"https:\/\/www.saituprinter.com\/wp-content\/uploads\/2024\/04\/\u5fae\u4fe1\u56fe\u7247_20240412154919.jpg 900w, https:\/\/www.saituprinter.com\/wp-content\/uploads\/2024\/04\/\u5fae\u4fe1\u56fe\u7247_20240412154919-600x450.jpg 600w, https:\/\/www.saituprinter.com\/wp-content\/uploads\/2024\/04\/\u5fae\u4fe1\u56fe\u7247_20240412154919-150x113.jpg 150w, https:\/\/www.saituprinter.com\/wp-content\/uploads\/2024\/04\/\u5fae\u4fe1\u56fe\u7247_20240412154919-800x600.jpg 800w, https:\/\/www.saituprinter.com\/wp-content\/uploads\/2024\/04\/\u5fae\u4fe1\u56fe\u7247_20240412154919-768x576.jpg 768w, https:\/\/www.saituprinter.com\/wp-content\/uploads\/2024\/04\/\u5fae\u4fe1\u56fe\u7247_20240412154919-16x12.jpg 16w\" sizes=\"(max-width: 309px) 100vw, 309px\" \/><\/p>\n<p><img loading=\"lazy\" decoding=\"async\" class=\"alignnone wp-image-9473\" src=\"https:\/\/saituprinter.com\/wp-content\/uploads\/2024\/04\/\u5fae\u4fe1\u56fe\u7247_20230831135554.jpg\" alt=\"\" width=\"425\" height=\"239\" srcset=\"https:\/\/www.saituprinter.com\/wp-content\/uploads\/2024\/04\/\u5fae\u4fe1\u56fe\u7247_20230831135554.jpg 1920w, https:\/\/www.saituprinter.com\/wp-content\/uploads\/2024\/04\/\u5fae\u4fe1\u56fe\u7247_20230831135554-600x338.jpg 600w, https:\/\/www.saituprinter.com\/wp-content\/uploads\/2024\/04\/\u5fae\u4fe1\u56fe\u7247_20230831135554-150x84.jpg 150w, https:\/\/www.saituprinter.com\/wp-content\/uploads\/2024\/04\/\u5fae\u4fe1\u56fe\u7247_20230831135554-800x450.jpg 800w, https:\/\/www.saituprinter.com\/wp-content\/uploads\/2024\/04\/\u5fae\u4fe1\u56fe\u7247_20230831135554-768x432.jpg 768w, https:\/\/www.saituprinter.com\/wp-content\/uploads\/2024\/04\/\u5fae\u4fe1\u56fe\u7247_20230831135554-1536x864.jpg 1536w, https:\/\/www.saituprinter.com\/wp-content\/uploads\/2024\/04\/\u5fae\u4fe1\u56fe\u7247_20230831135554-18x10.jpg 18w\" sizes=\"(max-width: 425px) 100vw, 425px\" \/> <img loading=\"lazy\" decoding=\"async\" class=\"alignnone wp-image-9474\" src=\"https:\/\/saituprinter.com\/wp-content\/uploads\/2024\/04\/\u5fae\u4fe1\u56fe\u7247_20231005103703.jpg\" alt=\"\" width=\"324\" height=\"243\" srcset=\"https:\/\/www.saituprinter.com\/wp-content\/uploads\/2024\/04\/\u5fae\u4fe1\u56fe\u7247_20231005103703.jpg 1440w, https:\/\/www.saituprinter.com\/wp-content\/uploads\/2024\/04\/\u5fae\u4fe1\u56fe\u7247_20231005103703-600x450.jpg 600w, https:\/\/www.saituprinter.com\/wp-content\/uploads\/2024\/04\/\u5fae\u4fe1\u56fe\u7247_20231005103703-150x113.jpg 150w, https:\/\/www.saituprinter.com\/wp-content\/uploads\/2024\/04\/\u5fae\u4fe1\u56fe\u7247_20231005103703-800x600.jpg 800w, https:\/\/www.saituprinter.com\/wp-content\/uploads\/2024\/04\/\u5fae\u4fe1\u56fe\u7247_20231005103703-768x576.jpg 768w, https:\/\/www.saituprinter.com\/wp-content\/uploads\/2024\/04\/\u5fae\u4fe1\u56fe\u7247_20231005103703-16x12.jpg 16w\" sizes=\"(max-width: 324px) 100vw, 324px\" \/> <img loading=\"lazy\" decoding=\"async\" class=\"alignnone wp-image-12260\" src=\"https:\/\/saituprinter.com\/wp-content\/uploads\/2024\/04\/\u5fae\u4fe1\u56fe\u7247_20231005103631.jpg\" alt=\"\" width=\"854\" height=\"640\" srcset=\"https:\/\/www.saituprinter.com\/wp-content\/uploads\/2024\/04\/\u5fae\u4fe1\u56fe\u7247_20231005103631.jpg 1440w, https:\/\/www.saituprinter.com\/wp-content\/uploads\/2024\/04\/\u5fae\u4fe1\u56fe\u7247_20231005103631-600x450.jpg 600w, https:\/\/www.saituprinter.com\/wp-content\/uploads\/2024\/04\/\u5fae\u4fe1\u56fe\u7247_20231005103631-150x113.jpg 150w, https:\/\/www.saituprinter.com\/wp-content\/uploads\/2024\/04\/\u5fae\u4fe1\u56fe\u7247_20231005103631-800x600.jpg 800w, https:\/\/www.saituprinter.com\/wp-content\/uploads\/2024\/04\/\u5fae\u4fe1\u56fe\u7247_20231005103631-768x576.jpg 768w\" sizes=\"(max-width: 854px) 100vw, 854px\" \/> <img loading=\"lazy\" decoding=\"async\" class=\"alignnone wp-image-12264\" src=\"https:\/\/saituprinter.com\/wp-content\/uploads\/2024\/04\/\u5fae\u4fe1\u56fe\u7247_20231005103651.jpg\" alt=\"\" width=\"862\" height=\"646\" srcset=\"https:\/\/www.saituprinter.com\/wp-content\/uploads\/2024\/04\/\u5fae\u4fe1\u56fe\u7247_20231005103651.jpg 1440w, https:\/\/www.saituprinter.com\/wp-content\/uploads\/2024\/04\/\u5fae\u4fe1\u56fe\u7247_20231005103651-600x450.jpg 600w, https:\/\/www.saituprinter.com\/wp-content\/uploads\/2024\/04\/\u5fae\u4fe1\u56fe\u7247_20231005103651-150x113.jpg 150w, https:\/\/www.saituprinter.com\/wp-content\/uploads\/2024\/04\/\u5fae\u4fe1\u56fe\u7247_20231005103651-800x600.jpg 800w, https:\/\/www.saituprinter.com\/wp-content\/uploads\/2024\/04\/\u5fae\u4fe1\u56fe\u7247_20231005103651-768x576.jpg 768w\" sizes=\"(max-width: 862px) 100vw, 862px\" \/> <img loading=\"lazy\" decoding=\"async\" class=\"alignnone wp-image-12268\" src=\"https:\/\/saituprinter.com\/wp-content\/uploads\/2024\/04\/\u5fae\u4fe1\u56fe\u7247_20231005103807.jpg\" alt=\"\" width=\"866\" height=\"649\" srcset=\"https:\/\/www.saituprinter.com\/wp-content\/uploads\/2024\/04\/\u5fae\u4fe1\u56fe\u7247_20231005103807.jpg 1440w, https:\/\/www.saituprinter.com\/wp-content\/uploads\/2024\/04\/\u5fae\u4fe1\u56fe\u7247_20231005103807-600x450.jpg 600w, https:\/\/www.saituprinter.com\/wp-content\/uploads\/2024\/04\/\u5fae\u4fe1\u56fe\u7247_20231005103807-150x113.jpg 150w, https:\/\/www.saituprinter.com\/wp-content\/uploads\/2024\/04\/\u5fae\u4fe1\u56fe\u7247_20231005103807-800x600.jpg 800w, https:\/\/www.saituprinter.com\/wp-content\/uploads\/2024\/04\/\u5fae\u4fe1\u56fe\u7247_20231005103807-768x576.jpg 768w\" sizes=\"(max-width: 866px) 100vw, 866px\" \/> <img loading=\"lazy\" decoding=\"async\" class=\"alignnone wp-image-12272\" src=\"https:\/\/saituprinter.com\/wp-content\/uploads\/2024\/04\/\u5fae\u4fe1\u56fe\u7247_20240320161053-scaled.jpg\" alt=\"\" width=\"864\" height=\"648\" srcset=\"https:\/\/www.saituprinter.com\/wp-content\/uploads\/2024\/04\/\u5fae\u4fe1\u56fe\u7247_20240320161053-scaled.jpg 2560w, https:\/\/www.saituprinter.com\/wp-content\/uploads\/2024\/04\/\u5fae\u4fe1\u56fe\u7247_20240320161053-scaled-600x450.jpg 600w, https:\/\/www.saituprinter.com\/wp-content\/uploads\/2024\/04\/\u5fae\u4fe1\u56fe\u7247_20240320161053-scaled-150x113.jpg 150w, https:\/\/www.saituprinter.com\/wp-content\/uploads\/2024\/04\/\u5fae\u4fe1\u56fe\u7247_20240320161053-scaled-800x600.jpg 800w, https:\/\/www.saituprinter.com\/wp-content\/uploads\/2024\/04\/\u5fae\u4fe1\u56fe\u7247_20240320161053-768x576.jpg 768w, https:\/\/www.saituprinter.com\/wp-content\/uploads\/2024\/04\/\u5fae\u4fe1\u56fe\u7247_20240320161053-1536x1152.jpg 1536w, https:\/\/www.saituprinter.com\/wp-content\/uploads\/2024\/04\/\u5fae\u4fe1\u56fe\u7247_20240320161053-2048x1536.jpg 2048w\" sizes=\"(max-width: 864px) 100vw, 864px\" \/> <img loading=\"lazy\" decoding=\"async\" class=\"alignnone wp-image-12276\" src=\"https:\/\/saituprinter.com\/wp-content\/uploads\/2024\/04\/\u5fae\u4fe1\u56fe\u7247_20240527130329.jpg\" alt=\"\" width=\"863\" height=\"648\" srcset=\"https:\/\/www.saituprinter.com\/wp-content\/uploads\/2024\/04\/\u5fae\u4fe1\u56fe\u7247_20240527130329.jpg 1440w, https:\/\/www.saituprinter.com\/wp-content\/uploads\/2024\/04\/\u5fae\u4fe1\u56fe\u7247_20240527130329-600x450.jpg 600w, https:\/\/www.saituprinter.com\/wp-content\/uploads\/2024\/04\/\u5fae\u4fe1\u56fe\u7247_20240527130329-150x113.jpg 150w, https:\/\/www.saituprinter.com\/wp-content\/uploads\/2024\/04\/\u5fae\u4fe1\u56fe\u7247_20240527130329-800x600.jpg 800w, https:\/\/www.saituprinter.com\/wp-content\/uploads\/2024\/04\/\u5fae\u4fe1\u56fe\u7247_20240527130329-768x576.jpg 768w\" sizes=\"(max-width: 863px) 100vw, 863px\" \/> <img loading=\"lazy\" decoding=\"async\" class=\"alignnone wp-image-12280\" src=\"https:\/\/saituprinter.com\/wp-content\/uploads\/2024\/04\/\u5fae\u4fe1\u56fe\u7247_20240527130332.jpg\" alt=\"\" width=\"858\" height=\"643\" srcset=\"https:\/\/www.saituprinter.com\/wp-content\/uploads\/2024\/04\/\u5fae\u4fe1\u56fe\u7247_20240527130332.jpg 1440w, https:\/\/www.saituprinter.com\/wp-content\/uploads\/2024\/04\/\u5fae\u4fe1\u56fe\u7247_20240527130332-600x450.jpg 600w, https:\/\/www.saituprinter.com\/wp-content\/uploads\/2024\/04\/\u5fae\u4fe1\u56fe\u7247_20240527130332-150x113.jpg 150w, https:\/\/www.saituprinter.com\/wp-content\/uploads\/2024\/04\/\u5fae\u4fe1\u56fe\u7247_20240527130332-800x600.jpg 800w, https:\/\/www.saituprinter.com\/wp-content\/uploads\/2024\/04\/\u5fae\u4fe1\u56fe\u7247_20240527130332-768x576.jpg 768w\" sizes=\"(max-width: 858px) 100vw, 858px\" \/> <img loading=\"lazy\" decoding=\"async\" class=\"alignnone wp-image-12284\" src=\"https:\/\/saituprinter.com\/wp-content\/uploads\/2024\/04\/\u5fae\u4fe1\u56fe\u7247_20240527130343.jpg\" alt=\"\" width=\"867\" height=\"488\" srcset=\"https:\/\/www.saituprinter.com\/wp-content\/uploads\/2024\/04\/\u5fae\u4fe1\u56fe\u7247_20240527130343.jpg 1429w, https:\/\/www.saituprinter.com\/wp-content\/uploads\/2024\/04\/\u5fae\u4fe1\u56fe\u7247_20240527130343-600x338.jpg 600w, https:\/\/www.saituprinter.com\/wp-content\/uploads\/2024\/04\/\u5fae\u4fe1\u56fe\u7247_20240527130343-150x84.jpg 150w, https:\/\/www.saituprinter.com\/wp-content\/uploads\/2024\/04\/\u5fae\u4fe1\u56fe\u7247_20240527130343-800x450.jpg 800w, https:\/\/www.saituprinter.com\/wp-content\/uploads\/2024\/04\/\u5fae\u4fe1\u56fe\u7247_20240527130343-768x432.jpg 768w\" sizes=\"(max-width: 867px) 100vw, 867px\" \/><\/p>\n<p>&nbsp;<\/p>\n<div style=\"width: 1280px;\" class=\"wp-video\"><!--[if lt IE 9]><script>document.createElement('video');<\/script><![endif]-->\n<video class=\"wp-video-shortcode\" id=\"video-9464-1\" width=\"1280\" height=\"720\" preload=\"metadata\" controls=\"controls\"><source type=\"video\/mp4\" src=\"https:\/\/saituprinter.com\/wp-content\/uploads\/2024\/04\/b8061756b179336abb3281ddfc0f72b4.mp4?_=1\" \/><a href=\"https:\/\/saituprinter.com\/wp-content\/uploads\/2024\/04\/b8061756b179336abb3281ddfc0f72b4.mp4\">https:\/\/saituprinter.com\/wp-content\/uploads\/2024\/04\/b8061756b179336abb3281ddfc0f72b4.mp4<\/a><\/video><\/div>","protected":false},"excerpt":{"rendered":"<p>La impresora solvente Konica 512i cuenta con un cabezal de impresi\u00f3n duradero, 30PL, colores vivos y una soluci\u00f3n de impresi\u00f3n rentable.<\/p>","protected":false},"featured_media":13078,"comment_status":"closed","ping_status":"closed","template":"","meta":[],"product_cat":[17],"product_tag":[],"class_list":["post-9464","product","type-product","status-publish","has-post-thumbnail","hentry","product_cat-advertising-printer"],"_links":{"self":[{"href":"https:\/\/www.saituprinter.com\/es\/wp-json\/wp\/v2\/product\/9464","targetHints":{"allow":["GET"]}}],"collection":[{"href":"https:\/\/www.saituprinter.com\/es\/wp-json\/wp\/v2\/product"}],"about":[{"href":"https:\/\/www.saituprinter.com\/es\/wp-json\/wp\/v2\/types\/product"}],"replies":[{"embeddable":true,"href":"https:\/\/www.saituprinter.com\/es\/wp-json\/wp\/v2\/comments?post=9464"}],"wp:featuredmedia":[{"embeddable":true,"href":"https:\/\/www.saituprinter.com\/es\/wp-json\/wp\/v2\/media\/13078"}],"wp:attachment":[{"href":"https:\/\/www.saituprinter.com\/es\/wp-json\/wp\/v2\/media?parent=9464"}],"wp:term":[{"taxonomy":"product_cat","embeddable":true,"href":"https:\/\/www.saituprinter.com\/es\/wp-json\/wp\/v2\/product_cat?post=9464"},{"taxonomy":"product_tag","embeddable":true,"href":"https:\/\/www.saituprinter.com\/es\/wp-json\/wp\/v2\/product_tag?post=9464"}],"curies":[{"name":"wp","href":"https:\/\/api.w.org\/{rel}","templated":true}]}}