{"id":9302,"date":"2024-03-09T18:21:59","date_gmt":"2024-03-09T10:21:59","guid":{"rendered":"https:\/\/saituprinter.com\/?post_type=product&#038;p=9302"},"modified":"2025-05-17T11:36:30","modified_gmt":"2025-05-17T03:36:30","slug":"saitu-1-3m-2-4-heads-sublimtion-printer","status":"publish","type":"product","link":"https:\/\/www.saituprinter.com\/es\/producto\/saitu-1-3m-2-4-heads-sublimtion-printer\/","title":{"rendered":"Impresora de sublimaci\u00f3n saitu 1,3 m 2\/4 cabezales"},"content":{"rendered":"<p><img fetchpriority=\"high\" decoding=\"async\" class=\"alignnone wp-image-9303\" src=\"https:\/\/saituprinter.com\/wp-content\/uploads\/2024\/03\/\u5fae\u4fe1\u56fe\u7247_20240309155517.jpg\" alt=\"\" width=\"404\" height=\"303\" srcset=\"https:\/\/www.saituprinter.com\/wp-content\/uploads\/2024\/03\/\u5fae\u4fe1\u56fe\u7247_20240309155517.jpg 1440w, https:\/\/www.saituprinter.com\/wp-content\/uploads\/2024\/03\/\u5fae\u4fe1\u56fe\u7247_20240309155517-600x450.jpg 600w, https:\/\/www.saituprinter.com\/wp-content\/uploads\/2024\/03\/\u5fae\u4fe1\u56fe\u7247_20240309155517-150x113.jpg 150w, https:\/\/www.saituprinter.com\/wp-content\/uploads\/2024\/03\/\u5fae\u4fe1\u56fe\u7247_20240309155517-800x600.jpg 800w, https:\/\/www.saituprinter.com\/wp-content\/uploads\/2024\/03\/\u5fae\u4fe1\u56fe\u7247_20240309155517-768x576.jpg 768w, https:\/\/www.saituprinter.com\/wp-content\/uploads\/2024\/03\/\u5fae\u4fe1\u56fe\u7247_20240309155517-16x12.jpg 16w\" sizes=\"(max-width: 404px) 100vw, 404px\" \/> <img decoding=\"async\" class=\"alignnone wp-image-9304\" src=\"https:\/\/saituprinter.com\/wp-content\/uploads\/2024\/03\/\u5fae\u4fe1\u56fe\u7247_20240309155716.jpg\" alt=\"\" width=\"407\" height=\"305\" srcset=\"https:\/\/www.saituprinter.com\/wp-content\/uploads\/2024\/03\/\u5fae\u4fe1\u56fe\u7247_20240309155716.jpg 1440w, https:\/\/www.saituprinter.com\/wp-content\/uploads\/2024\/03\/\u5fae\u4fe1\u56fe\u7247_20240309155716-600x450.jpg 600w, https:\/\/www.saituprinter.com\/wp-content\/uploads\/2024\/03\/\u5fae\u4fe1\u56fe\u7247_20240309155716-150x113.jpg 150w, https:\/\/www.saituprinter.com\/wp-content\/uploads\/2024\/03\/\u5fae\u4fe1\u56fe\u7247_20240309155716-800x600.jpg 800w, https:\/\/www.saituprinter.com\/wp-content\/uploads\/2024\/03\/\u5fae\u4fe1\u56fe\u7247_20240309155716-768x576.jpg 768w, https:\/\/www.saituprinter.com\/wp-content\/uploads\/2024\/03\/\u5fae\u4fe1\u56fe\u7247_20240309155716-16x12.jpg 16w\" sizes=\"(max-width: 407px) 100vw, 407px\" \/><\/p>\n<p>PAR\u00c1METRO DEL PRODUCTO:<\/p>\n<table>\n<tbody>\n<tr>\n<td colspan=\"2\" width=\"203\">Modelo<\/td>\n<td width=\"205\">JC1302<\/td>\n<td width=\"163\">JC1304<\/td>\n<\/tr>\n<tr>\n<td colspan=\"2\" width=\"203\">cabezal de impresi\u00f3n<\/td>\n<td width=\"205\">2 cabezales de impresi\u00f3n Epson i3200<\/td>\n<td width=\"163\">4 cabezales de impresi\u00f3n Epson i3200<\/td>\n<\/tr>\n<tr>\n<td colspan=\"2\" width=\"203\">Ancho m\u00e1ximo de impresi\u00f3n<\/td>\n<td colspan=\"2\" width=\"368\">1200cm<\/td>\n<\/tr>\n<tr>\n<td colspan=\"2\" width=\"203\">\u00a0Modo de producto<\/td>\n<td width=\"205\">35\u33a1\/H<\/td>\n<td width=\"163\">59\u33a1\/H<\/td>\n<\/tr>\n<tr>\n<td colspan=\"2\" width=\"203\">\u00a0Modo de resoluci\u00f3n<\/td>\n<td width=\"205\">29\u33a1\/H<\/td>\n<td width=\"163\">53\u33a1\/H<\/td>\n<\/tr>\n<tr>\n<td colspan=\"2\" width=\"203\">\u9ad8\u7cbe\u5ea6\u6a21\u5f0f\/ Modo de alta resoluci\u00f3n<\/td>\n<td width=\"205\">25\u33a1\/H<\/td>\n<td width=\"163\">45\u33a1\/H<\/td>\n<\/tr>\n<tr>\n<td rowspan=\"2\" width=\"73\">Tinta<\/td>\n<td width=\"129\">Clasificar<\/td>\n<td colspan=\"2\" width=\"368\">tinta de sublimaci\u00f3n<\/td>\n<\/tr>\n<tr>\n<td width=\"129\">Capacidad<\/td>\n<td colspan=\"2\" width=\"368\">\u00a0Sistema de suministro de tinta vac\u00edo de 1,5 l.<\/td>\n<\/tr>\n<tr>\n<td rowspan=\"4\" width=\"73\">Medios de comunicaci\u00f3n<\/td>\n<td width=\"129\">\u00a0Ancho<\/td>\n<td colspan=\"2\" width=\"368\">1300 mm<\/td>\n<\/tr>\n<tr>\n<td width=\"129\">\u00a0Espesor<\/td>\n<td colspan=\"2\" width=\"368\">Cabezal de impresi\u00f3n ajustable de 1,5 mm a 8 mm.<\/td>\n<\/tr>\n<tr>\n<td width=\"129\">\u00a0Peso del material<\/td>\n<td colspan=\"2\" width=\"368\">75 kg<\/td>\n<\/tr>\n<tr>\n<td width=\"129\">Clasificar<\/td>\n<td colspan=\"2\" width=\"368\">\u00a0papel de sublimaci\u00f3n<\/td>\n<\/tr>\n<tr>\n<td colspan=\"2\" width=\"203\">Alta calidad de impresi\u00f3n<\/td>\n<td colspan=\"2\" width=\"368\">\u00a0tecnolog\u00eda VSD<\/td>\n<\/tr>\n<tr>\n<td colspan=\"2\" width=\"203\">\u00a0Calentador de medios<\/td>\n<td colspan=\"2\" width=\"368\">calefacci\u00f3n trasera<\/td>\n<\/tr>\n<tr>\n<td colspan=\"2\" width=\"203\">Dispositivo de recogida de medios<\/td>\n<td colspan=\"2\" width=\"368\">\u53cc\u7535\u673a\u81ea\u52a8\u6536\u7eb8\u7cfb\u7edf \/ Dispositivo de doble motor con compuerta autom\u00e1tica.<\/td>\n<\/tr>\n<tr>\n<td colspan=\"2\" width=\"203\">\u00a0Sistema de secado<\/td>\n<td colspan=\"2\" width=\"368\">\u00a0Sistema de secado por rayos infrarrojos.<\/td>\n<\/tr>\n<tr>\n<td colspan=\"2\" width=\"203\">\u00a0Carril de gu\u00eda<\/td>\n<td colspan=\"2\" width=\"368\">THK de Jap\u00f3n<\/td>\n<\/tr>\n<tr>\n<td colspan=\"2\" width=\"203\">Interfaz<\/td>\n<td colspan=\"2\" width=\"368\">1000 Mbit\/s<\/td>\n<\/tr>\n<tr>\n<td colspan=\"2\" width=\"203\">\u00a0software de procesamiento de archivos<\/td>\n<td colspan=\"2\" width=\"368\">Impresi\u00f3n principal o fotogr\u00e1fica (opcional)<\/td>\n<\/tr>\n<tr>\n<td colspan=\"2\" width=\"203\">\u00a0Voltaje<\/td>\n<td colspan=\"2\" width=\"368\">CA 110 V \u00b1 10%, CA 220 V \u00b1 10%, 50\/60 \u00b1 1 Hz<\/td>\n<\/tr>\n<tr>\n<td colspan=\"2\" width=\"203\">\u00a0Entornos de operaci\u00f3n<\/td>\n<td colspan=\"2\" width=\"368\">Temperatura: 15 \u2103 -30 \u2103, Humedad: 35%RH-65%RH<\/td>\n<\/tr>\n<tr>\n<td colspan=\"2\" width=\"203\">\u00a0Fuerza<\/td>\n<td width=\"205\">2000W<\/td>\n<td width=\"163\">4000W<\/td>\n<\/tr>\n<tr>\n<td colspan=\"2\" width=\"203\">Dimensiones de la impresora (LWH)<\/td>\n<td colspan=\"2\" width=\"368\">2595*850*1338mm<\/td>\n<\/tr>\n<tr>\n<td colspan=\"2\" width=\"203\">Dimensiones del embalaje (LWH)<\/td>\n<td colspan=\"2\" width=\"368\">2730*760*750mm<\/td>\n<\/tr>\n<\/tbody>\n<\/table>\n<p>&nbsp;<\/p>\n<p>Soluci\u00f3n de impresi\u00f3n compacta Saitu de 1,3 m: ideal para producciones a peque\u00f1a escala<\/p>\n<p><img decoding=\"async\" class=\"alignnone wp-image-12001\" src=\"https:\/\/saituprinter.com\/wp-content\/uploads\/2024\/03\/\u5fae\u4fe1\u56fe\u7247_20240514181549.jpg\" alt=\"\" width=\"351\" height=\"228\" srcset=\"https:\/\/www.saituprinter.com\/wp-content\/uploads\/2024\/03\/\u5fae\u4fe1\u56fe\u7247_20240514181549.jpg 1000w, https:\/\/www.saituprinter.com\/wp-content\/uploads\/2024\/03\/\u5fae\u4fe1\u56fe\u7247_20240514181549-600x390.jpg 600w, https:\/\/www.saituprinter.com\/wp-content\/uploads\/2024\/03\/\u5fae\u4fe1\u56fe\u7247_20240514181549-150x98.jpg 150w, https:\/\/www.saituprinter.com\/wp-content\/uploads\/2024\/03\/\u5fae\u4fe1\u56fe\u7247_20240514181549-800x520.jpg 800w, https:\/\/www.saituprinter.com\/wp-content\/uploads\/2024\/03\/\u5fae\u4fe1\u56fe\u7247_20240514181549-768x499.jpg 768w\" sizes=\"(max-width: 351px) 100vw, 351px\" \/> <img loading=\"lazy\" decoding=\"async\" class=\"alignnone wp-image-12005\" src=\"https:\/\/saituprinter.com\/wp-content\/uploads\/2024\/03\/\u5fae\u4fe1\u56fe\u7247_20240716115140.jpg\" alt=\"\" width=\"215\" height=\"228\" srcset=\"https:\/\/www.saituprinter.com\/wp-content\/uploads\/2024\/03\/\u5fae\u4fe1\u56fe\u7247_20240716115140.jpg 1000w, https:\/\/www.saituprinter.com\/wp-content\/uploads\/2024\/03\/\u5fae\u4fe1\u56fe\u7247_20240716115140-600x637.jpg 600w, https:\/\/www.saituprinter.com\/wp-content\/uploads\/2024\/03\/\u5fae\u4fe1\u56fe\u7247_20240716115140-150x159.jpg 150w, https:\/\/www.saituprinter.com\/wp-content\/uploads\/2024\/03\/\u5fae\u4fe1\u56fe\u7247_20240716115140-800x849.jpg 800w, https:\/\/www.saituprinter.com\/wp-content\/uploads\/2024\/03\/\u5fae\u4fe1\u56fe\u7247_20240716115140-768x815.jpg 768w\" sizes=\"(max-width: 215px) 100vw, 215px\" \/><\/p>\n<p>Nuestra soluci\u00f3n de impresi\u00f3n de 1,3 m, que satisface las necesidades de los entornos de producci\u00f3n a peque\u00f1a escala, ofrece flexibilidad y versatilidad. Ya sea que necesite 2 cabezales o 4 cabezales, esta m\u00e1quina se puede configurar para satisfacer sus demandas de impresi\u00f3n espec\u00edficas. Es particularmente adecuado para usuarios de las industrias de impresi\u00f3n de cintas, pintura decorativa y fabricaci\u00f3n de banderas.<\/p>\n<p>Para dar cabida a la diversa gama de papeles de impresi\u00f3n digital, hemos dise\u00f1ado la plataforma con ranuras, lo que garantiza compatibilidad y rendimiento \u00f3ptimo. Valoramos los comentarios y sugerencias de nuestros usuarios, ya que son cruciales para mantener la estabilidad y mejorar la calidad de nuestros productos. Estamos abiertos a todo tipo de comentarios y damos la bienvenida a opiniones diversas.<\/p>\n<p>Para aquellos que buscan velocidades de impresi\u00f3n a\u00fan m\u00e1s r\u00e1pidas con 8 cabezales, tenemos soluciones de impresi\u00f3n alternativas disponibles. Tambi\u00e9n atendemos pedidos OEM para requisitos m\u00e1s personalizados. Para consultas, personalizaciones o pedidos, no dude en contactarnos v\u00eda WhatsAPP o Wechat al 86 13544341435.<\/p>\n<p>Estamos comprometidos a brindar soluciones de impresi\u00f3n de alta calidad que se adapten a sus necesidades espec\u00edficas. Con nuestros conocimientos y experiencia, nos esforzamos por ofrecer los mejores productos y servicios para ayudarle a alcanzar sus objetivos de impresi\u00f3n. Cont\u00e1ctenos hoy para obtener m\u00e1s informaci\u00f3n sobre nuestras ofertas y c\u00f3mo podemos ayudarlo a llevar su negocio de impresi\u00f3n al siguiente nivel.<\/p>\n<div style=\"width: 1280px;\" class=\"wp-video\"><!--[if lt IE 9]><script>document.createElement('video');<\/script><![endif]-->\n<video class=\"wp-video-shortcode\" id=\"video-9302-1\" width=\"1280\" height=\"720\" preload=\"metadata\" controls=\"controls\"><source type=\"video\/mp4\" src=\"https:\/\/saituprinter.com\/wp-content\/uploads\/2024\/03\/WeChat_20240309155830.mp4?_=1\" \/><a href=\"https:\/\/saituprinter.com\/wp-content\/uploads\/2024\/03\/WeChat_20240309155830.mp4\">https:\/\/saituprinter.com\/wp-content\/uploads\/2024\/03\/WeChat_20240309155830.mp4<\/a><\/video><\/div>","protected":false},"excerpt":{"rendered":"<p>Nuestra soluci\u00f3n de impresi\u00f3n de 1,3 m, que satisface las necesidades de los entornos de producci\u00f3n a peque\u00f1a escala, ofrece flexibilidad y versatilidad.   Ya sea que necesite 2 cabezales o 4 cabezales, esta m\u00e1quina se puede configurar para satisfacer sus demandas de impresi\u00f3n espec\u00edficas.   Es particularmente adecuado para usuarios de las industrias de impresi\u00f3n de cintas, pintura decorativa y fabricaci\u00f3n de banderas.<\/p>","protected":false},"featured_media":12967,"comment_status":"closed","ping_status":"closed","template":"","meta":[],"product_cat":[18,89],"product_tag":[],"class_list":["post-9302","product","type-product","status-publish","has-post-thumbnail","hentry","product_cat-sublimation-printer","product_cat-simple-paper-system-machine"],"_links":{"self":[{"href":"https:\/\/www.saituprinter.com\/es\/wp-json\/wp\/v2\/product\/9302","targetHints":{"allow":["GET"]}}],"collection":[{"href":"https:\/\/www.saituprinter.com\/es\/wp-json\/wp\/v2\/product"}],"about":[{"href":"https:\/\/www.saituprinter.com\/es\/wp-json\/wp\/v2\/types\/product"}],"replies":[{"embeddable":true,"href":"https:\/\/www.saituprinter.com\/es\/wp-json\/wp\/v2\/comments?post=9302"}],"wp:featuredmedia":[{"embeddable":true,"href":"https:\/\/www.saituprinter.com\/es\/wp-json\/wp\/v2\/media\/12967"}],"wp:attachment":[{"href":"https:\/\/www.saituprinter.com\/es\/wp-json\/wp\/v2\/media?parent=9302"}],"wp:term":[{"taxonomy":"product_cat","embeddable":true,"href":"https:\/\/www.saituprinter.com\/es\/wp-json\/wp\/v2\/product_cat?post=9302"},{"taxonomy":"product_tag","embeddable":true,"href":"https:\/\/www.saituprinter.com\/es\/wp-json\/wp\/v2\/product_tag?post=9302"}],"curies":[{"name":"wp","href":"https:\/\/api.w.org\/{rel}","templated":true}]}}