{"id":9300,"date":"2024-03-09T17:09:24","date_gmt":"2024-03-09T09:09:24","guid":{"rendered":"https:\/\/saituprinter.com\/?post_type=product&#038;p=9300"},"modified":"2025-06-07T11:40:08","modified_gmt":"2025-06-07T03:40:08","slug":"saitu-printerjc1602-water-based-eco-solvent-printer","status":"publish","type":"product","link":"https:\/\/www.saituprinter.com\/es\/producto\/saitu-printerjc1602-water-based-eco-solvent-printer\/","title":{"rendered":"Impresora Saitu: impresora solvente ecol\u00f3gica y a base de agua JC1602"},"content":{"rendered":"<p><img fetchpriority=\"high\" decoding=\"async\" class=\"alignnone wp-image-9446\" src=\"https:\/\/saituprinter.com\/wp-content\/uploads\/2024\/03\/20240409180044.jpg\" alt=\"\" width=\"578\" height=\"578\" srcset=\"https:\/\/www.saituprinter.com\/wp-content\/uploads\/2024\/03\/20240409180044.jpg 800w, https:\/\/www.saituprinter.com\/wp-content\/uploads\/2024\/03\/20240409180044-600x600.jpg 600w, https:\/\/www.saituprinter.com\/wp-content\/uploads\/2024\/03\/20240409180044-150x150.jpg 150w, https:\/\/www.saituprinter.com\/wp-content\/uploads\/2024\/03\/20240409180044-768x768.jpg 768w, https:\/\/www.saituprinter.com\/wp-content\/uploads\/2024\/03\/20240409180044-12x12.jpg 12w\" sizes=\"(max-width: 578px) 100vw, 578px\" \/><\/p>\n<p>&nbsp;<\/p>\n<p>PAR\u00c1METRO DEL PRODUCTO:<\/p>\n<table>\n<tbody>\n<tr>\n<td colspan=\"2\" width=\"189\">Modelo<\/td>\n<td colspan=\"3\" width=\"373\">ST1602<\/td>\n<\/tr>\n<tr>\n<td colspan=\"2\">cabezal de impresi\u00f3n<\/td>\n<td width=\"168\">2 cabezales de impresi\u00f3n Epson DX7\/DX5<\/td>\n<td colspan=\"2\" width=\"205\">2 cabezales de impresi\u00f3n 5113\/4720\/i3200<\/td>\n<\/tr>\n<tr>\n<td colspan=\"2\" width=\"189\">Ancho m\u00e1ximo de impresi\u00f3n<\/td>\n<td colspan=\"3\" width=\"373\">1600 mm<\/td>\n<\/tr>\n<tr>\n<td colspan=\"2\" width=\"189\">Resoluci\u00f3n\/velocidad de impresi\u00f3n<\/td>\n<td>DX7\/DX5<\/td>\n<td>5113\/4720<\/td>\n<td width=\"108\">i3200<\/td>\n<\/tr>\n<tr>\n<td colspan=\"2\" width=\"189\">Modo de producto<\/td>\n<td>30\u33a1\/H<\/td>\n<td>40\u33a1\/H<\/td>\n<td width=\"108\">50\u33a1\/hora<\/td>\n<\/tr>\n<tr>\n<td colspan=\"2\" width=\"189\">Modo de resoluci\u00f3n<\/td>\n<td>24\u33a1\/H<\/td>\n<td>30\u33a1\/H<\/td>\n<td width=\"108\">45\u33a1\/H<\/td>\n<\/tr>\n<tr>\n<td colspan=\"2\" width=\"189\">Modo de alta resoluci\u00f3n<\/td>\n<td width=\"168\">15\u33a1\/H<\/td>\n<td width=\"97\">26\u33a1\/H<\/td>\n<td width=\"108\">35\u33a1\/H<\/td>\n<\/tr>\n<tr>\n<td rowspan=\"2\">Tinta<\/td>\n<td>Clasificar<\/td>\n<td colspan=\"3\" width=\"373\">Tinta a base de agua, tinta ecosolvente<\/td>\n<\/tr>\n<tr>\n<td>Capacidad<\/td>\n<td colspan=\"3\" width=\"373\">Sistema de suministro de tinta vac\u00edo<\/td>\n<\/tr>\n<tr>\n<td rowspan=\"4\">Medios de comunicaci\u00f3n<\/td>\n<td>Ancho<\/td>\n<td colspan=\"3\" width=\"373\">1700 mm<\/td>\n<\/tr>\n<tr>\n<td>Espesor<\/td>\n<td colspan=\"3\" width=\"373\">Ajustable de 1,5 mm a 8 mm<\/td>\n<\/tr>\n<tr>\n<td width=\"128\">Peso del material<\/td>\n<td colspan=\"3\" width=\"373\">75 kg<\/td>\n<\/tr>\n<tr>\n<td>Clasificar<\/td>\n<td colspan=\"3\" width=\"373\">Papel sint\u00e9tico PP, retroiluminado, papel fotogr\u00e1fico, pancartas, cuero, etc.<\/td>\n<\/tr>\n<tr>\n<td colspan=\"2\">Alta calidad de impresi\u00f3n<\/td>\n<td colspan=\"3\" width=\"373\">tecnolog\u00eda VSD<\/td>\n<\/tr>\n<tr>\n<td colspan=\"2\">Calentador de medios<\/td>\n<td colspan=\"3\" width=\"373\">Calefacci\u00f3n delantera\/trasera (se puede controlar por separado, opcional)<\/td>\n<\/tr>\n<tr>\n<td colspan=\"2\">Dispositivo de recogida de medios<\/td>\n<td colspan=\"3\" width=\"373\">Dispositivo de doble motor con amortiguador autom\u00e1tico.<\/td>\n<\/tr>\n<tr>\n<td colspan=\"2\">Sistema de secado<\/td>\n<td colspan=\"3\" width=\"373\">Sistema de secado por rayos infrarrojos.<\/td>\n<\/tr>\n<tr>\n<td colspan=\"2\">Carril de gu\u00eda<\/td>\n<td colspan=\"3\" width=\"373\">THK de Jap\u00f3n<\/td>\n<\/tr>\n<tr>\n<td colspan=\"2\">Interfaz<\/td>\n<td colspan=\"3\" width=\"373\">1000 Mbit\/s<\/td>\n<\/tr>\n<tr>\n<td colspan=\"2\">software de procesamiento de archivos<\/td>\n<td colspan=\"3\" width=\"373\">Principal 5.3, Principal 6.0. impresi\u00f3n fotogr\u00e1fica, Wasatch<\/td>\n<\/tr>\n<tr>\n<td colspan=\"2\">Voltaje<\/td>\n<td colspan=\"3\" width=\"373\">CA 110 V \u00b1 10%, CA 220 V \u00b1 10%, 50\/60 \u00b1 1 Hz<\/td>\n<\/tr>\n<tr>\n<td colspan=\"2\" width=\"189\">Entornos de operaci\u00f3n<\/td>\n<td colspan=\"3\" width=\"373\">Temperatura: 15 \u2103 -30 \u2103, Humedad: 35%RH-65%RH<\/td>\n<\/tr>\n<tr>\n<td colspan=\"2\">Fuerza<\/td>\n<td colspan=\"3\" width=\"373\">2500W<\/td>\n<\/tr>\n<tr>\n<td colspan=\"2\" width=\"189\">Dimensiones de la impresora (LWH)<\/td>\n<td colspan=\"3\" width=\"373\">2570*850*1360<\/td>\n<\/tr>\n<tr>\n<td colspan=\"2\" width=\"189\">Dimensiones del embalaje (LWH)<\/td>\n<td colspan=\"3\" width=\"373\">2730*850*750<\/td>\n<\/tr>\n<tr>\n<td colspan=\"2\">Peso neto<\/td>\n<td colspan=\"3\" width=\"373\">180KG<\/td>\n<\/tr>\n<tr>\n<td colspan=\"2\">Peso bruto<\/td>\n<td colspan=\"3\" width=\"373\">230KG<\/td>\n<\/tr>\n<\/tbody>\n<\/table>\n<p>&nbsp;<\/p>\n<p><img decoding=\"async\" class=\"alignnone wp-image-9202\" src=\"https:\/\/saituprinter.com\/wp-content\/uploads\/2023\/12\/\u5fae\u4fe1\u56fe\u7247_20231005102549.jpg\" alt=\"\" width=\"417\" height=\"313\" srcset=\"https:\/\/www.saituprinter.com\/wp-content\/uploads\/2023\/12\/\u5fae\u4fe1\u56fe\u7247_20231005102549.jpg 1440w, https:\/\/www.saituprinter.com\/wp-content\/uploads\/2023\/12\/\u5fae\u4fe1\u56fe\u7247_20231005102549-600x450.jpg 600w, https:\/\/www.saituprinter.com\/wp-content\/uploads\/2023\/12\/\u5fae\u4fe1\u56fe\u7247_20231005102549-150x113.jpg 150w, https:\/\/www.saituprinter.com\/wp-content\/uploads\/2023\/12\/\u5fae\u4fe1\u56fe\u7247_20231005102549-800x600.jpg 800w, https:\/\/www.saituprinter.com\/wp-content\/uploads\/2023\/12\/\u5fae\u4fe1\u56fe\u7247_20231005102549-768x576.jpg 768w, https:\/\/www.saituprinter.com\/wp-content\/uploads\/2023\/12\/\u5fae\u4fe1\u56fe\u7247_20231005102549-16x12.jpg 16w\" sizes=\"(max-width: 417px) 100vw, 417px\" \/> <img decoding=\"async\" class=\"alignnone wp-image-9203\" src=\"https:\/\/saituprinter.com\/wp-content\/uploads\/2023\/12\/\u5fae\u4fe1\u56fe\u7247_20231005102546.jpg\" alt=\"\" width=\"233\" height=\"310\" srcset=\"https:\/\/www.saituprinter.com\/wp-content\/uploads\/2023\/12\/\u5fae\u4fe1\u56fe\u7247_20231005102546.jpg 1080w, https:\/\/www.saituprinter.com\/wp-content\/uploads\/2023\/12\/\u5fae\u4fe1\u56fe\u7247_20231005102546-600x800.jpg 600w, https:\/\/www.saituprinter.com\/wp-content\/uploads\/2023\/12\/\u5fae\u4fe1\u56fe\u7247_20231005102546-150x200.jpg 150w, https:\/\/www.saituprinter.com\/wp-content\/uploads\/2023\/12\/\u5fae\u4fe1\u56fe\u7247_20231005102546-800x1067.jpg 800w, https:\/\/www.saituprinter.com\/wp-content\/uploads\/2023\/12\/\u5fae\u4fe1\u56fe\u7247_20231005102546-768x1024.jpg 768w, https:\/\/www.saituprinter.com\/wp-content\/uploads\/2023\/12\/\u5fae\u4fe1\u56fe\u7247_20231005102546-9x12.jpg 9w\" sizes=\"(max-width: 233px) 100vw, 233px\" \/> <img loading=\"lazy\" decoding=\"async\" class=\"alignnone wp-image-9204\" src=\"https:\/\/saituprinter.com\/wp-content\/uploads\/2023\/12\/\u5fae\u4fe1\u56fe\u7247_20231005102543.jpg\" alt=\"\" width=\"233\" height=\"311\" srcset=\"https:\/\/www.saituprinter.com\/wp-content\/uploads\/2023\/12\/\u5fae\u4fe1\u56fe\u7247_20231005102543.jpg 1080w, https:\/\/www.saituprinter.com\/wp-content\/uploads\/2023\/12\/\u5fae\u4fe1\u56fe\u7247_20231005102543-600x800.jpg 600w, https:\/\/www.saituprinter.com\/wp-content\/uploads\/2023\/12\/\u5fae\u4fe1\u56fe\u7247_20231005102543-150x200.jpg 150w, https:\/\/www.saituprinter.com\/wp-content\/uploads\/2023\/12\/\u5fae\u4fe1\u56fe\u7247_20231005102543-800x1067.jpg 800w, https:\/\/www.saituprinter.com\/wp-content\/uploads\/2023\/12\/\u5fae\u4fe1\u56fe\u7247_20231005102543-768x1024.jpg 768w, https:\/\/www.saituprinter.com\/wp-content\/uploads\/2023\/12\/\u5fae\u4fe1\u56fe\u7247_20231005102543-9x12.jpg 9w\" sizes=\"(max-width: 233px) 100vw, 233px\" \/> <img loading=\"lazy\" decoding=\"async\" class=\"alignnone wp-image-9205\" src=\"https:\/\/saituprinter.com\/wp-content\/uploads\/2023\/12\/\u5fae\u4fe1\u56fe\u7247_20231005102540.jpg\" alt=\"\" width=\"420\" height=\"315\" srcset=\"https:\/\/www.saituprinter.com\/wp-content\/uploads\/2023\/12\/\u5fae\u4fe1\u56fe\u7247_20231005102540.jpg 1440w, https:\/\/www.saituprinter.com\/wp-content\/uploads\/2023\/12\/\u5fae\u4fe1\u56fe\u7247_20231005102540-600x450.jpg 600w, https:\/\/www.saituprinter.com\/wp-content\/uploads\/2023\/12\/\u5fae\u4fe1\u56fe\u7247_20231005102540-150x113.jpg 150w, https:\/\/www.saituprinter.com\/wp-content\/uploads\/2023\/12\/\u5fae\u4fe1\u56fe\u7247_20231005102540-800x600.jpg 800w, https:\/\/www.saituprinter.com\/wp-content\/uploads\/2023\/12\/\u5fae\u4fe1\u56fe\u7247_20231005102540-768x576.jpg 768w, https:\/\/www.saituprinter.com\/wp-content\/uploads\/2023\/12\/\u5fae\u4fe1\u56fe\u7247_20231005102540-16x12.jpg 16w\" sizes=\"(max-width: 420px) 100vw, 420px\" \/> <img loading=\"lazy\" decoding=\"async\" class=\"alignnone wp-image-9206\" src=\"https:\/\/saituprinter.com\/wp-content\/uploads\/2023\/12\/\u5fae\u4fe1\u56fe\u7247_20231005102535.jpg\" alt=\"\" width=\"418\" height=\"314\" srcset=\"https:\/\/www.saituprinter.com\/wp-content\/uploads\/2023\/12\/\u5fae\u4fe1\u56fe\u7247_20231005102535.jpg 1440w, https:\/\/www.saituprinter.com\/wp-content\/uploads\/2023\/12\/\u5fae\u4fe1\u56fe\u7247_20231005102535-600x450.jpg 600w, https:\/\/www.saituprinter.com\/wp-content\/uploads\/2023\/12\/\u5fae\u4fe1\u56fe\u7247_20231005102535-150x113.jpg 150w, https:\/\/www.saituprinter.com\/wp-content\/uploads\/2023\/12\/\u5fae\u4fe1\u56fe\u7247_20231005102535-800x600.jpg 800w, https:\/\/www.saituprinter.com\/wp-content\/uploads\/2023\/12\/\u5fae\u4fe1\u56fe\u7247_20231005102535-768x576.jpg 768w, https:\/\/www.saituprinter.com\/wp-content\/uploads\/2023\/12\/\u5fae\u4fe1\u56fe\u7247_20231005102535-16x12.jpg 16w\" sizes=\"(max-width: 418px) 100vw, 418px\" \/><\/p>\n<p class=\"\"><strong>Presentamos la soluci\u00f3n de impresi\u00f3n definitiva: vers\u00e1til, confiable y de alto rendimiento<\/strong><\/p>\n<p class=\"\">\u00bfBusca una soluci\u00f3n de impresi\u00f3n con compatibilidad, estabilidad y precisi\u00f3n inigualables? No busque m\u00e1s: nuestro nuevo dispositivo de impresi\u00f3n, dise\u00f1ado para revolucionar las industrias de la publicidad, la impresi\u00f3n, el cuero, la pintura en caliente y la pintura decorativa para papel pintado, es la soluci\u00f3n.<\/p>\n<p class=\"\"><strong>1. Compatibilidad vers\u00e1til<\/strong><\/p>\n<p class=\"\">Esta impresora es compatible con una amplia gama de cabezales Epson, como los modelos DX5, DX7, 5113, 4720, XP600, I3200 e I1600. Esto garantiza una integraci\u00f3n perfecta con su equipo actual, minimizando la necesidad de inversiones adicionales.<\/p>\n<p class=\"\"><strong>2. Placa AT y transmisi\u00f3n estable<\/strong><\/p>\n<p class=\"\">Equipada con una placa AT y compatible con velocidades de transmisi\u00f3n de 10 a 100 Mbps, esta impresora destaca en la impresi\u00f3n en colores oscuros y fr\u00edos. La transmisi\u00f3n por cable garantiza una conexi\u00f3n estable y fiable, minimizando el riesgo de p\u00e9rdida o interrupci\u00f3n de datos.<\/p>\n<p class=\"\"><strong>3. Funcionamiento silencioso con rieles gu\u00eda THK<\/strong><\/p>\n<p class=\"\">Gracias a sus rieles gu\u00eda THK, esta impresora funciona con un m\u00ednimo ruido, lo que proporciona un entorno de trabajo tranquilo. La precisi\u00f3n de los rieles gu\u00eda tambi\u00e9n garantiza movimientos suaves y precisos, lo que resulta en una calidad de impresi\u00f3n superior.<\/p>\n<p class=\"\"><strong>4. Construcci\u00f3n robusta<\/strong><\/p>\n<p class=\"\">La viga principal se forma mediante un \u00fanico proceso de estampado, y el marco, pintado, garantiza su estabilidad. Incluso al cargarlo directamente en el \u00e1tico con una carretilla elevadora, resiste f\u00e1cilmente la deformaci\u00f3n.<\/p>\n<p class=\"\"><strong>5. Plataforma de aluminio para precisi\u00f3n<\/strong><\/p>\n<p class=\"\">La estructura de aluminio de la plataforma ofrece una precisi\u00f3n mec\u00e1nica superior, lo que garantiza resultados de impresi\u00f3n consistentes y precisos. Su durabilidad tambi\u00e9n la hace menos propensa a deformarse con el tiempo.<\/p>\n<p class=\"\"><strong>6. Cintur\u00f3n personalizado para mayor durabilidad<\/strong><\/p>\n<p class=\"\">La correa est\u00e1 personalizada con alambre de acero y un logotipo exclusivo, lo que aumenta su resistencia al desgaste. Esto garantiza una mayor vida \u00fatil y reduce los costos de mantenimiento.<\/p>\n<p class=\"\"><strong>7. Elevaci\u00f3n de la estaci\u00f3n de tinta para un rendimiento \u00f3ptimo<\/strong><\/p>\n<p class=\"\">El dise\u00f1o de la estaci\u00f3n de tinta elevable sella eficazmente la boquilla cuando no est\u00e1 en uso, evitando que la tinta se seque y se obstruya. Esto garantiza un rendimiento de impresi\u00f3n consistente y confiable.<\/p>\n<p class=\"\"><strong>8. Piezas concentradas para mayor comodidad<\/strong><\/p>\n<p class=\"\">Todas las piezas est\u00e1n convenientemente ubicadas en un lateral del cabezal de impresi\u00f3n, con un \u00fanico engranaje de correa en el lado derecho. Este dise\u00f1o simplificado facilita y agiliza el mantenimiento y las sustituciones.<\/p>\n<p class=\"\"><strong>9. Servomotor integrado para potencia<\/strong><\/p>\n<p class=\"\">El servomotor integrado proporciona un accionamiento potente y eficiente, garantizando velocidades de impresi\u00f3n suaves y constantes. Esto se traduce en tiempos de entrega m\u00e1s r\u00e1pidos y una mayor productividad.<\/p>\n<p class=\"\"><strong>10. Dise\u00f1o ergon\u00f3mico para un f\u00e1cil manejo<\/strong><\/p>\n<p class=\"\">Gracias al dise\u00f1o de asas delanteras y traseras, cargar y descargar materiales es muy sencillo. Esta caracter\u00edstica ergon\u00f3mica reduce el esfuerzo f\u00edsico de los operadores, haciendo que el proceso de impresi\u00f3n sea m\u00e1s agradable.<\/p>\n<p class=\"\"><strong>11. Paquete est\u00e1ndar completo<\/strong><\/p>\n<p class=\"\">La impresora incluye un juego completo de cartuchos de tinta Dalian, ventiladores, unidades de secado y un receptor de papel de doble alimentaci\u00f3n. Este receptor admite hasta 200 metros de material, lo que la hace ideal para trabajos de impresi\u00f3n a gran escala.<\/p>\n<p class=\"\"><strong>12. Impresionantes velocidades de impresi\u00f3n<\/strong><\/p>\n<p class=\"\">Con velocidades de 30 metros cuadrados en modo de 4 pasadas y 25 metros cuadrados en modo de 6 pasadas (para impresiones completas), esta impresora puede manejar incluso las tareas de impresi\u00f3n m\u00e1s exigentes con facilidad.<\/p>\n<p class=\"\"><strong>13. Aplicaciones vers\u00e1tiles<\/strong><\/p>\n<p class=\"\">Ideal para una amplia gama de industrias, incluidas la publicidad, la impresi\u00f3n, el cuero, la pintura en caliente y la pintura decorativa de papel tapiz, esta impresora es imprescindible para cualquier empresa que busque mejorar sus capacidades de impresi\u00f3n.<\/p>\n<p class=\"\">Invierta en esta soluci\u00f3n de impresi\u00f3n de alto rendimiento y disfrute de una calidad de impresi\u00f3n, velocidad y versatilidad inigualables. Es la opci\u00f3n ideal para empresas que exigen la mejor tecnolog\u00eda de impresi\u00f3n.<\/p>\n<p>&nbsp;<\/p>\n<p><strong>Impresora en la sala de trabajo del usuario:<\/strong><\/p>\n<p><img loading=\"lazy\" decoding=\"async\" class=\"alignnone wp-image-9452\" src=\"https:\/\/saituprinter.com\/wp-content\/uploads\/2024\/03\/20240411101927.jpg\" alt=\"\" width=\"421\" height=\"316\" srcset=\"https:\/\/www.saituprinter.com\/wp-content\/uploads\/2024\/03\/20240411101927.jpg 1440w, https:\/\/www.saituprinter.com\/wp-content\/uploads\/2024\/03\/20240411101927-600x450.jpg 600w, https:\/\/www.saituprinter.com\/wp-content\/uploads\/2024\/03\/20240411101927-150x113.jpg 150w, https:\/\/www.saituprinter.com\/wp-content\/uploads\/2024\/03\/20240411101927-800x600.jpg 800w, https:\/\/www.saituprinter.com\/wp-content\/uploads\/2024\/03\/20240411101927-768x576.jpg 768w, https:\/\/www.saituprinter.com\/wp-content\/uploads\/2024\/03\/20240411101927-16x12.jpg 16w\" sizes=\"(max-width: 421px) 100vw, 421px\" \/> <img loading=\"lazy\" decoding=\"async\" class=\"alignnone wp-image-9451\" src=\"https:\/\/saituprinter.com\/wp-content\/uploads\/2024\/03\/20240411101756.jpg\" alt=\"\" width=\"423\" height=\"317\" srcset=\"https:\/\/www.saituprinter.com\/wp-content\/uploads\/2024\/03\/20240411101756.jpg 1440w, https:\/\/www.saituprinter.com\/wp-content\/uploads\/2024\/03\/20240411101756-600x450.jpg 600w, https:\/\/www.saituprinter.com\/wp-content\/uploads\/2024\/03\/20240411101756-150x113.jpg 150w, https:\/\/www.saituprinter.com\/wp-content\/uploads\/2024\/03\/20240411101756-800x600.jpg 800w, https:\/\/www.saituprinter.com\/wp-content\/uploads\/2024\/03\/20240411101756-768x576.jpg 768w, https:\/\/www.saituprinter.com\/wp-content\/uploads\/2024\/03\/20240411101756-16x12.jpg 16w\" sizes=\"(max-width: 423px) 100vw, 423px\" \/><\/p>\n<p><img loading=\"lazy\" decoding=\"async\" class=\"alignnone wp-image-9450\" src=\"https:\/\/saituprinter.com\/wp-content\/uploads\/2024\/03\/20240411101750.jpg\" alt=\"\" width=\"419\" height=\"315\" srcset=\"https:\/\/www.saituprinter.com\/wp-content\/uploads\/2024\/03\/20240411101750.jpg 1440w, https:\/\/www.saituprinter.com\/wp-content\/uploads\/2024\/03\/20240411101750-600x450.jpg 600w, https:\/\/www.saituprinter.com\/wp-content\/uploads\/2024\/03\/20240411101750-150x113.jpg 150w, https:\/\/www.saituprinter.com\/wp-content\/uploads\/2024\/03\/20240411101750-800x600.jpg 800w, https:\/\/www.saituprinter.com\/wp-content\/uploads\/2024\/03\/20240411101750-768x576.jpg 768w, https:\/\/www.saituprinter.com\/wp-content\/uploads\/2024\/03\/20240411101750-16x12.jpg 16w\" sizes=\"(max-width: 419px) 100vw, 419px\" \/> \u00a0 <img loading=\"lazy\" decoding=\"async\" class=\"alignnone wp-image-9449\" src=\"https:\/\/saituprinter.com\/wp-content\/uploads\/2024\/03\/20240411101745.jpg\" alt=\"\" width=\"421\" height=\"316\" srcset=\"https:\/\/www.saituprinter.com\/wp-content\/uploads\/2024\/03\/20240411101745.jpg 1440w, https:\/\/www.saituprinter.com\/wp-content\/uploads\/2024\/03\/20240411101745-600x450.jpg 600w, https:\/\/www.saituprinter.com\/wp-content\/uploads\/2024\/03\/20240411101745-150x113.jpg 150w, https:\/\/www.saituprinter.com\/wp-content\/uploads\/2024\/03\/20240411101745-800x600.jpg 800w, https:\/\/www.saituprinter.com\/wp-content\/uploads\/2024\/03\/20240411101745-768x576.jpg 768w, https:\/\/www.saituprinter.com\/wp-content\/uploads\/2024\/03\/20240411101745-16x12.jpg 16w\" sizes=\"(max-width: 421px) 100vw, 421px\" \/><\/p>\n<p><img loading=\"lazy\" decoding=\"async\" class=\"alignnone wp-image-9448\" src=\"https:\/\/saituprinter.com\/wp-content\/uploads\/2024\/03\/20240411101739.jpg\" alt=\"\" width=\"418\" height=\"314\" srcset=\"https:\/\/www.saituprinter.com\/wp-content\/uploads\/2024\/03\/20240411101739.jpg 1440w, https:\/\/www.saituprinter.com\/wp-content\/uploads\/2024\/03\/20240411101739-600x450.jpg 600w, https:\/\/www.saituprinter.com\/wp-content\/uploads\/2024\/03\/20240411101739-150x113.jpg 150w, https:\/\/www.saituprinter.com\/wp-content\/uploads\/2024\/03\/20240411101739-800x600.jpg 800w, https:\/\/www.saituprinter.com\/wp-content\/uploads\/2024\/03\/20240411101739-768x576.jpg 768w, https:\/\/www.saituprinter.com\/wp-content\/uploads\/2024\/03\/20240411101739-16x12.jpg 16w\" sizes=\"(max-width: 418px) 100vw, 418px\" \/>\u00a0 \u00a0<img loading=\"lazy\" decoding=\"async\" class=\"alignnone wp-image-9447\" src=\"https:\/\/saituprinter.com\/wp-content\/uploads\/2024\/03\/20240411101711.jpg\" alt=\"\" width=\"416\" height=\"312\" srcset=\"https:\/\/www.saituprinter.com\/wp-content\/uploads\/2024\/03\/20240411101711.jpg 1440w, https:\/\/www.saituprinter.com\/wp-content\/uploads\/2024\/03\/20240411101711-600x450.jpg 600w, https:\/\/www.saituprinter.com\/wp-content\/uploads\/2024\/03\/20240411101711-150x113.jpg 150w, https:\/\/www.saituprinter.com\/wp-content\/uploads\/2024\/03\/20240411101711-800x600.jpg 800w, https:\/\/www.saituprinter.com\/wp-content\/uploads\/2024\/03\/20240411101711-768x576.jpg 768w, https:\/\/www.saituprinter.com\/wp-content\/uploads\/2024\/03\/20240411101711-16x12.jpg 16w\" sizes=\"(max-width: 416px) 100vw, 416px\" \/><\/p>\n<p>&nbsp;<\/p>\n<div style=\"width: 720px;\" class=\"wp-video\"><!--[if lt IE 9]><script>document.createElement('video');<\/script><![endif]-->\n<video class=\"wp-video-shortcode\" id=\"video-9300-1\" width=\"720\" height=\"1280\" preload=\"metadata\" controls=\"controls\"><source type=\"video\/mp4\" src=\"https:\/\/saituprinter.com\/wp-content\/uploads\/2024\/03\/d75ee73f983c53237f061f406ed6767d.mp4?_=1\" \/><a href=\"https:\/\/saituprinter.com\/wp-content\/uploads\/2024\/03\/d75ee73f983c53237f061f406ed6767d.mp4\">https:\/\/saituprinter.com\/wp-content\/uploads\/2024\/03\/d75ee73f983c53237f061f406ed6767d.mp4<\/a><\/video><\/div>","protected":false},"excerpt":{"rendered":"<p class=\"\">Presentamos nuestra \u00faltima soluci\u00f3n de impresi\u00f3n: un dispositivo vers\u00e1til, fiable y de alto rendimiento que revoluciona las industrias de la publicidad, la impresi\u00f3n, el cuero, la pintura en caliente y la pintura decorativa para papel pintado. Esta m\u00e1quina de impresi\u00f3n ofrece una compatibilidad inigualable con una amplia gama de cabezales Epson, lo que garantiza una integraci\u00f3n perfecta con su equipo actual.<\/p>\n<p class=\"\">Equipada con una placa AT y con velocidades de transmisi\u00f3n estables, destaca en la impresi\u00f3n en colores oscuros y fr\u00edos. Los rieles gu\u00eda THK garantizan un funcionamiento silencioso y movimientos precisos, ofreciendo una calidad de impresi\u00f3n superior. Su robusta construcci\u00f3n y plataforma de aluminio garantizan estabilidad y precisi\u00f3n, mientras que la correa personalizada aumenta la durabilidad y reduce los costos de mantenimiento.<\/p>\n<p class=\"\">Para un rendimiento \u00f3ptimo, la impresora tambi\u00e9n cuenta con una estaci\u00f3n de tinta elevadora. Esta soluci\u00f3n integral ofrece todo lo necesario para una impresi\u00f3n de alta calidad, lo que la convierte en la opci\u00f3n ideal para cualquier necesidad de impresi\u00f3n.<\/p>","protected":false},"featured_media":13007,"comment_status":"closed","ping_status":"closed","template":"","meta":[],"product_cat":[17],"product_tag":[],"class_list":["post-9300","product","type-product","status-publish","has-post-thumbnail","hentry","product_cat-advertising-printer"],"_links":{"self":[{"href":"https:\/\/www.saituprinter.com\/es\/wp-json\/wp\/v2\/product\/9300","targetHints":{"allow":["GET"]}}],"collection":[{"href":"https:\/\/www.saituprinter.com\/es\/wp-json\/wp\/v2\/product"}],"about":[{"href":"https:\/\/www.saituprinter.com\/es\/wp-json\/wp\/v2\/types\/product"}],"replies":[{"embeddable":true,"href":"https:\/\/www.saituprinter.com\/es\/wp-json\/wp\/v2\/comments?post=9300"}],"wp:featuredmedia":[{"embeddable":true,"href":"https:\/\/www.saituprinter.com\/es\/wp-json\/wp\/v2\/media\/13007"}],"wp:attachment":[{"href":"https:\/\/www.saituprinter.com\/es\/wp-json\/wp\/v2\/media?parent=9300"}],"wp:term":[{"taxonomy":"product_cat","embeddable":true,"href":"https:\/\/www.saituprinter.com\/es\/wp-json\/wp\/v2\/product_cat?post=9300"},{"taxonomy":"product_tag","embeddable":true,"href":"https:\/\/www.saituprinter.com\/es\/wp-json\/wp\/v2\/product_tag?post=9300"}],"curies":[{"name":"wp","href":"https:\/\/api.w.org\/{rel}","templated":true}]}}