{"id":9297,"date":"2024-03-09T16:34:54","date_gmt":"2024-03-09T08:34:54","guid":{"rendered":"https:\/\/saituprinter.com\/?post_type=product&#038;p=9297"},"modified":"2025-06-15T17:22:19","modified_gmt":"2025-06-15T09:22:19","slug":"mini-dye-sublimation-printer%ef%bc%9asaitu-jc7002-jc7004-sublmation-printer","status":"publish","type":"product","link":"https:\/\/www.saituprinter.com\/es\/producto\/mini-dye-sublimation-printer%ef%bc%9asaitu-jc7002-jc7004-sublmation-printer\/","title":{"rendered":"Mini impresora de sublimaci\u00f3n de tinta: SAITU JC0702\/JC0704"},"content":{"rendered":"<p><img fetchpriority=\"high\" decoding=\"async\" class=\"alignnone size-full wp-image-9488\" src=\"https:\/\/saituprinter.com\/wp-content\/uploads\/2024\/03\/\u5fae\u4fe1\u56fe\u7247_20240413184902.jpg\" alt=\"\" width=\"900\" height=\"612\" srcset=\"https:\/\/www.saituprinter.com\/wp-content\/uploads\/2024\/03\/\u5fae\u4fe1\u56fe\u7247_20240413184902.jpg 900w, https:\/\/www.saituprinter.com\/wp-content\/uploads\/2024\/03\/\u5fae\u4fe1\u56fe\u7247_20240413184902-600x408.jpg 600w, https:\/\/www.saituprinter.com\/wp-content\/uploads\/2024\/03\/\u5fae\u4fe1\u56fe\u7247_20240413184902-150x102.jpg 150w, https:\/\/www.saituprinter.com\/wp-content\/uploads\/2024\/03\/\u5fae\u4fe1\u56fe\u7247_20240413184902-800x544.jpg 800w, https:\/\/www.saituprinter.com\/wp-content\/uploads\/2024\/03\/\u5fae\u4fe1\u56fe\u7247_20240413184902-768x522.jpg 768w, https:\/\/www.saituprinter.com\/wp-content\/uploads\/2024\/03\/\u5fae\u4fe1\u56fe\u7247_20240413184902-18x12.jpg 18w\" sizes=\"(max-width: 900px) 100vw, 900px\" \/><\/p>\n<p><strong>\u00a0 \u00a0 \u00a0 \u00a0 \u00a0 \u00a0 \u00a0 \u00a0 \u00a0 \u00a0 \u00a0 \u00a0 \u00a0 \u00a0 \u00a0 \u00a0 \u00a0 \u00a0 \u00a0 \u00a0 \u00a0 \u00a0 \u00a0 \u00a0 \u00a0 \u00a0 \u00a0 \u00a0Impresora de sublimaci\u00f3n SAITU JC0702\/JC0704<\/strong><\/p>\n<p>PAR\u00c1METRO DEL PRODUCTO<\/p>\n<table>\n<tbody>\n<tr>\n<td colspan=\"2\" width=\"172\">Modelo<\/td>\n<td width=\"194\">JC0702<\/td>\n<td width=\"206\">JC0704<\/td>\n<\/tr>\n<tr>\n<td colspan=\"2\" width=\"172\">cabezal de impresi\u00f3n<\/td>\n<td width=\"194\">\u00a02 cabezales de impresi\u00f3n Epson i3200<\/td>\n<td width=\"206\">4 cabezales de impresi\u00f3n Epson i3200<\/td>\n<\/tr>\n<tr>\n<td colspan=\"2\" width=\"172\">\u00a0Ancho m\u00e1ximo de impresi\u00f3n<\/td>\n<td colspan=\"2\" width=\"400\">600cm<\/td>\n<\/tr>\n<tr>\n<td colspan=\"2\" width=\"172\">\u00a0Modo de producto<\/td>\n<td width=\"194\">30\u33a1\/H<\/td>\n<td width=\"206\">54\u33a1\/H<\/td>\n<\/tr>\n<tr>\n<td colspan=\"2\" width=\"172\">Modo de resoluci\u00f3n<\/td>\n<td width=\"194\">24\u33a1\/H<\/td>\n<td width=\"206\">48\u33a1\/H<\/td>\n<\/tr>\n<tr>\n<td colspan=\"2\" width=\"172\">Modo de alta resoluci\u00f3n<\/td>\n<td width=\"194\">20\u33a1\/hora<\/td>\n<td width=\"206\">40\u33a1\/H<\/td>\n<\/tr>\n<tr>\n<td rowspan=\"2\" width=\"60\">\u00a0Tinta<\/td>\n<td width=\"112\">Clasificar<\/td>\n<td colspan=\"2\" width=\"400\">tinta de sublimaci\u00f3n<\/td>\n<\/tr>\n<tr>\n<td width=\"112\">\u00a0Capacidad<\/td>\n<td colspan=\"2\" width=\"400\">Sistema de suministro de tinta vac\u00edo de 1,5 l.<\/td>\n<\/tr>\n<tr>\n<td rowspan=\"4\" width=\"60\">Medios de comunicaci\u00f3n<\/td>\n<td width=\"112\">\u00a0Ancho<\/td>\n<td colspan=\"2\" width=\"400\">700 mm<\/td>\n<\/tr>\n<tr>\n<td width=\"112\">Espesor<\/td>\n<td colspan=\"2\" width=\"400\">Cabezal de impresi\u00f3n ajustable de 1,5 mm a 8 mm.<\/td>\n<\/tr>\n<tr>\n<td width=\"112\">\u00a0Peso del material<\/td>\n<td colspan=\"2\" width=\"400\">75 kg<\/td>\n<\/tr>\n<tr>\n<td width=\"112\">Clasificar<\/td>\n<td colspan=\"2\" width=\"400\">\u00a0papel de sublimaci\u00f3n<\/td>\n<\/tr>\n<tr>\n<td colspan=\"2\" width=\"172\">\u00a0Alta calidad de impresi\u00f3n<\/td>\n<td colspan=\"2\" width=\"400\">\u00a0tecnolog\u00eda VSD<\/td>\n<\/tr>\n<tr>\n<td colspan=\"2\" width=\"172\">Calentador de medios<\/td>\n<td colspan=\"2\" width=\"400\">\u00a0Calefacci\u00f3n trasera<\/td>\n<\/tr>\n<tr>\n<td colspan=\"2\" width=\"172\">Dispositivo de recogida de medios<\/td>\n<td colspan=\"2\" width=\"400\">\u00a0Dispositivo de doble motor con amortiguador autom\u00e1tico.<\/td>\n<\/tr>\n<tr>\n<td colspan=\"2\" width=\"172\">Sistema de secado<\/td>\n<td colspan=\"2\" width=\"400\">Sistema de secado por rayos infrarrojos.<\/td>\n<\/tr>\n<tr>\n<td colspan=\"2\" width=\"172\">Carril de gu\u00eda<\/td>\n<td colspan=\"2\" width=\"400\">gracias<\/td>\n<\/tr>\n<tr>\n<td colspan=\"2\" width=\"172\">\u00a0Interfaz<\/td>\n<td colspan=\"2\" width=\"400\">1000 Mbit\/s<\/td>\n<\/tr>\n<tr>\n<td colspan=\"2\" width=\"172\">\u00a0software de procesamiento de archivos<\/td>\n<td colspan=\"2\" width=\"400\">Impresi\u00f3n principal o fotogr\u00e1fica (opcional)<\/td>\n<\/tr>\n<tr>\n<td colspan=\"2\" width=\"172\">Voltaje<\/td>\n<td colspan=\"2\" width=\"400\">CA 110 V \u00b1 10%, CA 220 V \u00b1 10%, 50\/60 \u00b1 1 Hz<\/td>\n<\/tr>\n<tr>\n<td colspan=\"2\" width=\"172\">Entornos de operaci\u00f3n<\/td>\n<td colspan=\"2\" width=\"400\">Temperatura: 15 \u2103 -30 \u2103; Humedad: 35%RH-65%RH<\/td>\n<\/tr>\n<tr>\n<td colspan=\"2\" width=\"172\">Fuerza<\/td>\n<td width=\"194\">2000W<\/td>\n<td width=\"206\">4000w<\/td>\n<\/tr>\n<tr>\n<td colspan=\"2\" width=\"172\">Dimensiones de la impresora (LWH)<\/td>\n<td colspan=\"2\" width=\"400\">1795*850*1338mm<\/td>\n<\/tr>\n<tr>\n<td colspan=\"2\" width=\"172\">Dimensiones del embalaje (LWH)<\/td>\n<td colspan=\"2\" width=\"400\">1930*755*765mm<\/td>\n<\/tr>\n<\/tbody>\n<\/table>\n<p>&nbsp;<\/p>\n<p>Mini impresora de sublimaci\u00f3n de tinte<\/p>\n<p>Presentamos nuestras Mini Impresoras de Sublimaci\u00f3n de Tinta de \u00faltima generaci\u00f3n, disponibles en dos tama\u00f1os: 70 cm y 1,3 m. Estas impresoras est\u00e1n dise\u00f1adas pensando en la eficiencia y la conveniencia y ofrecen configuraciones de 2 y 4 cabezales para satisfacer sus necesidades de impresi\u00f3n espec\u00edficas.<\/p>\n<p>Ideales para la impresi\u00f3n de cintas, nuestras miniimpresoras de sublimaci\u00f3n de tinta maximizan la utilizaci\u00f3n del espacio y al mismo tiempo ofrecen una capacidad de impresi\u00f3n excepcional. Ya sea propietario de una peque\u00f1a empresa o de una productora a gran escala, nuestras impresoras son la opci\u00f3n perfecta para sus necesidades de impresi\u00f3n por sublimaci\u00f3n de tinta.<\/p>\n<p>Con una interfaz f\u00e1cil de usar y un rendimiento confiable, nuestras miniimpresoras de sublimaci\u00f3n de tinta son f\u00e1ciles de operar y mantener. Las impresiones de alta calidad que producen seguramente satisfar\u00e1n incluso a los clientes m\u00e1s exigentes.<\/p>\n<p>\u00a1Esperamos poder brindarle lo mejor en tecnolog\u00eda de impresi\u00f3n por sublimaci\u00f3n de tinta!<\/p>\n<div style=\"width: 1280px;\" class=\"wp-video\"><!--[if lt IE 9]><script>document.createElement('video');<\/script><![endif]-->\n<video class=\"wp-video-shortcode\" id=\"video-9297-1\" width=\"1280\" height=\"720\" preload=\"metadata\" controls=\"controls\"><source type=\"video\/mp4\" src=\"https:\/\/saituprinter.com\/wp-content\/uploads\/2024\/03\/WeChat_20240309155834.mp4?_=1\" \/><a href=\"https:\/\/saituprinter.com\/wp-content\/uploads\/2024\/03\/WeChat_20240309155834.mp4\">https:\/\/saituprinter.com\/wp-content\/uploads\/2024\/03\/WeChat_20240309155834.mp4<\/a><\/video><\/div>","protected":false},"excerpt":{"rendered":"<p>Presentamos nuestras Mini Impresoras de Sublimaci\u00f3n de Tinta de \u00faltima generaci\u00f3n, disponibles en dos tama\u00f1os: 70 cm y 1,3 m. Estas impresoras est\u00e1n dise\u00f1adas pensando en la eficiencia y la conveniencia y ofrecen configuraciones de 2 y 4 cabezales para satisfacer sus necesidades de impresi\u00f3n espec\u00edficas.<\/p>","protected":false},"featured_media":9485,"comment_status":"closed","ping_status":"closed","template":"","meta":[],"product_brand":[],"product_cat":[89,18],"product_tag":[],"class_list":{"0":"post-9297","1":"product","2":"type-product","3":"status-publish","4":"has-post-thumbnail","6":"product_cat-simple-paper-system-machine","7":"product_cat-sublimation-printer","9":"first","10":"instock","11":"shipping-taxable","12":"product-type-simple"},"_links":{"self":[{"href":"https:\/\/www.saituprinter.com\/es\/wp-json\/wp\/v2\/product\/9297","targetHints":{"allow":["GET"]}}],"collection":[{"href":"https:\/\/www.saituprinter.com\/es\/wp-json\/wp\/v2\/product"}],"about":[{"href":"https:\/\/www.saituprinter.com\/es\/wp-json\/wp\/v2\/types\/product"}],"replies":[{"embeddable":true,"href":"https:\/\/www.saituprinter.com\/es\/wp-json\/wp\/v2\/comments?post=9297"}],"wp:featuredmedia":[{"embeddable":true,"href":"https:\/\/www.saituprinter.com\/es\/wp-json\/wp\/v2\/media\/9485"}],"wp:attachment":[{"href":"https:\/\/www.saituprinter.com\/es\/wp-json\/wp\/v2\/media?parent=9297"}],"wp:term":[{"taxonomy":"product_brand","embeddable":true,"href":"https:\/\/www.saituprinter.com\/es\/wp-json\/wp\/v2\/product_brand?post=9297"},{"taxonomy":"product_cat","embeddable":true,"href":"https:\/\/www.saituprinter.com\/es\/wp-json\/wp\/v2\/product_cat?post=9297"},{"taxonomy":"product_tag","embeddable":true,"href":"https:\/\/www.saituprinter.com\/es\/wp-json\/wp\/v2\/product_tag?post=9297"}],"curies":[{"name":"wp","href":"https:\/\/api.w.org\/{rel}","templated":true}]}}