{"id":9153,"date":"2024-01-05T15:52:09","date_gmt":"2024-01-05T07:52:09","guid":{"rendered":"https:\/\/saituprinter.com\/?post_type=product&#038;p=9153"},"modified":"2025-06-07T18:56:42","modified_gmt":"2025-06-07T10:56:42","slug":"uv-dtf-printer","status":"publish","type":"product","link":"https:\/\/www.saituprinter.com\/es\/producto\/uv-dtf-printer\/","title":{"rendered":"Impresora Saitu UV DTF: STUV6030"},"content":{"rendered":"<p><img fetchpriority=\"high\" decoding=\"async\" class=\"alignnone wp-image-9154\" src=\"https:\/\/saituprinter.com\/wp-content\/uploads\/2024\/01\/\u5fae\u4fe1\u56fe\u7247_20240105154314-scaled.jpg\" alt=\"\" width=\"297\" height=\"223\" srcset=\"https:\/\/www.saituprinter.com\/wp-content\/uploads\/2024\/01\/\u5fae\u4fe1\u56fe\u7247_20240105154314-scaled.jpg 2560w, https:\/\/www.saituprinter.com\/wp-content\/uploads\/2024\/01\/\u5fae\u4fe1\u56fe\u7247_20240105154314-scaled-600x450.jpg 600w, https:\/\/www.saituprinter.com\/wp-content\/uploads\/2024\/01\/\u5fae\u4fe1\u56fe\u7247_20240105154314-scaled-150x113.jpg 150w, https:\/\/www.saituprinter.com\/wp-content\/uploads\/2024\/01\/\u5fae\u4fe1\u56fe\u7247_20240105154314-scaled-800x600.jpg 800w, https:\/\/www.saituprinter.com\/wp-content\/uploads\/2024\/01\/\u5fae\u4fe1\u56fe\u7247_20240105154314-768x576.jpg 768w, https:\/\/www.saituprinter.com\/wp-content\/uploads\/2024\/01\/\u5fae\u4fe1\u56fe\u7247_20240105154314-1536x1152.jpg 1536w, https:\/\/www.saituprinter.com\/wp-content\/uploads\/2024\/01\/\u5fae\u4fe1\u56fe\u7247_20240105154314-2048x1536.jpg 2048w, https:\/\/www.saituprinter.com\/wp-content\/uploads\/2024\/01\/\u5fae\u4fe1\u56fe\u7247_20240105154314-16x12.jpg 16w\" sizes=\"(max-width: 297px) 100vw, 297px\" \/> <img decoding=\"async\" class=\"alignnone wp-image-9149\" src=\"https:\/\/saituprinter.com\/wp-content\/uploads\/2023\/12\/\u5fae\u4fe1\u56fe\u7247_20231230165738-scaled.jpg\" alt=\"\" width=\"167\" height=\"223\" srcset=\"https:\/\/www.saituprinter.com\/wp-content\/uploads\/2023\/12\/\u5fae\u4fe1\u56fe\u7247_20231230165738-scaled.jpg 1920w, https:\/\/www.saituprinter.com\/wp-content\/uploads\/2023\/12\/\u5fae\u4fe1\u56fe\u7247_20231230165738-scaled-600x800.jpg 600w, https:\/\/www.saituprinter.com\/wp-content\/uploads\/2023\/12\/\u5fae\u4fe1\u56fe\u7247_20231230165738-scaled-150x200.jpg 150w, https:\/\/www.saituprinter.com\/wp-content\/uploads\/2023\/12\/\u5fae\u4fe1\u56fe\u7247_20231230165738-scaled-800x1067.jpg 800w, https:\/\/www.saituprinter.com\/wp-content\/uploads\/2023\/12\/\u5fae\u4fe1\u56fe\u7247_20231230165738-768x1024.jpg 768w, https:\/\/www.saituprinter.com\/wp-content\/uploads\/2023\/12\/\u5fae\u4fe1\u56fe\u7247_20231230165738-1152x1536.jpg 1152w, https:\/\/www.saituprinter.com\/wp-content\/uploads\/2023\/12\/\u5fae\u4fe1\u56fe\u7247_20231230165738-1536x2048.jpg 1536w, https:\/\/www.saituprinter.com\/wp-content\/uploads\/2023\/12\/\u5fae\u4fe1\u56fe\u7247_20231230165738-9x12.jpg 9w\" sizes=\"(max-width: 167px) 100vw, 167px\" \/><\/p>\n<p>Experimente una impresi\u00f3n de alta calidad con la impresora Saitu UV DTF.<br \/>\nUtilizando tintas y barnices curables por UV, esta impresora avanzada le permite imprimir dise\u00f1os impresionantes directamente sobre una pel\u00edcula base que cuenta con una capa de pegamento.<br \/>\nLuego, las calcoman\u00edas impresas se unen con el pegamento despu\u00e9s del curado con luz UV.<\/p>\n<p><img decoding=\"async\" class=\"alignnone wp-image-9155\" src=\"https:\/\/saituprinter.com\/wp-content\/uploads\/2024\/01\/\u5fae\u4fe1\u56fe\u7247_20240105154332-scaled.jpg\" alt=\"\" width=\"281\" height=\"375\" srcset=\"https:\/\/www.saituprinter.com\/wp-content\/uploads\/2024\/01\/\u5fae\u4fe1\u56fe\u7247_20240105154332-scaled.jpg 1920w, https:\/\/www.saituprinter.com\/wp-content\/uploads\/2024\/01\/\u5fae\u4fe1\u56fe\u7247_20240105154332-scaled-600x800.jpg 600w, https:\/\/www.saituprinter.com\/wp-content\/uploads\/2024\/01\/\u5fae\u4fe1\u56fe\u7247_20240105154332-scaled-150x200.jpg 150w, https:\/\/www.saituprinter.com\/wp-content\/uploads\/2024\/01\/\u5fae\u4fe1\u56fe\u7247_20240105154332-scaled-800x1067.jpg 800w, https:\/\/www.saituprinter.com\/wp-content\/uploads\/2024\/01\/\u5fae\u4fe1\u56fe\u7247_20240105154332-768x1024.jpg 768w, https:\/\/www.saituprinter.com\/wp-content\/uploads\/2024\/01\/\u5fae\u4fe1\u56fe\u7247_20240105154332-1152x1536.jpg 1152w, https:\/\/www.saituprinter.com\/wp-content\/uploads\/2024\/01\/\u5fae\u4fe1\u56fe\u7247_20240105154332-1536x2048.jpg 1536w, https:\/\/www.saituprinter.com\/wp-content\/uploads\/2024\/01\/\u5fae\u4fe1\u56fe\u7247_20240105154332-9x12.jpg 9w\" sizes=\"(max-width: 281px) 100vw, 281px\" \/> <img loading=\"lazy\" decoding=\"async\" class=\"alignnone wp-image-9156\" src=\"https:\/\/saituprinter.com\/wp-content\/uploads\/2024\/01\/\u5fae\u4fe1\u56fe\u7247_20240105154343-scaled.jpg\" alt=\"\" width=\"279\" height=\"372\" srcset=\"https:\/\/www.saituprinter.com\/wp-content\/uploads\/2024\/01\/\u5fae\u4fe1\u56fe\u7247_20240105154343-scaled.jpg 1920w, https:\/\/www.saituprinter.com\/wp-content\/uploads\/2024\/01\/\u5fae\u4fe1\u56fe\u7247_20240105154343-scaled-600x800.jpg 600w, https:\/\/www.saituprinter.com\/wp-content\/uploads\/2024\/01\/\u5fae\u4fe1\u56fe\u7247_20240105154343-scaled-150x200.jpg 150w, https:\/\/www.saituprinter.com\/wp-content\/uploads\/2024\/01\/\u5fae\u4fe1\u56fe\u7247_20240105154343-scaled-800x1067.jpg 800w, https:\/\/www.saituprinter.com\/wp-content\/uploads\/2024\/01\/\u5fae\u4fe1\u56fe\u7247_20240105154343-768x1024.jpg 768w, https:\/\/www.saituprinter.com\/wp-content\/uploads\/2024\/01\/\u5fae\u4fe1\u56fe\u7247_20240105154343-1152x1536.jpg 1152w, https:\/\/www.saituprinter.com\/wp-content\/uploads\/2024\/01\/\u5fae\u4fe1\u56fe\u7247_20240105154343-1536x2048.jpg 1536w, https:\/\/www.saituprinter.com\/wp-content\/uploads\/2024\/01\/\u5fae\u4fe1\u56fe\u7247_20240105154343-9x12.jpg 9w\" sizes=\"(max-width: 279px) 100vw, 279px\" \/><\/p>\n<p>&nbsp;<\/p>\n<p>Lo que distingue a la impresora Saitu UV DTF es su versatilidad.<br \/>\nSe puede utilizar en diversas superficies, como dispositivos electr\u00f3nicos, piezas de veh\u00edculos, productos de madera, art\u00edculos met\u00e1licos e incluso superficies de vidrio.<br \/>\nSin embargo, es importante se\u00f1alar que no se puede aplicar sobre tejidos.<br \/>\nSin embargo, las superficies de cart\u00f3n son aceptables, lo que las convierte en una excelente opci\u00f3n para crear etiquetas personalizadas.<\/p>\n<p>Estas calcoman\u00edas curadas con rayos UV no solo son duraderas y resistentes a los productos qu\u00edmicos, sino que tambi\u00e9n se pueden quitar si se desea. Simplemente r\u00e1squelos con fuerza con un cuchillo.<br \/>\nCon un ancho de impresi\u00f3n de 600 cm y la posibilidad de equiparse con cabezales 3\/4 i3200-U1, esta impresora ofrece eficiencia al producir 12 metros cuadrados por hora.<\/p>\n<p>Elija la impresora Saitu UV DTF para todas sus necesidades de decoraci\u00f3n personalizada, productos promocionales, se\u00f1alizaci\u00f3n, etiquetado y proyectos creativos.<br \/>\nCon su rendimiento excepcional y su amplia gama de aplicaciones, es la opci\u00f3n ideal para lograr resultados sobresalientes.<br \/>\nMejore su experiencia de impresi\u00f3n con Saitu y d\u00e9 rienda suelta a su creatividad hoy.<\/p>\n<table width=\"880\">\n<tbody>\n<tr>\n<td colspan=\"2\" width=\"355\">nombre del producto<\/td>\n<td colspan=\"2\" width=\"525\">Impresora SAITU UV DTF<\/td>\n<\/tr>\n<tr>\n<td colspan=\"2\">Modo<\/td>\n<td colspan=\"2\">STUV6030<\/td>\n<\/tr>\n<tr>\n<td colspan=\"2\">Tablero principal<\/td>\n<td colspan=\"2\">En el tablero<\/td>\n<\/tr>\n<tr>\n<td colspan=\"2\">Cabezal de impresi\u00f3n<\/td>\n<td colspan=\"2\" width=\"525\">3\/4 Epson i3200U1<\/td>\n<\/tr>\n<tr>\n<td colspan=\"2\">Ancho de la plataforma<\/td>\n<td colspan=\"2\">70cm<\/td>\n<\/tr>\n<tr>\n<td rowspan=\"3\" width=\"120\">Resoluci\u00f3n\/velocidad de impresi\u00f3n<\/td>\n<td>720*1200 ppp (4PASAS)<\/td>\n<td colspan=\"2\">12\u33a1\/H<\/td>\n<\/tr>\n<tr>\n<td>720*1800 ppp (6 PASOS)<\/td>\n<td colspan=\"2\">8\u33a1\/H<\/td>\n<\/tr>\n<tr>\n<td>720*2400 ppp (8 PASOS)<\/td>\n<td colspan=\"2\">6\u33a1\/H<\/td>\n<\/tr>\n<tr>\n<td rowspan=\"3\">Tinta<\/td>\n<td>Clasificaci\u00f3n de tinta<\/td>\n<td colspan=\"2\" width=\"525\">UV<\/td>\n<\/tr>\n<tr>\n<td>Color de impresi\u00f3n<\/td>\n<td colspan=\"2\" width=\"525\">W+CMYK+barniz<\/td>\n<\/tr>\n<tr>\n<td>Capacidad<\/td>\n<td colspan=\"2\" width=\"525\">Sistema de suministro de tinta (1500ML\/Color\uff09<\/td>\n<\/tr>\n<tr>\n<td colspan=\"2\">Medios de comunicaci\u00f3n impresos<\/td>\n<td colspan=\"2\" width=\"525\">Materiales publicitarios blandos, materiales de etiquetas de cristal (pel\u00edcula A+B)<\/td>\n<\/tr>\n<tr>\n<td colspan=\"2\">Ancho m\u00e1ximo de impresi\u00f3n<\/td>\n<td colspan=\"2\">60cm<\/td>\n<\/tr>\n<tr>\n<td colspan=\"2\">Alta calidad de impresi\u00f3n<\/td>\n<td colspan=\"2\" width=\"525\">\u00a0Tecnolog\u00eda VSD<\/td>\n<\/tr>\n<tr>\n<td colspan=\"2\">\u00a0Sistema de secado<\/td>\n<td colspan=\"2\" width=\"525\">Calentador de luz UV, enfriador de luz LED<\/td>\n<\/tr>\n<tr>\n<td rowspan=\"3\" width=\"120\">Sistema de recubrimiento de pel\u00edcula<\/td>\n<td>rollo de goma<\/td>\n<td colspan=\"2\" width=\"525\">Alta temperatura. rodillo, hasta 300 \u2103<\/td>\n<\/tr>\n<tr>\n<td>Ascensores operados por aire<\/td>\n<td colspan=\"2\" width=\"525\">ascensores operados por aire<\/td>\n<\/tr>\n<tr>\n<td width=\"234\">Controlador de equilibrio de papel<\/td>\n<td colspan=\"2\" width=\"525\">Controlador de equilibrio de papel<\/td>\n<\/tr>\n<tr>\n<td colspan=\"2\">Carril de gu\u00eda<\/td>\n<td colspan=\"2\" width=\"525\">Marca famosa: THK de Jap\u00f3n<\/td>\n<\/tr>\n<tr>\n<td colspan=\"2\">Interfaz<\/td>\n<td colspan=\"2\" width=\"525\">1000 Mbit\/s<\/td>\n<\/tr>\n<tr>\n<td colspan=\"2\">Configuracion de Computadora<\/td>\n<td colspan=\"2\" width=\"525\">Win 10 de 64 bits, i5 10.\u00ba\/superior, 16 GB de RAM, 500 SSD (1000 Mbit\/s)<\/td>\n<\/tr>\n<tr>\n<td colspan=\"2\">Software RIP<\/td>\n<td colspan=\"2\">Encimera principal UV, PP<\/td>\n<\/tr>\n<tr>\n<td colspan=\"2\">Voltaje<\/td>\n<td colspan=\"2\">CA 220 V \u00b1 10%, 50\/60 \u00b1 1 Hz<\/td>\n<\/tr>\n<tr>\n<td colspan=\"2\">Entornos de operaci\u00f3n<\/td>\n<td colspan=\"2\" width=\"525\">Temperatura: 20 \u2103 -30 \u2103, Humedad: 55%RH-75%RH<\/td>\n<\/tr>\n<tr>\n<td colspan=\"2\">Poder<\/td>\n<td colspan=\"2\">4000W<\/td>\n<\/tr>\n<tr>\n<td colspan=\"2\">Formato de archivo \u6587\u4ef6\u683c\u5f0f<\/td>\n<td colspan=\"2\">BMP, TIF, JPG, EPS, PDF<\/td>\n<\/tr>\n<tr>\n<td colspan=\"2\">Dimensiones de la impresora (L*W*H)<\/td>\n<td colspan=\"2\">L1940 * W903 * H1500mm<\/td>\n<\/tr>\n<tr>\n<td colspan=\"2\">Dimensiones del embalaje (L*W*H)<\/td>\n<td colspan=\"2\">L2440*W1140*H830mm<\/td>\n<\/tr>\n<tr>\n<td colspan=\"2\">Peso neto<\/td>\n<td colspan=\"2\">270 kg<\/td>\n<\/tr>\n<tr>\n<td colspan=\"2\">Peso bruto<\/td>\n<td colspan=\"2\">320 kg<\/td>\n<\/tr>\n<tr>\n<td><\/td>\n<td><\/td>\n<td><\/td>\n<td><\/td>\n<\/tr>\n<\/tbody>\n<\/table>\n<p><img loading=\"lazy\" decoding=\"async\" class=\"alignnone wp-image-12025\" src=\"https:\/\/saituprinter.com\/wp-content\/uploads\/2024\/01\/paper-system1.png\" alt=\"\" width=\"228\" height=\"309\" srcset=\"https:\/\/www.saituprinter.com\/wp-content\/uploads\/2024\/01\/paper-system1.png 347w, https:\/\/www.saituprinter.com\/wp-content\/uploads\/2024\/01\/paper-system1-150x203.png 150w, https:\/\/www.saituprinter.com\/wp-content\/uploads\/2024\/01\/paper-system1-280x378.png 280w\" sizes=\"(max-width: 228px) 100vw, 228px\" \/> <img loading=\"lazy\" decoding=\"async\" class=\"alignnone wp-image-12029\" src=\"https:\/\/saituprinter.com\/wp-content\/uploads\/2024\/01\/THK.jpg\" alt=\"\" width=\"232\" height=\"310\" srcset=\"https:\/\/www.saituprinter.com\/wp-content\/uploads\/2024\/01\/THK.jpg 1280w, https:\/\/www.saituprinter.com\/wp-content\/uploads\/2024\/01\/THK-600x800.jpg 600w, https:\/\/www.saituprinter.com\/wp-content\/uploads\/2024\/01\/THK-150x200.jpg 150w, https:\/\/www.saituprinter.com\/wp-content\/uploads\/2024\/01\/THK-800x1067.jpg 800w, https:\/\/www.saituprinter.com\/wp-content\/uploads\/2024\/01\/THK-768x1024.jpg 768w, https:\/\/www.saituprinter.com\/wp-content\/uploads\/2024\/01\/THK-1152x1536.jpg 1152w\" sizes=\"(max-width: 232px) 100vw, 232px\" \/> <img loading=\"lazy\" decoding=\"async\" class=\"alignnone wp-image-12033\" src=\"https:\/\/saituprinter.com\/wp-content\/uploads\/2024\/01\/UV-DTF-PRINTER-ROLL.jpg\" alt=\"\" width=\"229\" height=\"306\" srcset=\"https:\/\/www.saituprinter.com\/wp-content\/uploads\/2024\/01\/UV-DTF-PRINTER-ROLL.jpg 1280w, https:\/\/www.saituprinter.com\/wp-content\/uploads\/2024\/01\/UV-DTF-PRINTER-ROLL-600x800.jpg 600w, https:\/\/www.saituprinter.com\/wp-content\/uploads\/2024\/01\/UV-DTF-PRINTER-ROLL-150x200.jpg 150w, https:\/\/www.saituprinter.com\/wp-content\/uploads\/2024\/01\/UV-DTF-PRINTER-ROLL-800x1067.jpg 800w, https:\/\/www.saituprinter.com\/wp-content\/uploads\/2024\/01\/UV-DTF-PRINTER-ROLL-768x1024.jpg 768w, https:\/\/www.saituprinter.com\/wp-content\/uploads\/2024\/01\/UV-DTF-PRINTER-ROLL-1152x1536.jpg 1152w\" sizes=\"(max-width: 229px) 100vw, 229px\" \/> <img loading=\"lazy\" decoding=\"async\" class=\"alignnone wp-image-12038\" src=\"https:\/\/saituprinter.com\/wp-content\/uploads\/2024\/01\/\u5fae\u4fe1\u56fe\u7247_20240514161533.jpg\" alt=\"\" width=\"484\" height=\"646\" srcset=\"https:\/\/www.saituprinter.com\/wp-content\/uploads\/2024\/01\/\u5fae\u4fe1\u56fe\u7247_20240514161533.jpg 750w, https:\/\/www.saituprinter.com\/wp-content\/uploads\/2024\/01\/\u5fae\u4fe1\u56fe\u7247_20240514161533-600x800.jpg 600w, https:\/\/www.saituprinter.com\/wp-content\/uploads\/2024\/01\/\u5fae\u4fe1\u56fe\u7247_20240514161533-150x200.jpg 150w\" sizes=\"(max-width: 484px) 100vw, 484px\" \/> <img loading=\"lazy\" decoding=\"async\" class=\"alignnone wp-image-12042\" src=\"https:\/\/saituprinter.com\/wp-content\/uploads\/2024\/01\/\u5fae\u4fe1\u56fe\u7247_20240514161542.jpg\" alt=\"\" width=\"481\" height=\"642\" srcset=\"https:\/\/www.saituprinter.com\/wp-content\/uploads\/2024\/01\/\u5fae\u4fe1\u56fe\u7247_20240514161542.jpg 750w, https:\/\/www.saituprinter.com\/wp-content\/uploads\/2024\/01\/\u5fae\u4fe1\u56fe\u7247_20240514161542-600x800.jpg 600w, https:\/\/www.saituprinter.com\/wp-content\/uploads\/2024\/01\/\u5fae\u4fe1\u56fe\u7247_20240514161542-150x200.jpg 150w\" sizes=\"(max-width: 481px) 100vw, 481px\" \/><\/p>\n<div style=\"width: 960px;\" class=\"wp-video\"><!--[if lt IE 9]><script>document.createElement('video');<\/script><![endif]-->\n<video class=\"wp-video-shortcode\" id=\"video-9153-1\" width=\"960\" height=\"720\" preload=\"metadata\" controls=\"controls\"><source type=\"video\/mp4\" src=\"https:\/\/saituprinter.com\/wp-content\/uploads\/2024\/01\/20826010e2a20ccfd52838ceb47af427.mp4?_=1\" \/><a href=\"https:\/\/saituprinter.com\/wp-content\/uploads\/2024\/01\/20826010e2a20ccfd52838ceb47af427.mp4\">https:\/\/saituprinter.com\/wp-content\/uploads\/2024\/01\/20826010e2a20ccfd52838ceb47af427.mp4<\/a><\/video><\/div>","protected":false},"excerpt":{"rendered":"<p>Elija la impresora Saitu UV DTF para todas sus necesidades de decoraci\u00f3n personalizada, productos promocionales, se\u00f1alizaci\u00f3n, etiquetado y proyectos creativos.<\/p>","protected":false},"featured_media":9368,"comment_status":"closed","ping_status":"closed","template":"","meta":[],"product_cat":[97,19],"product_tag":[29],"class_list":["post-9153","product","type-product","status-publish","has-post-thumbnail","hentry","product_cat-uv-dtf-printer","product_cat-uv-printer","product_tag-uv-dtf-printer"],"_links":{"self":[{"href":"https:\/\/www.saituprinter.com\/es\/wp-json\/wp\/v2\/product\/9153","targetHints":{"allow":["GET"]}}],"collection":[{"href":"https:\/\/www.saituprinter.com\/es\/wp-json\/wp\/v2\/product"}],"about":[{"href":"https:\/\/www.saituprinter.com\/es\/wp-json\/wp\/v2\/types\/product"}],"replies":[{"embeddable":true,"href":"https:\/\/www.saituprinter.com\/es\/wp-json\/wp\/v2\/comments?post=9153"}],"wp:featuredmedia":[{"embeddable":true,"href":"https:\/\/www.saituprinter.com\/es\/wp-json\/wp\/v2\/media\/9368"}],"wp:attachment":[{"href":"https:\/\/www.saituprinter.com\/es\/wp-json\/wp\/v2\/media?parent=9153"}],"wp:term":[{"taxonomy":"product_cat","embeddable":true,"href":"https:\/\/www.saituprinter.com\/es\/wp-json\/wp\/v2\/product_cat?post=9153"},{"taxonomy":"product_tag","embeddable":true,"href":"https:\/\/www.saituprinter.com\/es\/wp-json\/wp\/v2\/product_tag?post=9153"}],"curies":[{"name":"wp","href":"https:\/\/api.w.org\/{rel}","templated":true}]}}