{"id":9141,"date":"2023-12-27T15:01:51","date_gmt":"2023-12-27T07:01:51","guid":{"rendered":"https:\/\/saituprinter.com\/?post_type=product&#038;p=9141"},"modified":"2025-06-07T11:55:35","modified_gmt":"2025-06-07T03:55:35","slug":"1-8m-solvent-printer","status":"publish","type":"product","link":"https:\/\/www.saituprinter.com\/es\/producto\/1-8m-solvent-printer\/","title":{"rendered":"Impresora solvente ecol\u00f3gica SAITU de 8 colores JC1602"},"content":{"rendered":"<p><img fetchpriority=\"high\" decoding=\"async\" class=\"alignnone wp-image-9118\" src=\"https:\/\/saituprinter.com\/wp-content\/uploads\/2023\/12\/\u5fae\u4fe1\u56fe\u7247_20180719160000.jpg\" alt=\"\" width=\"363\" height=\"138\" srcset=\"https:\/\/www.saituprinter.com\/wp-content\/uploads\/2023\/12\/\u5fae\u4fe1\u56fe\u7247_20180719160000.jpg 1052w, https:\/\/www.saituprinter.com\/wp-content\/uploads\/2023\/12\/\u5fae\u4fe1\u56fe\u7247_20180719160000-600x228.jpg 600w, https:\/\/www.saituprinter.com\/wp-content\/uploads\/2023\/12\/\u5fae\u4fe1\u56fe\u7247_20180719160000-150x57.jpg 150w, https:\/\/www.saituprinter.com\/wp-content\/uploads\/2023\/12\/\u5fae\u4fe1\u56fe\u7247_20180719160000-800x304.jpg 800w, https:\/\/www.saituprinter.com\/wp-content\/uploads\/2023\/12\/\u5fae\u4fe1\u56fe\u7247_20180719160000-768x292.jpg 768w, https:\/\/www.saituprinter.com\/wp-content\/uploads\/2023\/12\/\u5fae\u4fe1\u56fe\u7247_20180719160000-18x7.jpg 18w\" sizes=\"(max-width: 363px) 100vw, 363px\" \/><img decoding=\"async\" class=\"alignnone wp-image-9197\" src=\"https:\/\/saituprinter.com\/wp-content\/uploads\/2023\/12\/\u5fae\u4fe1\u56fe\u7247_20231122112919.jpg\" alt=\"\" width=\"263\" height=\"197\" srcset=\"https:\/\/www.saituprinter.com\/wp-content\/uploads\/2023\/12\/\u5fae\u4fe1\u56fe\u7247_20231122112919.jpg 1440w, https:\/\/www.saituprinter.com\/wp-content\/uploads\/2023\/12\/\u5fae\u4fe1\u56fe\u7247_20231122112919-600x450.jpg 600w, https:\/\/www.saituprinter.com\/wp-content\/uploads\/2023\/12\/\u5fae\u4fe1\u56fe\u7247_20231122112919-150x113.jpg 150w, https:\/\/www.saituprinter.com\/wp-content\/uploads\/2023\/12\/\u5fae\u4fe1\u56fe\u7247_20231122112919-800x600.jpg 800w, https:\/\/www.saituprinter.com\/wp-content\/uploads\/2023\/12\/\u5fae\u4fe1\u56fe\u7247_20231122112919-768x576.jpg 768w, https:\/\/www.saituprinter.com\/wp-content\/uploads\/2023\/12\/\u5fae\u4fe1\u56fe\u7247_20231122112919-16x12.jpg 16w\" sizes=\"(max-width: 263px) 100vw, 263px\" \/><\/p>\n<p>Fabricaci\u00f3n de impresoras de inyecci\u00f3n de tinta de gran formato SAITU JC1602.<\/p>\n<p>Presentamos la impresora de inyecci\u00f3n de tinta de gran formato SAITU JC1602, la mejor opci\u00f3n para empresas que buscan una velocidad de impresi\u00f3n impresionante, una calidad de impresi\u00f3n excepcional y una confiabilidad y soporte inigualables. Esta impresora eficiente, confiable y asequible est\u00e1 dise\u00f1ada para ofrecer impresiones excepcionales d\u00eda tras d\u00eda, lo que la convierte en la soluci\u00f3n perfecta para empresas de todos los tama\u00f1os.<\/p>\n<p><img decoding=\"async\" class=\"alignnone wp-image-9199\" src=\"https:\/\/saituprinter.com\/wp-content\/uploads\/2023\/12\/\u5fae\u4fe1\u56fe\u7247_20231005103649.jpg\" alt=\"\" width=\"441\" height=\"331\" srcset=\"https:\/\/www.saituprinter.com\/wp-content\/uploads\/2023\/12\/\u5fae\u4fe1\u56fe\u7247_20231005103649.jpg 1440w, https:\/\/www.saituprinter.com\/wp-content\/uploads\/2023\/12\/\u5fae\u4fe1\u56fe\u7247_20231005103649-600x450.jpg 600w, https:\/\/www.saituprinter.com\/wp-content\/uploads\/2023\/12\/\u5fae\u4fe1\u56fe\u7247_20231005103649-150x113.jpg 150w, https:\/\/www.saituprinter.com\/wp-content\/uploads\/2023\/12\/\u5fae\u4fe1\u56fe\u7247_20231005103649-800x600.jpg 800w, https:\/\/www.saituprinter.com\/wp-content\/uploads\/2023\/12\/\u5fae\u4fe1\u56fe\u7247_20231005103649-768x576.jpg 768w, https:\/\/www.saituprinter.com\/wp-content\/uploads\/2023\/12\/\u5fae\u4fe1\u56fe\u7247_20231005103649-16x12.jpg 16w\" sizes=\"(max-width: 441px) 100vw, 441px\" \/> <img loading=\"lazy\" decoding=\"async\" class=\"alignnone wp-image-9200\" src=\"https:\/\/saituprinter.com\/wp-content\/uploads\/2023\/12\/\u5fae\u4fe1\u56fe\u7247_20231005103609.jpg\" alt=\"\" width=\"444\" height=\"333\" srcset=\"https:\/\/www.saituprinter.com\/wp-content\/uploads\/2023\/12\/\u5fae\u4fe1\u56fe\u7247_20231005103609.jpg 1440w, https:\/\/www.saituprinter.com\/wp-content\/uploads\/2023\/12\/\u5fae\u4fe1\u56fe\u7247_20231005103609-600x450.jpg 600w, https:\/\/www.saituprinter.com\/wp-content\/uploads\/2023\/12\/\u5fae\u4fe1\u56fe\u7247_20231005103609-150x113.jpg 150w, https:\/\/www.saituprinter.com\/wp-content\/uploads\/2023\/12\/\u5fae\u4fe1\u56fe\u7247_20231005103609-800x600.jpg 800w, https:\/\/www.saituprinter.com\/wp-content\/uploads\/2023\/12\/\u5fae\u4fe1\u56fe\u7247_20231005103609-768x576.jpg 768w, https:\/\/www.saituprinter.com\/wp-content\/uploads\/2023\/12\/\u5fae\u4fe1\u56fe\u7247_20231005103609-16x12.jpg 16w\" sizes=\"(max-width: 444px) 100vw, 444px\" \/><\/p>\n<p>Con sus funciones de productividad avanzadas, la impresora SAITU JC1602 es la elecci\u00f3n de los profesionales para mejorar la productividad y garantizar un rendimiento confiable, todo a un precio inteligente.<\/p>\n<p>Con su configuraci\u00f3n de cabezal de impresi\u00f3n CMYKKYMC reflejado y una resoluci\u00f3n m\u00e1xima de 1440 x 720 ppp, esta impresora garantiza impresiones n\u00edtidas y vibrantes que impresionar\u00e1n a sus clientes.<\/p>\n<p>En cuanto a velocidad, la impresora SAITU JC1602 no decepciona, ofreciendo una velocidad m\u00e1xima de 30m2\/h.<\/p>\n<p>Con sus tintas eco-solventes MAX en CMYK y la inclusi\u00f3n de una unidad de recogida, esta impresora le permite imprimir de manera r\u00e1pida, sencilla y precisa en pancartas, envoltorios, carteles y m\u00e1s.<\/p>\n<p>&nbsp;<\/p>\n<p>Echemos un vistazo m\u00e1s de cerca a las especificaciones de la impresora SAITU JC1602:<\/p>\n<p>Ancho de impresi\u00f3n: Con un ancho m\u00e1ximo de 1600 mm, esta impresora puede manejar una amplia gama de proyectos de impresi\u00f3n con facilidad.<\/p>\n<p>&nbsp;<\/p>\n<p>El gran ancho de impresi\u00f3n de esta impresora la hace perfecta para una variedad de necesidades de impresi\u00f3n comercial.<\/p>\n<p>Tipo de tinta: La impresora SAITU JC1602 utiliza TINTA ecosolvente, lo que garantiza una impresi\u00f3n respetuosa con el medio ambiente sin comprometer la calidad.<br \/>\nAl utilizar tinta ecosolvente, la impresora no s\u00f3lo es respetuosa con el medio ambiente sino que tambi\u00e9n proporciona impresiones de alta calidad.<\/p>\n<p>Capacidad del cartucho de tinta: Con una capacidad de cartucho de tinta de 2 litros, esta impresora garantiza tiradas largas de impresi\u00f3n con interrupciones m\u00ednimas. La gran capacidad del cartucho de tinta significa menos interrupciones durante largas sesiones de impresi\u00f3n.<\/p>\n<p>Colores de tinta: elija entre 4 colores (CMYK) u 8 colores (CMYK LC LM LK LLK) para obtener una gama de colores m\u00e1s amplia e impresiones m\u00e1s vibrantes. Con su gama de colores de tinta, la impresora SAITU JC1602 le ofrece m\u00e1s opciones para crear im\u00e1genes vibrantes y coloridas. huellas dactilares.<\/p>\n<p>Resoluci\u00f3n de impresi\u00f3n: La impresora SAITU JC1602 ofrece una resoluci\u00f3n de impresi\u00f3n m\u00e1xima de 1440 ppp, lo que garantiza que cada detalle sea n\u00edtido y preciso. Con su alta resoluci\u00f3n de impresi\u00f3n, la impresora SAITU JC1602 resalta cada detalle de sus impresiones, haci\u00e9ndolas lucir n\u00edtidas y claras.<\/p>\n<p>Precisi\u00f3n de distancia: con una tasa de error de menos de \u00b10,3% de la distancia recorrida o \u00b10,3 mm, lo que sea mayor, esta impresora garantiza impresiones precisas, incluso para proyectos a gran escala. La precisi\u00f3n de distancia excepcional de la impresora garantiza impresiones precisas incluso para proyectos de gran tama\u00f1o. proyectos a gran escala, lo que la convierte en una opci\u00f3n confiable para aplicaciones de impresi\u00f3n comercial.<\/p>\n<p>Fabricaci\u00f3n de impresoras inkjet de gran formato SAITU JC1602: colores brillantes y excelente calidad.<\/p>\n<p><img loading=\"lazy\" decoding=\"async\" class=\"alignnone wp-image-9201\" src=\"https:\/\/saituprinter.com\/wp-content\/uploads\/2023\/12\/\u5fae\u4fe1\u56fe\u7247_20231005103840-scaled.jpg\" alt=\"\" width=\"434\" height=\"326\" srcset=\"https:\/\/www.saituprinter.com\/wp-content\/uploads\/2023\/12\/\u5fae\u4fe1\u56fe\u7247_20231005103840-scaled.jpg 2560w, https:\/\/www.saituprinter.com\/wp-content\/uploads\/2023\/12\/\u5fae\u4fe1\u56fe\u7247_20231005103840-scaled-600x450.jpg 600w, https:\/\/www.saituprinter.com\/wp-content\/uploads\/2023\/12\/\u5fae\u4fe1\u56fe\u7247_20231005103840-scaled-150x113.jpg 150w, https:\/\/www.saituprinter.com\/wp-content\/uploads\/2023\/12\/\u5fae\u4fe1\u56fe\u7247_20231005103840-scaled-800x600.jpg 800w, https:\/\/www.saituprinter.com\/wp-content\/uploads\/2023\/12\/\u5fae\u4fe1\u56fe\u7247_20231005103840-768x576.jpg 768w, https:\/\/www.saituprinter.com\/wp-content\/uploads\/2023\/12\/\u5fae\u4fe1\u56fe\u7247_20231005103840-1536x1152.jpg 1536w, https:\/\/www.saituprinter.com\/wp-content\/uploads\/2023\/12\/\u5fae\u4fe1\u56fe\u7247_20231005103840-2048x1536.jpg 2048w, https:\/\/www.saituprinter.com\/wp-content\/uploads\/2023\/12\/\u5fae\u4fe1\u56fe\u7247_20231005103840-16x12.jpg 16w\" sizes=\"(max-width: 434px) 100vw, 434px\" \/> <img loading=\"lazy\" decoding=\"async\" class=\"alignnone wp-image-9202\" src=\"https:\/\/saituprinter.com\/wp-content\/uploads\/2023\/12\/\u5fae\u4fe1\u56fe\u7247_20231005102549.jpg\" alt=\"\" width=\"434\" height=\"325\" srcset=\"https:\/\/www.saituprinter.com\/wp-content\/uploads\/2023\/12\/\u5fae\u4fe1\u56fe\u7247_20231005102549.jpg 1440w, https:\/\/www.saituprinter.com\/wp-content\/uploads\/2023\/12\/\u5fae\u4fe1\u56fe\u7247_20231005102549-600x450.jpg 600w, https:\/\/www.saituprinter.com\/wp-content\/uploads\/2023\/12\/\u5fae\u4fe1\u56fe\u7247_20231005102549-150x113.jpg 150w, https:\/\/www.saituprinter.com\/wp-content\/uploads\/2023\/12\/\u5fae\u4fe1\u56fe\u7247_20231005102549-800x600.jpg 800w, https:\/\/www.saituprinter.com\/wp-content\/uploads\/2023\/12\/\u5fae\u4fe1\u56fe\u7247_20231005102549-768x576.jpg 768w, https:\/\/www.saituprinter.com\/wp-content\/uploads\/2023\/12\/\u5fae\u4fe1\u56fe\u7247_20231005102549-16x12.jpg 16w\" sizes=\"(max-width: 434px) 100vw, 434px\" \/> \u00a0\u00a0<img loading=\"lazy\" decoding=\"async\" class=\"alignnone wp-image-9205\" src=\"https:\/\/saituprinter.com\/wp-content\/uploads\/2023\/12\/\u5fae\u4fe1\u56fe\u7247_20231005102540.jpg\" alt=\"\" width=\"871\" height=\"653\" srcset=\"https:\/\/www.saituprinter.com\/wp-content\/uploads\/2023\/12\/\u5fae\u4fe1\u56fe\u7247_20231005102540.jpg 1440w, https:\/\/www.saituprinter.com\/wp-content\/uploads\/2023\/12\/\u5fae\u4fe1\u56fe\u7247_20231005102540-600x450.jpg 600w, https:\/\/www.saituprinter.com\/wp-content\/uploads\/2023\/12\/\u5fae\u4fe1\u56fe\u7247_20231005102540-150x113.jpg 150w, https:\/\/www.saituprinter.com\/wp-content\/uploads\/2023\/12\/\u5fae\u4fe1\u56fe\u7247_20231005102540-800x600.jpg 800w, https:\/\/www.saituprinter.com\/wp-content\/uploads\/2023\/12\/\u5fae\u4fe1\u56fe\u7247_20231005102540-768x576.jpg 768w, https:\/\/www.saituprinter.com\/wp-content\/uploads\/2023\/12\/\u5fae\u4fe1\u56fe\u7247_20231005102540-16x12.jpg 16w\" sizes=\"(max-width: 871px) 100vw, 871px\" \/><\/p>\n<p><img loading=\"lazy\" decoding=\"async\" class=\"alignnone wp-image-12064\" src=\"https:\/\/saituprinter.com\/wp-content\/uploads\/2023\/12\/\u5fae\u4fe1\u56fe\u7247_20240805142838.png\" alt=\"\" width=\"871\" height=\"485\" srcset=\"https:\/\/www.saituprinter.com\/wp-content\/uploads\/2023\/12\/\u5fae\u4fe1\u56fe\u7247_20240805142838.png 1159w, https:\/\/www.saituprinter.com\/wp-content\/uploads\/2023\/12\/\u5fae\u4fe1\u56fe\u7247_20240805142838-600x334.png 600w, https:\/\/www.saituprinter.com\/wp-content\/uploads\/2023\/12\/\u5fae\u4fe1\u56fe\u7247_20240805142838-150x83.png 150w, https:\/\/www.saituprinter.com\/wp-content\/uploads\/2023\/12\/\u5fae\u4fe1\u56fe\u7247_20240805142838-800x445.png 800w, https:\/\/www.saituprinter.com\/wp-content\/uploads\/2023\/12\/\u5fae\u4fe1\u56fe\u7247_20240805142838-768x427.png 768w\" sizes=\"(max-width: 871px) 100vw, 871px\" \/><\/p>\n<p><img loading=\"lazy\" decoding=\"async\" class=\"alignnone size-full wp-image-12288\" src=\"https:\/\/saituprinter.com\/wp-content\/uploads\/2023\/12\/\u5fae\u4fe1\u56fe\u7247_20240914144500-scaled.jpg\" alt=\"\" width=\"2560\" height=\"1920\" srcset=\"https:\/\/www.saituprinter.com\/wp-content\/uploads\/2023\/12\/\u5fae\u4fe1\u56fe\u7247_20240914144500-scaled.jpg 2560w, https:\/\/www.saituprinter.com\/wp-content\/uploads\/2023\/12\/\u5fae\u4fe1\u56fe\u7247_20240914144500-scaled-600x450.jpg 600w, https:\/\/www.saituprinter.com\/wp-content\/uploads\/2023\/12\/\u5fae\u4fe1\u56fe\u7247_20240914144500-scaled-150x113.jpg 150w, https:\/\/www.saituprinter.com\/wp-content\/uploads\/2023\/12\/\u5fae\u4fe1\u56fe\u7247_20240914144500-scaled-800x600.jpg 800w, https:\/\/www.saituprinter.com\/wp-content\/uploads\/2023\/12\/\u5fae\u4fe1\u56fe\u7247_20240914144500-768x576.jpg 768w, https:\/\/www.saituprinter.com\/wp-content\/uploads\/2023\/12\/\u5fae\u4fe1\u56fe\u7247_20240914144500-1536x1152.jpg 1536w, https:\/\/www.saituprinter.com\/wp-content\/uploads\/2023\/12\/\u5fae\u4fe1\u56fe\u7247_20240914144500-2048x1536.jpg 2048w\" sizes=\"(max-width: 2560px) 100vw, 2560px\" \/> <img loading=\"lazy\" decoding=\"async\" class=\"alignnone size-medium wp-image-12292\" src=\"https:\/\/saituprinter.com\/wp-content\/uploads\/2023\/12\/\u5fae\u4fe1\u56fe\u7247_20240914144605-scaled.jpg\" alt=\"\" width=\"2560\" height=\"1920\" srcset=\"https:\/\/www.saituprinter.com\/wp-content\/uploads\/2023\/12\/\u5fae\u4fe1\u56fe\u7247_20240914144605-scaled.jpg 2560w, https:\/\/www.saituprinter.com\/wp-content\/uploads\/2023\/12\/\u5fae\u4fe1\u56fe\u7247_20240914144605-scaled-600x450.jpg 600w, https:\/\/www.saituprinter.com\/wp-content\/uploads\/2023\/12\/\u5fae\u4fe1\u56fe\u7247_20240914144605-scaled-150x113.jpg 150w, https:\/\/www.saituprinter.com\/wp-content\/uploads\/2023\/12\/\u5fae\u4fe1\u56fe\u7247_20240914144605-scaled-800x600.jpg 800w, https:\/\/www.saituprinter.com\/wp-content\/uploads\/2023\/12\/\u5fae\u4fe1\u56fe\u7247_20240914144605-768x576.jpg 768w, https:\/\/www.saituprinter.com\/wp-content\/uploads\/2023\/12\/\u5fae\u4fe1\u56fe\u7247_20240914144605-1536x1152.jpg 1536w, https:\/\/www.saituprinter.com\/wp-content\/uploads\/2023\/12\/\u5fae\u4fe1\u56fe\u7247_20240914144605-2048x1536.jpg 2048w\" sizes=\"(max-width: 2560px) 100vw, 2560px\" \/> <img loading=\"lazy\" decoding=\"async\" class=\"alignnone size-medium wp-image-12296\" src=\"https:\/\/saituprinter.com\/wp-content\/uploads\/2023\/12\/\u5fae\u4fe1\u56fe\u7247_20240914144631-scaled.jpg\" alt=\"\" width=\"2560\" height=\"1920\" srcset=\"https:\/\/www.saituprinter.com\/wp-content\/uploads\/2023\/12\/\u5fae\u4fe1\u56fe\u7247_20240914144631-scaled.jpg 2560w, https:\/\/www.saituprinter.com\/wp-content\/uploads\/2023\/12\/\u5fae\u4fe1\u56fe\u7247_20240914144631-scaled-600x450.jpg 600w, https:\/\/www.saituprinter.com\/wp-content\/uploads\/2023\/12\/\u5fae\u4fe1\u56fe\u7247_20240914144631-scaled-150x113.jpg 150w, https:\/\/www.saituprinter.com\/wp-content\/uploads\/2023\/12\/\u5fae\u4fe1\u56fe\u7247_20240914144631-scaled-800x600.jpg 800w, https:\/\/www.saituprinter.com\/wp-content\/uploads\/2023\/12\/\u5fae\u4fe1\u56fe\u7247_20240914144631-768x576.jpg 768w, https:\/\/www.saituprinter.com\/wp-content\/uploads\/2023\/12\/\u5fae\u4fe1\u56fe\u7247_20240914144631-1536x1152.jpg 1536w, https:\/\/www.saituprinter.com\/wp-content\/uploads\/2023\/12\/\u5fae\u4fe1\u56fe\u7247_20240914144631-2048x1536.jpg 2048w\" sizes=\"(max-width: 2560px) 100vw, 2560px\" \/><\/p>\n<p>&nbsp;<\/p>\n<p>En conclusi\u00f3n, la impresora SAITU JC1602 es una excelente opci\u00f3n para empresas que buscan soluciones de impresi\u00f3n confiables, eficientes y de alta calidad. Con sus funciones y especificaciones avanzadas, esta impresora seguramente satisfar\u00e1 las necesidades de empresas de todos los tama\u00f1os y ofrecer\u00e1 una soluci\u00f3n perfecta para todos sus requisitos de impresi\u00f3n.<\/p>\n<p>&nbsp;<\/p>\n<p><strong>El v\u00eddeo del usuario:<\/strong><\/p>\n<div style=\"width: 720px;\" class=\"wp-video\"><!--[if lt IE 9]><script>document.createElement('video');<\/script><![endif]-->\n<video class=\"wp-video-shortcode\" id=\"video-9141-1\" width=\"720\" height=\"1280\" preload=\"metadata\" controls=\"controls\"><source type=\"video\/mp4\" src=\"https:\/\/saituprinter.com\/wp-content\/uploads\/2023\/12\/cd4e482b3f1f450ffe9ca7c50688b67e.mp4?_=1\" \/><a href=\"https:\/\/saituprinter.com\/wp-content\/uploads\/2023\/12\/cd4e482b3f1f450ffe9ca7c50688b67e.mp4\">https:\/\/saituprinter.com\/wp-content\/uploads\/2023\/12\/cd4e482b3f1f450ffe9ca7c50688b67e.mp4<\/a><\/video><\/div>","protected":false},"excerpt":{"rendered":"<p>Presentamos la impresora de inyecci\u00f3n de tinta de gran formato SAITU JC1602, la mejor opci\u00f3n para empresas que buscan una velocidad de impresi\u00f3n impresionante, una calidad de impresi\u00f3n excepcional y una confiabilidad y soporte inigualables. Esta impresora eficiente, confiable y asequible est\u00e1 dise\u00f1ada para ofrecer impresiones excepcionales d\u00eda tras d\u00eda, lo que la convierte en la soluci\u00f3n perfecta para empresas de todos los tama\u00f1os.<\/p>","protected":false},"featured_media":9495,"comment_status":"closed","ping_status":"closed","template":"","meta":[],"product_cat":[17],"product_tag":[],"class_list":["post-9141","product","type-product","status-publish","has-post-thumbnail","hentry","product_cat-advertising-printer"],"_links":{"self":[{"href":"https:\/\/www.saituprinter.com\/es\/wp-json\/wp\/v2\/product\/9141","targetHints":{"allow":["GET"]}}],"collection":[{"href":"https:\/\/www.saituprinter.com\/es\/wp-json\/wp\/v2\/product"}],"about":[{"href":"https:\/\/www.saituprinter.com\/es\/wp-json\/wp\/v2\/types\/product"}],"replies":[{"embeddable":true,"href":"https:\/\/www.saituprinter.com\/es\/wp-json\/wp\/v2\/comments?post=9141"}],"wp:featuredmedia":[{"embeddable":true,"href":"https:\/\/www.saituprinter.com\/es\/wp-json\/wp\/v2\/media\/9495"}],"wp:attachment":[{"href":"https:\/\/www.saituprinter.com\/es\/wp-json\/wp\/v2\/media?parent=9141"}],"wp:term":[{"taxonomy":"product_cat","embeddable":true,"href":"https:\/\/www.saituprinter.com\/es\/wp-json\/wp\/v2\/product_cat?post=9141"},{"taxonomy":"product_tag","embeddable":true,"href":"https:\/\/www.saituprinter.com\/es\/wp-json\/wp\/v2\/product_tag?post=9141"}],"curies":[{"name":"wp","href":"https:\/\/api.w.org\/{rel}","templated":true}]}}