{"id":9037,"date":"2023-12-12T15:06:46","date_gmt":"2023-12-12T07:06:46","guid":{"rendered":"https:\/\/saituprinter.com\/?post_type=product&#038;p=9037"},"modified":"2025-06-14T11:51:44","modified_gmt":"2025-06-14T03:51:44","slug":"saitu-hybrid-uv-printer","status":"publish","type":"product","link":"https:\/\/www.saituprinter.com\/es\/producto\/saitu-hybrid-uv-printer\/","title":{"rendered":"Impresora h\u00edbrida UV SAITU"},"content":{"rendered":"<p><img fetchpriority=\"high\" decoding=\"async\" class=\"alignnone size-full wp-image-9371\" src=\"https:\/\/saituprinter.com\/wp-content\/uploads\/2023\/12\/5dec1b100a548a25f0d47d39e859682.jpg\" alt=\"\" width=\"1000\" height=\"1196\" srcset=\"https:\/\/www.saituprinter.com\/wp-content\/uploads\/2023\/12\/5dec1b100a548a25f0d47d39e859682.jpg 1000w, https:\/\/www.saituprinter.com\/wp-content\/uploads\/2023\/12\/5dec1b100a548a25f0d47d39e859682-600x718.jpg 600w, https:\/\/www.saituprinter.com\/wp-content\/uploads\/2023\/12\/5dec1b100a548a25f0d47d39e859682-150x179.jpg 150w, https:\/\/www.saituprinter.com\/wp-content\/uploads\/2023\/12\/5dec1b100a548a25f0d47d39e859682-800x957.jpg 800w, https:\/\/www.saituprinter.com\/wp-content\/uploads\/2023\/12\/5dec1b100a548a25f0d47d39e859682-768x919.jpg 768w, https:\/\/www.saituprinter.com\/wp-content\/uploads\/2023\/12\/5dec1b100a548a25f0d47d39e859682-10x12.jpg 10w\" sizes=\"(max-width: 1000px) 100vw, 1000px\" \/><\/p>\n<p>&nbsp;<\/p>\n<p>PAR\u00c1METRO DEL PRODUCTO<\/p>\n<table>\n<tbody>\n<tr>\n<td colspan=\"2\" width=\"150\">Modelo<\/td>\n<td colspan=\"2\" width=\"155\">STWD1806-UV<\/td>\n<td width=\"100\">STWD1808-UV<\/td>\n<td colspan=\"2\" width=\"155\">STWD1804-UV<\/td>\n<\/tr>\n<tr>\n<td colspan=\"2\">cabezal de impresi\u00f3n<\/td>\n<td width=\"87\">5 cabezales de impresi\u00f3n Ricoh G5<\/td>\n<td width=\"67\">6 cabezales de impresi\u00f3n Ricoh G5<\/td>\n<td width=\"100\">8 cabezales de impresi\u00f3n Ricoh G5<\/td>\n<td width=\"87\">3 cabezales de impresi\u00f3n i3200<\/td>\n<td width=\"67\">4 cabezales de impresi\u00f3n i3200<\/td>\n<\/tr>\n<tr>\n<td colspan=\"2\" width=\"150\">Ancho m\u00e1ximo de impresi\u00f3n<\/td>\n<td colspan=\"2\">1650<\/td>\n<td>1600<\/td>\n<td colspan=\"2\">1650<\/td>\n<\/tr>\n<tr>\n<td colspan=\"2\" width=\"150\">Color<\/td>\n<td width=\"87\">\u00a0CMYK+W+CMYK<\/td>\n<td width=\"67\">W+CMYK+V<\/td>\n<td>CMYK<\/td>\n<td>CMYK+W+CMYK<\/td>\n<td>W+CMYK+V<\/td>\n<\/tr>\n<tr>\n<td colspan=\"2\" width=\"150\">Modo de producto<\/td>\n<td colspan=\"2\">14\u33a1\/H<\/td>\n<td>70\u33a1\/H<\/td>\n<td colspan=\"2\">17,28\u33a1\/H<\/td>\n<\/tr>\n<tr>\n<td colspan=\"2\" width=\"150\">Modo de resoluci\u00f3n<\/td>\n<td colspan=\"2\">10\u33a1\/H<\/td>\n<td>55\u33a1\/H<\/td>\n<td colspan=\"2\">11,6\u33a1\/H<\/td>\n<\/tr>\n<tr>\n<td colspan=\"2\" width=\"150\">Modo de alta resoluci\u00f3n<\/td>\n<td colspan=\"2\" width=\"155\">8,5\u33a1\/H<\/td>\n<td width=\"100\">45\u33a1\/H<\/td>\n<td colspan=\"2\" width=\"155\">8,6\u33a1\/H<\/td>\n<\/tr>\n<tr>\n<td rowspan=\"2\">Tinta<\/td>\n<td>Clasificar<\/td>\n<td colspan=\"5\" width=\"411\">tinta ultravioleta<\/td>\n<\/tr>\n<tr>\n<td>Capacidad<\/td>\n<td colspan=\"5\">Sistema de suministro de tinta vac\u00edo<\/td>\n<\/tr>\n<tr>\n<td rowspan=\"3\">Medios de comunicaci\u00f3n<\/td>\n<td>Ancho<\/td>\n<td colspan=\"5\">1700 mm<\/td>\n<\/tr>\n<tr>\n<td>Espesor<\/td>\n<td colspan=\"5\">Ajustable de 1,5 mm a 8 mm<\/td>\n<\/tr>\n<tr>\n<td>Clasificar<\/td>\n<td colspan=\"5\" width=\"411\">Cuero, papel PP, retroiluminado, papel fotogr\u00e1fico, adhesivos transparentes, pel\u00edculas blandas, etc.<\/td>\n<\/tr>\n<tr>\n<td colspan=\"2\" width=\"150\">Alta calidad de impresi\u00f3n<\/td>\n<td colspan=\"5\" width=\"411\">tecnolog\u00eda VSD<\/td>\n<\/tr>\n<tr>\n<td colspan=\"2\" width=\"150\">Sistema de secado<\/td>\n<td colspan=\"5\" width=\"411\">Calentador de luz UV, enfriador de luz LED.<\/td>\n<\/tr>\n<tr>\n<td colspan=\"2\" width=\"150\">Carril de gu\u00eda<\/td>\n<td colspan=\"5\">THK de Jap\u00f3n<\/td>\n<\/tr>\n<tr>\n<td colspan=\"2\" width=\"150\">software de procesamiento de archivos<\/td>\n<td colspan=\"5\">Principal 6.0. Foto impresa<\/td>\n<\/tr>\n<tr>\n<td colspan=\"2\">Voltaje<\/td>\n<td colspan=\"5\">CA 110 V \u00b1 10%, CA 220 V \u00b1 10%, 50\/60 \u00b1 1 Hz<\/td>\n<\/tr>\n<tr>\n<td colspan=\"2\" width=\"150\">Entornos de operaci\u00f3n<\/td>\n<td colspan=\"5\">Temperatura: 15 \u2103 -30 \u2103, Humedad: 35%RH-65%RH<\/td>\n<\/tr>\n<tr>\n<td colspan=\"2\">Fuerza<\/td>\n<td colspan=\"2\">5000W<\/td>\n<td>5500W<\/td>\n<td colspan=\"2\">4000W<\/td>\n<\/tr>\n<tr>\n<td colspan=\"2\" width=\"150\">Dimensiones de la impresora (LWH)<\/td>\n<td colspan=\"2\" width=\"155\"><\/td>\n<td><\/td>\n<td colspan=\"2\"><\/td>\n<\/tr>\n<tr>\n<td colspan=\"2\" width=\"150\">Dimensiones del embalaje (LWH)<\/td>\n<td colspan=\"2\" width=\"155\">3.4*1.135*1.66<\/td>\n<td>3.9*1.56*1.75<\/td>\n<td colspan=\"2\">3.2*1.45*1.54<\/td>\n<\/tr>\n<tr>\n<td colspan=\"2\" width=\"150\">Peso neto<\/td>\n<td colspan=\"2\">750 kg<\/td>\n<td>850 kg<\/td>\n<td colspan=\"2\">700KG<\/td>\n<\/tr>\n<tr>\n<td colspan=\"2\" width=\"150\">Peso bruto<\/td>\n<td colspan=\"2\">900KG<\/td>\n<td>1000 kg<\/td>\n<td colspan=\"2\">850 kg<\/td>\n<\/tr>\n<\/tbody>\n<\/table>\n<p>Las partes sobre la impresora:<\/p>\n<p>&nbsp;<\/p>\n<p><img decoding=\"async\" class=\"alignnone wp-image-9375\" src=\"https:\/\/saituprinter.com\/wp-content\/uploads\/2023\/12\/9.jpg\" alt=\"\" width=\"221\" height=\"295\" srcset=\"https:\/\/www.saituprinter.com\/wp-content\/uploads\/2023\/12\/9.jpg 675w, https:\/\/www.saituprinter.com\/wp-content\/uploads\/2023\/12\/9-600x800.jpg 600w, https:\/\/www.saituprinter.com\/wp-content\/uploads\/2023\/12\/9-150x200.jpg 150w, https:\/\/www.saituprinter.com\/wp-content\/uploads\/2023\/12\/9-9x12.jpg 9w\" sizes=\"(max-width: 221px) 100vw, 221px\" \/> <img decoding=\"async\" class=\"alignnone wp-image-9377\" src=\"https:\/\/saituprinter.com\/wp-content\/uploads\/2023\/12\/2.jpg\" alt=\"\" width=\"221\" height=\"295\" srcset=\"https:\/\/www.saituprinter.com\/wp-content\/uploads\/2023\/12\/2.jpg 675w, https:\/\/www.saituprinter.com\/wp-content\/uploads\/2023\/12\/2-600x800.jpg 600w, https:\/\/www.saituprinter.com\/wp-content\/uploads\/2023\/12\/2-150x200.jpg 150w, https:\/\/www.saituprinter.com\/wp-content\/uploads\/2023\/12\/2-9x12.jpg 9w\" sizes=\"(max-width: 221px) 100vw, 221px\" \/> <img loading=\"lazy\" decoding=\"async\" class=\"alignnone wp-image-9378\" src=\"https:\/\/saituprinter.com\/wp-content\/uploads\/2023\/12\/3.jpg\" alt=\"\" width=\"222\" height=\"296\" srcset=\"https:\/\/www.saituprinter.com\/wp-content\/uploads\/2023\/12\/3.jpg 675w, https:\/\/www.saituprinter.com\/wp-content\/uploads\/2023\/12\/3-600x800.jpg 600w, https:\/\/www.saituprinter.com\/wp-content\/uploads\/2023\/12\/3-150x200.jpg 150w, https:\/\/www.saituprinter.com\/wp-content\/uploads\/2023\/12\/3-9x12.jpg 9w\" sizes=\"(max-width: 222px) 100vw, 222px\" \/><\/p>\n<p>&nbsp;<\/p>\n<p>La impresora en la sala de trabajo del usuario:<\/p>\n<p><img loading=\"lazy\" decoding=\"async\" class=\"alignnone wp-image-9372\" src=\"https:\/\/saituprinter.com\/wp-content\/uploads\/2023\/12\/4.jpg\" alt=\"\" width=\"298\" height=\"155\" srcset=\"https:\/\/www.saituprinter.com\/wp-content\/uploads\/2023\/12\/4.jpg 900w, https:\/\/www.saituprinter.com\/wp-content\/uploads\/2023\/12\/4-600x312.jpg 600w, https:\/\/www.saituprinter.com\/wp-content\/uploads\/2023\/12\/4-150x78.jpg 150w, https:\/\/www.saituprinter.com\/wp-content\/uploads\/2023\/12\/4-800x416.jpg 800w, https:\/\/www.saituprinter.com\/wp-content\/uploads\/2023\/12\/4-768x399.jpg 768w, https:\/\/www.saituprinter.com\/wp-content\/uploads\/2023\/12\/4-18x9.jpg 18w\" sizes=\"(max-width: 298px) 100vw, 298px\" \/> <img loading=\"lazy\" decoding=\"async\" class=\"alignnone wp-image-9373\" src=\"https:\/\/saituprinter.com\/wp-content\/uploads\/2023\/12\/5.jpg\" alt=\"\" width=\"209\" height=\"157\" srcset=\"https:\/\/www.saituprinter.com\/wp-content\/uploads\/2023\/12\/5.jpg 900w, https:\/\/www.saituprinter.com\/wp-content\/uploads\/2023\/12\/5-600x450.jpg 600w, https:\/\/www.saituprinter.com\/wp-content\/uploads\/2023\/12\/5-150x113.jpg 150w, https:\/\/www.saituprinter.com\/wp-content\/uploads\/2023\/12\/5-800x600.jpg 800w, https:\/\/www.saituprinter.com\/wp-content\/uploads\/2023\/12\/5-768x576.jpg 768w, https:\/\/www.saituprinter.com\/wp-content\/uploads\/2023\/12\/5-16x12.jpg 16w\" sizes=\"(max-width: 209px) 100vw, 209px\" \/> <img loading=\"lazy\" decoding=\"async\" class=\"alignnone wp-image-9374\" src=\"https:\/\/saituprinter.com\/wp-content\/uploads\/2023\/12\/6.jpg\" alt=\"\" width=\"213\" height=\"160\" srcset=\"https:\/\/www.saituprinter.com\/wp-content\/uploads\/2023\/12\/6.jpg 800w, https:\/\/www.saituprinter.com\/wp-content\/uploads\/2023\/12\/6-600x450.jpg 600w, https:\/\/www.saituprinter.com\/wp-content\/uploads\/2023\/12\/6-150x113.jpg 150w, https:\/\/www.saituprinter.com\/wp-content\/uploads\/2023\/12\/6-768x576.jpg 768w, https:\/\/www.saituprinter.com\/wp-content\/uploads\/2023\/12\/6-16x12.jpg 16w\" sizes=\"(max-width: 213px) 100vw, 213px\" \/><\/p>\n<p>&nbsp;<\/p>\n<p>\u00bfQu\u00e9 puede imprimir la impresi\u00f3n h\u00edbrida?<\/p>\n<p><img loading=\"lazy\" decoding=\"async\" class=\"alignnone size-full wp-image-9376\" src=\"https:\/\/saituprinter.com\/wp-content\/uploads\/2023\/12\/ab44e622eaa2ced1bfc6f92591f2581.jpg\" alt=\"\" width=\"1020\" height=\"762\" srcset=\"https:\/\/www.saituprinter.com\/wp-content\/uploads\/2023\/12\/ab44e622eaa2ced1bfc6f92591f2581.jpg 1020w, https:\/\/www.saituprinter.com\/wp-content\/uploads\/2023\/12\/ab44e622eaa2ced1bfc6f92591f2581-600x448.jpg 600w, https:\/\/www.saituprinter.com\/wp-content\/uploads\/2023\/12\/ab44e622eaa2ced1bfc6f92591f2581-150x112.jpg 150w, https:\/\/www.saituprinter.com\/wp-content\/uploads\/2023\/12\/ab44e622eaa2ced1bfc6f92591f2581-800x598.jpg 800w, https:\/\/www.saituprinter.com\/wp-content\/uploads\/2023\/12\/ab44e622eaa2ced1bfc6f92591f2581-768x574.jpg 768w, https:\/\/www.saituprinter.com\/wp-content\/uploads\/2023\/12\/ab44e622eaa2ced1bfc6f92591f2581-16x12.jpg 16w\" sizes=\"(max-width: 1020px) 100vw, 1020px\" \/><\/p>\n<p>Video:<\/p>\n<div style=\"width: 1280px;\" class=\"wp-video\"><!--[if lt IE 9]><script>document.createElement('video');<\/script><![endif]-->\n<video class=\"wp-video-shortcode\" id=\"video-9037-1\" width=\"1280\" height=\"720\" preload=\"metadata\" controls=\"controls\"><source type=\"video\/mp4\" src=\"http:\/\/saituprinter.com\/wp-content\/uploads\/2023\/12\/f0bc87a5f88f1ac8c424eb8fc4f9b0b0.mp4?_=1\" \/><a href=\"http:\/\/saituprinter.com\/wp-content\/uploads\/2023\/12\/f0bc87a5f88f1ac8c424eb8fc4f9b0b0.mp4\">http:\/\/saituprinter.com\/wp-content\/uploads\/2023\/12\/f0bc87a5f88f1ac8c424eb8fc4f9b0b0.mp4<\/a><\/video><\/div>","protected":false},"excerpt":{"rendered":"<div class=\"xdj266r x11i5rnm xat24cr x1mh8g0r x1vvkbs x126k92a\">\n<div dir=\"auto\"><span class=\"x3nfvp2 x1j61x8r x1fcty0u xdj266r xhhsvwb xat24cr xgzva0m xxymvpz xlup9mm x1kky2od\"><img loading=\"lazy\" decoding=\"async\" class=\"xz74otr\" src=\"https:\/\/static.xx.fbcdn.net\/images\/emoji.php\/v9\/ted\/1\/16\/1f4ab.png\" alt=\"\ud83d\udcab\" width=\"16\" height=\"16\" \/><\/span>Las impresoras para pegatinas de vidrio dan nueva vida <a class=\"x1i10hfl xjbqb8w x1ejq31n xd10rxx x1sy0etr x17r0tee x972fbf xcfux6l x1qhh985 xm0m39n x9f619 x1ypdohk xt0psk2 xe8uvvx xdj266r x11i5rnm xat24cr x1mh8g0r xexx8yu x4uap5 x18d9i69 xkhd6sd x16tdsg8 x1hl2dhg xggy1nq x1a2a7pz xt0b8zv x1fey0fg xo1l8bm\" tabindex=\"0\" role=\"link\" href=\"https:\/\/www.facebook.com\/hashtag\/glass?__eep__=6&amp;__cft__[0]=AZXWFtEqmXMXGcZwMw_WYp1rLY46CVUvwF4tuGfU6gYGjTcgpXL9VD-_JMlosoFRHxI_aQOZe15Wh5cjOQmqB9AhwgafL2teNZraRHY5wek7NChgTf4nc4a0iWylgWb3lQUEiKGYyGacapSrGNpG1IRhkAQv3v2KZA-0qk0iavGQvA&amp;__tn__=*NK-R\">#vidrio<\/a><span class=\"x3nfvp2 x1j61x8r x1fcty0u xdj266r xhhsvwb xat24cr xgzva0m xxymvpz xlup9mm x1kky2od\"><img loading=\"lazy\" decoding=\"async\" class=\"xz74otr\" src=\"https:\/\/static.xx.fbcdn.net\/images\/emoji.php\/v9\/t50\/1\/16\/1f525.png\" alt=\"\ud83d\udd25\" width=\"16\" height=\"16\" \/><\/span><span class=\"x3nfvp2 x1j61x8r x1fcty0u xdj266r xhhsvwb xat24cr xgzva0m xxymvpz xlup9mm x1kky2od\"><img loading=\"lazy\" decoding=\"async\" class=\"xz74otr\" src=\"https:\/\/static.xx.fbcdn.net\/images\/emoji.php\/v9\/t50\/1\/16\/1f525.png\" alt=\"\ud83d\udd25\" width=\"16\" height=\"16\" \/><\/span>transformando cada pieza en un vibrante lienzo de creatividad.<\/div>\n<div dir=\"auto\">Para obtener m\u00e1s informaci\u00f3n sobre las impresoras de pegatinas para vidrio, no dude en ponerse en contacto conmigo en cualquier momento por WhatsApp o WeChat al 86 13544341435. <span class=\"x3nfvp2 x1j61x8r x1fcty0u xdj266r xhhsvwb xat24cr xgzva0m xxymvpz xlup9mm x1kky2od\"><img loading=\"lazy\" decoding=\"async\" class=\"xz74otr\" src=\"https:\/\/static.xx.fbcdn.net\/images\/emoji.php\/v9\/t4d\/1\/16\/1f4de.png\" alt=\"\ud83d\udcde\" width=\"16\" height=\"16\" \/><\/span><span class=\"x3nfvp2 x1j61x8r x1fcty0u xdj266r xhhsvwb xat24cr xgzva0m xxymvpz xlup9mm x1kky2od\"><img loading=\"lazy\" decoding=\"async\" class=\"xz74otr\" src=\"https:\/\/static.xx.fbcdn.net\/images\/emoji.php\/v9\/t4d\/1\/16\/1f4de.png\" alt=\"\ud83d\udcde\" width=\"16\" height=\"16\" \/><\/span><\/div>\n<div dir=\"auto\">\u00a1Juntos, exploremos las infinitas posibilidades de las pegatinas para vidrio!<span class=\"x3nfvp2 x1j61x8r x1fcty0u xdj266r xhhsvwb xat24cr xgzva0m xxymvpz xlup9mm x1kky2od\"><img loading=\"lazy\" decoding=\"async\" class=\"xz74otr\" src=\"https:\/\/static.xx.fbcdn.net\/images\/emoji.php\/v9\/t64\/1\/16\/1f91d.png\" alt=\"\ud83e\udd1d\" width=\"16\" height=\"16\" \/><\/span><\/div>\n<\/div>\n<div class=\"x11i5rnm xat24cr x1mh8g0r x1vvkbs xtlvy1s x126k92a\">\n<div dir=\"auto\">Ofrecemos soluciones de impresi\u00f3n para diferentes industrias, por lo que si tiene un producto nuevo, \u00a1podemos discutirlo juntos!<\/div>\n<\/div>","protected":false},"featured_media":13023,"comment_status":"closed","ping_status":"closed","template":"","meta":[],"product_cat":[96,19],"product_tag":[],"class_list":["post-9037","product","type-product","status-publish","has-post-thumbnail","hentry","product_cat-hybrid-uv-printer","product_cat-uv-printer"],"_links":{"self":[{"href":"https:\/\/www.saituprinter.com\/es\/wp-json\/wp\/v2\/product\/9037","targetHints":{"allow":["GET"]}}],"collection":[{"href":"https:\/\/www.saituprinter.com\/es\/wp-json\/wp\/v2\/product"}],"about":[{"href":"https:\/\/www.saituprinter.com\/es\/wp-json\/wp\/v2\/types\/product"}],"replies":[{"embeddable":true,"href":"https:\/\/www.saituprinter.com\/es\/wp-json\/wp\/v2\/comments?post=9037"}],"wp:featuredmedia":[{"embeddable":true,"href":"https:\/\/www.saituprinter.com\/es\/wp-json\/wp\/v2\/media\/13023"}],"wp:attachment":[{"href":"https:\/\/www.saituprinter.com\/es\/wp-json\/wp\/v2\/media?parent=9037"}],"wp:term":[{"taxonomy":"product_cat","embeddable":true,"href":"https:\/\/www.saituprinter.com\/es\/wp-json\/wp\/v2\/product_cat?post=9037"},{"taxonomy":"product_tag","embeddable":true,"href":"https:\/\/www.saituprinter.com\/es\/wp-json\/wp\/v2\/product_tag?post=9037"}],"curies":[{"name":"wp","href":"https:\/\/api.w.org\/{rel}","templated":true}]}}