{"id":9033,"date":"2023-12-11T16:58:45","date_gmt":"2023-12-11T08:58:45","guid":{"rendered":"https:\/\/saituprinter.com\/?post_type=product&#038;p=9033"},"modified":"2024-04-28T18:33:48","modified_gmt":"2024-04-28T10:33:48","slug":"solvent-printerbanner-printer","status":"publish","type":"product","link":"https:\/\/www.saituprinter.com\/es\/producto\/solvent-printerbanner-printer\/","title":{"rendered":"Impresora solvente Konica SAITU JC512I 3,2 m\/impresora huida\/impresora solvente"},"content":{"rendered":"<p>&nbsp;<\/p>\n<p><img fetchpriority=\"high\" decoding=\"async\" class=\"alignnone size-full wp-image-9498\" src=\"https:\/\/saituprinter.com\/wp-content\/uploads\/2023\/12\/20240412154622.jpg\" alt=\"\" width=\"1000\" height=\"1000\" srcset=\"https:\/\/www.saituprinter.com\/wp-content\/uploads\/2023\/12\/20240412154622.jpg 1000w, https:\/\/www.saituprinter.com\/wp-content\/uploads\/2023\/12\/20240412154622-600x600.jpg 600w, https:\/\/www.saituprinter.com\/wp-content\/uploads\/2023\/12\/20240412154622-150x150.jpg 150w, https:\/\/www.saituprinter.com\/wp-content\/uploads\/2023\/12\/20240412154622-800x800.jpg 800w, https:\/\/www.saituprinter.com\/wp-content\/uploads\/2023\/12\/20240412154622-768x768.jpg 768w, https:\/\/www.saituprinter.com\/wp-content\/uploads\/2023\/12\/20240412154622-12x12.jpg 12w\" sizes=\"(max-width: 1000px) 100vw, 1000px\" \/><\/p>\n<p>El cabezal de impresi\u00f3n Konica 512i es conocido por su durabilidad y colores vibrantes. Con esta avanzada tecnolog\u00eda de impresi\u00f3n, nuestra m\u00e1quina es capaz de imprimir varios tipos de pancartas, incluidos anuncios publicitarios de gran escala para exteriores de 3,2 metros.<\/p>\n<p>Una de las caracter\u00edsticas destacadas de nuestro producto es su capacidad a prueba de agua y protecci\u00f3n solar. Esto garantiza que sus carteles impresos est\u00e9n protegidos de condiciones clim\u00e1ticas impredecibles y mantengan su calidad durante un per\u00edodo m\u00e1s largo.<\/p>\n<p>&nbsp;<\/p>\n<p><img decoding=\"async\" class=\"alignnone wp-image-9101\" src=\"https:\/\/saituprinter.com\/wp-content\/uploads\/2023\/12\/\u5fae\u4fe1\u56fe\u7247_20231005103738.jpg\" alt=\"\" width=\"304\" height=\"152\" srcset=\"https:\/\/www.saituprinter.com\/wp-content\/uploads\/2023\/12\/\u5fae\u4fe1\u56fe\u7247_20231005103738.jpg 2160w, https:\/\/www.saituprinter.com\/wp-content\/uploads\/2023\/12\/\u5fae\u4fe1\u56fe\u7247_20231005103738-600x300.jpg 600w, https:\/\/www.saituprinter.com\/wp-content\/uploads\/2023\/12\/\u5fae\u4fe1\u56fe\u7247_20231005103738-150x75.jpg 150w, https:\/\/www.saituprinter.com\/wp-content\/uploads\/2023\/12\/\u5fae\u4fe1\u56fe\u7247_20231005103738-800x400.jpg 800w, https:\/\/www.saituprinter.com\/wp-content\/uploads\/2023\/12\/\u5fae\u4fe1\u56fe\u7247_20231005103738-768x384.jpg 768w, https:\/\/www.saituprinter.com\/wp-content\/uploads\/2023\/12\/\u5fae\u4fe1\u56fe\u7247_20231005103738-1536x768.jpg 1536w, https:\/\/www.saituprinter.com\/wp-content\/uploads\/2023\/12\/\u5fae\u4fe1\u56fe\u7247_20231005103738-2048x1024.jpg 2048w, https:\/\/www.saituprinter.com\/wp-content\/uploads\/2023\/12\/\u5fae\u4fe1\u56fe\u7247_20231005103738-18x9.jpg 18w\" sizes=\"(max-width: 304px) 100vw, 304px\" \/><\/p>\n<p>PAR\u00c1METRO DEL PRODUCTO:<\/p>\n<table>\n<tbody>\n<tr>\n<td colspan=\"2\" width=\"193\">Modelo<\/td>\n<td width=\"195\">JC512I-4<\/td>\n<td width=\"204\">JC512I-8<\/td>\n<\/tr>\n<tr>\n<td colspan=\"2\">cabezal de impresi\u00f3n<\/td>\n<td width=\"195\">4 cabezales de impresi\u00f3n Konica 512i, 480 ppp, 30 pl<\/td>\n<td width=\"204\">8 cabezales de impresi\u00f3n Konica 512i, 480 ppp, 30 pl<\/td>\n<\/tr>\n<tr>\n<td colspan=\"2\" width=\"193\">Ancho m\u00e1ximo de impresi\u00f3n<\/td>\n<td colspan=\"2\">3200 mm<\/td>\n<\/tr>\n<tr>\n<td colspan=\"2\" rowspan=\"3\" width=\"193\">Resoluci\u00f3n de impresi\u00f3n\/Velocidad<\/td>\n<td>Modo del producto: 163\u33a1\/H<\/td>\n<td>Modo del producto: 326\u33a1\/H<\/td>\n<\/tr>\n<tr>\n<td>Modo de resoluci\u00f3n: 120\u33a1\/H<\/td>\n<td>Modo de resoluci\u00f3n: 240\u33a1\/H<\/td>\n<\/tr>\n<tr>\n<td width=\"195\">Modo de alta resoluci\u00f3n: 86\u33a1\/H<\/td>\n<td width=\"204\">Modo de alta resoluci\u00f3n: 172\u33a1\/H<\/td>\n<\/tr>\n<tr>\n<td rowspan=\"2\">Tinta<\/td>\n<td>Clasificar<\/td>\n<td colspan=\"2\">tinta solvente<\/td>\n<\/tr>\n<tr>\n<td>Capacidad<\/td>\n<td colspan=\"2\">5L<\/td>\n<\/tr>\n<tr>\n<td rowspan=\"4\">Medios de comunicaci\u00f3n<\/td>\n<td>Ancho<\/td>\n<td colspan=\"2\">3300 mm<\/td>\n<\/tr>\n<tr>\n<td>Espesor<\/td>\n<td colspan=\"2\">Ajustable de 1,5 mm a 7 mm<\/td>\n<\/tr>\n<tr>\n<td width=\"105\">Peso del material<\/td>\n<td colspan=\"2\">225 kg<\/td>\n<\/tr>\n<tr>\n<td>Clasificar<\/td>\n<td colspan=\"2\" width=\"399\">Pancarta, lona, pel\u00edcula blanda, pegatina, inflable, etc.<\/td>\n<\/tr>\n<tr>\n<td colspan=\"2\">Alta calidad de impresi\u00f3n<\/td>\n<td colspan=\"2\">Punto fijo<\/td>\n<\/tr>\n<tr>\n<td colspan=\"2\">Calentador de medios<\/td>\n<td colspan=\"2\">Calentador previo\/trasero (se puede controlar por separado)<\/td>\n<\/tr>\n<tr>\n<td colspan=\"2\" width=\"193\">Sistema de recogida de medios<\/td>\n<td colspan=\"2\">No<\/td>\n<\/tr>\n<tr>\n<td colspan=\"2\" width=\"193\">Sistema de secado<\/td>\n<td colspan=\"2\">Sistema de secado por rayos infrarrojos.<\/td>\n<\/tr>\n<tr>\n<td colspan=\"2\">Carril de gu\u00eda<\/td>\n<td colspan=\"2\">THK de Jap\u00f3n<\/td>\n<\/tr>\n<tr>\n<td colspan=\"2\">Interfaz<\/td>\n<td colspan=\"2\">USB 3.0<\/td>\n<\/tr>\n<tr>\n<td colspan=\"2\">software de procesamiento de archivos<\/td>\n<td colspan=\"2\">Principal Principal 6.0. Foto impresa<\/td>\n<\/tr>\n<tr>\n<td colspan=\"2\">Voltaje<\/td>\n<td colspan=\"2\">CA 110 V \u00b1 10%, CA 220 V \u00b1 10%, 50\/60 \u00b1 1 Hz<\/td>\n<\/tr>\n<tr>\n<td colspan=\"2\" width=\"193\">Entornos de operaci\u00f3n<\/td>\n<td colspan=\"2\">Temperatura: 15 \u2103 -30 \u2103, Humedad: 35%RH-65%RH<\/td>\n<\/tr>\n<tr>\n<td colspan=\"2\">Fuerza<\/td>\n<td>3500W<\/td>\n<td>5000W<\/td>\n<\/tr>\n<tr>\n<td colspan=\"2\" width=\"193\">Dimensiones de la impresora (LWH)<\/td>\n<td>4720*990*1450mm<\/td>\n<td>4720*990*1450mm<\/td>\n<\/tr>\n<tr>\n<td colspan=\"2\" width=\"193\">Dimensiones del embalaje (LWH)<\/td>\n<td>4880*1135*1550mm<\/td>\n<td>4880*1135*1550mm<\/td>\n<\/tr>\n<tr>\n<td colspan=\"2\">Peso neto<\/td>\n<td>900KG<\/td>\n<td>900KG<\/td>\n<\/tr>\n<tr>\n<td colspan=\"2\">Peso bruto<\/td>\n<td>980 kg<\/td>\n<td>980 kg<\/td>\n<\/tr>\n<\/tbody>\n<\/table>\n<p>&nbsp;<\/p>\n<p><img decoding=\"async\" class=\"alignnone wp-image-9095\" src=\"https:\/\/saituprinter.com\/wp-content\/uploads\/2023\/12\/\u5fae\u4fe1\u56fe\u7247_20231220142635-scaled.jpg\" alt=\"\" width=\"239\" height=\"179\" srcset=\"https:\/\/www.saituprinter.com\/wp-content\/uploads\/2023\/12\/\u5fae\u4fe1\u56fe\u7247_20231220142635-scaled.jpg 2560w, https:\/\/www.saituprinter.com\/wp-content\/uploads\/2023\/12\/\u5fae\u4fe1\u56fe\u7247_20231220142635-scaled-600x450.jpg 600w, https:\/\/www.saituprinter.com\/wp-content\/uploads\/2023\/12\/\u5fae\u4fe1\u56fe\u7247_20231220142635-scaled-150x113.jpg 150w, https:\/\/www.saituprinter.com\/wp-content\/uploads\/2023\/12\/\u5fae\u4fe1\u56fe\u7247_20231220142635-scaled-800x600.jpg 800w, https:\/\/www.saituprinter.com\/wp-content\/uploads\/2023\/12\/\u5fae\u4fe1\u56fe\u7247_20231220142635-768x576.jpg 768w, https:\/\/www.saituprinter.com\/wp-content\/uploads\/2023\/12\/\u5fae\u4fe1\u56fe\u7247_20231220142635-1536x1152.jpg 1536w, https:\/\/www.saituprinter.com\/wp-content\/uploads\/2023\/12\/\u5fae\u4fe1\u56fe\u7247_20231220142635-2048x1536.jpg 2048w, https:\/\/www.saituprinter.com\/wp-content\/uploads\/2023\/12\/\u5fae\u4fe1\u56fe\u7247_20231220142635-16x12.jpg 16w\" sizes=\"(max-width: 239px) 100vw, 239px\" \/> <img loading=\"lazy\" decoding=\"async\" class=\"alignnone wp-image-9096\" src=\"https:\/\/saituprinter.com\/wp-content\/uploads\/2023\/12\/\u5fae\u4fe1\u56fe\u7247_20231220142651-scaled.jpg\" alt=\"\" width=\"242\" height=\"182\" srcset=\"https:\/\/www.saituprinter.com\/wp-content\/uploads\/2023\/12\/\u5fae\u4fe1\u56fe\u7247_20231220142651-scaled.jpg 2560w, https:\/\/www.saituprinter.com\/wp-content\/uploads\/2023\/12\/\u5fae\u4fe1\u56fe\u7247_20231220142651-scaled-600x450.jpg 600w, https:\/\/www.saituprinter.com\/wp-content\/uploads\/2023\/12\/\u5fae\u4fe1\u56fe\u7247_20231220142651-scaled-150x113.jpg 150w, https:\/\/www.saituprinter.com\/wp-content\/uploads\/2023\/12\/\u5fae\u4fe1\u56fe\u7247_20231220142651-scaled-800x600.jpg 800w, https:\/\/www.saituprinter.com\/wp-content\/uploads\/2023\/12\/\u5fae\u4fe1\u56fe\u7247_20231220142651-768x576.jpg 768w, https:\/\/www.saituprinter.com\/wp-content\/uploads\/2023\/12\/\u5fae\u4fe1\u56fe\u7247_20231220142651-1536x1152.jpg 1536w, https:\/\/www.saituprinter.com\/wp-content\/uploads\/2023\/12\/\u5fae\u4fe1\u56fe\u7247_20231220142651-2048x1536.jpg 2048w, https:\/\/www.saituprinter.com\/wp-content\/uploads\/2023\/12\/\u5fae\u4fe1\u56fe\u7247_20231220142651-16x12.jpg 16w\" sizes=\"(max-width: 242px) 100vw, 242px\" \/>\u00a0 <img loading=\"lazy\" decoding=\"async\" class=\"alignnone wp-image-9097\" src=\"https:\/\/saituprinter.com\/wp-content\/uploads\/2023\/12\/\u5fae\u4fe1\u56fe\u7247_20231220142703-scaled.jpg\" alt=\"\" width=\"240\" height=\"180\" srcset=\"https:\/\/www.saituprinter.com\/wp-content\/uploads\/2023\/12\/\u5fae\u4fe1\u56fe\u7247_20231220142703-scaled.jpg 2560w, https:\/\/www.saituprinter.com\/wp-content\/uploads\/2023\/12\/\u5fae\u4fe1\u56fe\u7247_20231220142703-scaled-600x450.jpg 600w, https:\/\/www.saituprinter.com\/wp-content\/uploads\/2023\/12\/\u5fae\u4fe1\u56fe\u7247_20231220142703-scaled-150x113.jpg 150w, https:\/\/www.saituprinter.com\/wp-content\/uploads\/2023\/12\/\u5fae\u4fe1\u56fe\u7247_20231220142703-scaled-800x600.jpg 800w, https:\/\/www.saituprinter.com\/wp-content\/uploads\/2023\/12\/\u5fae\u4fe1\u56fe\u7247_20231220142703-768x576.jpg 768w, https:\/\/www.saituprinter.com\/wp-content\/uploads\/2023\/12\/\u5fae\u4fe1\u56fe\u7247_20231220142703-1536x1152.jpg 1536w, https:\/\/www.saituprinter.com\/wp-content\/uploads\/2023\/12\/\u5fae\u4fe1\u56fe\u7247_20231220142703-2048x1536.jpg 2048w, https:\/\/www.saituprinter.com\/wp-content\/uploads\/2023\/12\/\u5fae\u4fe1\u56fe\u7247_20231220142703-16x12.jpg 16w\" sizes=\"(max-width: 240px) 100vw, 240px\" \/><\/p>\n<p>&nbsp;<\/p>\n<p><img loading=\"lazy\" decoding=\"async\" class=\"alignnone wp-image-9098\" src=\"https:\/\/saituprinter.com\/wp-content\/uploads\/2023\/12\/\u5fae\u4fe1\u56fe\u7247_20231220142710-scaled.jpg\" alt=\"\" width=\"235\" height=\"177\" srcset=\"https:\/\/www.saituprinter.com\/wp-content\/uploads\/2023\/12\/\u5fae\u4fe1\u56fe\u7247_20231220142710-scaled.jpg 2560w, https:\/\/www.saituprinter.com\/wp-content\/uploads\/2023\/12\/\u5fae\u4fe1\u56fe\u7247_20231220142710-scaled-600x450.jpg 600w, https:\/\/www.saituprinter.com\/wp-content\/uploads\/2023\/12\/\u5fae\u4fe1\u56fe\u7247_20231220142710-scaled-150x113.jpg 150w, https:\/\/www.saituprinter.com\/wp-content\/uploads\/2023\/12\/\u5fae\u4fe1\u56fe\u7247_20231220142710-scaled-800x600.jpg 800w, https:\/\/www.saituprinter.com\/wp-content\/uploads\/2023\/12\/\u5fae\u4fe1\u56fe\u7247_20231220142710-768x576.jpg 768w, https:\/\/www.saituprinter.com\/wp-content\/uploads\/2023\/12\/\u5fae\u4fe1\u56fe\u7247_20231220142710-1536x1152.jpg 1536w, https:\/\/www.saituprinter.com\/wp-content\/uploads\/2023\/12\/\u5fae\u4fe1\u56fe\u7247_20231220142710-2048x1536.jpg 2048w, https:\/\/www.saituprinter.com\/wp-content\/uploads\/2023\/12\/\u5fae\u4fe1\u56fe\u7247_20231220142710-16x12.jpg 16w\" sizes=\"(max-width: 235px) 100vw, 235px\" \/> <img loading=\"lazy\" decoding=\"async\" class=\"alignnone wp-image-9099\" src=\"https:\/\/saituprinter.com\/wp-content\/uploads\/2023\/12\/\u5fae\u4fe1\u56fe\u7247_20231220142716-scaled.jpg\" alt=\"\" width=\"133\" height=\"177\" srcset=\"https:\/\/www.saituprinter.com\/wp-content\/uploads\/2023\/12\/\u5fae\u4fe1\u56fe\u7247_20231220142716-scaled.jpg 1920w, https:\/\/www.saituprinter.com\/wp-content\/uploads\/2023\/12\/\u5fae\u4fe1\u56fe\u7247_20231220142716-scaled-600x800.jpg 600w, https:\/\/www.saituprinter.com\/wp-content\/uploads\/2023\/12\/\u5fae\u4fe1\u56fe\u7247_20231220142716-scaled-150x200.jpg 150w, https:\/\/www.saituprinter.com\/wp-content\/uploads\/2023\/12\/\u5fae\u4fe1\u56fe\u7247_20231220142716-scaled-800x1067.jpg 800w, https:\/\/www.saituprinter.com\/wp-content\/uploads\/2023\/12\/\u5fae\u4fe1\u56fe\u7247_20231220142716-768x1024.jpg 768w, https:\/\/www.saituprinter.com\/wp-content\/uploads\/2023\/12\/\u5fae\u4fe1\u56fe\u7247_20231220142716-1152x1536.jpg 1152w, https:\/\/www.saituprinter.com\/wp-content\/uploads\/2023\/12\/\u5fae\u4fe1\u56fe\u7247_20231220142716-1536x2048.jpg 1536w, https:\/\/www.saituprinter.com\/wp-content\/uploads\/2023\/12\/\u5fae\u4fe1\u56fe\u7247_20231220142716-9x12.jpg 9w\" sizes=\"(max-width: 133px) 100vw, 133px\" \/> <img loading=\"lazy\" decoding=\"async\" class=\"alignnone wp-image-9100\" src=\"https:\/\/saituprinter.com\/wp-content\/uploads\/2023\/12\/\u5fae\u4fe1\u56fe\u7247_20231220142725-scaled.jpg\" alt=\"\" width=\"134\" height=\"179\" srcset=\"https:\/\/www.saituprinter.com\/wp-content\/uploads\/2023\/12\/\u5fae\u4fe1\u56fe\u7247_20231220142725-scaled.jpg 1920w, https:\/\/www.saituprinter.com\/wp-content\/uploads\/2023\/12\/\u5fae\u4fe1\u56fe\u7247_20231220142725-scaled-600x800.jpg 600w, https:\/\/www.saituprinter.com\/wp-content\/uploads\/2023\/12\/\u5fae\u4fe1\u56fe\u7247_20231220142725-scaled-150x200.jpg 150w, https:\/\/www.saituprinter.com\/wp-content\/uploads\/2023\/12\/\u5fae\u4fe1\u56fe\u7247_20231220142725-scaled-800x1067.jpg 800w, https:\/\/www.saituprinter.com\/wp-content\/uploads\/2023\/12\/\u5fae\u4fe1\u56fe\u7247_20231220142725-768x1024.jpg 768w, https:\/\/www.saituprinter.com\/wp-content\/uploads\/2023\/12\/\u5fae\u4fe1\u56fe\u7247_20231220142725-1152x1536.jpg 1152w, https:\/\/www.saituprinter.com\/wp-content\/uploads\/2023\/12\/\u5fae\u4fe1\u56fe\u7247_20231220142725-1536x2048.jpg 1536w, https:\/\/www.saituprinter.com\/wp-content\/uploads\/2023\/12\/\u5fae\u4fe1\u56fe\u7247_20231220142725-9x12.jpg 9w\" sizes=\"(max-width: 134px) 100vw, 134px\" \/><\/p>\n<p><img loading=\"lazy\" decoding=\"async\" class=\"alignnone size-full wp-image-9500\" src=\"https:\/\/saituprinter.com\/wp-content\/uploads\/2023\/12\/\u5fae\u4fe1\u56fe\u7247_20240419113945.jpg\" alt=\"\" width=\"700\" height=\"1000\" srcset=\"https:\/\/www.saituprinter.com\/wp-content\/uploads\/2023\/12\/\u5fae\u4fe1\u56fe\u7247_20240419113945.jpg 700w, https:\/\/www.saituprinter.com\/wp-content\/uploads\/2023\/12\/\u5fae\u4fe1\u56fe\u7247_20240419113945-600x857.jpg 600w, https:\/\/www.saituprinter.com\/wp-content\/uploads\/2023\/12\/\u5fae\u4fe1\u56fe\u7247_20240419113945-150x214.jpg 150w, https:\/\/www.saituprinter.com\/wp-content\/uploads\/2023\/12\/\u5fae\u4fe1\u56fe\u7247_20240419113945-8x12.jpg 8w\" sizes=\"(max-width: 700px) 100vw, 700px\" \/><\/p>\n<p>&nbsp;<\/p>\n<div style=\"width: 960px;\" class=\"wp-video\"><!--[if lt IE 9]><script>document.createElement('video');<\/script><![endif]-->\n<video class=\"wp-video-shortcode\" id=\"video-9033-1\" width=\"960\" height=\"544\" preload=\"metadata\" controls=\"controls\"><source type=\"video\/mp4\" src=\"https:\/\/saituprinter.com\/wp-content\/uploads\/2023\/12\/bac84892e096a28d9e2c49307f13ec54.mp4?_=1\" \/><a href=\"https:\/\/saituprinter.com\/wp-content\/uploads\/2023\/12\/bac84892e096a28d9e2c49307f13ec54.mp4\">https:\/\/saituprinter.com\/wp-content\/uploads\/2023\/12\/bac84892e096a28d9e2c49307f13ec54.mp4<\/a><\/video><\/div>\n<p>&nbsp;<\/p>","protected":false},"excerpt":{"rendered":"<p>El cabezal de impresi\u00f3n Konica 512i es conocido por su durabilidad y colores vibrantes. Con esta avanzada tecnolog\u00eda de impresi\u00f3n, nuestra m\u00e1quina es capaz de imprimir varios tipos de pancartas, incluidos anuncios publicitarios de gran escala para exteriores de 3,2 metros.<\/p>\n<p>Una de las caracter\u00edsticas destacadas de nuestro producto es su capacidad a prueba de agua y protecci\u00f3n solar. Esto garantiza que sus carteles impresos est\u00e9n protegidos de condiciones clim\u00e1ticas impredecibles y mantengan su calidad durante un per\u00edodo m\u00e1s largo.<\/p>","protected":false},"featured_media":9499,"comment_status":"closed","ping_status":"closed","template":"","meta":[],"product_cat":[17],"product_tag":[],"class_list":["post-9033","product","type-product","status-publish","has-post-thumbnail","hentry","product_cat-advertising-printer"],"_links":{"self":[{"href":"https:\/\/www.saituprinter.com\/es\/wp-json\/wp\/v2\/product\/9033","targetHints":{"allow":["GET"]}}],"collection":[{"href":"https:\/\/www.saituprinter.com\/es\/wp-json\/wp\/v2\/product"}],"about":[{"href":"https:\/\/www.saituprinter.com\/es\/wp-json\/wp\/v2\/types\/product"}],"replies":[{"embeddable":true,"href":"https:\/\/www.saituprinter.com\/es\/wp-json\/wp\/v2\/comments?post=9033"}],"wp:featuredmedia":[{"embeddable":true,"href":"https:\/\/www.saituprinter.com\/es\/wp-json\/wp\/v2\/media\/9499"}],"wp:attachment":[{"href":"https:\/\/www.saituprinter.com\/es\/wp-json\/wp\/v2\/media?parent=9033"}],"wp:term":[{"taxonomy":"product_cat","embeddable":true,"href":"https:\/\/www.saituprinter.com\/es\/wp-json\/wp\/v2\/product_cat?post=9033"},{"taxonomy":"product_tag","embeddable":true,"href":"https:\/\/www.saituprinter.com\/es\/wp-json\/wp\/v2\/product_tag?post=9033"}],"curies":[{"name":"wp","href":"https:\/\/api.w.org\/{rel}","templated":true}]}}