{"id":9016,"date":"2023-12-09T18:04:44","date_gmt":"2023-12-09T10:04:44","guid":{"rendered":"https:\/\/saituprinter.com\/?post_type=product&#038;p=9016"},"modified":"2025-05-17T11:45:09","modified_gmt":"2025-05-17T03:45:09","slug":"sublimation-printer","status":"publish","type":"product","link":"https:\/\/www.saituprinter.com\/es\/producto\/sublimation-printer\/","title":{"rendered":"Impresora de sublimaci\u00f3n de 8 cabezales y 2,6 m | JC2608"},"content":{"rendered":"<p><img fetchpriority=\"high\" decoding=\"async\" class=\"alignnone size-full wp-image-12979\" src=\"https:\/\/saituprinter.com\/wp-content\/uploads\/2023\/12\/2608\u4e3b\u56fe-1.jpg\" alt=\"\" width=\"800\" height=\"800\" srcset=\"https:\/\/www.saituprinter.com\/wp-content\/uploads\/2023\/12\/2608\u4e3b\u56fe-1.jpg 800w, https:\/\/www.saituprinter.com\/wp-content\/uploads\/2023\/12\/2608\u4e3b\u56fe-1-600x600.jpg 600w, https:\/\/www.saituprinter.com\/wp-content\/uploads\/2023\/12\/2608\u4e3b\u56fe-1-150x150.jpg 150w, https:\/\/www.saituprinter.com\/wp-content\/uploads\/2023\/12\/2608\u4e3b\u56fe-1-768x768.jpg 768w, https:\/\/www.saituprinter.com\/wp-content\/uploads\/2023\/12\/2608\u4e3b\u56fe-1-12x12.jpg 12w\" sizes=\"(max-width: 800px) 100vw, 800px\" \/><\/p>\n<p style=\"text-align: center;\"><strong>Impresora de sublimaci\u00f3n 8H de 2,6 m | JC2608<\/strong><\/p>\n<p>Principal fabricante de impresoras de sublimaci\u00f3n en China. M\u00e1quina de impresi\u00f3n digital de 2,6 m de ancho, m\u00e1s adecuada para imprimir textiles para el hogar, alfombras, tiendas de campa\u00f1a, cortinas y otras industrias...<\/p>\n<p><strong>Presentamos la impresora de sublimaci\u00f3n JC2608:<\/strong><br \/>\nLa impresora de sublimaci\u00f3n JC2608 es una soluci\u00f3n de impresi\u00f3n de alto rendimiento dise\u00f1ada para diversas aplicaciones, incluidas alfombras, tapetes, textiles para el hogar, tapicer\u00eda, cortinas, cortinas de ba\u00f1o, s\u00e1banas y m\u00e1s. Con sus funciones y capacidades avanzadas, esta impresora garantiza una calidad de impresi\u00f3n y una eficiencia excepcionales para diversas necesidades de impresi\u00f3n.<\/p>\n<p><strong>Tinta:<\/strong><br \/>\nEl JC2608 utiliza tinta de sublimaci\u00f3n, que ofrece colores vibrantes y duraderos en diversos sustratos. Con un sistema de suministro continuo de tinta a granel de gran capacidad de 5 litros, puede imprimir grandes cantidades sin preocuparse por la escasez de tinta. El sistema inteligente de suministro continuo de tinta con alarma le avisa con antelaci\u00f3n cuando el nivel de tinta es bajo, lo que garantiza una impresi\u00f3n ininterrumpida.<\/p>\n<p>La impresora de sublimaci\u00f3n JC2608 es la elecci\u00f3n perfecta para empresas de la industria textil y de impresi\u00f3n. Ofrece una calidad de impresi\u00f3n incomparable, impresi\u00f3n de alta velocidad y versatilidad para manejar diversos materiales, lo que la convierte en una inversi\u00f3n ideal para lograr resultados de impresi\u00f3n superiores. Deje que esta impresora transforme su negocio y cumpla con sus requisitos de impresi\u00f3n con excelencia.<\/p>\n<p>https:\/\/www.facebook.com\/profile.php?id=100093200290427<\/p>\n<p>PAR\u00c1METRO DEL PRODUCTO<\/p>\n<table>\n<tbody>\n<tr>\n<td colspan=\"2\" width=\"188\">Modelo<\/td>\n<td width=\"387\">JC2608<\/td>\n<\/tr>\n<tr>\n<td colspan=\"2\">cabezal de impresi\u00f3n<\/td>\n<td>8 cabezales de impresi\u00f3n Epson 4720\/5210\/i3200<\/td>\n<\/tr>\n<tr>\n<td colspan=\"2\" width=\"188\">Ancho m\u00e1ximo de impresi\u00f3n<\/td>\n<td>2600 mm<\/td>\n<\/tr>\n<tr>\n<td colspan=\"2\" width=\"188\">Cabezal de impresi\u00f3n<\/td>\n<td width=\"387\">i3200<\/td>\n<\/tr>\n<tr>\n<td colspan=\"2\" width=\"188\">Modo de producto<\/td>\n<td width=\"387\">320\u33a1\/H<\/td>\n<\/tr>\n<tr>\n<td colspan=\"2\" width=\"188\">Modo de resoluci\u00f3n<\/td>\n<td width=\"387\">260\u33a1\/H<\/td>\n<\/tr>\n<tr>\n<td colspan=\"2\" width=\"188\">Modo de alta resoluci\u00f3n<\/td>\n<td width=\"387\">220\u33a1\/H<\/td>\n<\/tr>\n<tr>\n<td rowspan=\"3\">Tinta<\/td>\n<td>Clasificar<\/td>\n<td width=\"387\">tinta de sublimaci\u00f3n<\/td>\n<\/tr>\n<tr>\n<td>Capacidad<\/td>\n<td>Sistema de suministro continuo de tinta a granel de 5 litros.<\/td>\n<\/tr>\n<tr>\n<td width=\"125\">Modo de suministro de tinta<\/td>\n<td>Sistema inteligente de suministro de tinta con alarma continua<\/td>\n<\/tr>\n<tr>\n<td rowspan=\"3\">Medios de comunicaci\u00f3n<\/td>\n<td>Ancho<\/td>\n<td>2600 mm<\/td>\n<\/tr>\n<tr>\n<td>Espesor<\/td>\n<td>Ajustable de 1,5 mm a 8 mm<\/td>\n<\/tr>\n<tr>\n<td>Clasificar<\/td>\n<td width=\"387\">papel de sublimaci\u00f3n<\/td>\n<\/tr>\n<tr>\n<td colspan=\"2\">Alta calidad de impresi\u00f3n<\/td>\n<td width=\"387\">tecnolog\u00eda VSD<\/td>\n<\/tr>\n<tr>\n<td colspan=\"2\">Calentador de medios<\/td>\n<td width=\"387\">Calefacci\u00f3n delantera\/trasera (se puede controlar por separado, opcional)<\/td>\n<\/tr>\n<tr>\n<td colspan=\"2\">Dispositivo de recogida de medios<\/td>\n<td width=\"387\">Sistema de retracci\u00f3n autom\u00e1tica del papel con doble eje de aire.<\/td>\n<\/tr>\n<tr>\n<td colspan=\"2\">Sistema de secado<\/td>\n<td width=\"387\">Sistema de secado por rayos infrarrojos.<\/td>\n<\/tr>\n<tr>\n<td colspan=\"2\">Carril de gu\u00eda<\/td>\n<td>gracias<\/td>\n<\/tr>\n<tr>\n<td colspan=\"2\">Interfaz<\/td>\n<td>1000 Mbit\/s<\/td>\n<\/tr>\n<tr>\n<td colspan=\"2\">software de procesamiento de archivos<\/td>\n<td>Parte superior, impresi\u00f3n fotogr\u00e1fica<\/td>\n<\/tr>\n<tr>\n<td colspan=\"2\">Voltaje<\/td>\n<td>CA 220 V \u00b1 10%, CA 220 V \u00b1 10%, 50\/60 \u00b1 1 Hz<\/td>\n<\/tr>\n<tr>\n<td colspan=\"2\" width=\"188\">Entornos de operaci\u00f3n<\/td>\n<td>Temperatura: 15 \u2103 -30 \u2103, Humedad: 35%RH-65%RH<\/td>\n<\/tr>\n<tr>\n<td colspan=\"2\">Fuerza<\/td>\n<td>12000W<\/td>\n<\/tr>\n<tr>\n<td colspan=\"2\" width=\"188\">Dimensiones de la impresora (LWH)<\/td>\n<td>4211*1466*1882mm<\/td>\n<\/tr>\n<tr>\n<td colspan=\"2\" width=\"188\">Dimensiones del embalaje (LWH)<\/td>\n<td>4400*1560*1750mm<\/td>\n<\/tr>\n<tr>\n<td colspan=\"2\">Peso neto<\/td>\n<td>1100 kg<\/td>\n<\/tr>\n<tr>\n<td colspan=\"2\">Peso bruto<\/td>\n<td>1270 kg<\/td>\n<\/tr>\n<\/tbody>\n<\/table>\n<p>&nbsp;<\/p>\n<p><img decoding=\"async\" class=\"alignnone size-full wp-image-9410\" src=\"https:\/\/saituprinter.com\/wp-content\/uploads\/2023\/12\/\u5fae\u4fe1\u56fe\u7247_20240401131545.jpg\" alt=\"\" width=\"800\" height=\"915\" srcset=\"https:\/\/www.saituprinter.com\/wp-content\/uploads\/2023\/12\/\u5fae\u4fe1\u56fe\u7247_20240401131545.jpg 800w, https:\/\/www.saituprinter.com\/wp-content\/uploads\/2023\/12\/\u5fae\u4fe1\u56fe\u7247_20240401131545-600x686.jpg 600w, https:\/\/www.saituprinter.com\/wp-content\/uploads\/2023\/12\/\u5fae\u4fe1\u56fe\u7247_20240401131545-150x172.jpg 150w, https:\/\/www.saituprinter.com\/wp-content\/uploads\/2023\/12\/\u5fae\u4fe1\u56fe\u7247_20240401131545-768x878.jpg 768w, https:\/\/www.saituprinter.com\/wp-content\/uploads\/2023\/12\/\u5fae\u4fe1\u56fe\u7247_20240401131545-10x12.jpg 10w\" sizes=\"(max-width: 800px) 100vw, 800px\" \/><\/p>\n<p>&nbsp;<\/p>\n<div style=\"width: 1280px;\" class=\"wp-video\"><!--[if lt IE 9]><script>document.createElement('video');<\/script><![endif]-->\n<video class=\"wp-video-shortcode\" id=\"video-9016-1\" width=\"1280\" height=\"720\" preload=\"metadata\" controls=\"controls\"><source type=\"video\/mp4\" src=\"https:\/\/saituprinter.com\/wp-content\/uploads\/2023\/12\/d88f498b7387116e80db13f379dd1bee.mp4?_=1\" \/><a href=\"https:\/\/saituprinter.com\/wp-content\/uploads\/2023\/12\/d88f498b7387116e80db13f379dd1bee.mp4\">https:\/\/saituprinter.com\/wp-content\/uploads\/2023\/12\/d88f498b7387116e80db13f379dd1bee.mp4<\/a><\/video><\/div>","protected":false},"excerpt":{"rendered":"<p>La impresora de sublimaci\u00f3n JC2608 es una soluci\u00f3n de impresi\u00f3n de alto rendimiento dise\u00f1ada para diversas aplicaciones, incluidas alfombras, tapetes, textiles para el hogar, tapicer\u00eda, cortinas, cortinas de ba\u00f1o, s\u00e1banas y m\u00e1s. Con sus funciones y capacidades avanzadas, esta impresora garantiza una calidad de impresi\u00f3n y una eficiencia excepcionales para diversas necesidades de impresi\u00f3n.<\/p>","protected":false},"featured_media":12975,"comment_status":"closed","ping_status":"closed","template":"","meta":[],"product_cat":[18,90],"product_tag":[26,27],"class_list":["post-9016","product","type-product","status-publish","has-post-thumbnail","hentry","product_cat-sublimation-printer","product_cat-1000m-paper-system-machine","product_tag-sublimation-printer","product_tag-textile-printer"],"_links":{"self":[{"href":"https:\/\/www.saituprinter.com\/es\/wp-json\/wp\/v2\/product\/9016","targetHints":{"allow":["GET"]}}],"collection":[{"href":"https:\/\/www.saituprinter.com\/es\/wp-json\/wp\/v2\/product"}],"about":[{"href":"https:\/\/www.saituprinter.com\/es\/wp-json\/wp\/v2\/types\/product"}],"replies":[{"embeddable":true,"href":"https:\/\/www.saituprinter.com\/es\/wp-json\/wp\/v2\/comments?post=9016"}],"wp:featuredmedia":[{"embeddable":true,"href":"https:\/\/www.saituprinter.com\/es\/wp-json\/wp\/v2\/media\/12975"}],"wp:attachment":[{"href":"https:\/\/www.saituprinter.com\/es\/wp-json\/wp\/v2\/media?parent=9016"}],"wp:term":[{"taxonomy":"product_cat","embeddable":true,"href":"https:\/\/www.saituprinter.com\/es\/wp-json\/wp\/v2\/product_cat?post=9016"},{"taxonomy":"product_tag","embeddable":true,"href":"https:\/\/www.saituprinter.com\/es\/wp-json\/wp\/v2\/product_tag?post=9016"}],"curies":[{"name":"wp","href":"https:\/\/api.w.org\/{rel}","templated":true}]}}