{"id":8999,"date":"2023-12-08T15:21:57","date_gmt":"2023-12-08T07:21:57","guid":{"rendered":"https:\/\/saituprinter.com\/?post_type=product&#038;p=8999"},"modified":"2025-06-14T13:16:23","modified_gmt":"2025-06-14T05:16:23","slug":"uv-roll-to-roll-printer","status":"publish","type":"product","link":"https:\/\/www.saituprinter.com\/es\/producto\/uv-roll-to-roll-printer\/","title":{"rendered":"SAITU 3.2m G5 UV roll-to-roll printer:JC3206UV"},"content":{"rendered":"<p>\u00bfBuscas mejorar la est\u00e9tica de tu espacio? \u00a1No busque m\u00e1s! Nuestra amplia gama de productos incluye pel\u00edculas blandas, inflables, adhesivos, opciones de retroiluminaci\u00f3n y varios tipos de papel tapiz. Nuestra impresora UV de \u00faltima generaci\u00f3n equipada con un cabezal de impresi\u00f3n G5 de 3,2 M garantiza impresiones impresionantes y de alta calidad. Con nuestra impresora rollo a rollo, podemos satisfacer todas sus necesidades de impresi\u00f3n. \u00a1Eleva tu decoraci\u00f3n con nosotros ahora! Aumente el atractivo de su espacio con nuestra amplia selecci\u00f3n de opciones de dise\u00f1o y tecnolog\u00eda de impresi\u00f3n de vanguardia. \u00a1Experimenta la diferencia hoy!<\/p>\n<p>Renueve su espacio con decoraci\u00f3n de paredes de alta calidad: explore nuestra amplia gama de opciones, que incluyen pel\u00edculas suaves, inflables, adhesivos y todo tipo de papel para paredes. Nuestro avanzado cabezal de impresi\u00f3n G5 de 3,2 M, nuestra impresora UV y nuestra impresora rollo a rollo garantizan una calidad de impresi\u00f3n excepcional. \u00a1Mejora tu juego de decoraci\u00f3n hoy!<\/p>\n<p><img fetchpriority=\"high\" decoding=\"async\" class=\"alignnone size-full wp-image-12566\" src=\"https:\/\/saituprinter.com\/wp-content\/uploads\/2023\/12\/\u5fae\u4fe1\u56fe\u7247_20250121113255-scaled.jpg\" alt=\"\" width=\"2560\" height=\"1920\" srcset=\"https:\/\/www.saituprinter.com\/wp-content\/uploads\/2023\/12\/\u5fae\u4fe1\u56fe\u7247_20250121113255-scaled.jpg 2560w, https:\/\/www.saituprinter.com\/wp-content\/uploads\/2023\/12\/\u5fae\u4fe1\u56fe\u7247_20250121113255-scaled-600x450.jpg 600w, https:\/\/www.saituprinter.com\/wp-content\/uploads\/2023\/12\/\u5fae\u4fe1\u56fe\u7247_20250121113255-scaled-150x113.jpg 150w, https:\/\/www.saituprinter.com\/wp-content\/uploads\/2023\/12\/\u5fae\u4fe1\u56fe\u7247_20250121113255-scaled-800x600.jpg 800w, https:\/\/www.saituprinter.com\/wp-content\/uploads\/2023\/12\/\u5fae\u4fe1\u56fe\u7247_20250121113255-768x576.jpg 768w, https:\/\/www.saituprinter.com\/wp-content\/uploads\/2023\/12\/\u5fae\u4fe1\u56fe\u7247_20250121113255-1536x1152.jpg 1536w, https:\/\/www.saituprinter.com\/wp-content\/uploads\/2023\/12\/\u5fae\u4fe1\u56fe\u7247_20250121113255-2048x1536.jpg 2048w\" sizes=\"(max-width: 2560px) 100vw, 2560px\" \/><\/p>\n<p>&nbsp;<\/p>\n<p>PAR\u00c1METRO DE PRODUCTOS<\/p>\n<table>\n<tbody>\n<tr>\n<td colspan=\"2\" width=\"171\">Modelo<\/td>\n<td width=\"191\">JC3206UV (para papel de pared)<\/td>\n<td width=\"188\">JC3206UV (para pel\u00edcula blanda)<\/td>\n<\/tr>\n<tr>\n<td colspan=\"2\">cabezal de impresi\u00f3n<\/td>\n<td colspan=\"2\" width=\"379\">6 piezas *Cabezales de impresi\u00f3n RICOH G6, incluidos 600 inyectores\/fila *2 l\u00edneas*1, hasta 1200 ppp<\/td>\n<\/tr>\n<tr>\n<td colspan=\"2\" width=\"171\">Ancho m\u00e1ximo de impresi\u00f3n<\/td>\n<td colspan=\"2\">3200 mm<\/td>\n<\/tr>\n<tr>\n<td colspan=\"2\" rowspan=\"3\" width=\"171\">Resoluci\u00f3n de impresi\u00f3n\/Velocidad<\/td>\n<td>Modo del producto: 22\u33a1\/H<\/td>\n<td>Modo del producto: 20\u33a1\/H<\/td>\n<\/tr>\n<tr>\n<td>Modo de resoluci\u00f3n: 19\u33a1\/H<\/td>\n<td>Modo de resoluci\u00f3n: 16\u33a1\/H<\/td>\n<\/tr>\n<tr>\n<td width=\"191\">Modo de alta resoluci\u00f3n: 16\u33a1\/H<\/td>\n<td width=\"188\">Modo de alta resoluci\u00f3n: 12\u33a1\/H<\/td>\n<\/tr>\n<tr>\n<td rowspan=\"2\">Tinta<\/td>\n<td>Clasificar<\/td>\n<td colspan=\"2\">tinta ultravioleta<\/td>\n<\/tr>\n<tr>\n<td>Capacidad<\/td>\n<td colspan=\"2\">Sistema de suministro de tinta vac\u00edo<\/td>\n<\/tr>\n<tr>\n<td rowspan=\"4\">Medios de comunicaci\u00f3n<\/td>\n<td>Ancho<\/td>\n<td colspan=\"2\">3300 mm<\/td>\n<\/tr>\n<tr>\n<td>Espesor<\/td>\n<td colspan=\"2\">Ajustable de 1,5 mm a 8 mm<\/td>\n<\/tr>\n<tr>\n<td width=\"92\">Peso del material<\/td>\n<td colspan=\"2\">225 kg<\/td>\n<\/tr>\n<tr>\n<td>Clasificar<\/td>\n<td colspan=\"2\" width=\"379\">Pel\u00edcula suave, inflable, adhesiva, retroiluminada, todo tipo de papel de pared, etc.<\/td>\n<\/tr>\n<tr>\n<td colspan=\"2\">Alta calidad de impresi\u00f3n<\/td>\n<td colspan=\"2\">tecnolog\u00eda VSD<\/td>\n<\/tr>\n<tr>\n<td colspan=\"2\">Calentador de medios<\/td>\n<td colspan=\"2\">Calentador trasero (se puede controlar por separado)<\/td>\n<\/tr>\n<tr>\n<td colspan=\"2\" width=\"171\">Sistema de recogida de medios<\/td>\n<td colspan=\"2\">Dispositivo de recogida de pel\u00edcula blanda (opcional)<\/td>\n<\/tr>\n<tr>\n<td colspan=\"2\" width=\"171\">Sistema de secado<\/td>\n<td colspan=\"2\">Calentador de luz UV, enfriador de luz LED<\/td>\n<\/tr>\n<tr>\n<td colspan=\"2\">Carril de gu\u00eda<\/td>\n<td colspan=\"2\">THK de Jap\u00f3n<\/td>\n<\/tr>\n<tr>\n<td colspan=\"2\">Interfaz<\/td>\n<td colspan=\"2\">USB 3.0<\/td>\n<\/tr>\n<tr>\n<td colspan=\"2\">software de procesamiento de archivos<\/td>\n<td colspan=\"2\">Principal Principal 6.0. Foto impresa<\/td>\n<\/tr>\n<tr>\n<td colspan=\"2\">Voltaje<\/td>\n<td colspan=\"2\">CA 110 V \u00b1 10%, CA 220 V \u00b1 10%, 50\/60 \u00b1 1 Hz<\/td>\n<\/tr>\n<tr>\n<td colspan=\"2\" width=\"171\">Entornos de operaci\u00f3n<\/td>\n<td colspan=\"2\">Temperatura: 15 \u2103 -30 \u2103, Humedad: 35%RH-65%RH<\/td>\n<\/tr>\n<tr>\n<td colspan=\"2\">Fuerza<\/td>\n<td colspan=\"2\">3500W<\/td>\n<\/tr>\n<tr>\n<td colspan=\"2\" width=\"171\">Dimensiones de la impresora (LWH)<\/td>\n<td colspan=\"2\">4800*1160*1580mm<\/td>\n<\/tr>\n<tr>\n<td colspan=\"2\" width=\"171\">Dimensiones del embalaje (LWH)<\/td>\n<td colspan=\"2\">4880*1220*1680mm<\/td>\n<\/tr>\n<tr>\n<td colspan=\"2\">Peso neto<\/td>\n<td colspan=\"2\">700KG<\/td>\n<\/tr>\n<tr>\n<td colspan=\"2\">Peso bruto<\/td>\n<td colspan=\"2\">900KG<\/td>\n<\/tr>\n<\/tbody>\n<\/table>\n<p>&nbsp;<\/p>\n<p><img decoding=\"async\" class=\"alignnone wp-image-9524\" src=\"https:\/\/saituprinter.com\/wp-content\/uploads\/2023\/12\/ink-station-scaled.jpg\" alt=\"\" width=\"274\" height=\"206\" srcset=\"https:\/\/www.saituprinter.com\/wp-content\/uploads\/2023\/12\/ink-station-scaled.jpg 2560w, https:\/\/www.saituprinter.com\/wp-content\/uploads\/2023\/12\/ink-station-scaled-600x450.jpg 600w, https:\/\/www.saituprinter.com\/wp-content\/uploads\/2023\/12\/ink-station-scaled-150x113.jpg 150w, https:\/\/www.saituprinter.com\/wp-content\/uploads\/2023\/12\/ink-station-scaled-800x600.jpg 800w, https:\/\/www.saituprinter.com\/wp-content\/uploads\/2023\/12\/ink-station-768x576.jpg 768w, https:\/\/www.saituprinter.com\/wp-content\/uploads\/2023\/12\/ink-station-1536x1152.jpg 1536w, https:\/\/www.saituprinter.com\/wp-content\/uploads\/2023\/12\/ink-station-2048x1536.jpg 2048w, https:\/\/www.saituprinter.com\/wp-content\/uploads\/2023\/12\/ink-station-16x12.jpg 16w\" sizes=\"(max-width: 274px) 100vw, 274px\" \/> \u00a0<img decoding=\"async\" class=\"alignnone wp-image-9527\" src=\"https:\/\/saituprinter.com\/wp-content\/uploads\/2023\/12\/\u5fae\u4fe1\u56fe\u7247_20240520125303-scaled.jpg\" alt=\"\" width=\"269\" height=\"202\" srcset=\"https:\/\/www.saituprinter.com\/wp-content\/uploads\/2023\/12\/\u5fae\u4fe1\u56fe\u7247_20240520125303-scaled.jpg 2560w, https:\/\/www.saituprinter.com\/wp-content\/uploads\/2023\/12\/\u5fae\u4fe1\u56fe\u7247_20240520125303-scaled-600x450.jpg 600w, https:\/\/www.saituprinter.com\/wp-content\/uploads\/2023\/12\/\u5fae\u4fe1\u56fe\u7247_20240520125303-scaled-150x113.jpg 150w, https:\/\/www.saituprinter.com\/wp-content\/uploads\/2023\/12\/\u5fae\u4fe1\u56fe\u7247_20240520125303-scaled-800x600.jpg 800w, https:\/\/www.saituprinter.com\/wp-content\/uploads\/2023\/12\/\u5fae\u4fe1\u56fe\u7247_20240520125303-768x576.jpg 768w, https:\/\/www.saituprinter.com\/wp-content\/uploads\/2023\/12\/\u5fae\u4fe1\u56fe\u7247_20240520125303-1536x1152.jpg 1536w, https:\/\/www.saituprinter.com\/wp-content\/uploads\/2023\/12\/\u5fae\u4fe1\u56fe\u7247_20240520125303-2048x1536.jpg 2048w, https:\/\/www.saituprinter.com\/wp-content\/uploads\/2023\/12\/\u5fae\u4fe1\u56fe\u7247_20240520125303-16x12.jpg 16w\" sizes=\"(max-width: 269px) 100vw, 269px\" \/> \u00a0<img loading=\"lazy\" decoding=\"async\" class=\"alignnone wp-image-9523\" src=\"https:\/\/saituprinter.com\/wp-content\/uploads\/2023\/12\/cartridge-car-scaled.jpg\" alt=\"\" width=\"157\" height=\"210\" srcset=\"https:\/\/www.saituprinter.com\/wp-content\/uploads\/2023\/12\/cartridge-car-scaled.jpg 1920w, https:\/\/www.saituprinter.com\/wp-content\/uploads\/2023\/12\/cartridge-car-scaled-600x800.jpg 600w, https:\/\/www.saituprinter.com\/wp-content\/uploads\/2023\/12\/cartridge-car-scaled-150x200.jpg 150w, https:\/\/www.saituprinter.com\/wp-content\/uploads\/2023\/12\/cartridge-car-scaled-800x1067.jpg 800w, https:\/\/www.saituprinter.com\/wp-content\/uploads\/2023\/12\/cartridge-car-768x1024.jpg 768w, https:\/\/www.saituprinter.com\/wp-content\/uploads\/2023\/12\/cartridge-car-1152x1536.jpg 1152w, https:\/\/www.saituprinter.com\/wp-content\/uploads\/2023\/12\/cartridge-car-1536x2048.jpg 1536w, https:\/\/www.saituprinter.com\/wp-content\/uploads\/2023\/12\/cartridge-car-9x12.jpg 9w\" sizes=\"(max-width: 157px) 100vw, 157px\" \/><\/p>\n<p>El n\u00famero m\u00e1ximo de cabezales de impresi\u00f3n Ricoh que se pueden colocar es seis. Son posibles configuraciones como W CMYK, W CMYK V y WW CMYK CMYK.<\/p>\n<p><img loading=\"lazy\" decoding=\"async\" class=\"alignnone wp-image-12562\" src=\"https:\/\/saituprinter.com\/wp-content\/uploads\/2023\/12\/\u5fae\u4fe1\u56fe\u7247_20250121113229-scaled.jpg\" alt=\"\" width=\"365\" height=\"274\" srcset=\"https:\/\/www.saituprinter.com\/wp-content\/uploads\/2023\/12\/\u5fae\u4fe1\u56fe\u7247_20250121113229-scaled.jpg 2560w, https:\/\/www.saituprinter.com\/wp-content\/uploads\/2023\/12\/\u5fae\u4fe1\u56fe\u7247_20250121113229-scaled-600x450.jpg 600w, https:\/\/www.saituprinter.com\/wp-content\/uploads\/2023\/12\/\u5fae\u4fe1\u56fe\u7247_20250121113229-scaled-150x113.jpg 150w, https:\/\/www.saituprinter.com\/wp-content\/uploads\/2023\/12\/\u5fae\u4fe1\u56fe\u7247_20250121113229-scaled-800x600.jpg 800w, https:\/\/www.saituprinter.com\/wp-content\/uploads\/2023\/12\/\u5fae\u4fe1\u56fe\u7247_20250121113229-768x576.jpg 768w, https:\/\/www.saituprinter.com\/wp-content\/uploads\/2023\/12\/\u5fae\u4fe1\u56fe\u7247_20250121113229-1536x1152.jpg 1536w, https:\/\/www.saituprinter.com\/wp-content\/uploads\/2023\/12\/\u5fae\u4fe1\u56fe\u7247_20250121113229-2048x1536.jpg 2048w\" sizes=\"(max-width: 365px) 100vw, 365px\" \/><\/p>\n<p>La plataforma y las barras de asistencia delanteras pueden garantizar una superficie de impresi\u00f3n m\u00e1s plana para el material.<\/p>\n<p><img loading=\"lazy\" decoding=\"async\" class=\"alignnone wp-image-9531\" src=\"https:\/\/saituprinter.com\/wp-content\/uploads\/2023\/12\/take-up-syetem-21-scaled.jpg\" alt=\"\" width=\"210\" height=\"280\" srcset=\"https:\/\/www.saituprinter.com\/wp-content\/uploads\/2023\/12\/take-up-syetem-21-scaled.jpg 1920w, https:\/\/www.saituprinter.com\/wp-content\/uploads\/2023\/12\/take-up-syetem-21-scaled-600x800.jpg 600w, https:\/\/www.saituprinter.com\/wp-content\/uploads\/2023\/12\/take-up-syetem-21-scaled-150x200.jpg 150w, https:\/\/www.saituprinter.com\/wp-content\/uploads\/2023\/12\/take-up-syetem-21-scaled-800x1067.jpg 800w, https:\/\/www.saituprinter.com\/wp-content\/uploads\/2023\/12\/take-up-syetem-21-768x1024.jpg 768w, https:\/\/www.saituprinter.com\/wp-content\/uploads\/2023\/12\/take-up-syetem-21-1152x1536.jpg 1152w, https:\/\/www.saituprinter.com\/wp-content\/uploads\/2023\/12\/take-up-syetem-21-1536x2048.jpg 1536w, https:\/\/www.saituprinter.com\/wp-content\/uploads\/2023\/12\/take-up-syetem-21-9x12.jpg 9w\" sizes=\"(max-width: 210px) 100vw, 210px\" \/> <img loading=\"lazy\" decoding=\"async\" class=\"alignnone wp-image-9529\" src=\"https:\/\/saituprinter.com\/wp-content\/uploads\/2023\/12\/feeding-system-scaled.jpg\" alt=\"\" width=\"377\" height=\"283\" srcset=\"https:\/\/www.saituprinter.com\/wp-content\/uploads\/2023\/12\/feeding-system-scaled.jpg 2560w, https:\/\/www.saituprinter.com\/wp-content\/uploads\/2023\/12\/feeding-system-scaled-600x450.jpg 600w, https:\/\/www.saituprinter.com\/wp-content\/uploads\/2023\/12\/feeding-system-scaled-150x113.jpg 150w, https:\/\/www.saituprinter.com\/wp-content\/uploads\/2023\/12\/feeding-system-scaled-800x600.jpg 800w, https:\/\/www.saituprinter.com\/wp-content\/uploads\/2023\/12\/feeding-system-768x576.jpg 768w, https:\/\/www.saituprinter.com\/wp-content\/uploads\/2023\/12\/feeding-system-1536x1152.jpg 1536w, https:\/\/www.saituprinter.com\/wp-content\/uploads\/2023\/12\/feeding-system-2048x1536.jpg 2048w, https:\/\/www.saituprinter.com\/wp-content\/uploads\/2023\/12\/feeding-system-16x12.jpg 16w\" sizes=\"(max-width: 377px) 100vw, 377px\" \/> <img loading=\"lazy\" decoding=\"async\" class=\"alignnone wp-image-9532\" src=\"https:\/\/saituprinter.com\/wp-content\/uploads\/2023\/12\/take-up-syetem.jpg\" alt=\"\" width=\"156\" height=\"277\" srcset=\"https:\/\/www.saituprinter.com\/wp-content\/uploads\/2023\/12\/take-up-syetem.jpg 1080w, https:\/\/www.saituprinter.com\/wp-content\/uploads\/2023\/12\/take-up-syetem-600x1067.jpg 600w, https:\/\/www.saituprinter.com\/wp-content\/uploads\/2023\/12\/take-up-syetem-150x267.jpg 150w, https:\/\/www.saituprinter.com\/wp-content\/uploads\/2023\/12\/take-up-syetem-800x1422.jpg 800w, https:\/\/www.saituprinter.com\/wp-content\/uploads\/2023\/12\/take-up-syetem-768x1365.jpg 768w, https:\/\/www.saituprinter.com\/wp-content\/uploads\/2023\/12\/take-up-syetem-864x1536.jpg 864w, https:\/\/www.saituprinter.com\/wp-content\/uploads\/2023\/12\/take-up-syetem-7x12.jpg 7w\" sizes=\"(max-width: 156px) 100vw, 156px\" \/> <img loading=\"lazy\" decoding=\"async\" class=\"alignnone wp-image-9216\" src=\"https:\/\/saituprinter.com\/wp-content\/uploads\/2023\/12\/\u5fae\u4fe1\u56fe\u7247_20240201112217-scaled.jpg\" alt=\"\" width=\"209\" height=\"278\" srcset=\"https:\/\/www.saituprinter.com\/wp-content\/uploads\/2023\/12\/\u5fae\u4fe1\u56fe\u7247_20240201112217-scaled.jpg 1920w, https:\/\/www.saituprinter.com\/wp-content\/uploads\/2023\/12\/\u5fae\u4fe1\u56fe\u7247_20240201112217-scaled-600x800.jpg 600w, https:\/\/www.saituprinter.com\/wp-content\/uploads\/2023\/12\/\u5fae\u4fe1\u56fe\u7247_20240201112217-scaled-150x200.jpg 150w, https:\/\/www.saituprinter.com\/wp-content\/uploads\/2023\/12\/\u5fae\u4fe1\u56fe\u7247_20240201112217-scaled-800x1067.jpg 800w, https:\/\/www.saituprinter.com\/wp-content\/uploads\/2023\/12\/\u5fae\u4fe1\u56fe\u7247_20240201112217-768x1024.jpg 768w, https:\/\/www.saituprinter.com\/wp-content\/uploads\/2023\/12\/\u5fae\u4fe1\u56fe\u7247_20240201112217-1152x1536.jpg 1152w, https:\/\/www.saituprinter.com\/wp-content\/uploads\/2023\/12\/\u5fae\u4fe1\u56fe\u7247_20240201112217-1536x2048.jpg 1536w, https:\/\/www.saituprinter.com\/wp-content\/uploads\/2023\/12\/\u5fae\u4fe1\u56fe\u7247_20240201112217-9x12.jpg 9w\" sizes=\"(max-width: 209px) 100vw, 209px\" \/><\/p>\n<p>El sistema de rebobinado dedicado garantiza una mayor superficie de contacto para materiales el\u00e1sticos, lo que resulta en un proceso de impresi\u00f3n m\u00e1s suave y plano.<\/p>\n<p><img loading=\"lazy\" decoding=\"async\" class=\"alignnone wp-image-9534\" src=\"https:\/\/saituprinter.com\/wp-content\/uploads\/2023\/12\/board-scaled.jpg\" alt=\"\" width=\"219\" height=\"292\" srcset=\"https:\/\/www.saituprinter.com\/wp-content\/uploads\/2023\/12\/board-scaled.jpg 1920w, https:\/\/www.saituprinter.com\/wp-content\/uploads\/2023\/12\/board-scaled-600x800.jpg 600w, https:\/\/www.saituprinter.com\/wp-content\/uploads\/2023\/12\/board-scaled-150x200.jpg 150w, https:\/\/www.saituprinter.com\/wp-content\/uploads\/2023\/12\/board-scaled-800x1067.jpg 800w, https:\/\/www.saituprinter.com\/wp-content\/uploads\/2023\/12\/board-768x1024.jpg 768w, https:\/\/www.saituprinter.com\/wp-content\/uploads\/2023\/12\/board-1152x1536.jpg 1152w, https:\/\/www.saituprinter.com\/wp-content\/uploads\/2023\/12\/board-1536x2048.jpg 1536w, https:\/\/www.saituprinter.com\/wp-content\/uploads\/2023\/12\/board-9x12.jpg 9w\" sizes=\"(max-width: 219px) 100vw, 219px\" \/> <img loading=\"lazy\" decoding=\"async\" class=\"alignnone wp-image-9535\" src=\"https:\/\/saituprinter.com\/wp-content\/uploads\/2023\/12\/\u5fae\u4fe1\u56fe\u7247_20240520125406-scaled.jpg\" alt=\"\" width=\"216\" height=\"288\" srcset=\"https:\/\/www.saituprinter.com\/wp-content\/uploads\/2023\/12\/\u5fae\u4fe1\u56fe\u7247_20240520125406-scaled.jpg 1920w, https:\/\/www.saituprinter.com\/wp-content\/uploads\/2023\/12\/\u5fae\u4fe1\u56fe\u7247_20240520125406-scaled-600x800.jpg 600w, https:\/\/www.saituprinter.com\/wp-content\/uploads\/2023\/12\/\u5fae\u4fe1\u56fe\u7247_20240520125406-scaled-150x200.jpg 150w, https:\/\/www.saituprinter.com\/wp-content\/uploads\/2023\/12\/\u5fae\u4fe1\u56fe\u7247_20240520125406-scaled-800x1067.jpg 800w, https:\/\/www.saituprinter.com\/wp-content\/uploads\/2023\/12\/\u5fae\u4fe1\u56fe\u7247_20240520125406-768x1024.jpg 768w, https:\/\/www.saituprinter.com\/wp-content\/uploads\/2023\/12\/\u5fae\u4fe1\u56fe\u7247_20240520125406-1152x1536.jpg 1152w, https:\/\/www.saituprinter.com\/wp-content\/uploads\/2023\/12\/\u5fae\u4fe1\u56fe\u7247_20240520125406-1536x2048.jpg 1536w, https:\/\/www.saituprinter.com\/wp-content\/uploads\/2023\/12\/\u5fae\u4fe1\u56fe\u7247_20240520125406-9x12.jpg 9w\" sizes=\"(max-width: 216px) 100vw, 216px\" \/> <img loading=\"lazy\" decoding=\"async\" class=\"alignnone wp-image-9536\" src=\"https:\/\/saituprinter.com\/wp-content\/uploads\/2023\/12\/\u5fae\u4fe1\u56fe\u7247_20240520125413-scaled.jpg\" alt=\"\" width=\"216\" height=\"288\" srcset=\"https:\/\/www.saituprinter.com\/wp-content\/uploads\/2023\/12\/\u5fae\u4fe1\u56fe\u7247_20240520125413-scaled.jpg 1920w, https:\/\/www.saituprinter.com\/wp-content\/uploads\/2023\/12\/\u5fae\u4fe1\u56fe\u7247_20240520125413-scaled-600x800.jpg 600w, https:\/\/www.saituprinter.com\/wp-content\/uploads\/2023\/12\/\u5fae\u4fe1\u56fe\u7247_20240520125413-scaled-150x200.jpg 150w, https:\/\/www.saituprinter.com\/wp-content\/uploads\/2023\/12\/\u5fae\u4fe1\u56fe\u7247_20240520125413-scaled-800x1067.jpg 800w, https:\/\/www.saituprinter.com\/wp-content\/uploads\/2023\/12\/\u5fae\u4fe1\u56fe\u7247_20240520125413-768x1024.jpg 768w, https:\/\/www.saituprinter.com\/wp-content\/uploads\/2023\/12\/\u5fae\u4fe1\u56fe\u7247_20240520125413-1152x1536.jpg 1152w, https:\/\/www.saituprinter.com\/wp-content\/uploads\/2023\/12\/\u5fae\u4fe1\u56fe\u7247_20240520125413-1536x2048.jpg 1536w, https:\/\/www.saituprinter.com\/wp-content\/uploads\/2023\/12\/\u5fae\u4fe1\u56fe\u7247_20240520125413-9x12.jpg 9w\" sizes=\"(max-width: 216px) 100vw, 216px\" \/> <img loading=\"lazy\" decoding=\"async\" class=\"alignnone wp-image-9537\" src=\"https:\/\/saituprinter.com\/wp-content\/uploads\/2023\/12\/\u5fae\u4fe1\u56fe\u7247_20240520125423-scaled.jpg\" alt=\"\" width=\"215\" height=\"287\" srcset=\"https:\/\/www.saituprinter.com\/wp-content\/uploads\/2023\/12\/\u5fae\u4fe1\u56fe\u7247_20240520125423-scaled.jpg 1920w, https:\/\/www.saituprinter.com\/wp-content\/uploads\/2023\/12\/\u5fae\u4fe1\u56fe\u7247_20240520125423-scaled-600x800.jpg 600w, https:\/\/www.saituprinter.com\/wp-content\/uploads\/2023\/12\/\u5fae\u4fe1\u56fe\u7247_20240520125423-scaled-150x200.jpg 150w, https:\/\/www.saituprinter.com\/wp-content\/uploads\/2023\/12\/\u5fae\u4fe1\u56fe\u7247_20240520125423-scaled-800x1067.jpg 800w, https:\/\/www.saituprinter.com\/wp-content\/uploads\/2023\/12\/\u5fae\u4fe1\u56fe\u7247_20240520125423-768x1024.jpg 768w, https:\/\/www.saituprinter.com\/wp-content\/uploads\/2023\/12\/\u5fae\u4fe1\u56fe\u7247_20240520125423-1152x1536.jpg 1152w, https:\/\/www.saituprinter.com\/wp-content\/uploads\/2023\/12\/\u5fae\u4fe1\u56fe\u7247_20240520125423-1536x2048.jpg 1536w, https:\/\/www.saituprinter.com\/wp-content\/uploads\/2023\/12\/\u5fae\u4fe1\u56fe\u7247_20240520125423-9x12.jpg 9w\" sizes=\"(max-width: 215px) 100vw, 215px\" \/><\/p>\n<p>Tarjetas de tablero y l\u00edneas claramente visibles.<\/p>\n<p>&nbsp;<\/p>\n<p>El v\u00eddeo del usuario.<\/p>\n<div style=\"width: 464px;\" class=\"wp-video\"><!--[if lt IE 9]><script>document.createElement('video');<\/script><![endif]-->\n<video class=\"wp-video-shortcode\" id=\"video-8999-1\" width=\"464\" height=\"960\" preload=\"metadata\" controls=\"controls\"><source type=\"video\/mp4\" src=\"https:\/\/saituprinter.com\/wp-content\/uploads\/2023\/12\/1bea74c0249e250b04d5b2266bef87b1.mp4?_=1\" \/><a href=\"https:\/\/saituprinter.com\/wp-content\/uploads\/2023\/12\/1bea74c0249e250b04d5b2266bef87b1.mp4\">https:\/\/saituprinter.com\/wp-content\/uploads\/2023\/12\/1bea74c0249e250b04d5b2266bef87b1.mp4<\/a><\/video><\/div>","protected":false},"excerpt":{"rendered":"<p>Renueve su espacio con decoraci\u00f3n de paredes de alta calidad: explore nuestra amplia gama de opciones, que incluyen pel\u00edculas suaves, inflables, adhesivos y todo tipo de papel para paredes. Nuestro avanzado cabezal de impresi\u00f3n G5 de 3,2 M, nuestra impresora UV y nuestra impresora rollo a rollo garantizan una calidad de impresi\u00f3n excepcional. \u00a1Mejora tu juego de decoraci\u00f3n hoy!<\/p>","protected":false},"featured_media":13004,"comment_status":"closed","ping_status":"closed","template":"","meta":[],"product_cat":[95,19],"product_tag":[24,25,23],"class_list":["post-8999","product","type-product","status-publish","has-post-thumbnail","hentry","product_cat-roll-to-roll-printer","product_cat-uv-printer","product_tag-g5-printer","product_tag-uv-machine","product_tag-uv-printer"],"_links":{"self":[{"href":"https:\/\/www.saituprinter.com\/es\/wp-json\/wp\/v2\/product\/8999","targetHints":{"allow":["GET"]}}],"collection":[{"href":"https:\/\/www.saituprinter.com\/es\/wp-json\/wp\/v2\/product"}],"about":[{"href":"https:\/\/www.saituprinter.com\/es\/wp-json\/wp\/v2\/types\/product"}],"replies":[{"embeddable":true,"href":"https:\/\/www.saituprinter.com\/es\/wp-json\/wp\/v2\/comments?post=8999"}],"wp:featuredmedia":[{"embeddable":true,"href":"https:\/\/www.saituprinter.com\/es\/wp-json\/wp\/v2\/media\/13004"}],"wp:attachment":[{"href":"https:\/\/www.saituprinter.com\/es\/wp-json\/wp\/v2\/media?parent=8999"}],"wp:term":[{"taxonomy":"product_cat","embeddable":true,"href":"https:\/\/www.saituprinter.com\/es\/wp-json\/wp\/v2\/product_cat?post=8999"},{"taxonomy":"product_tag","embeddable":true,"href":"https:\/\/www.saituprinter.com\/es\/wp-json\/wp\/v2\/product_tag?post=8999"}],"curies":[{"name":"wp","href":"https:\/\/api.w.org\/{rel}","templated":true}]}}