{"id":8995,"date":"2023-12-08T14:50:54","date_gmt":"2023-12-08T06:50:54","guid":{"rendered":"https:\/\/saituprinter.com\/?post_type=product&#038;p=8995"},"modified":"2025-06-07T15:22:47","modified_gmt":"2025-06-07T07:22:47","slug":"saitu-printer-saitu-700cm-dtf-printer","status":"publish","type":"product","link":"https:\/\/www.saituprinter.com\/es\/producto\/saitu-printer-saitu-700cm-dtf-printer\/","title":{"rendered":"Impresora DTF SAITU de 60 cm: JC0702\/0704"},"content":{"rendered":"<p><img fetchpriority=\"high\" decoding=\"async\" class=\"alignnone size-full wp-image-9420\" src=\"https:\/\/saituprinter.com\/wp-content\/uploads\/2023\/12\/DTF1.jpg\" alt=\"\" width=\"800\" height=\"800\" srcset=\"https:\/\/www.saituprinter.com\/wp-content\/uploads\/2023\/12\/DTF1.jpg 800w, https:\/\/www.saituprinter.com\/wp-content\/uploads\/2023\/12\/DTF1-600x600.jpg 600w, https:\/\/www.saituprinter.com\/wp-content\/uploads\/2023\/12\/DTF1-150x150.jpg 150w, https:\/\/www.saituprinter.com\/wp-content\/uploads\/2023\/12\/DTF1-768x768.jpg 768w, https:\/\/www.saituprinter.com\/wp-content\/uploads\/2023\/12\/DTF1-12x12.jpg 12w\" sizes=\"(max-width: 800px) 100vw, 800px\" \/><\/p>\n<ul>\n<li>Color blanco preciso, sin rastro de borde hueco.<\/li>\n<li>Tarea unipersonal, apta para cualquier tejido.<\/li>\n<li style=\"text-align: left;\">Tinta DTF, impresi\u00f3n de camisetas.<\/li>\n<\/ul>\n<p><strong>Proceso de impresi\u00f3n<\/strong><\/p>\n<p>&nbsp;<\/p>\n<p>Imprimir \u2192 Poner polvo \u2192 Secar \u2192 Prensa en caliente<\/p>\n<p><img decoding=\"async\" class=\"alignnone size-full wp-image-8998\" src=\"http:\/\/saituprinter.com\/wp-content\/uploads\/2023\/12\/\u56fe\u724714.png\" alt=\"\" width=\"844\" height=\"318\" srcset=\"https:\/\/www.saituprinter.com\/wp-content\/uploads\/2023\/12\/\u56fe\u724714.png 844w, https:\/\/www.saituprinter.com\/wp-content\/uploads\/2023\/12\/\u56fe\u724714-600x226.png 600w, https:\/\/www.saituprinter.com\/wp-content\/uploads\/2023\/12\/\u56fe\u724714-150x57.png 150w, https:\/\/www.saituprinter.com\/wp-content\/uploads\/2023\/12\/\u56fe\u724714-800x301.png 800w, https:\/\/www.saituprinter.com\/wp-content\/uploads\/2023\/12\/\u56fe\u724714-768x289.png 768w\" sizes=\"(max-width: 844px) 100vw, 844px\" \/><\/p>\n<p>&nbsp;<\/p>\n<p>&nbsp;<\/p>\n<p><strong>Proveedor de impresora SAITU DTF:<\/strong><\/p>\n<p>Abrace el futuro de la impresi\u00f3n con la m\u00e1quina Saitu-DTF \u00bfBusca una soluci\u00f3n de vanguardia para simplificar y mejorar su experiencia de impresi\u00f3n? No busque m\u00e1s, la m\u00e1quina Saitu-DTF, la elecci\u00f3n perfecta tanto para particulares como para empresas. Con esta innovadora m\u00e1quina, imprimir en camisetas de algod\u00f3n, sombreros, bolsas de lona y mucho m\u00e1s nunca fue tan f\u00e1cil.<\/p>\n<p>&nbsp;<\/p>\n<p>Atr\u00e1s quedaron los d\u00edas de procesos de impresi\u00f3n obsoletos y engorrosos. La m\u00e1quina Saitu-DTF le ofrece un enfoque de impresi\u00f3n simple, eficiente y moderno. D\u00edgale adi\u00f3s a los altos costos y dificultades mientras avanza hacia el futuro de la impresi\u00f3n.<\/p>\n<p>&nbsp;<\/p>\n<p>En el centro del dise\u00f1o de la m\u00e1quina Saitu-DTF se encuentra la estabilidad y la eficiencia. Equipada con un potente cabezal de impresi\u00f3n de 700 cm\/1,3 m4\/5\/8i3200, esta m\u00e1quina garantiza una velocidad y precisi\u00f3n incomparables en todos sus proyectos de impresi\u00f3n. Si usted es una peque\u00f1a empresa o un entusiasta de la impresi\u00f3n, la m\u00e1quina Saitu-DTF no s\u00f3lo cumplir\u00e1 sino que superar\u00e1 sus expectativas.<\/p>\n<p>&nbsp;<\/p>\n<p>Aproveche la comodidad, la eficiencia y el estilo que ofrece la m\u00e1quina Saitu-DTF y destaque con sus creaciones impresas. Descubra las infinitas posibilidades que ofrece esta m\u00e1quina y lleve sus proyectos de impresi\u00f3n a nuevas alturas.<\/p>\n<p>&nbsp;<\/p>\n<p>Elija la m\u00e1quina Saitu-DTF y transforme su forma de imprimir. Cont\u00e1ctenos ahora para tener en sus manos su tecnolog\u00eda revolucionaria.<\/p>\n<p>&nbsp;<\/p>\n<p><strong>Acerca de la impresora:<\/strong><\/p>\n<table>\n<tbody>\n<tr>\n<td colspan=\"2\" width=\"187\"><strong>Modelo<\/strong><\/td>\n<td width=\"131\"><strong>JC0702<\/strong><\/td>\n<td width=\"111\"><strong>JC0704<\/strong><\/td>\n<td width=\"163\">JC1308<\/td>\n<\/tr>\n<tr>\n<td colspan=\"2\">cabezal de impresi\u00f3n<\/td>\n<td width=\"131\">2 cabezales de impresi\u00f3n i3200<\/td>\n<td width=\"111\">4 cabezales de impresi\u00f3n i3200<\/td>\n<td width=\"163\">8 cabezales de impresi\u00f3n i3200<\/td>\n<\/tr>\n<tr>\n<td colspan=\"2\" width=\"187\">Ancho m\u00e1ximo de impresi\u00f3n<\/td>\n<td colspan=\"3\">650 mm<\/td>\n<\/tr>\n<tr>\n<td rowspan=\"3\" width=\"72\">Resoluci\u00f3n de impresi\u00f3n\/Velocidad<\/td>\n<td width=\"115\">Modo de producto<\/td>\n<td>18\u33a1\/H<\/td>\n<td>28\u33a1\/H<\/td>\n<td>62\u33a1\/H<\/td>\n<\/tr>\n<tr>\n<td width=\"115\">Modo de resoluci\u00f3n<\/td>\n<td>12\u33a1\/H<\/td>\n<td>24\u33a1\/H<\/td>\n<td>36\u33a1\/H<\/td>\n<\/tr>\n<tr>\n<td width=\"115\">Modo de alta resoluci\u00f3n<\/td>\n<td width=\"131\">10\u33a1\/H<\/td>\n<td width=\"111\">20\u33a1\/hora<\/td>\n<td>28\u33a1\/H<\/td>\n<\/tr>\n<tr>\n<td rowspan=\"2\">Tinta<\/td>\n<td>clasificaci\u00f3n de tinta<\/td>\n<td colspan=\"3\">Tinta pigmentada DTF<\/td>\n<\/tr>\n<tr>\n<td width=\"115\">Modo de suministro de tinta<\/td>\n<td colspan=\"3\">Sistema de suministro de tinta vac\u00edo<\/td>\n<\/tr>\n<tr>\n<td rowspan=\"4\">Medios de comunicaci\u00f3n<\/td>\n<td>Ancho<\/td>\n<td colspan=\"2\">700 mm<\/td>\n<td>1200 mm<\/td>\n<\/tr>\n<tr>\n<td>Espesor<\/td>\n<td colspan=\"2\">2-8 mm<\/td>\n<td>1,5-8mm<\/td>\n<\/tr>\n<tr>\n<td>peso m\u00e1ximo<\/td>\n<td colspan=\"2\">75 kg<\/td>\n<td>150 kg<\/td>\n<\/tr>\n<tr>\n<td>Clasificar<\/td>\n<td colspan=\"3\" width=\"405\">Materiales de pintura en caliente, pintura en caliente para ropa, material de impresi\u00f3n offset, pel\u00edcula grabada, bolsa de lona, sombrero.<\/td>\n<\/tr>\n<tr>\n<td colspan=\"2\">Alta resoluci\u00f3n<\/td>\n<td colspan=\"3\" width=\"405\">tecnolog\u00eda VSD<\/td>\n<\/tr>\n<tr>\n<td colspan=\"2\">Calentador de medios<\/td>\n<td colspan=\"3\" width=\"405\">Calefacci\u00f3n delantera\/trasera (se puede controlar por separado)<\/td>\n<\/tr>\n<tr>\n<td colspan=\"2\">sistema de recogida<\/td>\n<td colspan=\"2\" width=\"242\">Sistema de recogida sencillo<\/td>\n<td width=\"163\">Sistema de recogida pesada<\/td>\n<\/tr>\n<tr>\n<td colspan=\"2\">Carril de gu\u00eda<\/td>\n<td colspan=\"3\">THK de Jap\u00f3n<\/td>\n<\/tr>\n<tr>\n<td colspan=\"2\">Interfaz<\/td>\n<td colspan=\"3\">1000Mbps<\/td>\n<\/tr>\n<tr>\n<td colspan=\"2\">software de procesamiento de archivos<\/td>\n<td colspan=\"3\">Parte superior principal 6.1<\/td>\n<\/tr>\n<tr>\n<td colspan=\"2\">Voltaje<\/td>\n<td colspan=\"3\">CA 110 V \u00b1 10%, CA 220 V \u00b1 10%, 50\/60 \u00b1 1 Hz<\/td>\n<\/tr>\n<tr>\n<td colspan=\"2\" width=\"187\">Entornos de operaci\u00f3n<\/td>\n<td colspan=\"3\">Temperatura: 15 \u2103 -30 \u2103, Humedad: 35%RH-65%RH<\/td>\n<\/tr>\n<tr>\n<td colspan=\"2\">Fuerza<\/td>\n<td>4000W<\/td>\n<td>6500W<\/td>\n<td>10000W<\/td>\n<\/tr>\n<tr>\n<td colspan=\"2\" width=\"187\">Dimensiones de la impresora (LWH)<\/td>\n<td colspan=\"2\">3000*1500*1400mm<\/td>\n<td>2900*1100*1500mm<\/td>\n<\/tr>\n<tr>\n<td colspan=\"2\" width=\"187\">Dimensiones del embalaje (LWH)<\/td>\n<td colspan=\"2\">3030*850*750mm<\/td>\n<td>3000*950*1450mm<\/td>\n<\/tr>\n<tr>\n<td colspan=\"2\">Peso neto<\/td>\n<td colspan=\"2\">150 kg<\/td>\n<td>300KG<\/td>\n<\/tr>\n<tr>\n<td colspan=\"2\">Peso bruto<\/td>\n<td colspan=\"2\">220 kg<\/td>\n<td>350 kg<\/td>\n<\/tr>\n<\/tbody>\n<\/table>\n<p><strong>Sobre el usuario:<\/strong><\/p>\n<p><img decoding=\"async\" class=\"alignnone wp-image-9055\" src=\"https:\/\/saituprinter.com\/wp-content\/uploads\/2023\/12\/\u5fae\u4fe1\u56fe\u7247_20231216155414.jpg\" alt=\"\" width=\"341\" height=\"255\" srcset=\"https:\/\/www.saituprinter.com\/wp-content\/uploads\/2023\/12\/\u5fae\u4fe1\u56fe\u7247_20231216155414.jpg 1445w, https:\/\/www.saituprinter.com\/wp-content\/uploads\/2023\/12\/\u5fae\u4fe1\u56fe\u7247_20231216155414-600x448.jpg 600w, https:\/\/www.saituprinter.com\/wp-content\/uploads\/2023\/12\/\u5fae\u4fe1\u56fe\u7247_20231216155414-150x112.jpg 150w, https:\/\/www.saituprinter.com\/wp-content\/uploads\/2023\/12\/\u5fae\u4fe1\u56fe\u7247_20231216155414-800x598.jpg 800w, https:\/\/www.saituprinter.com\/wp-content\/uploads\/2023\/12\/\u5fae\u4fe1\u56fe\u7247_20231216155414-768x574.jpg 768w, https:\/\/www.saituprinter.com\/wp-content\/uploads\/2023\/12\/\u5fae\u4fe1\u56fe\u7247_20231216155414-16x12.jpg 16w\" sizes=\"(max-width: 341px) 100vw, 341px\" \/> <img loading=\"lazy\" decoding=\"async\" class=\"alignnone wp-image-9056\" src=\"https:\/\/saituprinter.com\/wp-content\/uploads\/2023\/12\/\u5fae\u4fe1\u56fe\u7247_20231216155318.jpg\" alt=\"\" width=\"334\" height=\"251\" srcset=\"https:\/\/www.saituprinter.com\/wp-content\/uploads\/2023\/12\/\u5fae\u4fe1\u56fe\u7247_20231216155318.jpg 1438w, https:\/\/www.saituprinter.com\/wp-content\/uploads\/2023\/12\/\u5fae\u4fe1\u56fe\u7247_20231216155318-600x451.jpg 600w, https:\/\/www.saituprinter.com\/wp-content\/uploads\/2023\/12\/\u5fae\u4fe1\u56fe\u7247_20231216155318-150x113.jpg 150w, https:\/\/www.saituprinter.com\/wp-content\/uploads\/2023\/12\/\u5fae\u4fe1\u56fe\u7247_20231216155318-800x601.jpg 800w, https:\/\/www.saituprinter.com\/wp-content\/uploads\/2023\/12\/\u5fae\u4fe1\u56fe\u7247_20231216155318-768x577.jpg 768w, https:\/\/www.saituprinter.com\/wp-content\/uploads\/2023\/12\/\u5fae\u4fe1\u56fe\u7247_20231216155318-16x12.jpg 16w\" sizes=\"(max-width: 334px) 100vw, 334px\" \/><\/p>\n<div style=\"width: 960px;\" class=\"wp-video\"><!--[if lt IE 9]><script>document.createElement('video');<\/script><![endif]-->\n<video class=\"wp-video-shortcode\" id=\"video-8995-1\" width=\"960\" height=\"544\" preload=\"metadata\" controls=\"controls\"><source type=\"video\/mp4\" src=\"https:\/\/saituprinter.com\/wp-content\/uploads\/2023\/12\/2ec9dcfce30a9029435fdeefa7b0e71e.mp4?_=1\" \/><a href=\"https:\/\/saituprinter.com\/wp-content\/uploads\/2023\/12\/2ec9dcfce30a9029435fdeefa7b0e71e.mp4\">https:\/\/saituprinter.com\/wp-content\/uploads\/2023\/12\/2ec9dcfce30a9029435fdeefa7b0e71e.mp4<\/a><\/video><\/div>\n<div style=\"width: 960px;\" class=\"wp-video\"><video class=\"wp-video-shortcode\" id=\"video-8995-2\" width=\"960\" height=\"544\" preload=\"metadata\" controls=\"controls\"><source type=\"video\/mp4\" src=\"https:\/\/saituprinter.com\/wp-content\/uploads\/2023\/12\/363cbf4fa623294e6fbcf0b0704c81ba.mp4?_=2\" \/><a href=\"https:\/\/saituprinter.com\/wp-content\/uploads\/2023\/12\/363cbf4fa623294e6fbcf0b0704c81ba.mp4\">https:\/\/saituprinter.com\/wp-content\/uploads\/2023\/12\/363cbf4fa623294e6fbcf0b0704c81ba.mp4<\/a><\/video><\/div>","protected":false},"excerpt":{"rendered":"<p>Atr\u00e1s quedaron los d\u00edas de procesos de impresi\u00f3n obsoletos y engorrosos. La m\u00e1quina Saitu-DTF est\u00e1 aqu\u00ed para simplificar y mejorar su experiencia de impresi\u00f3n. D\u00edgale adi\u00f3s a los altos costos y dificultades y le brindamos una soluci\u00f3n de vanguardia.<\/p>","protected":false},"featured_media":13014,"comment_status":"closed","ping_status":"closed","template":"","meta":[],"product_brand":[],"product_cat":[20],"product_tag":[22,21],"class_list":{"0":"post-8995","1":"product","2":"type-product","3":"status-publish","4":"has-post-thumbnail","6":"product_cat-dtf-printer","7":"product_tag-dtf-machine","8":"product_tag-dtf-printer","10":"first","11":"instock","12":"shipping-taxable","13":"product-type-simple"},"_links":{"self":[{"href":"https:\/\/www.saituprinter.com\/es\/wp-json\/wp\/v2\/product\/8995","targetHints":{"allow":["GET"]}}],"collection":[{"href":"https:\/\/www.saituprinter.com\/es\/wp-json\/wp\/v2\/product"}],"about":[{"href":"https:\/\/www.saituprinter.com\/es\/wp-json\/wp\/v2\/types\/product"}],"replies":[{"embeddable":true,"href":"https:\/\/www.saituprinter.com\/es\/wp-json\/wp\/v2\/comments?post=8995"}],"wp:featuredmedia":[{"embeddable":true,"href":"https:\/\/www.saituprinter.com\/es\/wp-json\/wp\/v2\/media\/13014"}],"wp:attachment":[{"href":"https:\/\/www.saituprinter.com\/es\/wp-json\/wp\/v2\/media?parent=8995"}],"wp:term":[{"taxonomy":"product_brand","embeddable":true,"href":"https:\/\/www.saituprinter.com\/es\/wp-json\/wp\/v2\/product_brand?post=8995"},{"taxonomy":"product_cat","embeddable":true,"href":"https:\/\/www.saituprinter.com\/es\/wp-json\/wp\/v2\/product_cat?post=8995"},{"taxonomy":"product_tag","embeddable":true,"href":"https:\/\/www.saituprinter.com\/es\/wp-json\/wp\/v2\/product_tag?post=8995"}],"curies":[{"name":"wp","href":"https:\/\/api.w.org\/{rel}","templated":true}]}}