{"id":8989,"date":"2023-12-07T14:50:56","date_gmt":"2023-12-07T06:50:56","guid":{"rendered":"https:\/\/saituprinter.com\/?post_type=product&#038;p=8989"},"modified":"2025-06-15T17:20:17","modified_gmt":"2025-06-15T09:20:17","slug":"saitu-sublimation-printer","status":"publish","type":"product","link":"https:\/\/www.saituprinter.com\/es\/producto\/saitu-sublimation-printer\/","title":{"rendered":"Impresora de sublimaci\u00f3n de 2 m y 20 cabezales JC2020"},"content":{"rendered":"<p><img fetchpriority=\"high\" decoding=\"async\" class=\"alignnone size-full wp-image-9419\" src=\"https:\/\/saituprinter.com\/wp-content\/uploads\/2023\/12\/20240402114736.jpg\" alt=\"\" width=\"1041\" height=\"806\" srcset=\"https:\/\/www.saituprinter.com\/wp-content\/uploads\/2023\/12\/20240402114736.jpg 1041w, https:\/\/www.saituprinter.com\/wp-content\/uploads\/2023\/12\/20240402114736-600x465.jpg 600w, https:\/\/www.saituprinter.com\/wp-content\/uploads\/2023\/12\/20240402114736-150x116.jpg 150w, https:\/\/www.saituprinter.com\/wp-content\/uploads\/2023\/12\/20240402114736-800x619.jpg 800w, https:\/\/www.saituprinter.com\/wp-content\/uploads\/2023\/12\/20240402114736-768x595.jpg 768w, https:\/\/www.saituprinter.com\/wp-content\/uploads\/2023\/12\/20240402114736-15x12.jpg 15w\" sizes=\"(max-width: 1041px) 100vw, 1041px\" \/><\/p>\n<p>La impresora J2020 no solo es de vanguardia, sino que tambi\u00e9n est\u00e1 dise\u00f1ada para ofrecer una velocidad y precisi\u00f3n excepcionales. Est\u00e1 equipada con el cabezal de impresi\u00f3n Epson i3200, lo que le permite obtener resultados impresionantes a una velocidad de 700 m\u00b2\/h. Adem\u00e1s, integra el sistema de rollo Jumbo, que mejora a\u00fan m\u00e1s su eficiencia.<\/p>\n<p>Gracias a su excepcional rendimiento, la JC2020 permite una impresi\u00f3n eficiente a gran escala sin necesidad de horas extra ni turnos adicionales. Su tecnolog\u00eda avanzada garantiza que incluso pedidos grandes se completen sin problemas, ahorrando tiempo y mano de obra a las empresas.<\/p>\n<p>Adem\u00e1s de su impresionante velocidad y precisi\u00f3n, la JC2020 tambi\u00e9n ofrece comodidad y facilidad de uso. Su sistema de rollo Jumbo garantiza una impresi\u00f3n continua, lo que reduce la necesidad de cambios frecuentes de rollo y optimiza la eficiencia del flujo de trabajo.<\/p>\n<p>En resumen, la impresora J2020 es una excelente opci\u00f3n para empresas que buscan una soluci\u00f3n de impresi\u00f3n r\u00e1pida y precisa. Gracias a su tecnolog\u00eda avanzada y sus pr\u00e1cticas funciones, puede mejorar significativamente la productividad y la rentabilidad en operaciones de impresi\u00f3n a gran escala.<\/p>\n<p>&nbsp;<\/p>\n<p>&nbsp;<\/p>\n<p><strong>Par\u00e1metros del producto: <\/strong><\/p>\n<p><strong>\u00a0<\/strong><\/p>\n<table>\n<tbody>\n<tr>\n<td colspan=\"2\" width=\"269\"><strong><b>Modo<\/b><\/strong><\/td>\n<td width=\"319\">JC2020<\/td>\n<\/tr>\n<tr>\n<td colspan=\"2\" width=\"269\"><strong><b>Cabezal de impresi\u00f3n<\/b><\/strong><\/td>\n<td width=\"319\">20 cabezales de impresi\u00f3n Epson i3200<\/td>\n<\/tr>\n<tr>\n<td colspan=\"2\" rowspan=\"3\" width=\"269\"><strong><b>Resoluci\u00f3n\/velocidad de impresi\u00f3n<\/b><\/strong><\/td>\n<td width=\"319\">Modo de producci\u00f3n: 700\u33a1\/H<\/td>\n<\/tr>\n<tr>\n<td width=\"319\">Modo de resoluci\u00f3n: 350\u33a1\/H<\/td>\n<\/tr>\n<tr>\n<td width=\"319\">Modo de alta resoluci\u00f3n: 250\u33a1\/H<\/td>\n<\/tr>\n<tr>\n<td colspan=\"2\" width=\"269\"><strong><b>Ancho m\u00e1ximo de impresi\u00f3n<\/b><\/strong><\/td>\n<td width=\"319\">1900mm<\/td>\n<\/tr>\n<tr>\n<td colspan=\"2\" width=\"269\"><strong><b>tipo de tinta<\/b><\/strong><\/td>\n<td width=\"319\">Enlace de sublimaci\u00f3n<\/td>\n<\/tr>\n<tr>\n<td rowspan=\"4\" width=\"124\"><strong><b>Medios de comunicaci\u00f3n<\/b><\/strong><\/td>\n<td width=\"145\"><strong><b>Ancho<\/b><\/strong><\/td>\n<td width=\"319\">1900mm<\/td>\n<\/tr>\n<tr>\n<td width=\"145\"><strong><b>Espesor<\/b><\/strong><\/td>\n<td width=\"319\">1,5 mm a 8 mm ajustable para cabezal de impresi\u00f3n<\/td>\n<\/tr>\n<tr>\n<td width=\"145\"><strong><b>Peso<\/b><\/strong><\/td>\n<td width=\"319\">560 kg<\/td>\n<\/tr>\n<tr>\n<td width=\"145\"><strong><b>Tipo<\/b><\/strong><\/td>\n<td width=\"319\">Papel de transferencia de calor<\/td>\n<\/tr>\n<tr>\n<td colspan=\"2\" width=\"269\"><strong><b>Alta calidad de impresi\u00f3n<\/b><\/strong><\/td>\n<td width=\"319\">tecnolog\u00eda VSD<\/td>\n<\/tr>\n<tr>\n<td colspan=\"2\" width=\"269\"><strong><b>M\u00e9todo de calor del medio<\/b><\/strong><\/td>\n<td width=\"319\">\u00a0Calentador previo\/trasero (se puede controlar por separado) (opcional)<\/td>\n<\/tr>\n<tr>\n<td colspan=\"2\" width=\"269\"><strong><b>\u00a0Dispositivo de alimentaci\u00f3n de medios<\/b><\/strong><\/td>\n<td width=\"319\">10.000 metros<\/td>\n<\/tr>\n<tr>\n<td colspan=\"2\" width=\"269\"><strong><b>Sistema de secado<\/b><\/strong><\/td>\n<td width=\"319\">Sistema de secado de aire externo.<\/td>\n<\/tr>\n<tr>\n<td colspan=\"2\" width=\"269\"><strong><b>Carril de gu\u00eda<\/b><\/strong><\/td>\n<td width=\"319\">THK de Jap\u00f3n<\/td>\n<\/tr>\n<tr>\n<td colspan=\"2\" width=\"269\"><strong><b>Interfaz<\/b><\/strong><\/td>\n<td width=\"319\">Tres tarjetas de red Gigabit, 1000 Mbit\/s<\/td>\n<\/tr>\n<tr>\n<td colspan=\"2\" width=\"269\"><strong><b>Software RIP<\/b><\/strong><\/td>\n<td width=\"319\">\u00a0Maintop V6.0, impresi\u00f3n fotogr\u00e1fica<\/td>\n<\/tr>\n<tr>\n<td colspan=\"2\" width=\"269\"><strong><b>Voltaje<\/b><\/strong><\/td>\n<td width=\"319\">CA 110 V \u00b1 10 %, CA 380 V \u00b1 10 %, 50\/60 \u00b1 1 Hz<\/td>\n<\/tr>\n<tr>\n<td colspan=\"2\" width=\"269\"><strong><b>Entornos de operaci\u00f3n<\/b><\/strong><\/td>\n<td width=\"319\">Temperatura: 15 \u2103 -30 \u2103, Humedad: 35%RH-65%RH<\/td>\n<\/tr>\n<tr>\n<td colspan=\"2\" width=\"269\"><strong><b>Fuerza<\/b><\/strong><\/td>\n<td width=\"319\">16500W<\/td>\n<\/tr>\n<tr>\n<td colspan=\"2\" width=\"269\"><strong><b>Dimensiones de la impresora (L*W*H)<\/b><\/strong><\/td>\n<td width=\"319\">3701*2826*1701mm<\/td>\n<\/tr>\n<tr>\n<td rowspan=\"2\" width=\"124\"><strong><b>Dimensiones del embalaje:<\/b><\/strong><\/td>\n<td width=\"145\"><strong><b>Cuerpo principal (LWH):<\/b><\/strong><\/td>\n<td width=\"319\">3,94*1,55*1,88M<\/td>\n<\/tr>\n<tr>\n<td width=\"145\"><strong><b>Sistema de alimentaci\u00f3n de medios (LWH):<\/b><\/strong><\/td>\n<td width=\"319\">2.945*1.11*1.25M<\/td>\n<\/tr>\n<tr>\n<td colspan=\"2\" width=\"269\"><strong><b>Peso neto<\/b><\/strong><\/td>\n<td width=\"319\">800+400 (kilogramos)<\/td>\n<\/tr>\n<tr>\n<td colspan=\"2\" width=\"269\"><strong><b>Peso<\/b><\/strong><\/td>\n<td width=\"319\">950+550 (kilogramos)<\/td>\n<\/tr>\n<\/tbody>\n<\/table>\n<p><strong><b>\u00a0<\/b><\/strong><\/p>\n<p><strong>Acerca del JC2020:<\/strong><\/p>\n<p>&nbsp;<\/p>\n<p><img decoding=\"async\" class=\"alignnone wp-image-8993\" src=\"http:\/\/saituprinter.com\/wp-content\/uploads\/2023\/12\/\u5fae\u4fe1\u56fe\u7247_20231207145653-scaled.webp\" alt=\"\" width=\"352\" height=\"264\" srcset=\"https:\/\/www.saituprinter.com\/wp-content\/uploads\/2023\/12\/\u5fae\u4fe1\u56fe\u7247_20231207145653-scaled.webp 2560w, https:\/\/www.saituprinter.com\/wp-content\/uploads\/2023\/12\/\u5fae\u4fe1\u56fe\u7247_20231207145653-scaled-600x450.webp 600w, https:\/\/www.saituprinter.com\/wp-content\/uploads\/2023\/12\/\u5fae\u4fe1\u56fe\u7247_20231207145653-scaled-150x113.webp 150w, https:\/\/www.saituprinter.com\/wp-content\/uploads\/2023\/12\/\u5fae\u4fe1\u56fe\u7247_20231207145653-scaled-800x600.webp 800w, https:\/\/www.saituprinter.com\/wp-content\/uploads\/2023\/12\/\u5fae\u4fe1\u56fe\u7247_20231207145653-768x576.webp 768w, https:\/\/www.saituprinter.com\/wp-content\/uploads\/2023\/12\/\u5fae\u4fe1\u56fe\u7247_20231207145653-1536x1152.webp 1536w, https:\/\/www.saituprinter.com\/wp-content\/uploads\/2023\/12\/\u5fae\u4fe1\u56fe\u7247_20231207145653-2048x1536.webp 2048w\" sizes=\"(max-width: 352px) 100vw, 352px\" \/> \u00a0<img decoding=\"async\" class=\"alignnone wp-image-8992\" src=\"http:\/\/saituprinter.com\/wp-content\/uploads\/2023\/12\/\u5fae\u4fe1\u56fe\u7247_20231207145649-scaled.webp\" alt=\"\" width=\"352\" height=\"264\" srcset=\"https:\/\/www.saituprinter.com\/wp-content\/uploads\/2023\/12\/\u5fae\u4fe1\u56fe\u7247_20231207145649-scaled.webp 2560w, https:\/\/www.saituprinter.com\/wp-content\/uploads\/2023\/12\/\u5fae\u4fe1\u56fe\u7247_20231207145649-scaled-600x450.webp 600w, https:\/\/www.saituprinter.com\/wp-content\/uploads\/2023\/12\/\u5fae\u4fe1\u56fe\u7247_20231207145649-scaled-150x113.webp 150w, https:\/\/www.saituprinter.com\/wp-content\/uploads\/2023\/12\/\u5fae\u4fe1\u56fe\u7247_20231207145649-scaled-800x600.webp 800w, https:\/\/www.saituprinter.com\/wp-content\/uploads\/2023\/12\/\u5fae\u4fe1\u56fe\u7247_20231207145649-768x576.webp 768w, https:\/\/www.saituprinter.com\/wp-content\/uploads\/2023\/12\/\u5fae\u4fe1\u56fe\u7247_20231207145649-1536x1152.webp 1536w, https:\/\/www.saituprinter.com\/wp-content\/uploads\/2023\/12\/\u5fae\u4fe1\u56fe\u7247_20231207145649-2048x1536.webp 2048w\" sizes=\"(max-width: 352px) 100vw, 352px\" \/><\/p>\n<div style=\"width: 1280px;\" class=\"wp-video\"><!--[if lt IE 9]><script>document.createElement('video');<\/script><![endif]-->\n<video class=\"wp-video-shortcode\" id=\"video-8989-1\" width=\"1280\" height=\"720\" preload=\"metadata\" controls=\"controls\"><source type=\"video\/mp4\" src=\"http:\/\/saituprinter.com\/wp-content\/uploads\/2023\/12\/8e17e7d853c7dcbf3bdec7a57d7b7914.mp4?_=1\" \/><a href=\"http:\/\/saituprinter.com\/wp-content\/uploads\/2023\/12\/8e17e7d853c7dcbf3bdec7a57d7b7914.mp4\">http:\/\/saituprinter.com\/wp-content\/uploads\/2023\/12\/8e17e7d853c7dcbf3bdec7a57d7b7914.mp4<\/a><\/video><\/div>\n<p>&nbsp;<\/p>","protected":false},"excerpt":{"rendered":"<p>J2020 es una impresora de vanguardia dise\u00f1ada para ofrecer velocidad y precisi\u00f3n notables.<br \/>\nEquipada con el cabezal de impresi\u00f3n Epson i3200 e integrada con el sistema de rollo Jumbo, esta impresora es capaz de ofrecer resultados impresionantes a una velocidad r\u00e1pida de 700 m2\/h.<\/p>\n<p>Gracias a su excepcional rendimiento, la JC2020 permite una impresi\u00f3n eficiente a gran escala sin necesidad de horas extra ni turnos adicionales. Su tecnolog\u00eda avanzada garantiza que incluso pedidos grandes se completen sin problemas, ahorrando tiempo y mano de obra.<\/p>\n<p>Adem\u00e1s de su impresionante velocidad y precisi\u00f3n, la JC2020 tambi\u00e9n ofrece comodidad y facilidad de uso. Su sistema de rollo Jumbo garantiza una impresi\u00f3n continua, reduciendo la necesidad de cambios frecuentes de rollo y optimizando la eficiencia del flujo de trabajo.<\/p>\n<p>&nbsp;<\/p>","protected":false},"featured_media":13050,"comment_status":"closed","ping_status":"closed","template":"","meta":[],"product_cat":[18,91],"product_tag":[],"class_list":["post-8989","product","type-product","status-publish","has-post-thumbnail","hentry","product_cat-sublimation-printer","product_cat-jumbo-roll-system-machine"],"_links":{"self":[{"href":"https:\/\/www.saituprinter.com\/es\/wp-json\/wp\/v2\/product\/8989","targetHints":{"allow":["GET"]}}],"collection":[{"href":"https:\/\/www.saituprinter.com\/es\/wp-json\/wp\/v2\/product"}],"about":[{"href":"https:\/\/www.saituprinter.com\/es\/wp-json\/wp\/v2\/types\/product"}],"replies":[{"embeddable":true,"href":"https:\/\/www.saituprinter.com\/es\/wp-json\/wp\/v2\/comments?post=8989"}],"wp:featuredmedia":[{"embeddable":true,"href":"https:\/\/www.saituprinter.com\/es\/wp-json\/wp\/v2\/media\/13050"}],"wp:attachment":[{"href":"https:\/\/www.saituprinter.com\/es\/wp-json\/wp\/v2\/media?parent=8989"}],"wp:term":[{"taxonomy":"product_cat","embeddable":true,"href":"https:\/\/www.saituprinter.com\/es\/wp-json\/wp\/v2\/product_cat?post=8989"},{"taxonomy":"product_tag","embeddable":true,"href":"https:\/\/www.saituprinter.com\/es\/wp-json\/wp\/v2\/product_tag?post=8989"}],"curies":[{"name":"wp","href":"https:\/\/api.w.org\/{rel}","templated":true}]}}