{"id":8962,"date":"2023-12-05T16:59:58","date_gmt":"2023-12-05T08:59:58","guid":{"rendered":"https:\/\/saituprinter.com\/?post_type=product&#038;p=8962"},"modified":"2025-06-14T18:37:08","modified_gmt":"2025-06-14T10:37:08","slug":"uv-flatbed-printer","status":"publish","type":"product","link":"https:\/\/www.saituprinter.com\/es\/producto\/uv-flatbed-printer\/","title":{"rendered":"Impresora plana UV: ST2513UV"},"content":{"rendered":"<p><img fetchpriority=\"high\" decoding=\"async\" class=\"alignnone size-full wp-image-8963\" src=\"http:\/\/saituprinter.com\/wp-content\/uploads\/2023\/12\/\u6b63\u97622513-scaled.webp\" alt=\"\" width=\"2560\" height=\"1707\" srcset=\"https:\/\/www.saituprinter.com\/wp-content\/uploads\/2023\/12\/\u6b63\u97622513-scaled.webp 2560w, https:\/\/www.saituprinter.com\/wp-content\/uploads\/2023\/12\/\u6b63\u97622513-scaled-600x400.webp 600w, https:\/\/www.saituprinter.com\/wp-content\/uploads\/2023\/12\/\u6b63\u97622513-scaled-150x100.webp 150w, https:\/\/www.saituprinter.com\/wp-content\/uploads\/2023\/12\/\u6b63\u97622513-scaled-800x533.webp 800w, https:\/\/www.saituprinter.com\/wp-content\/uploads\/2023\/12\/\u6b63\u97622513-768x512.webp 768w, https:\/\/www.saituprinter.com\/wp-content\/uploads\/2023\/12\/\u6b63\u97622513-1536x1024.webp 1536w, https:\/\/www.saituprinter.com\/wp-content\/uploads\/2023\/12\/\u6b63\u97622513-2048x1365.webp 2048w\" sizes=\"(max-width: 2560px) 100vw, 2560px\" \/><\/p>\n<table>\n<tbody>\n<tr>\n<td colspan=\"2\" width=\"242\">MODELO<\/td>\n<td colspan=\"3\" width=\"326\">ST2513UV<\/td>\n<\/tr>\n<tr>\n<td colspan=\"2\" width=\"242\">Cabezal de impresi\u00f3n (m\u00e1ximo 8 cabezales de impresi\u00f3n)<\/td>\n<td width=\"123\">ricohg5<\/td>\n<td>ricohg6<\/td>\n<td width=\"114\">Ricoh G6 magn\u00e9tico<\/td>\n<\/tr>\n<tr>\n<td rowspan=\"3\" width=\"125\">Resoluci\u00f3n\/velocidad de impresi\u00f3n para 3 o 4 cabezales<\/td>\n<td width=\"117\">Modo de producci\u00f3n:<\/td>\n<td>22,06\u33a1\/H<\/td>\n<td>27\u33a1\/H<\/td>\n<td>36\u33a1\/H<\/td>\n<\/tr>\n<tr>\n<td width=\"117\">Modo de resoluci\u00f3n:<\/td>\n<td>15,2\u33a1\/H<\/td>\n<td>19\u33a1\/H<\/td>\n<td>22\u33a1\/H<\/td>\n<\/tr>\n<tr>\n<td width=\"117\">Modo de alta resoluci\u00f3n:<\/td>\n<td>7,1\u33a1\/H<\/td>\n<td>10\u33a1\/H<\/td>\n<td>13\u33a1\/H<\/td>\n<\/tr>\n<tr>\n<td colspan=\"2\">Impresi\u00f3n m\u00e1xima<\/td>\n<td colspan=\"3\">2500*1300mm<\/td>\n<\/tr>\n<tr>\n<td colspan=\"2\">tipo de tinta<\/td>\n<td colspan=\"3\">tinta ultravioleta<\/td>\n<\/tr>\n<tr>\n<td rowspan=\"2\">Medios de comunicaci\u00f3n<\/td>\n<td>Espesor<\/td>\n<td colspan=\"3\" width=\"326\">1,5 mm a 100 mm ajustable para cabezales de impresi\u00f3n<\/td>\n<\/tr>\n<tr>\n<td>Material multimedia<\/td>\n<td colspan=\"3\" width=\"326\">Acr\u00edlico, tablero KT, tablero Andy, pel\u00edcula suave, tablero luminoso, tela rayada, vidrio, baldosas de cer\u00e1mica, bloques de madera, placas de metal, carcasas de tel\u00e9fonos m\u00f3viles, pinturas decorativas de fondo.<\/td>\n<\/tr>\n<tr>\n<td colspan=\"2\">Carril de gu\u00eda<\/td>\n<td colspan=\"3\">THK de Jap\u00f3n<\/td>\n<\/tr>\n<tr>\n<td colspan=\"2\">Interfaz<\/td>\n<td colspan=\"3\">USB 3.0<\/td>\n<\/tr>\n<tr>\n<td colspan=\"2\">software de procesamiento de archivos<\/td>\n<td colspan=\"3\">Maintop V6.0, impresi\u00f3n fotogr\u00e1fica<\/td>\n<\/tr>\n<tr>\n<td colspan=\"2\">Voltaje<\/td>\n<td colspan=\"3\" width=\"326\">CA 110 V \u00b1 10%, CA 220 V \u00b1 10%, 50\/60 \u00b1 1 Hz<\/td>\n<\/tr>\n<tr>\n<td colspan=\"2\">Entornos de operaci\u00f3n<\/td>\n<td colspan=\"3\" width=\"326\">Temperatura: 15 \u2103 -30 \u2103, Humedad: 35%RH-65%RH<\/td>\n<\/tr>\n<tr>\n<td colspan=\"2\">Fuerza<\/td>\n<td colspan=\"3\">5500W<\/td>\n<\/tr>\n<tr>\n<td colspan=\"2\">Dimensiones de la impresora (LWH)<\/td>\n<td colspan=\"3\">4,8*2,2*1,5 M<\/td>\n<\/tr>\n<tr>\n<td colspan=\"2\">Dimensiones del embalaje (LWH)<\/td>\n<td colspan=\"3\">4,85*2,25*1,55M<\/td>\n<\/tr>\n<tr>\n<td colspan=\"2\">Peso neto<\/td>\n<td colspan=\"3\">750 kg<\/td>\n<\/tr>\n<tr>\n<td colspan=\"2\">Peso bruto<\/td>\n<td colspan=\"3\">850 kg<\/td>\n<\/tr>\n<\/tbody>\n<\/table>\n<p><strong><b>\u00a0<\/b><\/strong><\/p>\n<p><strong><b>CARACTER\u00cdSTICA DE PRODUCTOS: <\/b><\/strong><\/p>\n<p><img decoding=\"async\" class=\"alignnone wp-image-8967\" src=\"http:\/\/saituprinter.com\/wp-content\/uploads\/2023\/12\/\u5fae\u4fe1\u56fe\u7247_20231013163208-scaled.webp\" alt=\"\" width=\"217\" height=\"158\" \/><img decoding=\"async\" class=\"alignnone wp-image-8969\" src=\"http:\/\/saituprinter.com\/wp-content\/uploads\/2023\/12\/\u5fae\u4fe1\u56fe\u7247_20231013163222-scaled.webp\" alt=\"\" width=\"221\" height=\"167\" srcset=\"https:\/\/www.saituprinter.com\/wp-content\/uploads\/2023\/12\/\u5fae\u4fe1\u56fe\u7247_20231013163222-scaled.webp 2560w, https:\/\/www.saituprinter.com\/wp-content\/uploads\/2023\/12\/\u5fae\u4fe1\u56fe\u7247_20231013163222-scaled-600x450.webp 600w, https:\/\/www.saituprinter.com\/wp-content\/uploads\/2023\/12\/\u5fae\u4fe1\u56fe\u7247_20231013163222-scaled-150x113.webp 150w, https:\/\/www.saituprinter.com\/wp-content\/uploads\/2023\/12\/\u5fae\u4fe1\u56fe\u7247_20231013163222-scaled-800x600.webp 800w, https:\/\/www.saituprinter.com\/wp-content\/uploads\/2023\/12\/\u5fae\u4fe1\u56fe\u7247_20231013163222-768x576.webp 768w, https:\/\/www.saituprinter.com\/wp-content\/uploads\/2023\/12\/\u5fae\u4fe1\u56fe\u7247_20231013163222-1536x1152.webp 1536w, https:\/\/www.saituprinter.com\/wp-content\/uploads\/2023\/12\/\u5fae\u4fe1\u56fe\u7247_20231013163222-2048x1536.webp 2048w\" sizes=\"(max-width: 221px) 100vw, 221px\" \/><img loading=\"lazy\" decoding=\"async\" class=\"alignnone wp-image-8964\" src=\"http:\/\/saituprinter.com\/wp-content\/uploads\/2023\/12\/\u5fae\u4fe1\u56fe\u7247_20231013163101-scaled.webp\" alt=\"\" width=\"221\" height=\"166\" srcset=\"https:\/\/www.saituprinter.com\/wp-content\/uploads\/2023\/12\/\u5fae\u4fe1\u56fe\u7247_20231013163101-scaled.webp 2560w, https:\/\/www.saituprinter.com\/wp-content\/uploads\/2023\/12\/\u5fae\u4fe1\u56fe\u7247_20231013163101-scaled-600x450.webp 600w, https:\/\/www.saituprinter.com\/wp-content\/uploads\/2023\/12\/\u5fae\u4fe1\u56fe\u7247_20231013163101-scaled-150x113.webp 150w, https:\/\/www.saituprinter.com\/wp-content\/uploads\/2023\/12\/\u5fae\u4fe1\u56fe\u7247_20231013163101-scaled-800x600.webp 800w, https:\/\/www.saituprinter.com\/wp-content\/uploads\/2023\/12\/\u5fae\u4fe1\u56fe\u7247_20231013163101-768x576.webp 768w, https:\/\/www.saituprinter.com\/wp-content\/uploads\/2023\/12\/\u5fae\u4fe1\u56fe\u7247_20231013163101-1536x1152.webp 1536w, https:\/\/www.saituprinter.com\/wp-content\/uploads\/2023\/12\/\u5fae\u4fe1\u56fe\u7247_20231013163101-2048x1536.webp 2048w\" sizes=\"(max-width: 221px) 100vw, 221px\" \/><\/p>\n<p>&nbsp;<\/p>\n<ol>\n<li>Adopte el riel gu\u00eda doble THK japon\u00e9s para que la posici\u00f3n del autom\u00f3vil sea m\u00e1s precisa.<\/li>\n<li>La primera fila de la m\u00e1quina tiene una funci\u00f3n de posicionamiento del material, lo cual es conveniente para la alineaci\u00f3n del material y ahorra tiempo.<\/li>\n<li>Hay botones de parada de emergencia a ambos lados de la m\u00e1quina, que pueden suspenderse durante el proceso de extracci\u00f3n.<\/li>\n<li>La plataforma tiene un soplador incorporado de 1500 W (2 juegos)<\/li>\n<li>La m\u00e1quina utiliza l\u00e1mparas circulantes refrigeradas por agua de varios tama\u00f1os para mantener una temperatura constante.<\/li>\n<li>La m\u00e1quina tiene la funci\u00f3n de medici\u00f3n autom\u00e1tica de altura, que puede ajustar la altura de impresi\u00f3n de la boquilla seg\u00fan los diferentes materiales. La altura m\u00e1xima del espesor puede ser de 10 cm.<\/li>\n<\/ol>\n<p><img loading=\"lazy\" decoding=\"async\" class=\"alignnone wp-image-8966\" src=\"http:\/\/saituprinter.com\/wp-content\/uploads\/2023\/12\/\u5fae\u4fe1\u56fe\u7247_20231013163200-scaled.webp\" alt=\"\" width=\"238\" height=\"178\" srcset=\"https:\/\/www.saituprinter.com\/wp-content\/uploads\/2023\/12\/\u5fae\u4fe1\u56fe\u7247_20231013163200-scaled.webp 2560w, https:\/\/www.saituprinter.com\/wp-content\/uploads\/2023\/12\/\u5fae\u4fe1\u56fe\u7247_20231013163200-scaled-600x450.webp 600w, https:\/\/www.saituprinter.com\/wp-content\/uploads\/2023\/12\/\u5fae\u4fe1\u56fe\u7247_20231013163200-scaled-150x113.webp 150w, https:\/\/www.saituprinter.com\/wp-content\/uploads\/2023\/12\/\u5fae\u4fe1\u56fe\u7247_20231013163200-scaled-800x600.webp 800w, https:\/\/www.saituprinter.com\/wp-content\/uploads\/2023\/12\/\u5fae\u4fe1\u56fe\u7247_20231013163200-768x576.webp 768w, https:\/\/www.saituprinter.com\/wp-content\/uploads\/2023\/12\/\u5fae\u4fe1\u56fe\u7247_20231013163200-1536x1152.webp 1536w, https:\/\/www.saituprinter.com\/wp-content\/uploads\/2023\/12\/\u5fae\u4fe1\u56fe\u7247_20231013163200-2048x1536.webp 2048w\" sizes=\"(max-width: 238px) 100vw, 238px\" \/> <img loading=\"lazy\" decoding=\"async\" class=\"alignnone wp-image-8965\" src=\"http:\/\/saituprinter.com\/wp-content\/uploads\/2023\/12\/\u5fae\u4fe1\u56fe\u7247_20231013163141-scaled.webp\" alt=\"\" width=\"242\" height=\"182\" srcset=\"https:\/\/www.saituprinter.com\/wp-content\/uploads\/2023\/12\/\u5fae\u4fe1\u56fe\u7247_20231013163141-scaled.webp 2560w, https:\/\/www.saituprinter.com\/wp-content\/uploads\/2023\/12\/\u5fae\u4fe1\u56fe\u7247_20231013163141-scaled-600x450.webp 600w, https:\/\/www.saituprinter.com\/wp-content\/uploads\/2023\/12\/\u5fae\u4fe1\u56fe\u7247_20231013163141-scaled-150x113.webp 150w, https:\/\/www.saituprinter.com\/wp-content\/uploads\/2023\/12\/\u5fae\u4fe1\u56fe\u7247_20231013163141-scaled-800x600.webp 800w, https:\/\/www.saituprinter.com\/wp-content\/uploads\/2023\/12\/\u5fae\u4fe1\u56fe\u7247_20231013163141-768x576.webp 768w, https:\/\/www.saituprinter.com\/wp-content\/uploads\/2023\/12\/\u5fae\u4fe1\u56fe\u7247_20231013163141-1536x1152.webp 1536w, https:\/\/www.saituprinter.com\/wp-content\/uploads\/2023\/12\/\u5fae\u4fe1\u56fe\u7247_20231013163141-2048x1536.webp 2048w\" sizes=\"(max-width: 242px) 100vw, 242px\" \/><\/p>\n<p>&nbsp;<\/p>\n<p>&nbsp;<\/p>\n<ol start=\"7\">\n<li>La m\u00e1quina est\u00e1 equipada con un eliminador de est\u00e1tica que puede eliminar la electricidad est\u00e1tica.<\/li>\n<li>Se adopta una varilla de doble tornillo, por lo que la precisi\u00f3n de paso de la m\u00e1quina es mayor.<\/li>\n<li>Caja de alimentaci\u00f3n importada (Taiw\u00e1n MINGWEI), rel\u00e9 de estado s\u00f3lido OMRON.<\/li>\n<li>El motor es un motor Fuji de Jap\u00f3n, con voltaje de 220 V y cadena de remolque IGUS importada.<\/li>\n<li>Funci\u00f3n anticolisi\u00f3n del coche<\/li>\n<li>La botella de tinta blanca tiene un compa\u00f1ero agitador de tinta y una funci\u00f3n de alarma de deficiencia de tinta.<\/li>\n<li>Sistema de regulaci\u00f3n autom\u00e1tica de presi\u00f3n negativa.<\/li>\n<li>Protecci\u00f3n contra reflujo de tinta.<\/li>\n<li>Funci\u00f3n de impresi\u00f3n o flash en espera.<\/li>\n<li>Fuente de luz de agua fr\u00eda LED \u2013 L\u00e1mpara de curado UV.<\/li>\n<li>Calentamiento de control termost\u00e1tico autom\u00e1tico del cartucho de tinta de dos etapas.<\/li>\n<li>El software es compatible con MONTAI 6.0, impresi\u00f3n de fotograf\u00edas.<\/li>\n<li>Rodamiento NSK de Jap\u00f3n: fabricaci\u00f3n de alto nivel, mejora el rendimiento<\/li>\n<\/ol>\n<p>&nbsp;<\/p>\n<p><strong><b>SOLICITUD: <\/b><\/strong><strong><b>\u5e94\u7528\u65b9\u6848<\/b><\/strong><\/p>\n<p>Para publicidad: acr\u00edlico, tablero KT, tablero Andy, pel\u00edcula suave, tablero luminoso, tela rayada.<\/p>\n<p>Para industrias especiales: vidrio, baldosas de cer\u00e1mica, bloques de madera, placas de metal, carcasas de tel\u00e9fonos m\u00f3viles, pinturas decorativas de fondo.<\/p>\n<p>&nbsp;<\/p>\n<p>&nbsp;<\/p>\n<p>&nbsp;<\/p>\n<p>MUESTRA DE APLICACI\u00d3N<\/p>\n<p>&nbsp;<\/p>\n<p><img loading=\"lazy\" decoding=\"async\" class=\"alignnone wp-image-8974\" src=\"http:\/\/saituprinter.com\/wp-content\/uploads\/2023\/12\/\u56fe\u72471.png\" alt=\"\" width=\"191\" height=\"98\" srcset=\"https:\/\/www.saituprinter.com\/wp-content\/uploads\/2023\/12\/\u56fe\u72471.png 320w, https:\/\/www.saituprinter.com\/wp-content\/uploads\/2023\/12\/\u56fe\u72471-150x77.png 150w, https:\/\/www.saituprinter.com\/wp-content\/uploads\/2023\/12\/\u56fe\u72471-280x144.png 280w\" sizes=\"(max-width: 191px) 100vw, 191px\" \/><\/p>\n<p>Papel de pared\/tela Tela rayada<\/p>\n<p><img loading=\"lazy\" decoding=\"async\" class=\"alignnone wp-image-8980\" src=\"http:\/\/saituprinter.com\/wp-content\/uploads\/2023\/12\/\u56fe\u72477.png\" alt=\"\" width=\"199\" height=\"102\" srcset=\"https:\/\/www.saituprinter.com\/wp-content\/uploads\/2023\/12\/\u56fe\u72477.png 320w, https:\/\/www.saituprinter.com\/wp-content\/uploads\/2023\/12\/\u56fe\u72477-150x77.png 150w, https:\/\/www.saituprinter.com\/wp-content\/uploads\/2023\/12\/\u56fe\u72477-280x144.png 280w\" sizes=\"(max-width: 199px) 100vw, 199px\" \/>\u00a0 \u00a0 \u00a0 \u00a0 \u00a0 \u00a0<img loading=\"lazy\" decoding=\"async\" class=\"alignnone wp-image-8981\" src=\"http:\/\/saituprinter.com\/wp-content\/uploads\/2023\/12\/\u56fe\u72478.png\" alt=\"\" width=\"203\" height=\"104\" srcset=\"https:\/\/www.saituprinter.com\/wp-content\/uploads\/2023\/12\/\u56fe\u72478.png 320w, https:\/\/www.saituprinter.com\/wp-content\/uploads\/2023\/12\/\u56fe\u72478-150x77.png 150w, https:\/\/www.saituprinter.com\/wp-content\/uploads\/2023\/12\/\u56fe\u72478-280x144.png 280w\" sizes=\"(max-width: 203px) 100vw, 203px\" \/><\/p>\n<p>&nbsp;<\/p>\n<p>&nbsp;<\/p>\n<p>&nbsp;<\/p>\n<div style=\"width: 1280px;\" class=\"wp-video\"><!--[if lt IE 9]><script>document.createElement('video');<\/script><![endif]-->\n<video class=\"wp-video-shortcode\" id=\"video-8962-1\" width=\"1280\" height=\"720\" preload=\"metadata\" controls=\"controls\"><source type=\"video\/mp4\" src=\"https:\/\/saituprinter.com\/wp-content\/uploads\/2023\/12\/8ffc7ebd9f3660e4a7020ef1a2e0d3b9.mp4?_=1\" \/><a href=\"https:\/\/saituprinter.com\/wp-content\/uploads\/2023\/12\/8ffc7ebd9f3660e4a7020ef1a2e0d3b9.mp4\">https:\/\/saituprinter.com\/wp-content\/uploads\/2023\/12\/8ffc7ebd9f3660e4a7020ef1a2e0d3b9.mp4<\/a><\/video><\/div>\n<p>&nbsp;<\/p>","protected":false},"excerpt":{"rendered":"<p>MODEL ST2513UV Print head (maximum 8 print heads) Ricoh G5 Ricoh G6 Ricoh G6 Magnetic Print Resolution \/speed for 3or<\/p>","protected":false},"featured_media":13034,"comment_status":"closed","ping_status":"closed","template":"","meta":[],"product_cat":[94,19],"product_tag":[],"class_list":["post-8962","product","type-product","status-publish","has-post-thumbnail","hentry","product_cat-flatbed-uv-printer","product_cat-uv-printer"],"_links":{"self":[{"href":"https:\/\/www.saituprinter.com\/es\/wp-json\/wp\/v2\/product\/8962","targetHints":{"allow":["GET"]}}],"collection":[{"href":"https:\/\/www.saituprinter.com\/es\/wp-json\/wp\/v2\/product"}],"about":[{"href":"https:\/\/www.saituprinter.com\/es\/wp-json\/wp\/v2\/types\/product"}],"replies":[{"embeddable":true,"href":"https:\/\/www.saituprinter.com\/es\/wp-json\/wp\/v2\/comments?post=8962"}],"wp:featuredmedia":[{"embeddable":true,"href":"https:\/\/www.saituprinter.com\/es\/wp-json\/wp\/v2\/media\/13034"}],"wp:attachment":[{"href":"https:\/\/www.saituprinter.com\/es\/wp-json\/wp\/v2\/media?parent=8962"}],"wp:term":[{"taxonomy":"product_cat","embeddable":true,"href":"https:\/\/www.saituprinter.com\/es\/wp-json\/wp\/v2\/product_cat?post=8962"},{"taxonomy":"product_tag","embeddable":true,"href":"https:\/\/www.saituprinter.com\/es\/wp-json\/wp\/v2\/product_tag?post=8962"}],"curies":[{"name":"wp","href":"https:\/\/api.w.org\/{rel}","templated":true}]}}