{"id":8952,"date":"2023-12-05T13:50:29","date_gmt":"2023-12-05T05:50:29","guid":{"rendered":"https:\/\/saituprinter.com\/?post_type=product&#038;p=8952"},"modified":"2025-06-07T14:37:02","modified_gmt":"2025-06-07T06:37:02","slug":"8952","status":"publish","type":"product","link":"https:\/\/www.saituprinter.com\/es\/producto\/8952\/","title":{"rendered":"Impresora solvente h\u00edbrida SAITU"},"content":{"rendered":"<p>&nbsp;<\/p>\n<p><img fetchpriority=\"high\" decoding=\"async\" class=\"alignnone wp-image-9395\" src=\"https:\/\/saituprinter.com\/wp-content\/uploads\/2023\/12\/20240330112343.jpg\" alt=\"\" width=\"687\" height=\"458\" srcset=\"https:\/\/www.saituprinter.com\/wp-content\/uploads\/2023\/12\/20240330112343.jpg 900w, https:\/\/www.saituprinter.com\/wp-content\/uploads\/2023\/12\/20240330112343-600x400.jpg 600w, https:\/\/www.saituprinter.com\/wp-content\/uploads\/2023\/12\/20240330112343-150x100.jpg 150w, https:\/\/www.saituprinter.com\/wp-content\/uploads\/2023\/12\/20240330112343-800x533.jpg 800w, https:\/\/www.saituprinter.com\/wp-content\/uploads\/2023\/12\/20240330112343-768x512.jpg 768w, https:\/\/www.saituprinter.com\/wp-content\/uploads\/2023\/12\/20240330112343-18x12.jpg 18w\" sizes=\"(max-width: 687px) 100vw, 687px\" \/><\/p>\n<p>&nbsp;<\/p>\n<table>\n<tbody>\n<tr>\n<td colspan=\"2\" width=\"241\">Modelo<\/td>\n<td width=\"82\">STWD1802<\/td>\n<td width=\"82\">STWD1804<\/td>\n<td width=\"156\">STWD1808<\/td>\n<\/tr>\n<tr>\n<td colspan=\"2\" width=\"241\">cabezal de impresi\u00f3n<\/td>\n<td width=\"82\">2 cabezales de impresi\u00f3n i3200<\/td>\n<td width=\"82\">4 cabezales de impresi\u00f3n i3200<\/td>\n<td width=\"156\">8 cabezales de impresi\u00f3n i3200<\/td>\n<\/tr>\n<tr>\n<td colspan=\"2\" width=\"241\">Ancho m\u00e1ximo de impresi\u00f3n<\/td>\n<td colspan=\"2\" width=\"164\">1650<\/td>\n<td width=\"156\">1600<\/td>\n<\/tr>\n<tr>\n<td colspan=\"2\" width=\"241\">Color<\/td>\n<td colspan=\"3\" width=\"320\">CMYK<\/td>\n<\/tr>\n<tr>\n<td colspan=\"2\" width=\"241\">Modo de producto<\/td>\n<td width=\"82\">38\u33a1\/H<\/td>\n<td width=\"82\">78\u33a1\/H<\/td>\n<td width=\"156\">120\u33a1\/H<\/td>\n<\/tr>\n<tr>\n<td colspan=\"2\" width=\"241\">Modo de resoluci\u00f3n<\/td>\n<td width=\"82\">30\u33a1\/H<\/td>\n<td width=\"82\">50\u33a1\/hora<\/td>\n<td width=\"156\">100\u33a1\/hora<\/td>\n<\/tr>\n<tr>\n<td colspan=\"2\" width=\"241\">Modo de alta resoluci\u00f3n<\/td>\n<td width=\"82\">20\u33a1\/hora<\/td>\n<td width=\"82\">35\u33a1\/H<\/td>\n<td width=\"156\">60\u33a1\/H<\/td>\n<\/tr>\n<tr>\n<td rowspan=\"2\" width=\"163\">Tinta<\/td>\n<td width=\"78\">Clasificar<\/td>\n<td colspan=\"3\" width=\"320\">Tinta a base de agua\/tinta solvente ECO<\/td>\n<\/tr>\n<tr>\n<td width=\"78\">Capacidad<\/td>\n<td colspan=\"3\" width=\"320\">Sistema de suministro de tinta vac\u00edo<\/td>\n<\/tr>\n<tr>\n<td rowspan=\"3\" width=\"163\">Medios de comunicaci\u00f3n<\/td>\n<td width=\"78\">Ancho<\/td>\n<td colspan=\"3\" width=\"320\">1700 mm<\/td>\n<\/tr>\n<tr>\n<td width=\"78\">Espesor<\/td>\n<td colspan=\"3\" width=\"320\">Ajustable de 1,5 mm a 8 mm<\/td>\n<\/tr>\n<tr>\n<td width=\"78\">Clasificar<\/td>\n<td colspan=\"3\" width=\"320\">Cuero, papel PP, retroiluminado, papel fotogr\u00e1fico, adhesivos transparentes, pel\u00edculas blandas, etc.<\/td>\n<\/tr>\n<tr>\n<td width=\"163\">Alta calidad de impresi\u00f3n<\/td>\n<td width=\"78\"><\/td>\n<td colspan=\"3\" width=\"320\">tecnolog\u00eda VSD<\/td>\n<\/tr>\n<tr>\n<td colspan=\"2\" width=\"241\">Dispositivo de recogida de medios<\/td>\n<td colspan=\"3\" width=\"320\">Dispositivo de recogida autom\u00e1tica de medios de doble motor.<\/td>\n<\/tr>\n<tr>\n<td colspan=\"2\" width=\"241\">Sistema de secado<\/td>\n<td colspan=\"3\" width=\"320\">Calentador previo\/trasero<\/td>\n<\/tr>\n<tr>\n<td colspan=\"2\" width=\"241\">Carril de gu\u00eda<\/td>\n<td colspan=\"3\" width=\"320\">gracias<\/td>\n<\/tr>\n<tr>\n<td colspan=\"2\" width=\"241\">software de procesamiento de archivos<\/td>\n<td colspan=\"3\" width=\"320\">Parte superior, impresi\u00f3n fotogr\u00e1fica<\/td>\n<\/tr>\n<tr>\n<td colspan=\"2\" width=\"241\">Voltaje<\/td>\n<td colspan=\"3\" width=\"320\">CA 110 V \u00b1 10%, CA 220 V \u00b1 10%, 50\/60 \u00b1 1 Hz<\/td>\n<\/tr>\n<tr>\n<td colspan=\"2\" width=\"241\">Entornos de operaci\u00f3n<\/td>\n<td colspan=\"3\" width=\"320\">Temperatura: 15 \u2103 -30 \u2103, Humedad: 35%RH-65%RH<\/td>\n<\/tr>\n<tr>\n<td colspan=\"2\" width=\"241\">Fuerza<\/td>\n<td colspan=\"2\" width=\"164\">4000W<\/td>\n<td width=\"156\">5500W<\/td>\n<\/tr>\n<tr>\n<td colspan=\"2\" width=\"241\">Dimensiones de la impresora (LWH)<\/td>\n<td colspan=\"2\" width=\"164\">3100*1400*1700mm<\/td>\n<td width=\"156\">3800*2000*1700mm<\/td>\n<\/tr>\n<tr>\n<td colspan=\"2\" width=\"241\">Dimensiones del embalaje (LWH)<\/td>\n<td colspan=\"2\" width=\"164\">3200*1450*1540mm<\/td>\n<td width=\"156\">3900*1560*1750mm<\/td>\n<\/tr>\n<tr>\n<td colspan=\"2\" width=\"241\">Peso neto<\/td>\n<td width=\"82\">750 kg<\/td>\n<td width=\"82\">750 kg<\/td>\n<td width=\"156\">1000 kg<\/td>\n<\/tr>\n<tr>\n<td colspan=\"2\" width=\"241\">Peso bruto<\/td>\n<td width=\"82\">950 kg<\/td>\n<td width=\"82\">950 kg<\/td>\n<td width=\"156\">1350 kg<\/td>\n<\/tr>\n<\/tbody>\n<\/table>\n<p><strong>Acerca de los detalles de la impresora h\u00edbrida:<\/strong><\/p>\n<p><img decoding=\"async\" class=\"alignnone wp-image-9375\" src=\"https:\/\/saituprinter.com\/wp-content\/uploads\/2023\/12\/9.jpg\" alt=\"\" width=\"177\" height=\"236\" srcset=\"https:\/\/www.saituprinter.com\/wp-content\/uploads\/2023\/12\/9.jpg 675w, https:\/\/www.saituprinter.com\/wp-content\/uploads\/2023\/12\/9-600x800.jpg 600w, https:\/\/www.saituprinter.com\/wp-content\/uploads\/2023\/12\/9-150x200.jpg 150w, https:\/\/www.saituprinter.com\/wp-content\/uploads\/2023\/12\/9-9x12.jpg 9w\" sizes=\"(max-width: 177px) 100vw, 177px\" \/> <img decoding=\"async\" class=\"alignnone wp-image-9377\" src=\"https:\/\/saituprinter.com\/wp-content\/uploads\/2023\/12\/2.jpg\" alt=\"\" width=\"176\" height=\"235\" srcset=\"https:\/\/www.saituprinter.com\/wp-content\/uploads\/2023\/12\/2.jpg 675w, https:\/\/www.saituprinter.com\/wp-content\/uploads\/2023\/12\/2-600x800.jpg 600w, https:\/\/www.saituprinter.com\/wp-content\/uploads\/2023\/12\/2-150x200.jpg 150w, https:\/\/www.saituprinter.com\/wp-content\/uploads\/2023\/12\/2-9x12.jpg 9w\" sizes=\"(max-width: 176px) 100vw, 176px\" \/> <img loading=\"lazy\" decoding=\"async\" class=\"alignnone wp-image-9378\" src=\"https:\/\/saituprinter.com\/wp-content\/uploads\/2023\/12\/3.jpg\" alt=\"\" width=\"176\" height=\"235\" srcset=\"https:\/\/www.saituprinter.com\/wp-content\/uploads\/2023\/12\/3.jpg 675w, https:\/\/www.saituprinter.com\/wp-content\/uploads\/2023\/12\/3-600x800.jpg 600w, https:\/\/www.saituprinter.com\/wp-content\/uploads\/2023\/12\/3-150x200.jpg 150w, https:\/\/www.saituprinter.com\/wp-content\/uploads\/2023\/12\/3-9x12.jpg 9w\" sizes=\"(max-width: 176px) 100vw, 176px\" \/><\/p>\n<p><img loading=\"lazy\" decoding=\"async\" class=\"alignnone wp-image-9401\" src=\"https:\/\/saituprinter.com\/wp-content\/uploads\/2023\/12\/\u5fae\u4fe1\u56fe\u7247_20230728001802.jpg\" alt=\"\" width=\"173\" height=\"230\" srcset=\"https:\/\/www.saituprinter.com\/wp-content\/uploads\/2023\/12\/\u5fae\u4fe1\u56fe\u7247_20230728001802.jpg 1080w, https:\/\/www.saituprinter.com\/wp-content\/uploads\/2023\/12\/\u5fae\u4fe1\u56fe\u7247_20230728001802-600x800.jpg 600w, https:\/\/www.saituprinter.com\/wp-content\/uploads\/2023\/12\/\u5fae\u4fe1\u56fe\u7247_20230728001802-150x200.jpg 150w, https:\/\/www.saituprinter.com\/wp-content\/uploads\/2023\/12\/\u5fae\u4fe1\u56fe\u7247_20230728001802-800x1067.jpg 800w, https:\/\/www.saituprinter.com\/wp-content\/uploads\/2023\/12\/\u5fae\u4fe1\u56fe\u7247_20230728001802-768x1024.jpg 768w, https:\/\/www.saituprinter.com\/wp-content\/uploads\/2023\/12\/\u5fae\u4fe1\u56fe\u7247_20230728001802-9x12.jpg 9w\" sizes=\"(max-width: 173px) 100vw, 173px\" \/> \u00a0<img loading=\"lazy\" decoding=\"async\" class=\"alignnone wp-image-9403\" src=\"https:\/\/saituprinter.com\/wp-content\/uploads\/2023\/12\/\u5fae\u4fe1\u56fe\u7247_20230728001856.jpg\" alt=\"\" width=\"174\" height=\"232\" srcset=\"https:\/\/www.saituprinter.com\/wp-content\/uploads\/2023\/12\/\u5fae\u4fe1\u56fe\u7247_20230728001856.jpg 1080w, https:\/\/www.saituprinter.com\/wp-content\/uploads\/2023\/12\/\u5fae\u4fe1\u56fe\u7247_20230728001856-600x800.jpg 600w, https:\/\/www.saituprinter.com\/wp-content\/uploads\/2023\/12\/\u5fae\u4fe1\u56fe\u7247_20230728001856-150x200.jpg 150w, https:\/\/www.saituprinter.com\/wp-content\/uploads\/2023\/12\/\u5fae\u4fe1\u56fe\u7247_20230728001856-800x1067.jpg 800w, https:\/\/www.saituprinter.com\/wp-content\/uploads\/2023\/12\/\u5fae\u4fe1\u56fe\u7247_20230728001856-768x1024.jpg 768w, https:\/\/www.saituprinter.com\/wp-content\/uploads\/2023\/12\/\u5fae\u4fe1\u56fe\u7247_20230728001856-9x12.jpg 9w\" sizes=\"(max-width: 174px) 100vw, 174px\" \/> \u00a0 <img loading=\"lazy\" decoding=\"async\" class=\"alignnone wp-image-9404\" src=\"https:\/\/saituprinter.com\/wp-content\/uploads\/2023\/12\/\u5fae\u4fe1\u56fe\u7247_20230728001823.jpg\" alt=\"\" width=\"175\" height=\"233\" srcset=\"https:\/\/www.saituprinter.com\/wp-content\/uploads\/2023\/12\/\u5fae\u4fe1\u56fe\u7247_20230728001823.jpg 1080w, https:\/\/www.saituprinter.com\/wp-content\/uploads\/2023\/12\/\u5fae\u4fe1\u56fe\u7247_20230728001823-600x800.jpg 600w, https:\/\/www.saituprinter.com\/wp-content\/uploads\/2023\/12\/\u5fae\u4fe1\u56fe\u7247_20230728001823-150x200.jpg 150w, https:\/\/www.saituprinter.com\/wp-content\/uploads\/2023\/12\/\u5fae\u4fe1\u56fe\u7247_20230728001823-800x1067.jpg 800w, https:\/\/www.saituprinter.com\/wp-content\/uploads\/2023\/12\/\u5fae\u4fe1\u56fe\u7247_20230728001823-768x1024.jpg 768w, https:\/\/www.saituprinter.com\/wp-content\/uploads\/2023\/12\/\u5fae\u4fe1\u56fe\u7247_20230728001823-9x12.jpg 9w\" sizes=\"(max-width: 175px) 100vw, 175px\" \/><\/p>\n<p>&nbsp;<\/p>\n<p><strong>\u00bfPor qu\u00e9 elegir la impresora h\u00edbrida?<\/strong><\/p>\n<p>Nuestra tecnolog\u00eda de impresi\u00f3n admite una amplia gama de materiales, desde los m\u00e1s finos hasta los m\u00e1s gruesos, desde los m\u00e1s el\u00e1sticos hasta los m\u00e1s lisos, con una impresi\u00f3n sin errores. Esto garantiza una precisi\u00f3n sin precedentes en el resultado final, con resultados visuales impresionantes. La versatilidad y precisi\u00f3n de nuestra soluci\u00f3n de impresi\u00f3n la convierten en la opci\u00f3n ideal para cualquier proyecto, independientemente del material utilizado.<\/p>\n<p><strong>Impresora en la sala de trabajo del usuario:<\/strong><\/p>\n<p><img loading=\"lazy\" decoding=\"async\" class=\"alignnone wp-image-9398\" src=\"https:\/\/saituprinter.com\/wp-content\/uploads\/2023\/12\/\u5fae\u4fe1\u56fe\u7247_20230728001100.jpg\" alt=\"\" width=\"403\" height=\"303\" srcset=\"https:\/\/www.saituprinter.com\/wp-content\/uploads\/2023\/12\/\u5fae\u4fe1\u56fe\u7247_20230728001100.jpg 1440w, https:\/\/www.saituprinter.com\/wp-content\/uploads\/2023\/12\/\u5fae\u4fe1\u56fe\u7247_20230728001100-600x450.jpg 600w, https:\/\/www.saituprinter.com\/wp-content\/uploads\/2023\/12\/\u5fae\u4fe1\u56fe\u7247_20230728001100-150x113.jpg 150w, https:\/\/www.saituprinter.com\/wp-content\/uploads\/2023\/12\/\u5fae\u4fe1\u56fe\u7247_20230728001100-800x600.jpg 800w, https:\/\/www.saituprinter.com\/wp-content\/uploads\/2023\/12\/\u5fae\u4fe1\u56fe\u7247_20230728001100-768x576.jpg 768w, https:\/\/www.saituprinter.com\/wp-content\/uploads\/2023\/12\/\u5fae\u4fe1\u56fe\u7247_20230728001100-16x12.jpg 16w\" sizes=\"(max-width: 403px) 100vw, 403px\" \/> <img loading=\"lazy\" decoding=\"async\" class=\"alignnone wp-image-9399\" src=\"https:\/\/saituprinter.com\/wp-content\/uploads\/2023\/12\/\u5fae\u4fe1\u56fe\u7247_20230728001055.jpg\" alt=\"\" width=\"400\" height=\"300\" srcset=\"https:\/\/www.saituprinter.com\/wp-content\/uploads\/2023\/12\/\u5fae\u4fe1\u56fe\u7247_20230728001055.jpg 1440w, https:\/\/www.saituprinter.com\/wp-content\/uploads\/2023\/12\/\u5fae\u4fe1\u56fe\u7247_20230728001055-600x450.jpg 600w, https:\/\/www.saituprinter.com\/wp-content\/uploads\/2023\/12\/\u5fae\u4fe1\u56fe\u7247_20230728001055-150x113.jpg 150w, https:\/\/www.saituprinter.com\/wp-content\/uploads\/2023\/12\/\u5fae\u4fe1\u56fe\u7247_20230728001055-800x600.jpg 800w, https:\/\/www.saituprinter.com\/wp-content\/uploads\/2023\/12\/\u5fae\u4fe1\u56fe\u7247_20230728001055-768x576.jpg 768w, https:\/\/www.saituprinter.com\/wp-content\/uploads\/2023\/12\/\u5fae\u4fe1\u56fe\u7247_20230728001055-16x12.jpg 16w\" sizes=\"(max-width: 400px) 100vw, 400px\" \/><\/p>\n<p><strong>El v\u00eddeo:<\/strong><\/p>\n<div style=\"width: 1280px;\" class=\"wp-video\"><!--[if lt IE 9]><script>document.createElement('video');<\/script><![endif]-->\n<video class=\"wp-video-shortcode\" id=\"video-8952-1\" width=\"1280\" height=\"720\" preload=\"metadata\" controls=\"controls\"><source type=\"video\/mp4\" src=\"https:\/\/saituprinter.com\/wp-content\/uploads\/2023\/12\/ffbcaa3e1c4a94d079150518ea0edf5b.mp4?_=1\" \/><a href=\"https:\/\/saituprinter.com\/wp-content\/uploads\/2023\/12\/ffbcaa3e1c4a94d079150518ea0edf5b.mp4\">https:\/\/saituprinter.com\/wp-content\/uploads\/2023\/12\/ffbcaa3e1c4a94d079150518ea0edf5b.mp4<\/a><\/video><\/div>\n<p>&nbsp;<\/p>\n<p><strong>\u00bfPor qu\u00e9 elegirnos?<\/strong><\/p>\n<p class=\"\">Durante 23 a\u00f1os, SAITU ha sido un fabricante l\u00edder de equipos de impresi\u00f3n de gran formato, especializado en I+D, producci\u00f3n y ventas. Ofrecemos una gama completa de soluciones de impresi\u00f3n profesional, que incluyen sublimaci\u00f3n textil, impresoras h\u00edbridas de gran formato, rollo a rollo, UV LED, ECO-solventes, tintas a base de agua e impresoras UV de cama plana.<\/p>\n<p class=\"\">Con 10 empresas de venta directa en China, tenemos un profundo conocimiento de diversas aplicaciones de impresi\u00f3n, lo que nos permite ofrecer soluciones personalizadas para satisfacer las necesidades de los clientes.<\/p>\n<p class=\"\">SAITU tiene presencia global, exportando a m\u00e1s de 40 pa\u00edses, lo que refleja nuestro compromiso con la calidad y la innovaci\u00f3n.<\/p>\n<p class=\"\">Adhiri\u00e9ndonos a la filosof\u00eda empresarial de integridad, pragmatismo, innovaci\u00f3n y beneficio mutuo, nos esforzamos por anticipar y satisfacer las necesidades de los clientes, abriendo nuevos caminos en la impresi\u00f3n de gran formato.<\/p>\n<p class=\"\">De cara al futuro, estamos ansiosos por colaborar con m\u00e1s socios para superar conjuntamente los l\u00edmites de la tecnolog\u00eda de impresi\u00f3n de gran formato y crear juntos un futuro m\u00e1s brillante.<\/p>","protected":false},"excerpt":{"rendered":"<p>Nuestra tecnolog\u00eda de impresi\u00f3n admite una amplia gama de materiales, desde los m\u00e1s finos hasta los m\u00e1s gruesos, desde los m\u00e1s el\u00e1sticos hasta los m\u00e1s lisos, con una impresi\u00f3n sin errores. Esto garantiza una precisi\u00f3n sin precedentes en el resultado final, con resultados visuales impresionantes. La versatilidad y precisi\u00f3n de nuestra soluci\u00f3n de impresi\u00f3n la convierten en la opci\u00f3n ideal para cualquier proyecto, independientemente del material utilizado.<\/p>","protected":false},"featured_media":9413,"comment_status":"closed","ping_status":"closed","template":"","meta":[],"product_cat":[17],"product_tag":[],"class_list":["post-8952","product","type-product","status-publish","has-post-thumbnail","hentry","product_cat-advertising-printer"],"_links":{"self":[{"href":"https:\/\/www.saituprinter.com\/es\/wp-json\/wp\/v2\/product\/8952","targetHints":{"allow":["GET"]}}],"collection":[{"href":"https:\/\/www.saituprinter.com\/es\/wp-json\/wp\/v2\/product"}],"about":[{"href":"https:\/\/www.saituprinter.com\/es\/wp-json\/wp\/v2\/types\/product"}],"replies":[{"embeddable":true,"href":"https:\/\/www.saituprinter.com\/es\/wp-json\/wp\/v2\/comments?post=8952"}],"wp:featuredmedia":[{"embeddable":true,"href":"https:\/\/www.saituprinter.com\/es\/wp-json\/wp\/v2\/media\/9413"}],"wp:attachment":[{"href":"https:\/\/www.saituprinter.com\/es\/wp-json\/wp\/v2\/media?parent=8952"}],"wp:term":[{"taxonomy":"product_cat","embeddable":true,"href":"https:\/\/www.saituprinter.com\/es\/wp-json\/wp\/v2\/product_cat?post=8952"},{"taxonomy":"product_tag","embeddable":true,"href":"https:\/\/www.saituprinter.com\/es\/wp-json\/wp\/v2\/product_tag?post=8952"}],"curies":[{"name":"wp","href":"https:\/\/api.w.org\/{rel}","templated":true}]}}