{"id":8951,"date":"2023-12-05T13:43:23","date_gmt":"2023-12-05T05:43:23","guid":{"rendered":"https:\/\/saituprinter.com\/?post_type=product&#038;p=8951"},"modified":"2025-05-17T11:12:17","modified_gmt":"2025-05-17T03:12:17","slug":"saitu1-8m-3-2m-uv-printer","status":"publish","type":"product","link":"https:\/\/www.saituprinter.com\/es\/producto\/saitu1-8m-3-2m-uv-printer\/","title":{"rendered":"Impresora UV SAITU de 1,8 m\/3,2 m"},"content":{"rendered":"<p>&nbsp;<\/p>\n<p><img fetchpriority=\"high\" decoding=\"async\" class=\"alignnone size-full wp-image-9521\" src=\"https:\/\/saituprinter.com\/wp-content\/uploads\/2023\/12\/3.2uv.jpg\" alt=\"\" width=\"1000\" height=\"1000\" srcset=\"https:\/\/www.saituprinter.com\/wp-content\/uploads\/2023\/12\/3.2uv.jpg 1000w, https:\/\/www.saituprinter.com\/wp-content\/uploads\/2023\/12\/3.2uv-600x600.jpg 600w, https:\/\/www.saituprinter.com\/wp-content\/uploads\/2023\/12\/3.2uv-150x150.jpg 150w, https:\/\/www.saituprinter.com\/wp-content\/uploads\/2023\/12\/3.2uv-800x800.jpg 800w, https:\/\/www.saituprinter.com\/wp-content\/uploads\/2023\/12\/3.2uv-768x768.jpg 768w, https:\/\/www.saituprinter.com\/wp-content\/uploads\/2023\/12\/3.2uv-12x12.jpg 12w\" sizes=\"(max-width: 1000px) 100vw, 1000px\" \/><\/p>\n<p>Presentaci\u00f3n de la potencia: la impresora UV SAITU de 1,8 m\/3,2 m revoluciona la impresi\u00f3n de murales y papeles pintados de gran formato y alta definici\u00f3n con una integraci\u00f3n perfecta.<\/p>\n<p>&nbsp;<\/p>\n<p><strong>\u00bfEst\u00e1s listo para llevar tu juego de impresi\u00f3n al siguiente nivel? <\/strong><\/p>\n<p>No busque m\u00e1s, la asombrosa impresora UV SAITU de 1,8 m\/3,2 m, la soluci\u00f3n definitiva para todas sus necesidades de impresi\u00f3n de gran formato y alta definici\u00f3n.<\/p>\n<p>Sum\u00e9rgete en un mundo de claridad impresionante con la impresora SAITUUV de \u00faltima generaci\u00f3n. Equipada con tecnolog\u00eda de \u00faltima generaci\u00f3n, esta m\u00e1quina captura a la perfecci\u00f3n cada detalle, brindando una precisi\u00f3n y viveza incomparables. Desde dise\u00f1os complejos hasta gr\u00e1ficos realistas, la impresora UV SAITU garantiza una calidad superior que lo dejar\u00e1 hipnotizado.<\/p>\n<p>&nbsp;<\/p>\n<p>Experimente el placer de imprimir sin l\u00edmites con la amplia capacidad de 1,8 m\/3,2 m de la impresora SAITU UV. D\u00edgale adi\u00f3s a las limitaciones de tama\u00f1o: esta innovadora impresora hace realidad su visi\u00f3n a una escala impresionante sin esfuerzo. Ya sea papel tapiz, murales o piezas decorativas, la impresora UV SAITU garantiza resultados sorprendentes que cautivar\u00e1n instant\u00e1neamente a cualquier audiencia.<\/p>\n<p>&nbsp;<\/p>\n<p><strong>Adopte la integraci\u00f3n perfecta de la impresora UV SAITU:<\/strong><\/p>\n<p>Atr\u00e1s quedaron los d\u00edas de costuras visibles y compromisos est\u00e9ticos. Sea testigo de transiciones fluidas y una continuidad impecable mientras esta impresora de primera l\u00ednea crea sin esfuerzo dise\u00f1os impresionantes e ininterrumpidos que dejar\u00e1n asombrados a sus clientes.<\/p>\n<p>&nbsp;<\/p>\n<p>Sum\u00e9rgete en el mundo de la impresi\u00f3n de gran formato y alta calidad con la impresora UV SAITU. Transforma espacios ordinarios en extraordinarias obras de arte con sus extraordinarias capacidades. Eleva el ambiente de cualquier habitaci\u00f3n y deja una impresi\u00f3n duradera en todos los que vean tu obra maestra.<\/p>\n<p>&nbsp;<\/p>\n<p>\u00danase a la liga de profesionales de la impresi\u00f3n de \u00e9lite que conf\u00edan en la impresora UV SAITU para sus proyectos m\u00e1s ambiciosos. Encienda su creatividad, supere los l\u00edmites y redefina lo que es posible con esta tecnolog\u00eda revolucionaria.<\/p>\n<p>&nbsp;<\/p>\n<p>No pierda esta incre\u00edble oportunidad de potenciar su negocio de impresi\u00f3n y desbloquear un mundo de infinitas posibilidades. \u00a1Explore hoy la impresora SAITU 1,8 m\/3,2 mUV y revolucione la forma en que da vida a sus ideas!<\/p>\n<p>&nbsp;<\/p>\n<p>PAR\u00c1METRO DEL PRODUCTO:<\/p>\n<p>&nbsp;<\/p>\n<table>\n<tbody>\n<tr>\n<td colspan=\"2\" width=\"171\">Modelo<\/td>\n<td width=\"227\">JC1802UV<\/td>\n<td width=\"218\">JC3204UV<\/td>\n<\/tr>\n<tr>\n<td colspan=\"2\" width=\"171\">cabezal de impresi\u00f3n<\/td>\n<td width=\"227\">2 piezas * Epson DX5\/i3200<\/td>\n<td width=\"218\">4 piezas * Epson DX5\/i3200<\/td>\n<\/tr>\n<tr>\n<td colspan=\"2\" width=\"171\">Ancho m\u00e1ximo de impresi\u00f3n<\/td>\n<td width=\"227\">1600 mm<\/td>\n<td width=\"218\">3200 mm<\/td>\n<\/tr>\n<tr>\n<td colspan=\"2\" rowspan=\"3\" width=\"171\">Resoluci\u00f3n\/velocidad de impresi\u00f3n<\/td>\n<td width=\"227\">Modo de producci\u00f3n: 8\u33a1\/H<\/td>\n<td width=\"218\">Modo de producci\u00f3n: 9\u33a1\/H<\/td>\n<\/tr>\n<tr>\n<td width=\"227\">Modo de resoluci\u00f3n: 6\u33a1\/H<\/td>\n<td width=\"218\">Modo de resoluci\u00f3n: 7\u33a1\/H<\/td>\n<\/tr>\n<tr>\n<td width=\"227\">Modo de alta resoluci\u00f3n: 4\u33a1\/H<\/td>\n<td width=\"218\">Modo de alta resoluci\u00f3n: 6\u33a1\/H<\/td>\n<\/tr>\n<tr>\n<td rowspan=\"2\" width=\"59\">Tinta<\/td>\n<td width=\"112\">Clasificar<\/td>\n<td colspan=\"2\" width=\"445\">tinta ultravioleta<\/td>\n<\/tr>\n<tr>\n<td width=\"112\">Capacidad<\/td>\n<td colspan=\"2\" width=\"445\">Sistema de suministro de tinta vac\u00edo<\/td>\n<\/tr>\n<tr>\n<td rowspan=\"4\" width=\"59\">Medios de comunicaci\u00f3n<\/td>\n<td width=\"112\">Ancho<\/td>\n<td width=\"227\">1700 mm<\/td>\n<td width=\"218\">3200 mm<\/td>\n<\/tr>\n<tr>\n<td width=\"112\">Espesor<\/td>\n<td colspan=\"2\" width=\"445\">Ajustable de 1,5 mm a 8 mm<\/td>\n<\/tr>\n<tr>\n<td width=\"112\">Peso de soporte aceptable<\/td>\n<td colspan=\"2\" width=\"445\">225 kg<\/td>\n<\/tr>\n<tr>\n<td width=\"112\">Clasificar<\/td>\n<td colspan=\"2\" width=\"445\">Pel\u00edcula blanda, inflable, adhesiva, retroiluminada, todo tipo de papel de pared, etc.<\/td>\n<\/tr>\n<tr>\n<td colspan=\"2\" width=\"171\">Alta calidad de impresi\u00f3n<\/td>\n<td colspan=\"2\" width=\"445\">tecnolog\u00eda VSD<\/td>\n<\/tr>\n<tr>\n<td colspan=\"2\" width=\"171\">Calentador de medios<\/td>\n<td colspan=\"2\" width=\"445\">Calentador trasero (se puede controlar por separado)<\/td>\n<\/tr>\n<tr>\n<td colspan=\"2\" width=\"171\">Dispositivo de recogida de medios<\/td>\n<td colspan=\"2\" width=\"445\">Dispositivo de recogida de pel\u00edcula blanda (opcional)<\/td>\n<\/tr>\n<tr>\n<td colspan=\"2\" width=\"171\">Sistema de secado<\/td>\n<td colspan=\"2\" width=\"445\">Calentador de luz UV, enfriador de luz LED<\/td>\n<\/tr>\n<tr>\n<td colspan=\"2\" width=\"171\">Carril de gu\u00eda<\/td>\n<td colspan=\"2\" width=\"445\">THK de Jap\u00f3n<\/td>\n<\/tr>\n<tr>\n<td colspan=\"2\" width=\"171\">Interfaz<\/td>\n<td colspan=\"2\" width=\"445\">1000 Mbit\/s<\/td>\n<\/tr>\n<tr>\n<td colspan=\"2\" width=\"171\">software de procesamiento de archivos<\/td>\n<td colspan=\"2\" width=\"445\">MainTop, impresi\u00f3n fotogr\u00e1fica.<\/td>\n<\/tr>\n<tr>\n<td colspan=\"2\" width=\"171\">Voltaje<\/td>\n<td colspan=\"2\" width=\"445\">CA 110 V \u00b1 10%, CA 220 V \u00b1 10%, 50\/60 \u00b1 1 Hz<\/td>\n<\/tr>\n<tr>\n<td colspan=\"2\" width=\"171\">Entorno de operaci\u00f3n<\/td>\n<td colspan=\"2\" width=\"445\">Temperatura: 15 \u2103 -30 \u2103, Humedad: 35%RH-65%RH<\/td>\n<\/tr>\n<tr>\n<td colspan=\"2\" width=\"171\">Fuerza<\/td>\n<td width=\"227\">2500W<\/td>\n<td width=\"218\">3400W<\/td>\n<\/tr>\n<tr>\n<td colspan=\"2\" width=\"171\">Dimensiones de la impresora (LWH)<\/td>\n<td width=\"227\">2900*850*1300mm<\/td>\n<td width=\"218\">4690*960*1380mm<\/td>\n<\/tr>\n<tr>\n<td colspan=\"2\" width=\"171\">Dimensiones del embalaje (LWH)<\/td>\n<td width=\"227\">3030*850*750mm<\/td>\n<td width=\"218\">4800*1135*1480mm<\/td>\n<\/tr>\n<tr>\n<td colspan=\"2\" width=\"171\">Peso neto<\/td>\n<td width=\"227\">220 kg<\/td>\n<td width=\"218\">700KG<\/td>\n<\/tr>\n<tr>\n<td colspan=\"2\" width=\"171\">Peso bruto<\/td>\n<td width=\"227\">270 kg<\/td>\n<td width=\"218\">900KG<\/td>\n<\/tr>\n<\/tbody>\n<\/table>\n<p>Para los usuarios de UV, se utilizan varias m\u00e1quinas UV de 3,2 m al mismo tiempo en la sala de trabajo y el efecto es: W+CMYK+G<\/p>\n<p>&nbsp;<\/p>\n<div style=\"width: 960px;\" class=\"wp-video\"><!--[if lt IE 9]><script>document.createElement('video');<\/script><![endif]-->\n<video class=\"wp-video-shortcode\" id=\"video-8951-1\" width=\"960\" height=\"544\" preload=\"metadata\" controls=\"controls\"><source type=\"video\/mp4\" src=\"http:\/\/saituprinter.com\/wp-content\/uploads\/2023\/12\/8dbea4c7198fd4e5490ed9f63cdc2472.mp4?_=1\" \/><a href=\"http:\/\/saituprinter.com\/wp-content\/uploads\/2023\/12\/8dbea4c7198fd4e5490ed9f63cdc2472.mp4\">http:\/\/saituprinter.com\/wp-content\/uploads\/2023\/12\/8dbea4c7198fd4e5490ed9f63cdc2472.mp4<\/a><\/video><\/div>","protected":false},"excerpt":{"rendered":"<p>Presentaci\u00f3n de la potencia: la impresora UV SAITU de 1,8 m\/3,2 m revoluciona la impresi\u00f3n de murales y papeles pintados de gran formato y alta definici\u00f3n con una integraci\u00f3n perfecta.<\/p>\n<p>&nbsp;<\/p>","protected":false},"featured_media":9521,"comment_status":"closed","ping_status":"closed","template":"","meta":[],"product_cat":[95,19],"product_tag":[],"class_list":["post-8951","product","type-product","status-publish","has-post-thumbnail","hentry","product_cat-roll-to-roll-printer","product_cat-uv-printer"],"_links":{"self":[{"href":"https:\/\/www.saituprinter.com\/es\/wp-json\/wp\/v2\/product\/8951","targetHints":{"allow":["GET"]}}],"collection":[{"href":"https:\/\/www.saituprinter.com\/es\/wp-json\/wp\/v2\/product"}],"about":[{"href":"https:\/\/www.saituprinter.com\/es\/wp-json\/wp\/v2\/types\/product"}],"replies":[{"embeddable":true,"href":"https:\/\/www.saituprinter.com\/es\/wp-json\/wp\/v2\/comments?post=8951"}],"wp:featuredmedia":[{"embeddable":true,"href":"https:\/\/www.saituprinter.com\/es\/wp-json\/wp\/v2\/media\/9521"}],"wp:attachment":[{"href":"https:\/\/www.saituprinter.com\/es\/wp-json\/wp\/v2\/media?parent=8951"}],"wp:term":[{"taxonomy":"product_cat","embeddable":true,"href":"https:\/\/www.saituprinter.com\/es\/wp-json\/wp\/v2\/product_cat?post=8951"},{"taxonomy":"product_tag","embeddable":true,"href":"https:\/\/www.saituprinter.com\/es\/wp-json\/wp\/v2\/product_tag?post=8951"}],"curies":[{"name":"wp","href":"https:\/\/api.w.org\/{rel}","templated":true}]}}