{"id":8949,"date":"2023-12-05T11:42:38","date_gmt":"2023-12-05T03:42:38","guid":{"rendered":"https:\/\/saituprinter.com\/?post_type=product&#038;p=8949"},"modified":"2025-06-19T20:30:22","modified_gmt":"2025-06-19T12:30:22","slug":"jc1802","status":"publish","type":"product","link":"https:\/\/www.saituprinter.com\/es\/producto\/jc1802\/","title":{"rendered":"Impresora a base de agua de 1,8 m JC1802"},"content":{"rendered":"<p><img fetchpriority=\"high\" decoding=\"async\" class=\"alignnone size-full wp-image-8816\" src=\"http:\/\/saituprinter.com\/wp-content\/uploads\/2023\/11\/1.8M-2HEAD-SUBLIMATION.png\" alt=\"\" width=\"800\" height=\"800\" srcset=\"https:\/\/www.saituprinter.com\/wp-content\/uploads\/2023\/11\/1.8M-2HEAD-SUBLIMATION.png 800w, https:\/\/www.saituprinter.com\/wp-content\/uploads\/2023\/11\/1.8M-2HEAD-SUBLIMATION-600x600.png 600w, https:\/\/www.saituprinter.com\/wp-content\/uploads\/2023\/11\/1.8M-2HEAD-SUBLIMATION-150x150.png 150w, https:\/\/www.saituprinter.com\/wp-content\/uploads\/2023\/11\/1.8M-2HEAD-SUBLIMATION-768x768.png 768w\" sizes=\"(max-width: 800px) 100vw, 800px\" \/><\/p>\n<p>&nbsp;<\/p>\n<p>PAR\u00c1METRO DEL PRODUCTO:<\/p>\n<table>\n<tbody>\n<tr>\n<td colspan=\"2\" width=\"189\">Modelo<\/td>\n<td colspan=\"3\" width=\"373\">ST1802<\/td>\n<\/tr>\n<tr>\n<td colspan=\"2\">cabezal de impresi\u00f3n<\/td>\n<td width=\"168\">2 cabezales de impresi\u00f3n Epson DX7\/DX5<\/td>\n<td colspan=\"2\" width=\"205\">2 cabezales de impresi\u00f3n 5113\/4720\/i3200<\/td>\n<\/tr>\n<tr>\n<td colspan=\"2\" width=\"189\">Ancho m\u00e1ximo de impresi\u00f3n<\/td>\n<td colspan=\"3\" width=\"373\">1800 mm<\/td>\n<\/tr>\n<tr>\n<td colspan=\"2\" width=\"189\">Resoluci\u00f3n\/velocidad de impresi\u00f3n<\/td>\n<td>DX7\/DX5<\/td>\n<td>5113\/4720<\/td>\n<td width=\"108\">i3200<\/td>\n<\/tr>\n<tr>\n<td colspan=\"2\" width=\"189\">Modo de producto<\/td>\n<td>30\u33a1\/H<\/td>\n<td>40\u33a1\/H<\/td>\n<td width=\"108\">50\u33a1\/hora<\/td>\n<\/tr>\n<tr>\n<td colspan=\"2\" width=\"189\">Modo de resoluci\u00f3n<\/td>\n<td>24\u33a1\/H<\/td>\n<td>30\u33a1\/H<\/td>\n<td width=\"108\">45\u33a1\/H<\/td>\n<\/tr>\n<tr>\n<td colspan=\"2\" width=\"189\">Modo de alta resoluci\u00f3n<\/td>\n<td width=\"168\">15\u33a1\/H<\/td>\n<td width=\"97\">26\u33a1\/H<\/td>\n<td width=\"108\">35\u33a1\/H<\/td>\n<\/tr>\n<tr>\n<td rowspan=\"2\">Tinta<\/td>\n<td>Clasificar<\/td>\n<td colspan=\"3\" width=\"373\">Tinta a base de agua, tinta ecosolvente<\/td>\n<\/tr>\n<tr>\n<td>Capacidad<\/td>\n<td colspan=\"3\" width=\"373\">Sistema de suministro de tinta vac\u00edo<\/td>\n<\/tr>\n<tr>\n<td rowspan=\"4\">Medios de comunicaci\u00f3n<\/td>\n<td>Ancho<\/td>\n<td colspan=\"3\" width=\"373\">1600 mm<\/td>\n<\/tr>\n<tr>\n<td>Espesor<\/td>\n<td colspan=\"3\" width=\"373\">Ajustable de 1,5 mm a 8 mm<\/td>\n<\/tr>\n<tr>\n<td width=\"128\">Peso del material<\/td>\n<td colspan=\"3\" width=\"373\">75 kg<\/td>\n<\/tr>\n<tr>\n<td>Clasificar<\/td>\n<td colspan=\"3\" width=\"373\">Papel sint\u00e9tico PP, retroiluminado, papel fotogr\u00e1fico, pancartas, cuero, etc.<\/td>\n<\/tr>\n<tr>\n<td colspan=\"2\">Alta calidad de impresi\u00f3n<\/td>\n<td colspan=\"3\" width=\"373\">tecnolog\u00eda VSD<\/td>\n<\/tr>\n<tr>\n<td colspan=\"2\">Calentador de medios<\/td>\n<td colspan=\"3\" width=\"373\">Calefacci\u00f3n delantera\/trasera (se puede controlar por separado, opcional)<\/td>\n<\/tr>\n<tr>\n<td colspan=\"2\">Dispositivo de recogida de medios<\/td>\n<td colspan=\"3\" width=\"373\">Dispositivo de doble motor con amortiguador autom\u00e1tico.<\/td>\n<\/tr>\n<tr>\n<td colspan=\"2\">Sistema de secado<\/td>\n<td colspan=\"3\" width=\"373\">Sistema de secado por rayos infrarrojos.<\/td>\n<\/tr>\n<tr>\n<td colspan=\"2\">Carril de gu\u00eda<\/td>\n<td colspan=\"3\" width=\"373\">THK de Jap\u00f3n<\/td>\n<\/tr>\n<tr>\n<td colspan=\"2\">Interfaz<\/td>\n<td colspan=\"3\" width=\"373\">1000 Mbit\/s<\/td>\n<\/tr>\n<tr>\n<td colspan=\"2\">software de procesamiento de archivos<\/td>\n<td colspan=\"3\" width=\"373\">Parte superior, impresi\u00f3n fotogr\u00e1fica<\/td>\n<\/tr>\n<tr>\n<td colspan=\"2\">Voltaje<\/td>\n<td colspan=\"3\" width=\"373\">CA 220 V \u00b1 101 TP3T, 50\/60 \u00b1 1 Hz<\/td>\n<\/tr>\n<tr>\n<td colspan=\"2\" width=\"189\">Entornos de operaci\u00f3n<\/td>\n<td colspan=\"3\" width=\"373\">Temperatura: 15 \u2103 -30 \u2103, Humedad: 35%RH-65%RH<\/td>\n<\/tr>\n<tr>\n<td colspan=\"2\">Fuerza<\/td>\n<td colspan=\"3\" width=\"373\">2500W<\/td>\n<\/tr>\n<tr>\n<td colspan=\"2\" width=\"189\">Dimensiones de la impresora (LWH)<\/td>\n<td colspan=\"3\" width=\"373\">2950*850*1360mm<\/td>\n<\/tr>\n<tr>\n<td colspan=\"2\" width=\"189\">Dimensiones del embalaje (LWH)<\/td>\n<td colspan=\"3\" width=\"373\">3030*850*750mm<\/td>\n<\/tr>\n<tr>\n<td colspan=\"2\">Peso neto<\/td>\n<td colspan=\"3\" width=\"373\">220 kg<\/td>\n<\/tr>\n<tr>\n<td colspan=\"2\">Peso bruto<\/td>\n<td colspan=\"3\" width=\"373\">270 kg<\/td>\n<\/tr>\n<\/tbody>\n<\/table>\n<p>&nbsp;<\/p>\n<p><img decoding=\"async\" class=\"alignnone wp-image-9205\" src=\"https:\/\/saituprinter.com\/wp-content\/uploads\/2023\/12\/\u5fae\u4fe1\u56fe\u7247_20231005102540.jpg\" alt=\"\" width=\"386\" height=\"290\" srcset=\"https:\/\/www.saituprinter.com\/wp-content\/uploads\/2023\/12\/\u5fae\u4fe1\u56fe\u7247_20231005102540.jpg 1440w, https:\/\/www.saituprinter.com\/wp-content\/uploads\/2023\/12\/\u5fae\u4fe1\u56fe\u7247_20231005102540-600x450.jpg 600w, https:\/\/www.saituprinter.com\/wp-content\/uploads\/2023\/12\/\u5fae\u4fe1\u56fe\u7247_20231005102540-150x113.jpg 150w, https:\/\/www.saituprinter.com\/wp-content\/uploads\/2023\/12\/\u5fae\u4fe1\u56fe\u7247_20231005102540-800x600.jpg 800w, https:\/\/www.saituprinter.com\/wp-content\/uploads\/2023\/12\/\u5fae\u4fe1\u56fe\u7247_20231005102540-768x576.jpg 768w, https:\/\/www.saituprinter.com\/wp-content\/uploads\/2023\/12\/\u5fae\u4fe1\u56fe\u7247_20231005102540-16x12.jpg 16w\" sizes=\"(max-width: 386px) 100vw, 386px\" \/> <img decoding=\"async\" class=\"alignnone wp-image-9206\" src=\"https:\/\/saituprinter.com\/wp-content\/uploads\/2023\/12\/\u5fae\u4fe1\u56fe\u7247_20231005102535.jpg\" alt=\"\" width=\"386\" height=\"290\" srcset=\"https:\/\/www.saituprinter.com\/wp-content\/uploads\/2023\/12\/\u5fae\u4fe1\u56fe\u7247_20231005102535.jpg 1440w, https:\/\/www.saituprinter.com\/wp-content\/uploads\/2023\/12\/\u5fae\u4fe1\u56fe\u7247_20231005102535-600x450.jpg 600w, https:\/\/www.saituprinter.com\/wp-content\/uploads\/2023\/12\/\u5fae\u4fe1\u56fe\u7247_20231005102535-150x113.jpg 150w, https:\/\/www.saituprinter.com\/wp-content\/uploads\/2023\/12\/\u5fae\u4fe1\u56fe\u7247_20231005102535-800x600.jpg 800w, https:\/\/www.saituprinter.com\/wp-content\/uploads\/2023\/12\/\u5fae\u4fe1\u56fe\u7247_20231005102535-768x576.jpg 768w, https:\/\/www.saituprinter.com\/wp-content\/uploads\/2023\/12\/\u5fae\u4fe1\u56fe\u7247_20231005102535-16x12.jpg 16w\" sizes=\"(max-width: 386px) 100vw, 386px\" \/> <img loading=\"lazy\" decoding=\"async\" class=\"alignnone wp-image-9204\" src=\"https:\/\/saituprinter.com\/wp-content\/uploads\/2023\/12\/\u5fae\u4fe1\u56fe\u7247_20231005102543.jpg\" alt=\"\" width=\"388\" height=\"518\" srcset=\"https:\/\/www.saituprinter.com\/wp-content\/uploads\/2023\/12\/\u5fae\u4fe1\u56fe\u7247_20231005102543.jpg 1080w, https:\/\/www.saituprinter.com\/wp-content\/uploads\/2023\/12\/\u5fae\u4fe1\u56fe\u7247_20231005102543-600x800.jpg 600w, https:\/\/www.saituprinter.com\/wp-content\/uploads\/2023\/12\/\u5fae\u4fe1\u56fe\u7247_20231005102543-150x200.jpg 150w, https:\/\/www.saituprinter.com\/wp-content\/uploads\/2023\/12\/\u5fae\u4fe1\u56fe\u7247_20231005102543-800x1067.jpg 800w, https:\/\/www.saituprinter.com\/wp-content\/uploads\/2023\/12\/\u5fae\u4fe1\u56fe\u7247_20231005102543-768x1024.jpg 768w, https:\/\/www.saituprinter.com\/wp-content\/uploads\/2023\/12\/\u5fae\u4fe1\u56fe\u7247_20231005102543-9x12.jpg 9w\" sizes=\"(max-width: 388px) 100vw, 388px\" \/> <img loading=\"lazy\" decoding=\"async\" class=\"alignnone wp-image-9203\" src=\"https:\/\/saituprinter.com\/wp-content\/uploads\/2023\/12\/\u5fae\u4fe1\u56fe\u7247_20231005102546.jpg\" alt=\"\" width=\"388\" height=\"518\" srcset=\"https:\/\/www.saituprinter.com\/wp-content\/uploads\/2023\/12\/\u5fae\u4fe1\u56fe\u7247_20231005102546.jpg 1080w, https:\/\/www.saituprinter.com\/wp-content\/uploads\/2023\/12\/\u5fae\u4fe1\u56fe\u7247_20231005102546-600x800.jpg 600w, https:\/\/www.saituprinter.com\/wp-content\/uploads\/2023\/12\/\u5fae\u4fe1\u56fe\u7247_20231005102546-150x200.jpg 150w, https:\/\/www.saituprinter.com\/wp-content\/uploads\/2023\/12\/\u5fae\u4fe1\u56fe\u7247_20231005102546-800x1067.jpg 800w, https:\/\/www.saituprinter.com\/wp-content\/uploads\/2023\/12\/\u5fae\u4fe1\u56fe\u7247_20231005102546-768x1024.jpg 768w, https:\/\/www.saituprinter.com\/wp-content\/uploads\/2023\/12\/\u5fae\u4fe1\u56fe\u7247_20231005102546-9x12.jpg 9w\" sizes=\"(max-width: 388px) 100vw, 388px\" \/> <img loading=\"lazy\" decoding=\"async\" class=\"alignnone wp-image-9202\" src=\"https:\/\/saituprinter.com\/wp-content\/uploads\/2023\/12\/\u5fae\u4fe1\u56fe\u7247_20231005102549.jpg\" alt=\"\" width=\"389\" height=\"292\" srcset=\"https:\/\/www.saituprinter.com\/wp-content\/uploads\/2023\/12\/\u5fae\u4fe1\u56fe\u7247_20231005102549.jpg 1440w, https:\/\/www.saituprinter.com\/wp-content\/uploads\/2023\/12\/\u5fae\u4fe1\u56fe\u7247_20231005102549-600x450.jpg 600w, https:\/\/www.saituprinter.com\/wp-content\/uploads\/2023\/12\/\u5fae\u4fe1\u56fe\u7247_20231005102549-150x113.jpg 150w, https:\/\/www.saituprinter.com\/wp-content\/uploads\/2023\/12\/\u5fae\u4fe1\u56fe\u7247_20231005102549-800x600.jpg 800w, https:\/\/www.saituprinter.com\/wp-content\/uploads\/2023\/12\/\u5fae\u4fe1\u56fe\u7247_20231005102549-768x576.jpg 768w, https:\/\/www.saituprinter.com\/wp-content\/uploads\/2023\/12\/\u5fae\u4fe1\u56fe\u7247_20231005102549-16x12.jpg 16w\" sizes=\"(max-width: 389px) 100vw, 389px\" \/> <img loading=\"lazy\" decoding=\"async\" class=\"alignnone wp-image-9201\" src=\"https:\/\/saituprinter.com\/wp-content\/uploads\/2023\/12\/\u5fae\u4fe1\u56fe\u7247_20231005103840-scaled.jpg\" alt=\"\" width=\"388\" height=\"291\" srcset=\"https:\/\/www.saituprinter.com\/wp-content\/uploads\/2023\/12\/\u5fae\u4fe1\u56fe\u7247_20231005103840-scaled.jpg 2560w, https:\/\/www.saituprinter.com\/wp-content\/uploads\/2023\/12\/\u5fae\u4fe1\u56fe\u7247_20231005103840-scaled-600x450.jpg 600w, https:\/\/www.saituprinter.com\/wp-content\/uploads\/2023\/12\/\u5fae\u4fe1\u56fe\u7247_20231005103840-scaled-150x113.jpg 150w, https:\/\/www.saituprinter.com\/wp-content\/uploads\/2023\/12\/\u5fae\u4fe1\u56fe\u7247_20231005103840-scaled-800x600.jpg 800w, https:\/\/www.saituprinter.com\/wp-content\/uploads\/2023\/12\/\u5fae\u4fe1\u56fe\u7247_20231005103840-768x576.jpg 768w, https:\/\/www.saituprinter.com\/wp-content\/uploads\/2023\/12\/\u5fae\u4fe1\u56fe\u7247_20231005103840-1536x1152.jpg 1536w, https:\/\/www.saituprinter.com\/wp-content\/uploads\/2023\/12\/\u5fae\u4fe1\u56fe\u7247_20231005103840-2048x1536.jpg 2048w, https:\/\/www.saituprinter.com\/wp-content\/uploads\/2023\/12\/\u5fae\u4fe1\u56fe\u7247_20231005103840-16x12.jpg 16w\" sizes=\"(max-width: 388px) 100vw, 388px\" \/><\/p>\n<p><strong>Acerca de la impresora:<\/strong><\/p>\n<p>&nbsp;<\/p>\n<p>Tecnolog\u00eda avanzada:<\/p>\n<p>Impresi\u00f3n de alta calidad con placa AT<br \/>\nCon opciones de colores suaves, oscuros y fr\u00edos de 10 a 100, proporciona capacidades de impresi\u00f3n convenientes, lo que garantiza que sus dise\u00f1os se reproduzcan con la m\u00e1xima precisi\u00f3n. Adem\u00e1s, el sistema de transmisi\u00f3n por cable ofrece una estabilidad superior, lo que garantiza trabajos de impresi\u00f3n fluidos y fiables.<\/p>\n<p>&nbsp;<\/p>\n<p>Reducci\u00f3n de sonido superior:<\/p>\n<p>Rieles THK para un funcionamiento silencioso<br \/>\nEl uso de rieles japoneses THK ofrece un funcionamiento silencioso y una contaminaci\u00f3n ac\u00fastica reducida. Esto no s\u00f3lo mejora la experiencia general del usuario, sino que tambi\u00e9n ayuda a minimizar las distracciones en entornos de trabajo ajetreados.<\/p>\n<p>&nbsp;<\/p>\n<p>Marco estable:<\/p>\n<p>Proceso de estampado y pintura de la viga principal<br \/>\nLa viga principal de la impresora se somete a un proceso de estampado, lo que garantiza una estructura robusta y estable. Este dise\u00f1o innovador garantiza que el proceso de pintura sea m\u00e1s consistente y reduce el riesgo de inestabilidad del marco, proporcionando resultados finales superiores.<\/p>\n<p>&nbsp;<\/p>\n<p>Plataforma robusta:<\/p>\n<p>Estructura de aluminio para mayor precisi\u00f3n mec\u00e1nica<br \/>\nLa plataforma de la impresora est\u00e1 fabricada con una estructura de aluminio, lo que ofrece estabilidad y precisi\u00f3n mec\u00e1nica superiores. Este dise\u00f1o lo hace menos susceptible a la deformaci\u00f3n, lo que garantiza un rendimiento constante en el tiempo.<\/p>\n<p>Cintur\u00f3n:<\/p>\n<p>Personalizado con alambre de acero agregado para mayor longevidad<br \/>\nLa impresora cuenta con una correa personalizada reforzada con alambre de acero. Esta mayor durabilidad proporciona una mejor resistencia al desgaste, lo que garantiza que el cintur\u00f3n dure m\u00e1s y mantenga su integridad incluso despu\u00e9s de un uso prolongado.<\/p>\n<p>&nbsp;<\/p>\n<p>Manejo eficiente de la tinta:<\/p>\n<p>Estaci\u00f3n de tinta elevadora para un mejor sellado de la boquilla<br \/>\nLa estaci\u00f3n de tinta de la impresora est\u00e1 dise\u00f1ada para levantarse, lo que proporciona un sellado mejorado para las boquillas. Esta caracter\u00edstica innovadora garantiza que la tinta est\u00e9 contenida adecuadamente dentro de la estaci\u00f3n, lo que reduce el desorden y los derrames, al tiempo que prolonga la vida \u00fatil de los inyectores.<\/p>\n<p>&nbsp;<\/p>\n<p>Accesorios convenientes:<\/p>\n<p>Boquilla de montaje lateral y componentes de f\u00e1cil acceso La impresora ofrece un compartimento de accesorios convenientemente dise\u00f1ado que se encuentra en el costado de la boquilla para un f\u00e1cil acceso. Esto permite a los usuarios reemplazar o mantener f\u00e1cilmente los componentes sin tener que desmontar toda la m\u00e1quina. Adem\u00e1s, solo hay una correa dentada en el lado derecho, lo que simplifica el mantenimiento y reduce el tiempo de inactividad. La cubierta izquierda se puede abrir f\u00e1cilmente para revelar el motor de la platina, lo que brinda un acceso conveniente para que los usuarios realicen reparaciones o mantenimiento regulares.<\/p>\n<p>&nbsp;<\/p>\n<p>Control de movimiento preciso:<\/p>\n<p>Tecnolog\u00eda de motor servo integradoAlimentada por un motor servo integrado, la impresora ofrece un control de movimiento preciso para una impresi\u00f3n precisa. Esta avanzada tecnolog\u00eda de motor garantiza un funcionamiento fluido y uniforme, ofreciendo una calidad de impresi\u00f3n superior en cada pasada.<\/p>\n<p>&nbsp;<\/p>\n<p>Dise\u00f1o f\u00e1cil de usar:<\/p>\n<p>C\u00f3modas manijas delanteras y traseras para facilitar el transporte<br \/>\nLa impresora cuenta con asas delanteras y traseras para facilitar su transporte y posicionamiento. Ya sea que est\u00e9 cargando o descargando materiales, las manijas brindan un agarre estable y seguro, lo que facilita maniobrar la tabla en varias posiciones.<\/p>\n<p>&nbsp;<\/p>\n<div style=\"width: 960px;\" class=\"wp-video\"><!--[if lt IE 9]><script>document.createElement('video');<\/script><![endif]-->\n<video class=\"wp-video-shortcode\" id=\"video-8949-1\" width=\"960\" height=\"544\" preload=\"metadata\" controls=\"controls\"><source type=\"video\/mp4\" src=\"https:\/\/saituprinter.com\/wp-content\/uploads\/2023\/12\/87353badddbd8e9124ea2040ac0451ca-1.mp4?_=1\" \/><a href=\"https:\/\/saituprinter.com\/wp-content\/uploads\/2023\/12\/87353badddbd8e9124ea2040ac0451ca-1.mp4\">https:\/\/saituprinter.com\/wp-content\/uploads\/2023\/12\/87353badddbd8e9124ea2040ac0451ca-1.mp4<\/a><\/video><\/div>","protected":false},"excerpt":{"rendered":"<p>Impresora solvente ecol\u00f3gica y a base de agua de 1,8 m y 2 cabezales. Utilice el riel gu\u00eda THK para garantizar que el efecto de impresi\u00f3n a largo plazo sea mejor; admite cabezales de impresi\u00f3n epson: Dx5 \/ Dx7\/5113\/4720 \/ i3200 \/ i1600 \/ HD3200 \/ xp600.<\/p>","protected":false},"featured_media":13092,"comment_status":"closed","ping_status":"closed","template":"","meta":[],"product_cat":[17],"product_tag":[],"class_list":["post-8949","product","type-product","status-publish","has-post-thumbnail","hentry","product_cat-advertising-printer"],"_links":{"self":[{"href":"https:\/\/www.saituprinter.com\/es\/wp-json\/wp\/v2\/product\/8949","targetHints":{"allow":["GET"]}}],"collection":[{"href":"https:\/\/www.saituprinter.com\/es\/wp-json\/wp\/v2\/product"}],"about":[{"href":"https:\/\/www.saituprinter.com\/es\/wp-json\/wp\/v2\/types\/product"}],"replies":[{"embeddable":true,"href":"https:\/\/www.saituprinter.com\/es\/wp-json\/wp\/v2\/comments?post=8949"}],"wp:featuredmedia":[{"embeddable":true,"href":"https:\/\/www.saituprinter.com\/es\/wp-json\/wp\/v2\/media\/13092"}],"wp:attachment":[{"href":"https:\/\/www.saituprinter.com\/es\/wp-json\/wp\/v2\/media?parent=8949"}],"wp:term":[{"taxonomy":"product_cat","embeddable":true,"href":"https:\/\/www.saituprinter.com\/es\/wp-json\/wp\/v2\/product_cat?post=8949"},{"taxonomy":"product_tag","embeddable":true,"href":"https:\/\/www.saituprinter.com\/es\/wp-json\/wp\/v2\/product_tag?post=8949"}],"curies":[{"name":"wp","href":"https:\/\/api.w.org\/{rel}","templated":true}]}}