{"id":8927,"date":"2023-12-02T17:01:13","date_gmt":"2023-12-02T09:01:13","guid":{"rendered":"https:\/\/saituprinter.com\/?post_type=product&#038;p=8927"},"modified":"2025-02-15T20:01:42","modified_gmt":"2025-02-15T12:01:42","slug":"1-6m-single-head-printer","status":"publish","type":"product","link":"https:\/\/www.saituprinter.com\/es\/producto\/1-6m-single-head-printer\/","title":{"rendered":"Impresora de un solo cabezal de 1,6 m: JC1601"},"content":{"rendered":"<p><img fetchpriority=\"high\" decoding=\"async\" class=\"alignnone wp-image-9455\" src=\"https:\/\/saituprinter.com\/wp-content\/uploads\/2023\/12\/20240403175817.png\" alt=\"\" width=\"601\" height=\"616\" srcset=\"https:\/\/www.saituprinter.com\/wp-content\/uploads\/2023\/12\/20240403175817.png 658w, https:\/\/www.saituprinter.com\/wp-content\/uploads\/2023\/12\/20240403175817-600x616.png 600w, https:\/\/www.saituprinter.com\/wp-content\/uploads\/2023\/12\/20240403175817-150x154.png 150w, https:\/\/www.saituprinter.com\/wp-content\/uploads\/2023\/12\/20240403175817-12x12.png 12w\" sizes=\"(max-width: 601px) 100vw, 601px\" \/><\/p>\n<p>&nbsp;<\/p>\n<p>PAR\u00c1METRO DE PRODUCTOS:<\/p>\n<table>\n<tbody>\n<tr>\n<td colspan=\"2\" width=\"216\">Modelo<\/td>\n<td colspan=\"3\" width=\"372\">JC1601<\/td>\n<\/tr>\n<tr>\n<td colspan=\"2\">cabezal de impresi\u00f3n<\/td>\n<td width=\"134\">1 cabezal de impresi\u00f3n Epson DX7\/DX5\/XP600<\/td>\n<td colspan=\"2\" width=\"238\">1 cabezal de impresi\u00f3n 5113\/4720\/i3200<\/td>\n<\/tr>\n<tr>\n<td colspan=\"2\" width=\"216\">Ancho m\u00e1ximo de impresi\u00f3n<\/td>\n<td colspan=\"3\" width=\"372\">1600 mm<\/td>\n<\/tr>\n<tr>\n<td colspan=\"2\" width=\"216\">Resoluci\u00f3n\/velocidad de impresi\u00f3n<\/td>\n<td>DX7\/DX5\/XP600<\/td>\n<td>5113\/4720<\/td>\n<td width=\"118\">i3200<\/td>\n<\/tr>\n<tr>\n<td colspan=\"2\" width=\"216\">Modo de producto<\/td>\n<td>17\u33a1\/H<\/td>\n<td>25\u33a1\/H<\/td>\n<td width=\"118\">30\u33a1\/H<\/td>\n<\/tr>\n<tr>\n<td colspan=\"2\" width=\"216\">Modo de resoluci\u00f3n<\/td>\n<td>12\u33a1\/H<\/td>\n<td>18\u33a1\/H<\/td>\n<td width=\"118\">25\u33a1\/H<\/td>\n<\/tr>\n<tr>\n<td colspan=\"2\" width=\"216\">Modo de alta resoluci\u00f3n<\/td>\n<td width=\"134\">8\u33a1\/H<\/td>\n<td width=\"120\">13\u33a1\/H<\/td>\n<td width=\"118\">15\u33a1\/H<\/td>\n<\/tr>\n<tr>\n<td rowspan=\"2\">Tinta<\/td>\n<td>Clasificar<\/td>\n<td colspan=\"3\" width=\"372\">Tinta a base de agua, tinta ecosolvente<\/td>\n<\/tr>\n<tr>\n<td>Capacidad<\/td>\n<td colspan=\"3\" width=\"372\">Sistema de suministro de tinta vac\u00edo<\/td>\n<\/tr>\n<tr>\n<td rowspan=\"4\">Medios de comunicaci\u00f3n<\/td>\n<td>Ancho<\/td>\n<td colspan=\"3\" width=\"372\">1600 mm<\/td>\n<\/tr>\n<tr>\n<td>Espesor<\/td>\n<td colspan=\"3\" width=\"372\">Ajustable de 1,5 mm a 8 mm<\/td>\n<\/tr>\n<tr>\n<td width=\"149\">Peso del material<\/td>\n<td colspan=\"3\" width=\"372\">75 kg<\/td>\n<\/tr>\n<tr>\n<td>Clasificar<\/td>\n<td colspan=\"3\" width=\"372\">Papel sint\u00e9tico PP, retroiluminado, papel fotogr\u00e1fico, papel de sublimaci\u00f3n, pancartas, cuero, etc.<\/td>\n<\/tr>\n<tr>\n<td colspan=\"2\">Alta calidad de impresi\u00f3n<\/td>\n<td colspan=\"3\" width=\"372\">tecnolog\u00eda VSD<\/td>\n<\/tr>\n<tr>\n<td colspan=\"2\">Calentador de medios<\/td>\n<td colspan=\"3\" width=\"372\">Calefacci\u00f3n delantera\/trasera (se puede controlar por separado, opcional)<\/td>\n<\/tr>\n<tr>\n<td colspan=\"2\">Dispositivo de recogida de medios<\/td>\n<td colspan=\"3\" width=\"372\">Dispositivo de doble motor con amortiguador autom\u00e1tico.<\/td>\n<\/tr>\n<tr>\n<td colspan=\"2\">Sistema de secado<\/td>\n<td colspan=\"3\" width=\"372\">Sistema de secado por rayos infrarrojos.<\/td>\n<\/tr>\n<tr>\n<td colspan=\"2\">Carril de gu\u00eda<\/td>\n<td colspan=\"3\" width=\"372\">THK de Jap\u00f3n<\/td>\n<\/tr>\n<tr>\n<td colspan=\"2\">Interfaz<\/td>\n<td colspan=\"3\" width=\"372\">1000 Mbit\/s<\/td>\n<\/tr>\n<tr>\n<td colspan=\"2\">software de procesamiento de archivos<\/td>\n<td colspan=\"3\" width=\"372\">Parte superior principal, impresi\u00f3n fotogr\u00e1fica.<\/td>\n<\/tr>\n<tr>\n<td colspan=\"2\">Voltaje<\/td>\n<td colspan=\"3\" width=\"372\">CA 110 V \u00b1 10%, CA 220 V \u00b1 10%, 50\/60 \u00b1 1 Hz<\/td>\n<\/tr>\n<tr>\n<td colspan=\"2\" width=\"216\">Entornos de operaci\u00f3n<\/td>\n<td colspan=\"3\" width=\"372\">Temperatura: 15 \u2103 -30 \u2103, Humedad: 35%RH-65%RH<\/td>\n<\/tr>\n<tr>\n<td colspan=\"2\">Fuerza<\/td>\n<td colspan=\"3\" width=\"372\">2500W<\/td>\n<\/tr>\n<tr>\n<td colspan=\"2\" width=\"216\">Dimensiones de la impresora (LWH)<\/td>\n<td colspan=\"3\" width=\"372\">2570*850*1360mm<\/td>\n<\/tr>\n<tr>\n<td colspan=\"2\" width=\"216\">Dimensiones del embalaje (LWH)<\/td>\n<td colspan=\"3\" width=\"372\">2730*850*750mm<\/td>\n<\/tr>\n<tr>\n<td colspan=\"2\">Peso neto<\/td>\n<td colspan=\"3\" width=\"372\">180KG<\/td>\n<\/tr>\n<tr>\n<td colspan=\"2\">Peso bruto<\/td>\n<td colspan=\"3\" width=\"372\">230KG<\/td>\n<\/tr>\n<\/tbody>\n<\/table>\n<p>La soluci\u00f3n de impresi\u00f3n definitiva: la impresora de un solo cabezal de 1,6 m con soporte para m\u00faltiples cabezales de impresi\u00f3n<\/p>\n<p>En el vertiginoso mundo de la tecnolog\u00eda de impresi\u00f3n, la impresora monocabezal de 1,6 m destaca como una soluci\u00f3n vers\u00e1til y fiable para diversas industrias. Compatible con una amplia gama de cabezales, como los XP600, 5113, 4720, i1600 e i3200, esta impresora ofrece una flexibilidad y precisi\u00f3n inigualables.<\/p>\n<p>Una de las principales ventajas de esta impresora es su capacidad de impresi\u00f3n de alta resoluci\u00f3n. Ya sea que imprima materiales publicitarios, artes decorativas o cualquier otro tipo de gr\u00e1fico, la impresora de un solo cabezal de 1,6 m garantiza resultados n\u00edtidos y claros. La compatibilidad con m\u00faltiples cabezales de impresi\u00f3n permite una gama m\u00e1s amplia de aplicaciones, lo que la convierte en una opci\u00f3n ideal tanto para empresas como para particulares.<\/p>\n<p>Para agencias de publicidad e imprentas, la impresora es la opci\u00f3n ideal para producir impresiones de alta calidad en diversos soportes. Desde papel fotogr\u00e1fico y pancartas hasta pegatinas para coches y p\u00f3steres, la impresora ofrece resultados impresionantes que sin duda llamar\u00e1n la atenci\u00f3n. La capacidad de imprimir en alta resoluci\u00f3n garantiza que cada detalle se capture y reproduzca fielmente, haciendo que sus materiales publicitarios destaquen.<\/p>\n<p>Pero las aplicaciones de la impresora de un solo cabezal de 1,6 m no se limitan a la industria publicitaria. Tambi\u00e9n se utiliza ampliamente en el sector de las artes decorativas, donde la precisi\u00f3n y el detalle son primordiales. Artistas y dise\u00f1adores pueden confiar en esta impresora para producir impresionantes pinturas decorativas, visualmente atractivas y duraderas. Su capacidad de impresi\u00f3n de alta resoluci\u00f3n permite reproducir con facilidad detalles intrincados y colores vibrantes, convirtiendo cada impresi\u00f3n en una obra maestra.<\/p>\n<p>Adem\u00e1s, la versatilidad de la impresora se extiende a otras industrias. Ya sea en la industria de la moda, imprimiendo sobre textiles o cuero, o en el sector automotriz, produciendo rotulaciones y calcoman\u00edas personalizadas para veh\u00edculos, la impresora de un solo cabezal de 1,6 m es una valiosa adici\u00f3n a su equipo.<\/p>\n<p>En conclusi\u00f3n, la impresora monocabezal de 1,6 m con compatibilidad con m\u00faltiples cabezales de impresi\u00f3n es una soluci\u00f3n de impresi\u00f3n potente y vers\u00e1til que se adapta a una amplia gama de industrias y aplicaciones. Su capacidad de impresi\u00f3n de alta resoluci\u00f3n, combinada con su compatibilidad con m\u00faltiples cabezales de impresi\u00f3n, la convierte en una opci\u00f3n ideal para empresas y creativos que buscan una soluci\u00f3n de impresi\u00f3n fiable y eficiente.<\/p>\n<p><img decoding=\"async\" class=\"alignnone wp-image-9457\" src=\"https:\/\/saituprinter.com\/wp-content\/uploads\/2023\/12\/20240411105557.jpg\" alt=\"\" width=\"309\" height=\"311\" srcset=\"https:\/\/www.saituprinter.com\/wp-content\/uploads\/2023\/12\/20240411105557.jpg 700w, https:\/\/www.saituprinter.com\/wp-content\/uploads\/2023\/12\/20240411105557-600x605.jpg 600w, https:\/\/www.saituprinter.com\/wp-content\/uploads\/2023\/12\/20240411105557-150x151.jpg 150w, https:\/\/www.saituprinter.com\/wp-content\/uploads\/2023\/12\/20240411105557-12x12.jpg 12w\" sizes=\"(max-width: 309px) 100vw, 309px\" \/>\u00a0 \u00a0<img decoding=\"async\" class=\"alignnone wp-image-9458\" src=\"https:\/\/saituprinter.com\/wp-content\/uploads\/2023\/12\/20240411105714.jpg\" alt=\"\" width=\"235\" height=\"313\" srcset=\"https:\/\/www.saituprinter.com\/wp-content\/uploads\/2023\/12\/20240411105714.jpg 1080w, https:\/\/www.saituprinter.com\/wp-content\/uploads\/2023\/12\/20240411105714-600x800.jpg 600w, https:\/\/www.saituprinter.com\/wp-content\/uploads\/2023\/12\/20240411105714-150x200.jpg 150w, https:\/\/www.saituprinter.com\/wp-content\/uploads\/2023\/12\/20240411105714-800x1067.jpg 800w, https:\/\/www.saituprinter.com\/wp-content\/uploads\/2023\/12\/20240411105714-768x1024.jpg 768w, https:\/\/www.saituprinter.com\/wp-content\/uploads\/2023\/12\/20240411105714-9x12.jpg 9w\" sizes=\"(max-width: 235px) 100vw, 235px\" \/> <img loading=\"lazy\" decoding=\"async\" class=\"alignnone wp-image-9459\" src=\"https:\/\/saituprinter.com\/wp-content\/uploads\/2023\/12\/\u5fae\u4fe1\u56fe\u7247_20231227115031.jpg\" alt=\"\" width=\"416\" height=\"312\" srcset=\"https:\/\/www.saituprinter.com\/wp-content\/uploads\/2023\/12\/\u5fae\u4fe1\u56fe\u7247_20231227115031.jpg 1440w, https:\/\/www.saituprinter.com\/wp-content\/uploads\/2023\/12\/\u5fae\u4fe1\u56fe\u7247_20231227115031-600x450.jpg 600w, https:\/\/www.saituprinter.com\/wp-content\/uploads\/2023\/12\/\u5fae\u4fe1\u56fe\u7247_20231227115031-150x113.jpg 150w, https:\/\/www.saituprinter.com\/wp-content\/uploads\/2023\/12\/\u5fae\u4fe1\u56fe\u7247_20231227115031-800x600.jpg 800w, https:\/\/www.saituprinter.com\/wp-content\/uploads\/2023\/12\/\u5fae\u4fe1\u56fe\u7247_20231227115031-768x576.jpg 768w, https:\/\/www.saituprinter.com\/wp-content\/uploads\/2023\/12\/\u5fae\u4fe1\u56fe\u7247_20231227115031-16x12.jpg 16w\" sizes=\"(max-width: 416px) 100vw, 416px\" \/> <img loading=\"lazy\" decoding=\"async\" class=\"alignnone wp-image-9460\" src=\"https:\/\/saituprinter.com\/wp-content\/uploads\/2023\/12\/\u5fae\u4fe1\u56fe\u7247_20231227115043.jpg\" alt=\"\" width=\"446\" height=\"334\" srcset=\"https:\/\/www.saituprinter.com\/wp-content\/uploads\/2023\/12\/\u5fae\u4fe1\u56fe\u7247_20231227115043.jpg 1440w, https:\/\/www.saituprinter.com\/wp-content\/uploads\/2023\/12\/\u5fae\u4fe1\u56fe\u7247_20231227115043-600x450.jpg 600w, https:\/\/www.saituprinter.com\/wp-content\/uploads\/2023\/12\/\u5fae\u4fe1\u56fe\u7247_20231227115043-150x113.jpg 150w, https:\/\/www.saituprinter.com\/wp-content\/uploads\/2023\/12\/\u5fae\u4fe1\u56fe\u7247_20231227115043-800x600.jpg 800w, https:\/\/www.saituprinter.com\/wp-content\/uploads\/2023\/12\/\u5fae\u4fe1\u56fe\u7247_20231227115043-768x576.jpg 768w, https:\/\/www.saituprinter.com\/wp-content\/uploads\/2023\/12\/\u5fae\u4fe1\u56fe\u7247_20231227115043-16x12.jpg 16w\" sizes=\"(max-width: 446px) 100vw, 446px\" \/> <img loading=\"lazy\" decoding=\"async\" class=\"alignnone wp-image-9461\" src=\"https:\/\/saituprinter.com\/wp-content\/uploads\/2023\/12\/\u5fae\u4fe1\u56fe\u7247_20231227115046.jpg\" alt=\"\" width=\"445\" height=\"334\" srcset=\"https:\/\/www.saituprinter.com\/wp-content\/uploads\/2023\/12\/\u5fae\u4fe1\u56fe\u7247_20231227115046.jpg 1440w, https:\/\/www.saituprinter.com\/wp-content\/uploads\/2023\/12\/\u5fae\u4fe1\u56fe\u7247_20231227115046-600x450.jpg 600w, https:\/\/www.saituprinter.com\/wp-content\/uploads\/2023\/12\/\u5fae\u4fe1\u56fe\u7247_20231227115046-150x113.jpg 150w, https:\/\/www.saituprinter.com\/wp-content\/uploads\/2023\/12\/\u5fae\u4fe1\u56fe\u7247_20231227115046-800x600.jpg 800w, https:\/\/www.saituprinter.com\/wp-content\/uploads\/2023\/12\/\u5fae\u4fe1\u56fe\u7247_20231227115046-768x576.jpg 768w, https:\/\/www.saituprinter.com\/wp-content\/uploads\/2023\/12\/\u5fae\u4fe1\u56fe\u7247_20231227115046-16x12.jpg 16w\" sizes=\"(max-width: 445px) 100vw, 445px\" \/><\/p>\n<p><strong>Video:<\/strong><\/p>\n<p>&nbsp;<\/p>\n<div style=\"width: 720px;\" class=\"wp-video\"><!--[if lt IE 9]><script>document.createElement('video');<\/script><![endif]-->\n<video class=\"wp-video-shortcode\" id=\"video-8927-1\" width=\"720\" height=\"1280\" preload=\"metadata\" controls=\"controls\"><source type=\"video\/mp4\" src=\"https:\/\/saituprinter.com\/wp-content\/uploads\/2023\/12\/7580f7ba6c524edfa66a32b493f75267.mp4?_=1\" \/><a href=\"https:\/\/saituprinter.com\/wp-content\/uploads\/2023\/12\/7580f7ba6c524edfa66a32b493f75267.mp4\">https:\/\/saituprinter.com\/wp-content\/uploads\/2023\/12\/7580f7ba6c524edfa66a32b493f75267.mp4<\/a><\/video><\/div>","protected":false},"excerpt":{"rendered":"<p>Ya sea que imprima materiales publicitarios, artes decorativas o cualquier otro tipo de gr\u00e1fico, la impresora de un solo cabezal de 1,6 m garantiza resultados n\u00edtidos y claros. La compatibilidad con m\u00faltiples cabezales de impresi\u00f3n permite una gama m\u00e1s amplia de aplicaciones, lo que la convierte en la opci\u00f3n ideal tanto para empresas como para particulares.<\/p>","protected":false},"featured_media":9495,"comment_status":"closed","ping_status":"closed","template":"","meta":[],"product_cat":[17],"product_tag":[],"class_list":["post-8927","product","type-product","status-publish","has-post-thumbnail","hentry","product_cat-advertising-printer"],"_links":{"self":[{"href":"https:\/\/www.saituprinter.com\/es\/wp-json\/wp\/v2\/product\/8927","targetHints":{"allow":["GET"]}}],"collection":[{"href":"https:\/\/www.saituprinter.com\/es\/wp-json\/wp\/v2\/product"}],"about":[{"href":"https:\/\/www.saituprinter.com\/es\/wp-json\/wp\/v2\/types\/product"}],"replies":[{"embeddable":true,"href":"https:\/\/www.saituprinter.com\/es\/wp-json\/wp\/v2\/comments?post=8927"}],"wp:featuredmedia":[{"embeddable":true,"href":"https:\/\/www.saituprinter.com\/es\/wp-json\/wp\/v2\/media\/9495"}],"wp:attachment":[{"href":"https:\/\/www.saituprinter.com\/es\/wp-json\/wp\/v2\/media?parent=8927"}],"wp:term":[{"taxonomy":"product_cat","embeddable":true,"href":"https:\/\/www.saituprinter.com\/es\/wp-json\/wp\/v2\/product_cat?post=8927"},{"taxonomy":"product_tag","embeddable":true,"href":"https:\/\/www.saituprinter.com\/es\/wp-json\/wp\/v2\/product_tag?post=8927"}],"curies":[{"name":"wp","href":"https:\/\/api.w.org\/{rel}","templated":true}]}}