{"id":8821,"date":"2023-11-16T16:20:13","date_gmt":"2023-11-16T08:20:13","guid":{"rendered":"https:\/\/saituprinter.com\/?post_type=product&#038;p=8821"},"modified":"2025-06-15T16:35:08","modified_gmt":"2025-06-15T08:35:08","slug":"manufacturer-of-sublimation-printer-jc2012-saitu-printer","status":"publish","type":"product","link":"https:\/\/www.saituprinter.com\/es\/producto\/manufacturer-of-sublimation-printer-jc2012-saitu-printer\/","title":{"rendered":"Impresora de sublimaci\u00f3n de 2 m y 12 cabezales: JC2012"},"content":{"rendered":"<p><img fetchpriority=\"high\" decoding=\"async\" class=\"alignnone size-full wp-image-9437\" src=\"https:\/\/saituprinter.com\/wp-content\/uploads\/2023\/11\/20240402151910.jpg\" alt=\"\" width=\"900\" height=\"583\" srcset=\"https:\/\/www.saituprinter.com\/wp-content\/uploads\/2023\/11\/20240402151910.jpg 900w, https:\/\/www.saituprinter.com\/wp-content\/uploads\/2023\/11\/20240402151910-600x389.jpg 600w, https:\/\/www.saituprinter.com\/wp-content\/uploads\/2023\/11\/20240402151910-150x97.jpg 150w, https:\/\/www.saituprinter.com\/wp-content\/uploads\/2023\/11\/20240402151910-800x518.jpg 800w, https:\/\/www.saituprinter.com\/wp-content\/uploads\/2023\/11\/20240402151910-768x497.jpg 768w, https:\/\/www.saituprinter.com\/wp-content\/uploads\/2023\/11\/20240402151910-18x12.jpg 18w\" sizes=\"(max-width: 900px) 100vw, 900px\" \/><\/p>\n<p>&nbsp;<\/p>\n<p>&nbsp;<\/p>\n<table>\n<tbody>\n<tr>\n<td colspan=\"2\" width=\"337\">Modelo<\/td>\n<td width=\"556\">JC2012<\/td>\n<\/tr>\n<tr>\n<td colspan=\"2\" width=\"337\">cabezal de impresi\u00f3n<\/td>\n<td width=\"556\">12 cabezales de impresi\u00f3n i3200<\/td>\n<\/tr>\n<tr>\n<td colspan=\"2\" width=\"337\">Ancho m\u00e1ximo de impresi\u00f3n<\/td>\n<td width=\"556\">1900 mm (2300 mm opcional)<\/td>\n<\/tr>\n<tr>\n<td colspan=\"2\" width=\"337\">Resoluci\u00f3n\/velocidad de impresi\u00f3n<\/td>\n<td width=\"556\">i3200<\/td>\n<\/tr>\n<tr>\n<td colspan=\"2\" width=\"337\">Modo de producto<\/td>\n<td width=\"556\">420\u33a1\/H<\/td>\n<\/tr>\n<tr>\n<td colspan=\"2\" width=\"337\">Modo de resoluci\u00f3n<\/td>\n<td width=\"556\">210\u33a1\/H<\/td>\n<\/tr>\n<tr>\n<td colspan=\"2\" width=\"337\">Modo de alta resoluci\u00f3n<\/td>\n<td width=\"556\">160\u33a1\/H<\/td>\n<\/tr>\n<tr>\n<td rowspan=\"3\" width=\"84\">Tinta<\/td>\n<td width=\"253\">Clasificar<\/td>\n<td width=\"556\">tinta de sublimaci\u00f3n<\/td>\n<\/tr>\n<tr>\n<td width=\"253\">Capacidad<\/td>\n<td width=\"556\">Sistema de suministro continuo de tinta a granel de 5 litros.<\/td>\n<\/tr>\n<tr>\n<td width=\"253\">Modo de suministro de tinta<\/td>\n<td width=\"556\">Sistema inteligente de suministro de tinta con alarma continua<\/td>\n<\/tr>\n<tr>\n<td rowspan=\"3\" width=\"84\">Medios de comunicaci\u00f3n<\/td>\n<td width=\"253\">Ancho<\/td>\n<td width=\"556\">2000 mm<\/td>\n<\/tr>\n<tr>\n<td width=\"253\">Espesor<\/td>\n<td width=\"556\">Ajustable de 1,5 mm a 8 mm<\/td>\n<\/tr>\n<tr>\n<td width=\"253\">Clasificar<\/td>\n<td width=\"556\">papel de sublimaci\u00f3n<\/td>\n<\/tr>\n<tr>\n<td colspan=\"2\" width=\"337\">Alta calidad de impresi\u00f3n<\/td>\n<td width=\"556\">tecnolog\u00eda VSD<\/td>\n<\/tr>\n<tr>\n<td colspan=\"2\" width=\"337\">Dispositivo de recogida de medios<\/td>\n<td width=\"556\">Sistema de retracci\u00f3n autom\u00e1tica del papel con doble eje de aire.<\/td>\n<\/tr>\n<tr>\n<td colspan=\"2\" width=\"337\">Sistema de secado<\/td>\n<td width=\"556\">Sistema de secado por rayos infrarrojos.<\/td>\n<\/tr>\n<tr>\n<td colspan=\"2\" width=\"337\">Carril de gu\u00eda<\/td>\n<td width=\"556\">THK de Jap\u00f3n<\/td>\n<\/tr>\n<tr>\n<td colspan=\"2\" width=\"337\">Interfaz<\/td>\n<td width=\"556\">1000 Mbit\/s<\/td>\n<\/tr>\n<tr>\n<td colspan=\"2\" width=\"337\">software de procesamiento de archivos<\/td>\n<td width=\"556\">Tapa principal 6.1. impresi\u00f3n fotogr\u00e1fica 19<\/td>\n<\/tr>\n<tr>\n<td colspan=\"2\" width=\"337\">Voltaje<\/td>\n<td width=\"556\">CA 110 V \u00b1 10%, CA 220 V \u00b1 10%, 50\/60 \u00b1 1 Hz<\/td>\n<\/tr>\n<tr>\n<td colspan=\"2\" width=\"337\">Entornos de operaci\u00f3n<\/td>\n<td width=\"556\">Temperatura: 15 \u2103 -30 \u2103, Humedad: 35%RH-65%RH<\/td>\n<\/tr>\n<tr>\n<td colspan=\"2\" width=\"337\">Fuerza<\/td>\n<td width=\"556\">10500W<\/td>\n<\/tr>\n<tr>\n<td colspan=\"2\" width=\"337\">Dimensiones de la impresora (LWH)<\/td>\n<td width=\"556\">3460*1460*1660mm<\/td>\n<\/tr>\n<tr>\n<td colspan=\"2\" width=\"337\">Dimensiones del embalaje (LWH)<\/td>\n<td width=\"556\">3650*1400*1850mm<\/td>\n<\/tr>\n<tr>\n<td colspan=\"2\" width=\"337\">Peso neto<\/td>\n<td width=\"556\">900KG<\/td>\n<\/tr>\n<tr>\n<td colspan=\"2\" width=\"337\">Peso bruto<\/td>\n<td width=\"556\">1100 kg<\/td>\n<\/tr>\n<\/tbody>\n<\/table>\n<p>El robusto cuerpo de aluminio y acero de la impresora garantiza una impresi\u00f3n fiable durante largos periodos. Utiliza una tarjeta AT compatible con configuraciones de 1 a 36 cabezales, satisfaciendo diversas necesidades de impresi\u00f3n. La seguridad es primordial gracias a un sistema anticolisi\u00f3n, mientras que un sistema de alarma de falta de papel y tinta alerta r\u00e1pidamente a los operadores. Un tanque de tinta de gran capacidad mejora la eficiencia. Ofrecemos tama\u00f1os de 1,9 m, 2,3 m y 3,2 m para modelos de 12 cabezales. Para mayor estabilidad y compatibilidad con papel m\u00e1s fino, se han instalado dos gu\u00edas de papel adicionales en la parte frontal. Ideal para diversas industrias, como ropa, s\u00e1banas, cortinas y m\u00e1s, esta impresora ofrece la soluci\u00f3n perfecta para una impresi\u00f3n fiable y eficiente.<\/p>\n<p><img decoding=\"async\" class=\"alignnone wp-image-9288\" src=\"https:\/\/saituprinter.com\/wp-content\/uploads\/2023\/11\/\u5fae\u4fe1\u56fe\u7247_20231121152411.jpg\" alt=\"\" width=\"560\" height=\"420\" srcset=\"https:\/\/www.saituprinter.com\/wp-content\/uploads\/2023\/11\/\u5fae\u4fe1\u56fe\u7247_20231121152411.jpg 1441w, https:\/\/www.saituprinter.com\/wp-content\/uploads\/2023\/11\/\u5fae\u4fe1\u56fe\u7247_20231121152411-600x450.jpg 600w, https:\/\/www.saituprinter.com\/wp-content\/uploads\/2023\/11\/\u5fae\u4fe1\u56fe\u7247_20231121152411-150x112.jpg 150w, https:\/\/www.saituprinter.com\/wp-content\/uploads\/2023\/11\/\u5fae\u4fe1\u56fe\u7247_20231121152411-800x600.jpg 800w, https:\/\/www.saituprinter.com\/wp-content\/uploads\/2023\/11\/\u5fae\u4fe1\u56fe\u7247_20231121152411-768x576.jpg 768w, https:\/\/www.saituprinter.com\/wp-content\/uploads\/2023\/11\/\u5fae\u4fe1\u56fe\u7247_20231121152411-16x12.jpg 16w\" sizes=\"(max-width: 560px) 100vw, 560px\" \/><\/p>\n<div style=\"width: 720px;\" class=\"wp-video\"><!--[if lt IE 9]><script>document.createElement('video');<\/script><![endif]-->\n<video class=\"wp-video-shortcode\" id=\"video-8821-1\" width=\"720\" height=\"1280\" preload=\"metadata\" controls=\"controls\"><source type=\"video\/mp4\" src=\"https:\/\/saituprinter.com\/wp-content\/uploads\/2023\/11\/758d69323f204620eb1118855d9df3b6.mp4?_=1\" \/><a href=\"https:\/\/saituprinter.com\/wp-content\/uploads\/2023\/11\/758d69323f204620eb1118855d9df3b6.mp4\">https:\/\/saituprinter.com\/wp-content\/uploads\/2023\/11\/758d69323f204620eb1118855d9df3b6.mp4<\/a><\/video><\/div>","protected":false},"excerpt":{"rendered":"<p>El robusto cuerpo de aluminio y acero de la impresora garantiza una impresi\u00f3n fiable durante largos periodos. Utiliza una tarjeta AT compatible con configuraciones de 1 a 36 cabezales, satisfaciendo diversas necesidades de impresi\u00f3n. La seguridad es primordial gracias a un sistema anticolisi\u00f3n, mientras que un sistema de alarma de falta de papel y tinta alerta r\u00e1pidamente a los operadores. Un tanque de tinta de gran capacidad mejora la eficiencia. Ofrecemos tama\u00f1os de 1,9 m, 2,3 m y 3,2 m para modelos de 12 cabezales. Para mayor estabilidad y compatibilidad con papel m\u00e1s fino, se han instalado dos gu\u00edas de papel adicionales en la parte frontal. Ideal para diversas industrias, como ropa, s\u00e1banas, cortinas y m\u00e1s, esta impresora ofrece la soluci\u00f3n perfecta para una impresi\u00f3n fiable y eficiente.<\/p>","protected":false},"featured_media":13044,"comment_status":"closed","ping_status":"closed","template":"","meta":[],"product_cat":[18,90],"product_tag":[],"class_list":["post-8821","product","type-product","status-publish","has-post-thumbnail","hentry","product_cat-sublimation-printer","product_cat-1000m-paper-system-machine"],"_links":{"self":[{"href":"https:\/\/www.saituprinter.com\/es\/wp-json\/wp\/v2\/product\/8821","targetHints":{"allow":["GET"]}}],"collection":[{"href":"https:\/\/www.saituprinter.com\/es\/wp-json\/wp\/v2\/product"}],"about":[{"href":"https:\/\/www.saituprinter.com\/es\/wp-json\/wp\/v2\/types\/product"}],"replies":[{"embeddable":true,"href":"https:\/\/www.saituprinter.com\/es\/wp-json\/wp\/v2\/comments?post=8821"}],"wp:featuredmedia":[{"embeddable":true,"href":"https:\/\/www.saituprinter.com\/es\/wp-json\/wp\/v2\/media\/13044"}],"wp:attachment":[{"href":"https:\/\/www.saituprinter.com\/es\/wp-json\/wp\/v2\/media?parent=8821"}],"wp:term":[{"taxonomy":"product_cat","embeddable":true,"href":"https:\/\/www.saituprinter.com\/es\/wp-json\/wp\/v2\/product_cat?post=8821"},{"taxonomy":"product_tag","embeddable":true,"href":"https:\/\/www.saituprinter.com\/es\/wp-json\/wp\/v2\/product_tag?post=8821"}],"curies":[{"name":"wp","href":"https:\/\/api.w.org\/{rel}","templated":true}]}}