{"id":8819,"date":"2023-11-16T16:14:01","date_gmt":"2023-11-16T08:14:01","guid":{"rendered":"https:\/\/saituprinter.com\/?post_type=product&#038;p=8819"},"modified":"2025-05-17T11:40:37","modified_gmt":"2025-05-17T03:40:37","slug":"saitu-jc2008-sublimation-printer","status":"publish","type":"product","link":"https:\/\/www.saituprinter.com\/es\/producto\/saitu-jc2008-sublimation-printer\/","title":{"rendered":"Impresora de sublimaci\u00f3n SAITU1.9M de 8 cabezales: JC2008"},"content":{"rendered":"<p style=\"text-align: center;\"><strong>Impresora de sublimaci\u00f3n SAITU 1.9M 8 cabezales<\/strong><\/p>\n<p><img fetchpriority=\"high\" decoding=\"async\" class=\"alignnone size-full wp-image-12974\" src=\"https:\/\/saituprinter.com\/wp-content\/uploads\/2023\/11\/2.jpg\" alt=\"\" width=\"800\" height=\"800\" srcset=\"https:\/\/www.saituprinter.com\/wp-content\/uploads\/2023\/11\/2.jpg 800w, https:\/\/www.saituprinter.com\/wp-content\/uploads\/2023\/11\/2-600x600.jpg 600w, https:\/\/www.saituprinter.com\/wp-content\/uploads\/2023\/11\/2-150x150.jpg 150w, https:\/\/www.saituprinter.com\/wp-content\/uploads\/2023\/11\/2-768x768.jpg 768w, https:\/\/www.saituprinter.com\/wp-content\/uploads\/2023\/11\/2-12x12.jpg 12w\" sizes=\"(max-width: 800px) 100vw, 800px\" \/><\/p>\n<p>&nbsp;<\/p>\n<table>\n<tbody>\n<tr>\n<td colspan=\"2\" width=\"282\">Modelo<\/td>\n<td width=\"580\">JC2008<\/td>\n<\/tr>\n<tr>\n<td colspan=\"2\">cabezal de impresi\u00f3n<\/td>\n<td>8 cabezales de impresi\u00f3n Epson 4720\/5210\/i3200<\/td>\n<\/tr>\n<tr>\n<td colspan=\"2\" width=\"282\">Ancho m\u00e1ximo de impresi\u00f3n<\/td>\n<td>1900 mm (2300 mm, 2600 mm, 3200 mm opcional)<\/td>\n<\/tr>\n<tr>\n<td colspan=\"2\" width=\"282\">Cabezal de impresi\u00f3n<\/td>\n<td width=\"580\">i3200<\/td>\n<\/tr>\n<tr>\n<td colspan=\"2\" width=\"282\">Modo de producto<\/td>\n<td width=\"580\">300\u33a1\/H<\/td>\n<\/tr>\n<tr>\n<td colspan=\"2\" width=\"282\">Modo de resoluci\u00f3n<\/td>\n<td width=\"580\">240\u33a1\/H<\/td>\n<\/tr>\n<tr>\n<td colspan=\"2\" width=\"282\">Modo de alta resoluci\u00f3n<\/td>\n<td width=\"580\">200\u33a1\/H<\/td>\n<\/tr>\n<tr>\n<td rowspan=\"3\">Tinta<\/td>\n<td>Clasificar<\/td>\n<td width=\"580\">tinta de sublimaci\u00f3n<\/td>\n<\/tr>\n<tr>\n<td>Capacidad<\/td>\n<td>Sistema de suministro continuo de tinta a granel de 5 litros.<\/td>\n<\/tr>\n<tr>\n<td width=\"188\">Modo de suministro de tinta<\/td>\n<td>Sistema inteligente de suministro de tinta con alarma continua<\/td>\n<\/tr>\n<tr>\n<td rowspan=\"3\">Medios de comunicaci\u00f3n<\/td>\n<td>Ancho<\/td>\n<td>2000 mm<\/td>\n<\/tr>\n<tr>\n<td>Espesor<\/td>\n<td>Ajustable de 1,5 mm a 8 mm<\/td>\n<\/tr>\n<tr>\n<td>Clasificar<\/td>\n<td width=\"580\">papel de sublimaci\u00f3n<\/td>\n<\/tr>\n<tr>\n<td colspan=\"2\">Alta calidad de impresi\u00f3n<\/td>\n<td width=\"580\">tecnolog\u00eda VSD<\/td>\n<\/tr>\n<tr>\n<td colspan=\"2\">Calentador de medios<\/td>\n<td width=\"580\">Calefacci\u00f3n delantera\/trasera (se puede controlar por separado, opcional)<\/td>\n<\/tr>\n<tr>\n<td colspan=\"2\">Dispositivo de recogida de medios<\/td>\n<td width=\"580\">Sistema de retracci\u00f3n autom\u00e1tica del papel con doble eje de aire.<\/td>\n<\/tr>\n<tr>\n<td colspan=\"2\">Sistema de secado<\/td>\n<td width=\"580\">Sistema de secado por rayos infrarrojos.<\/td>\n<\/tr>\n<tr>\n<td colspan=\"2\">Carril de gu\u00eda<\/td>\n<td>gracias<\/td>\n<\/tr>\n<tr>\n<td colspan=\"2\">Interfaz<\/td>\n<td>1000 Mbit\/s<\/td>\n<\/tr>\n<tr>\n<td colspan=\"2\">software de procesamiento de archivos<\/td>\n<td>Parte superior, impresi\u00f3n fotogr\u00e1fica<\/td>\n<\/tr>\n<tr>\n<td colspan=\"2\">Voltaje<\/td>\n<td>CA 110 V \u00b1 10%, CA 220 V \u00b1 10%, 50\/60 \u00b1 1 Hz<\/td>\n<\/tr>\n<tr>\n<td colspan=\"2\" width=\"282\">Entornos de operaci\u00f3n<\/td>\n<td>Temperatura: 15 \u2103 -30 \u2103, Humedad: 35%RH-65%RH<\/td>\n<\/tr>\n<tr>\n<td colspan=\"2\">Fuerza<\/td>\n<td>8000W<\/td>\n<\/tr>\n<tr>\n<td colspan=\"2\" width=\"282\">Dimensiones de la impresora (LWH)<\/td>\n<td>3460*1460*1660mm<\/td>\n<\/tr>\n<tr>\n<td colspan=\"2\" width=\"282\">Dimensiones del embalaje (LWH)<\/td>\n<td>3650*1300*1750mm<\/td>\n<\/tr>\n<tr>\n<td colspan=\"2\">Peso neto<\/td>\n<td>660 kg<\/td>\n<\/tr>\n<tr>\n<td colspan=\"2\">Peso bruto<\/td>\n<td>841 kg<\/td>\n<\/tr>\n<\/tbody>\n<\/table>\n<p><img decoding=\"async\" class=\"alignnone wp-image-9279\" src=\"https:\/\/saituprinter.com\/wp-content\/uploads\/2023\/11\/\u5fae\u4fe1\u56fe\u7247_20230901114938-scaled.jpg\" alt=\"\" width=\"310\" height=\"413\" srcset=\"https:\/\/www.saituprinter.com\/wp-content\/uploads\/2023\/11\/\u5fae\u4fe1\u56fe\u7247_20230901114938-scaled.jpg 1920w, https:\/\/www.saituprinter.com\/wp-content\/uploads\/2023\/11\/\u5fae\u4fe1\u56fe\u7247_20230901114938-scaled-600x800.jpg 600w, https:\/\/www.saituprinter.com\/wp-content\/uploads\/2023\/11\/\u5fae\u4fe1\u56fe\u7247_20230901114938-scaled-150x200.jpg 150w, https:\/\/www.saituprinter.com\/wp-content\/uploads\/2023\/11\/\u5fae\u4fe1\u56fe\u7247_20230901114938-scaled-800x1067.jpg 800w, https:\/\/www.saituprinter.com\/wp-content\/uploads\/2023\/11\/\u5fae\u4fe1\u56fe\u7247_20230901114938-768x1024.jpg 768w, https:\/\/www.saituprinter.com\/wp-content\/uploads\/2023\/11\/\u5fae\u4fe1\u56fe\u7247_20230901114938-1152x1536.jpg 1152w, https:\/\/www.saituprinter.com\/wp-content\/uploads\/2023\/11\/\u5fae\u4fe1\u56fe\u7247_20230901114938-1536x2048.jpg 1536w, https:\/\/www.saituprinter.com\/wp-content\/uploads\/2023\/11\/\u5fae\u4fe1\u56fe\u7247_20230901114938-9x12.jpg 9w\" sizes=\"(max-width: 310px) 100vw, 310px\" \/> <img decoding=\"async\" class=\"alignnone wp-image-9280\" src=\"https:\/\/saituprinter.com\/wp-content\/uploads\/2023\/11\/\u5fae\u4fe1\u56fe\u7247_20230901115427-scaled.jpg\" alt=\"\" width=\"310\" height=\"413\" srcset=\"https:\/\/www.saituprinter.com\/wp-content\/uploads\/2023\/11\/\u5fae\u4fe1\u56fe\u7247_20230901115427-scaled.jpg 1920w, https:\/\/www.saituprinter.com\/wp-content\/uploads\/2023\/11\/\u5fae\u4fe1\u56fe\u7247_20230901115427-scaled-600x800.jpg 600w, https:\/\/www.saituprinter.com\/wp-content\/uploads\/2023\/11\/\u5fae\u4fe1\u56fe\u7247_20230901115427-scaled-150x200.jpg 150w, https:\/\/www.saituprinter.com\/wp-content\/uploads\/2023\/11\/\u5fae\u4fe1\u56fe\u7247_20230901115427-scaled-800x1067.jpg 800w, https:\/\/www.saituprinter.com\/wp-content\/uploads\/2023\/11\/\u5fae\u4fe1\u56fe\u7247_20230901115427-768x1024.jpg 768w, https:\/\/www.saituprinter.com\/wp-content\/uploads\/2023\/11\/\u5fae\u4fe1\u56fe\u7247_20230901115427-1152x1536.jpg 1152w, https:\/\/www.saituprinter.com\/wp-content\/uploads\/2023\/11\/\u5fae\u4fe1\u56fe\u7247_20230901115427-1536x2048.jpg 1536w, https:\/\/www.saituprinter.com\/wp-content\/uploads\/2023\/11\/\u5fae\u4fe1\u56fe\u7247_20230901115427-9x12.jpg 9w\" sizes=\"(max-width: 310px) 100vw, 310px\" \/> <img loading=\"lazy\" decoding=\"async\" class=\"alignnone wp-image-9281\" src=\"https:\/\/saituprinter.com\/wp-content\/uploads\/2023\/11\/\u5fae\u4fe1\u56fe\u7247_20230901115430-scaled.jpg\" alt=\"\" width=\"310\" height=\"413\" srcset=\"https:\/\/www.saituprinter.com\/wp-content\/uploads\/2023\/11\/\u5fae\u4fe1\u56fe\u7247_20230901115430-scaled.jpg 1920w, https:\/\/www.saituprinter.com\/wp-content\/uploads\/2023\/11\/\u5fae\u4fe1\u56fe\u7247_20230901115430-scaled-600x800.jpg 600w, https:\/\/www.saituprinter.com\/wp-content\/uploads\/2023\/11\/\u5fae\u4fe1\u56fe\u7247_20230901115430-scaled-150x200.jpg 150w, https:\/\/www.saituprinter.com\/wp-content\/uploads\/2023\/11\/\u5fae\u4fe1\u56fe\u7247_20230901115430-scaled-800x1067.jpg 800w, https:\/\/www.saituprinter.com\/wp-content\/uploads\/2023\/11\/\u5fae\u4fe1\u56fe\u7247_20230901115430-768x1024.jpg 768w, https:\/\/www.saituprinter.com\/wp-content\/uploads\/2023\/11\/\u5fae\u4fe1\u56fe\u7247_20230901115430-1152x1536.jpg 1152w, https:\/\/www.saituprinter.com\/wp-content\/uploads\/2023\/11\/\u5fae\u4fe1\u56fe\u7247_20230901115430-1536x2048.jpg 1536w, https:\/\/www.saituprinter.com\/wp-content\/uploads\/2023\/11\/\u5fae\u4fe1\u56fe\u7247_20230901115430-9x12.jpg 9w\" sizes=\"(max-width: 310px) 100vw, 310px\" \/><\/p>\n<p>Nuestra impresora cuenta con un robusto cuerpo de aluminio y acero que garantiza una impresi\u00f3n fiable durante largos periodos. Utiliza una tarjeta AT compatible con configuraciones de 1 a 36 cabezales, satisfaciendo as\u00ed las diversas necesidades de impresi\u00f3n de los distintos usuarios. La seguridad es primordial, ya que nuestra impresora est\u00e1 equipada con un sistema anticolisi\u00f3n que detiene el cabezal de impresi\u00f3n inmediatamente en caso de emergencia.<\/p>\n<p>&nbsp;<\/p>\n<p>La eficiencia es clave, ya que nuestra impresora est\u00e1 equipada con un sistema de alarma de falta de papel y tinta que alerta r\u00e1pidamente a los operadores, evitando p\u00e9rdidas innecesarias. Para una alimentaci\u00f3n de papel fluida y uniforme, se integra una varilla gu\u00eda en la parte frontal de la m\u00e1quina. Adem\u00e1s, un tanque de tinta de gran capacidad reduce la frecuencia de recargas, lo que mejora a\u00fan m\u00e1s la productividad.<\/p>\n<p>Para los modelos de ocho cabezales, ofrecemos una gama de tama\u00f1os que incluye 1,6 m, 1,8 m, 2 m, 2,3 m, 2,6 m y 3,2 m, para satisfacer diferentes necesidades de impresi\u00f3n. Nuestra impresora es ideal para una amplia gama de industrias, incluyendo la impresi\u00f3n digital de ropa, s\u00e1banas, cortinas, camisetas, toallas, cortinas de ba\u00f1o, carpas, sombrillas, pancartas, fondos, cuadros decorativos, alfombrillas de rat\u00f3n, colchonetas de yoga, impresi\u00f3n de telas para sof\u00e1s y m\u00e1s.<\/p>\n<p>Con su construcci\u00f3n robusta, funciones avanzadas y versatilidad, nuestra impresora es la opci\u00f3n perfecta para las empresas que buscan lograr resultados de impresi\u00f3n confiables y eficientes en diversas industrias.<\/p>\n<p><img loading=\"lazy\" decoding=\"async\" class=\"alignnone wp-image-9286\" src=\"https:\/\/saituprinter.com\/wp-content\/uploads\/2023\/11\/\u5fae\u4fe1\u56fe\u7247_20230901115649-scaled.jpg\" alt=\"\" width=\"300\" height=\"225\" srcset=\"https:\/\/www.saituprinter.com\/wp-content\/uploads\/2023\/11\/\u5fae\u4fe1\u56fe\u7247_20230901115649-scaled.jpg 2560w, https:\/\/www.saituprinter.com\/wp-content\/uploads\/2023\/11\/\u5fae\u4fe1\u56fe\u7247_20230901115649-scaled-600x450.jpg 600w, https:\/\/www.saituprinter.com\/wp-content\/uploads\/2023\/11\/\u5fae\u4fe1\u56fe\u7247_20230901115649-scaled-150x113.jpg 150w, https:\/\/www.saituprinter.com\/wp-content\/uploads\/2023\/11\/\u5fae\u4fe1\u56fe\u7247_20230901115649-scaled-800x600.jpg 800w, https:\/\/www.saituprinter.com\/wp-content\/uploads\/2023\/11\/\u5fae\u4fe1\u56fe\u7247_20230901115649-768x576.jpg 768w, https:\/\/www.saituprinter.com\/wp-content\/uploads\/2023\/11\/\u5fae\u4fe1\u56fe\u7247_20230901115649-1536x1152.jpg 1536w, https:\/\/www.saituprinter.com\/wp-content\/uploads\/2023\/11\/\u5fae\u4fe1\u56fe\u7247_20230901115649-2048x1536.jpg 2048w, https:\/\/www.saituprinter.com\/wp-content\/uploads\/2023\/11\/\u5fae\u4fe1\u56fe\u7247_20230901115649-16x12.jpg 16w\" sizes=\"(max-width: 300px) 100vw, 300px\" \/><img loading=\"lazy\" decoding=\"async\" class=\"alignnone wp-image-9285\" src=\"https:\/\/saituprinter.com\/wp-content\/uploads\/2023\/11\/\u5fae\u4fe1\u56fe\u7247_20230901115621-scaled.jpg\" alt=\"\" width=\"170\" height=\"227\" srcset=\"https:\/\/www.saituprinter.com\/wp-content\/uploads\/2023\/11\/\u5fae\u4fe1\u56fe\u7247_20230901115621-scaled.jpg 1920w, https:\/\/www.saituprinter.com\/wp-content\/uploads\/2023\/11\/\u5fae\u4fe1\u56fe\u7247_20230901115621-scaled-600x800.jpg 600w, https:\/\/www.saituprinter.com\/wp-content\/uploads\/2023\/11\/\u5fae\u4fe1\u56fe\u7247_20230901115621-scaled-150x200.jpg 150w, https:\/\/www.saituprinter.com\/wp-content\/uploads\/2023\/11\/\u5fae\u4fe1\u56fe\u7247_20230901115621-scaled-800x1067.jpg 800w, https:\/\/www.saituprinter.com\/wp-content\/uploads\/2023\/11\/\u5fae\u4fe1\u56fe\u7247_20230901115621-768x1024.jpg 768w, https:\/\/www.saituprinter.com\/wp-content\/uploads\/2023\/11\/\u5fae\u4fe1\u56fe\u7247_20230901115621-1152x1536.jpg 1152w, https:\/\/www.saituprinter.com\/wp-content\/uploads\/2023\/11\/\u5fae\u4fe1\u56fe\u7247_20230901115621-1536x2048.jpg 1536w, https:\/\/www.saituprinter.com\/wp-content\/uploads\/2023\/11\/\u5fae\u4fe1\u56fe\u7247_20230901115621-9x12.jpg 9w\" sizes=\"(max-width: 170px) 100vw, 170px\" \/><\/p>\n<p><strong>\u00bfQu\u00e9 se puede imprimir?<\/strong><\/p>\n<p><img loading=\"lazy\" decoding=\"async\" class=\"alignnone size-full wp-image-9411\" src=\"https:\/\/saituprinter.com\/wp-content\/uploads\/2023\/11\/\u5fae\u4fe1\u56fe\u7247_20240401131522.jpg\" alt=\"\" width=\"800\" height=\"957\" srcset=\"https:\/\/www.saituprinter.com\/wp-content\/uploads\/2023\/11\/\u5fae\u4fe1\u56fe\u7247_20240401131522.jpg 800w, https:\/\/www.saituprinter.com\/wp-content\/uploads\/2023\/11\/\u5fae\u4fe1\u56fe\u7247_20240401131522-600x718.jpg 600w, https:\/\/www.saituprinter.com\/wp-content\/uploads\/2023\/11\/\u5fae\u4fe1\u56fe\u7247_20240401131522-150x179.jpg 150w, https:\/\/www.saituprinter.com\/wp-content\/uploads\/2023\/11\/\u5fae\u4fe1\u56fe\u7247_20240401131522-768x919.jpg 768w, https:\/\/www.saituprinter.com\/wp-content\/uploads\/2023\/11\/\u5fae\u4fe1\u56fe\u7247_20240401131522-10x12.jpg 10w\" sizes=\"(max-width: 800px) 100vw, 800px\" \/><\/p>\n<p><strong>Video:<\/strong><\/p>\n<div style=\"width: 720px;\" class=\"wp-video\"><!--[if lt IE 9]><script>document.createElement('video');<\/script><![endif]-->\n<video class=\"wp-video-shortcode\" id=\"video-8819-1\" width=\"720\" height=\"1280\" preload=\"metadata\" controls=\"controls\"><source type=\"video\/mp4\" src=\"https:\/\/saituprinter.com\/wp-content\/uploads\/2023\/11\/8\u5934.mp4?_=1\" \/><a href=\"https:\/\/saituprinter.com\/wp-content\/uploads\/2023\/11\/8\u5934.mp4\">https:\/\/saituprinter.com\/wp-content\/uploads\/2023\/11\/8\u5934.mp4<\/a><\/video><\/div>","protected":false},"excerpt":{"rendered":"<p>Nuestra impresora, con un robusto cuerpo de aluminio y acero, ofrece una impresi\u00f3n fiable durante largos periodos. Gracias a su placa AT, compatible con entre 1 y 36 cabezales, satisface diversas necesidades de impresi\u00f3n. La seguridad est\u00e1 garantizada por un sistema anticolisi\u00f3n, mientras que la eficiencia se maximiza con sistemas de alarma de falta de papel y tinta. Una varilla gu\u00eda del papel garantiza una alimentaci\u00f3n fluida, y un dep\u00f3sito de tinta de gran capacidad reduce la frecuencia de recarga. Disponible en tama\u00f1os de 1,6 m a 3,2 m para los modelos de ocho cabezales, es ideal para diversos sectores, como la industria textil, la de s\u00e1banas y la de cortinas. Esta impresora es la opci\u00f3n ideal para empresas que buscan una impresi\u00f3n fiable y eficiente en diversos sectores.<\/p>","protected":false},"featured_media":12971,"comment_status":"closed","ping_status":"closed","template":"","meta":[],"product_cat":[18,90],"product_tag":[],"class_list":["post-8819","product","type-product","status-publish","has-post-thumbnail","hentry","product_cat-sublimation-printer","product_cat-1000m-paper-system-machine"],"_links":{"self":[{"href":"https:\/\/www.saituprinter.com\/es\/wp-json\/wp\/v2\/product\/8819","targetHints":{"allow":["GET"]}}],"collection":[{"href":"https:\/\/www.saituprinter.com\/es\/wp-json\/wp\/v2\/product"}],"about":[{"href":"https:\/\/www.saituprinter.com\/es\/wp-json\/wp\/v2\/types\/product"}],"replies":[{"embeddable":true,"href":"https:\/\/www.saituprinter.com\/es\/wp-json\/wp\/v2\/comments?post=8819"}],"wp:featuredmedia":[{"embeddable":true,"href":"https:\/\/www.saituprinter.com\/es\/wp-json\/wp\/v2\/media\/12971"}],"wp:attachment":[{"href":"https:\/\/www.saituprinter.com\/es\/wp-json\/wp\/v2\/media?parent=8819"}],"wp:term":[{"taxonomy":"product_cat","embeddable":true,"href":"https:\/\/www.saituprinter.com\/es\/wp-json\/wp\/v2\/product_cat?post=8819"},{"taxonomy":"product_tag","embeddable":true,"href":"https:\/\/www.saituprinter.com\/es\/wp-json\/wp\/v2\/product_tag?post=8819"}],"curies":[{"name":"wp","href":"https:\/\/api.w.org\/{rel}","templated":true}]}}