{"id":8817,"date":"2023-11-16T16:09:26","date_gmt":"2023-11-16T08:09:26","guid":{"rendered":"https:\/\/saituprinter.com\/?post_type=product&#038;p=8817"},"modified":"2025-04-23T15:21:56","modified_gmt":"2025-04-23T07:21:56","slug":"sublimation-printer-jc1803","status":"publish","type":"product","link":"https:\/\/www.saituprinter.com\/es\/producto\/sublimation-printer-jc1803\/","title":{"rendered":"Impresora de sublimaci\u00f3n SAITU1.8M de 3 cabezales JC1803"},"content":{"rendered":"<p>&nbsp;<\/p>\n<p>&nbsp;<\/p>\n<p>&nbsp;<\/p>\n<p>&nbsp;<\/p>\n<table>\n<tbody>\n<tr>\n<td colspan=\"2\" width=\"273\">cabezal de impresi\u00f3n<\/td>\n<td width=\"275\">2 cabezales de impresi\u00f3n Epson 5113\/4720\/i3200<\/td>\n<td width=\"293\">3 cabezales de impresi\u00f3n Epson 5113\/4720\/i3200<\/td>\n<\/tr>\n<tr>\n<td colspan=\"2\" width=\"273\">Ancho m\u00e1ximo de impresi\u00f3n<\/td>\n<td colspan=\"2\">1800 mm<\/td>\n<\/tr>\n<tr>\n<td colspan=\"2\" width=\"273\">Modo de producto<\/td>\n<td width=\"275\">60\u33a1\/H<\/td>\n<td width=\"293\">75\u33a1\/H<\/td>\n<\/tr>\n<tr>\n<td colspan=\"2\" width=\"273\">Modo de resoluci\u00f3n<\/td>\n<td width=\"275\">\u00a045\u33a1\/H<\/td>\n<td width=\"293\">\u00a060\u33a1\/H<\/td>\n<\/tr>\n<tr>\n<td colspan=\"2\" width=\"273\">Modo de alta resoluci\u00f3n<\/td>\n<td width=\"275\">\u00a035\u33a1\/H<\/td>\n<td width=\"293\">45\u33a1\/H<\/td>\n<\/tr>\n<tr>\n<td rowspan=\"2\">Tinta<\/td>\n<td>Clasificar<\/td>\n<td colspan=\"2\" width=\"569\">tinta de sublimaci\u00f3n<\/td>\n<\/tr>\n<tr>\n<td>Capacidad<\/td>\n<td colspan=\"2\">Sistema de suministro de tinta vac\u00edo<\/td>\n<\/tr>\n<tr>\n<td rowspan=\"3\">Medios de comunicaci\u00f3n<\/td>\n<td>Ancho<\/td>\n<td colspan=\"2\">1900mm<\/td>\n<\/tr>\n<tr>\n<td>Espesor<\/td>\n<td colspan=\"2\">Ajustable de 1,5 mm a 8 mm<\/td>\n<\/tr>\n<tr>\n<td>Clasificar<\/td>\n<td colspan=\"2\" width=\"569\">papel de sublimaci\u00f3n<\/td>\n<\/tr>\n<tr>\n<td colspan=\"2\" width=\"273\">Alta calidad de impresi\u00f3n<\/td>\n<td colspan=\"2\" width=\"569\">tecnolog\u00eda VSD<\/td>\n<\/tr>\n<tr>\n<td colspan=\"2\" width=\"273\">Calentador de medios<\/td>\n<td colspan=\"2\" width=\"569\">Calefacci\u00f3n trasera<\/td>\n<\/tr>\n<tr>\n<td colspan=\"2\" width=\"273\">Dispositivo de recogida de medios<\/td>\n<td colspan=\"2\" width=\"569\">Dispositivo de doble motor con amortiguador autom\u00e1tico.<\/td>\n<\/tr>\n<tr>\n<td colspan=\"2\" width=\"273\">Sistema de secado<\/td>\n<td colspan=\"2\" width=\"569\">Sistema de secado por rayos infrarrojos.<\/td>\n<\/tr>\n<tr>\n<td colspan=\"2\" width=\"273\">Carril de gu\u00eda<\/td>\n<td colspan=\"2\">THK de Jap\u00f3n<\/td>\n<\/tr>\n<tr>\n<td colspan=\"2\" width=\"273\">Interfaz<\/td>\n<td colspan=\"2\">1000 Mbit\/s<\/td>\n<\/tr>\n<tr>\n<td colspan=\"2\" width=\"273\">software de procesamiento de archivos<\/td>\n<td colspan=\"2\">MainTop, impresi\u00f3n fotogr\u00e1fica<\/td>\n<\/tr>\n<tr>\n<td colspan=\"2\">Voltaje<\/td>\n<td colspan=\"2\" width=\"569\">CA 110 V \u00b1 10%, CA 220 V \u00b1 10%, 50\/60 \u00b1 1 Hz<\/td>\n<\/tr>\n<tr>\n<td colspan=\"2\" width=\"273\">Entornos de operaci\u00f3n<\/td>\n<td colspan=\"2\" width=\"569\">Temperatura: 15 \u2103 -30 \u2103, Humedad: 35%RH-65%RH<\/td>\n<\/tr>\n<tr>\n<td colspan=\"2\">Fuerza<\/td>\n<td width=\"275\">2300W<\/td>\n<td width=\"293\">3300W<\/td>\n<\/tr>\n<tr>\n<td colspan=\"2\" width=\"273\">Dimensiones de la impresora (LWH)<\/td>\n<td colspan=\"2\">2950*850*1360mm<\/td>\n<\/tr>\n<tr>\n<td colspan=\"2\" width=\"273\">Dimensiones del embalaje (LWH)<\/td>\n<td colspan=\"2\">3030*850*750mm<\/td>\n<\/tr>\n<tr>\n<td colspan=\"2\" width=\"273\">Peso neto<\/td>\n<td colspan=\"2\">220 kg<\/td>\n<\/tr>\n<tr>\n<td colspan=\"2\" width=\"273\">Peso bruto<\/td>\n<td colspan=\"2\">270 kg<\/td>\n<\/tr>\n<\/tbody>\n<\/table>\n<p>Acerca de la impresora:<\/p>\n<p><img fetchpriority=\"high\" decoding=\"async\" class=\"alignnone size-full wp-image-9254\" src=\"https:\/\/saituprinter.com\/wp-content\/uploads\/2023\/11\/\u5fae\u4fe1\u56fe\u7247_20230901155521-scaled.jpg\" alt=\"\" width=\"2560\" height=\"1920\" srcset=\"https:\/\/www.saituprinter.com\/wp-content\/uploads\/2023\/11\/\u5fae\u4fe1\u56fe\u7247_20230901155521-scaled.jpg 2560w, https:\/\/www.saituprinter.com\/wp-content\/uploads\/2023\/11\/\u5fae\u4fe1\u56fe\u7247_20230901155521-scaled-600x450.jpg 600w, https:\/\/www.saituprinter.com\/wp-content\/uploads\/2023\/11\/\u5fae\u4fe1\u56fe\u7247_20230901155521-scaled-150x113.jpg 150w, https:\/\/www.saituprinter.com\/wp-content\/uploads\/2023\/11\/\u5fae\u4fe1\u56fe\u7247_20230901155521-scaled-800x600.jpg 800w, https:\/\/www.saituprinter.com\/wp-content\/uploads\/2023\/11\/\u5fae\u4fe1\u56fe\u7247_20230901155521-768x576.jpg 768w, https:\/\/www.saituprinter.com\/wp-content\/uploads\/2023\/11\/\u5fae\u4fe1\u56fe\u7247_20230901155521-1536x1152.jpg 1536w, https:\/\/www.saituprinter.com\/wp-content\/uploads\/2023\/11\/\u5fae\u4fe1\u56fe\u7247_20230901155521-2048x1536.jpg 2048w, https:\/\/www.saituprinter.com\/wp-content\/uploads\/2023\/11\/\u5fae\u4fe1\u56fe\u7247_20230901155521-16x12.jpg 16w\" sizes=\"(max-width: 2560px) 100vw, 2560px\" \/> <img decoding=\"async\" class=\"alignnone size-full wp-image-9256\" src=\"https:\/\/saituprinter.com\/wp-content\/uploads\/2023\/11\/\u5fae\u4fe1\u56fe\u7247_20231017111121.jpg\" alt=\"\" width=\"2364\" height=\"1773\" srcset=\"https:\/\/www.saituprinter.com\/wp-content\/uploads\/2023\/11\/\u5fae\u4fe1\u56fe\u7247_20231017111121.jpg 2364w, https:\/\/www.saituprinter.com\/wp-content\/uploads\/2023\/11\/\u5fae\u4fe1\u56fe\u7247_20231017111121-600x450.jpg 600w, https:\/\/www.saituprinter.com\/wp-content\/uploads\/2023\/11\/\u5fae\u4fe1\u56fe\u7247_20231017111121-150x113.jpg 150w, https:\/\/www.saituprinter.com\/wp-content\/uploads\/2023\/11\/\u5fae\u4fe1\u56fe\u7247_20231017111121-800x600.jpg 800w, https:\/\/www.saituprinter.com\/wp-content\/uploads\/2023\/11\/\u5fae\u4fe1\u56fe\u7247_20231017111121-768x576.jpg 768w, https:\/\/www.saituprinter.com\/wp-content\/uploads\/2023\/11\/\u5fae\u4fe1\u56fe\u7247_20231017111121-1536x1152.jpg 1536w, https:\/\/www.saituprinter.com\/wp-content\/uploads\/2023\/11\/\u5fae\u4fe1\u56fe\u7247_20231017111121-2048x1536.jpg 2048w, https:\/\/www.saituprinter.com\/wp-content\/uploads\/2023\/11\/\u5fae\u4fe1\u56fe\u7247_20231017111121-16x12.jpg 16w\" sizes=\"(max-width: 2364px) 100vw, 2364px\" \/> <img decoding=\"async\" class=\"alignnone size-full wp-image-9257\" src=\"https:\/\/saituprinter.com\/wp-content\/uploads\/2023\/11\/\u5fae\u4fe1\u56fe\u7247_20240221100308.jpg\" alt=\"\" width=\"1479\" height=\"1109\" srcset=\"https:\/\/www.saituprinter.com\/wp-content\/uploads\/2023\/11\/\u5fae\u4fe1\u56fe\u7247_20240221100308.jpg 1479w, https:\/\/www.saituprinter.com\/wp-content\/uploads\/2023\/11\/\u5fae\u4fe1\u56fe\u7247_20240221100308-600x450.jpg 600w, https:\/\/www.saituprinter.com\/wp-content\/uploads\/2023\/11\/\u5fae\u4fe1\u56fe\u7247_20240221100308-150x112.jpg 150w, https:\/\/www.saituprinter.com\/wp-content\/uploads\/2023\/11\/\u5fae\u4fe1\u56fe\u7247_20240221100308-800x600.jpg 800w, https:\/\/www.saituprinter.com\/wp-content\/uploads\/2023\/11\/\u5fae\u4fe1\u56fe\u7247_20240221100308-768x576.jpg 768w, https:\/\/www.saituprinter.com\/wp-content\/uploads\/2023\/11\/\u5fae\u4fe1\u56fe\u7247_20240221100308-16x12.jpg 16w\" sizes=\"(max-width: 1479px) 100vw, 1479px\" \/> <img loading=\"lazy\" decoding=\"async\" class=\"alignnone size-full wp-image-9258\" src=\"https:\/\/saituprinter.com\/wp-content\/uploads\/2023\/11\/\u5fae\u4fe1\u56fe\u7247_20240221100505.jpg\" alt=\"\" width=\"1479\" height=\"1109\" srcset=\"https:\/\/www.saituprinter.com\/wp-content\/uploads\/2023\/11\/\u5fae\u4fe1\u56fe\u7247_20240221100505.jpg 1479w, https:\/\/www.saituprinter.com\/wp-content\/uploads\/2023\/11\/\u5fae\u4fe1\u56fe\u7247_20240221100505-600x450.jpg 600w, https:\/\/www.saituprinter.com\/wp-content\/uploads\/2023\/11\/\u5fae\u4fe1\u56fe\u7247_20240221100505-150x112.jpg 150w, https:\/\/www.saituprinter.com\/wp-content\/uploads\/2023\/11\/\u5fae\u4fe1\u56fe\u7247_20240221100505-800x600.jpg 800w, https:\/\/www.saituprinter.com\/wp-content\/uploads\/2023\/11\/\u5fae\u4fe1\u56fe\u7247_20240221100505-768x576.jpg 768w, https:\/\/www.saituprinter.com\/wp-content\/uploads\/2023\/11\/\u5fae\u4fe1\u56fe\u7247_20240221100505-16x12.jpg 16w\" sizes=\"(max-width: 1479px) 100vw, 1479px\" \/> <img loading=\"lazy\" decoding=\"async\" class=\"alignnone size-full wp-image-9249\" src=\"https:\/\/saituprinter.com\/wp-content\/uploads\/2023\/11\/\u5fae\u4fe1\u56fe\u7247_20230901155457-scaled.jpg\" alt=\"\" width=\"1920\" height=\"2560\" srcset=\"https:\/\/www.saituprinter.com\/wp-content\/uploads\/2023\/11\/\u5fae\u4fe1\u56fe\u7247_20230901155457-scaled.jpg 1920w, https:\/\/www.saituprinter.com\/wp-content\/uploads\/2023\/11\/\u5fae\u4fe1\u56fe\u7247_20230901155457-scaled-600x800.jpg 600w, https:\/\/www.saituprinter.com\/wp-content\/uploads\/2023\/11\/\u5fae\u4fe1\u56fe\u7247_20230901155457-scaled-150x200.jpg 150w, https:\/\/www.saituprinter.com\/wp-content\/uploads\/2023\/11\/\u5fae\u4fe1\u56fe\u7247_20230901155457-scaled-800x1067.jpg 800w, https:\/\/www.saituprinter.com\/wp-content\/uploads\/2023\/11\/\u5fae\u4fe1\u56fe\u7247_20230901155457-768x1024.jpg 768w, https:\/\/www.saituprinter.com\/wp-content\/uploads\/2023\/11\/\u5fae\u4fe1\u56fe\u7247_20230901155457-1152x1536.jpg 1152w, https:\/\/www.saituprinter.com\/wp-content\/uploads\/2023\/11\/\u5fae\u4fe1\u56fe\u7247_20230901155457-1536x2048.jpg 1536w, https:\/\/www.saituprinter.com\/wp-content\/uploads\/2023\/11\/\u5fae\u4fe1\u56fe\u7247_20230901155457-9x12.jpg 9w\" sizes=\"(max-width: 1920px) 100vw, 1920px\" \/><\/p>\n<div id=\"attachment_9248\" style=\"width: 2570px\" class=\"wp-caption alignnone\"><img loading=\"lazy\" decoding=\"async\" aria-describedby=\"caption-attachment-9248\" class=\"size-full wp-image-9248\" src=\"https:\/\/saituprinter.com\/wp-content\/uploads\/2023\/11\/\u5fae\u4fe1\u56fe\u7247_20230901155449-scaled.jpg\" alt=\"\" width=\"2560\" height=\"1920\" srcset=\"https:\/\/www.saituprinter.com\/wp-content\/uploads\/2023\/11\/\u5fae\u4fe1\u56fe\u7247_20230901155449-scaled.jpg 2560w, https:\/\/www.saituprinter.com\/wp-content\/uploads\/2023\/11\/\u5fae\u4fe1\u56fe\u7247_20230901155449-scaled-600x450.jpg 600w, https:\/\/www.saituprinter.com\/wp-content\/uploads\/2023\/11\/\u5fae\u4fe1\u56fe\u7247_20230901155449-scaled-150x113.jpg 150w, https:\/\/www.saituprinter.com\/wp-content\/uploads\/2023\/11\/\u5fae\u4fe1\u56fe\u7247_20230901155449-scaled-800x600.jpg 800w, https:\/\/www.saituprinter.com\/wp-content\/uploads\/2023\/11\/\u5fae\u4fe1\u56fe\u7247_20230901155449-768x576.jpg 768w, https:\/\/www.saituprinter.com\/wp-content\/uploads\/2023\/11\/\u5fae\u4fe1\u56fe\u7247_20230901155449-1536x1152.jpg 1536w, https:\/\/www.saituprinter.com\/wp-content\/uploads\/2023\/11\/\u5fae\u4fe1\u56fe\u7247_20230901155449-2048x1536.jpg 2048w, https:\/\/www.saituprinter.com\/wp-content\/uploads\/2023\/11\/\u5fae\u4fe1\u56fe\u7247_20230901155449-16x12.jpg 16w\" sizes=\"(max-width: 2560px) 100vw, 2560px\" \/><p id=\"caption-attachment-9248\" class=\"wp-caption-text\">Impresora de 3 cabezales de 1,8 m<\/p><\/div>\n<p>&nbsp;<\/p>\n<ul>\n<li>La placa AT ofrece una variedad de configuraciones de cabezales, incluidos cabezales 2\/3\/4, 6\/8\/12\/15\/16\/20\/24\/30\/36, para satisfacer las diversas necesidades de diferentes usuarios.<\/li>\n<li>Con capacidades de difuminado de 10 a 100, la impresi\u00f3n en colores oscuros y fr\u00edos es m\u00e1s conveniente, mientras que la transmisi\u00f3n por cable garantiza una mayor estabilidad.<\/li>\n<li>La estaci\u00f3n de tinta elevadora protege eficazmente el cabezal de impresi\u00f3n cuando la impresora no est\u00e1 en uso.<\/li>\n<li>El uso de carriles gu\u00eda THK da como resultado una reducci\u00f3n del ruido y un funcionamiento m\u00e1s suave.<\/li>\n<li>El equipo emplea motores servo integrados para mayor precisi\u00f3n y eficiencia.<\/li>\n<li>Para la industria, incluida la impresi\u00f3n digital, la impresi\u00f3n de carpas, la impresi\u00f3n de alfombras, la impresi\u00f3n de juguetes de peluche, la impresi\u00f3n de banderas, la impresi\u00f3n de pinturas decorativas, la impresi\u00f3n de telas de fondo, la impresi\u00f3n de paraguas, la impresi\u00f3n de alfombrillas para mouse y la impresi\u00f3n de correas.<\/li>\n<\/ul>\n<p>&nbsp;<\/p>\n<div style=\"width: 960px;\" class=\"wp-video\"><!--[if lt IE 9]><script>document.createElement('video');<\/script><![endif]-->\n<video class=\"wp-video-shortcode\" id=\"video-8817-1\" width=\"960\" height=\"540\" preload=\"metadata\" controls=\"controls\"><source type=\"video\/mp4\" src=\"https:\/\/saituprinter.com\/wp-content\/uploads\/2023\/11\/9e1e8c7e9329733fcc0d13e0cd85d1a3.mp4?_=1\" \/><a href=\"https:\/\/saituprinter.com\/wp-content\/uploads\/2023\/11\/9e1e8c7e9329733fcc0d13e0cd85d1a3.mp4\">https:\/\/saituprinter.com\/wp-content\/uploads\/2023\/11\/9e1e8c7e9329733fcc0d13e0cd85d1a3.mp4<\/a><\/video><\/div>","protected":false},"excerpt":{"rendered":"<ul>\n<li>La placa AT ofrece una variedad de configuraciones de cabezales, incluidos cabezales 2\/3\/4, 6\/8\/12\/15\/16\/20\/24\/30\/36, para satisfacer las diversas necesidades de diferentes usuarios.<\/li>\n<li>Con capacidades de difuminado de 10 a 100, la impresi\u00f3n en colores oscuros y fr\u00edos es m\u00e1s conveniente, mientras que la transmisi\u00f3n por cable garantiza una mayor estabilidad.<\/li>\n<li>La estaci\u00f3n de tinta elevadora protege eficazmente el cabezal de impresi\u00f3n cuando la impresora no est\u00e1 en uso.<\/li>\n<li>El uso de carriles gu\u00eda THK da como resultado una reducci\u00f3n del ruido y un funcionamiento m\u00e1s suave.<\/li>\n<li>El equipo emplea motores servo integrados para mayor precisi\u00f3n y eficiencia.<\/li>\n<li>Para la industria, incluida la impresi\u00f3n digital, la impresi\u00f3n de carpas, la impresi\u00f3n de alfombras, la impresi\u00f3n de juguetes de peluche, la impresi\u00f3n de banderas, la impresi\u00f3n de pinturas decorativas, la impresi\u00f3n de telas de fondo, la impresi\u00f3n de paraguas, la impresi\u00f3n de alfombrillas para mouse y la impresi\u00f3n de correas.<\/li>\n<\/ul>","protected":false},"featured_media":9415,"comment_status":"closed","ping_status":"closed","template":"","meta":[],"product_cat":[18,89],"product_tag":[],"class_list":["post-8817","product","type-product","status-publish","has-post-thumbnail","hentry","product_cat-sublimation-printer","product_cat-simple-paper-system-machine"],"_links":{"self":[{"href":"https:\/\/www.saituprinter.com\/es\/wp-json\/wp\/v2\/product\/8817","targetHints":{"allow":["GET"]}}],"collection":[{"href":"https:\/\/www.saituprinter.com\/es\/wp-json\/wp\/v2\/product"}],"about":[{"href":"https:\/\/www.saituprinter.com\/es\/wp-json\/wp\/v2\/types\/product"}],"replies":[{"embeddable":true,"href":"https:\/\/www.saituprinter.com\/es\/wp-json\/wp\/v2\/comments?post=8817"}],"wp:featuredmedia":[{"embeddable":true,"href":"https:\/\/www.saituprinter.com\/es\/wp-json\/wp\/v2\/media\/9415"}],"wp:attachment":[{"href":"https:\/\/www.saituprinter.com\/es\/wp-json\/wp\/v2\/media?parent=8817"}],"wp:term":[{"taxonomy":"product_cat","embeddable":true,"href":"https:\/\/www.saituprinter.com\/es\/wp-json\/wp\/v2\/product_cat?post=8817"},{"taxonomy":"product_tag","embeddable":true,"href":"https:\/\/www.saituprinter.com\/es\/wp-json\/wp\/v2\/product_tag?post=8817"}],"curies":[{"name":"wp","href":"https:\/\/api.w.org\/{rel}","templated":true}]}}