{"id":8815,"date":"2023-11-16T15:45:43","date_gmt":"2023-11-16T07:45:43","guid":{"rendered":"https:\/\/saituprinter.com\/?post_type=product&#038;p=8815"},"modified":"2025-04-23T15:22:06","modified_gmt":"2025-04-23T07:22:06","slug":"jc1802-sublimation-printer","status":"publish","type":"product","link":"https:\/\/www.saituprinter.com\/es\/producto\/jc1802-sublimation-printer\/","title":{"rendered":"Impresora de sublimaci\u00f3n de 2 cabezales y 1,8 m: JC1802"},"content":{"rendered":"<table>\n<tbody>\n<tr>\n<td colspan=\"2\" width=\"339\"><strong>Modo<\/strong><strong>yo<\/strong><\/td>\n<td width=\"521\"><strong>JC1802 <\/strong><\/td>\n<\/tr>\n<tr>\n<td colspan=\"2\" width=\"339\"><strong>Cabezal de impresi\u00f3n<\/strong><\/td>\n<td width=\"521\">2 cabezales de impresi\u00f3n i3200<\/td>\n<\/tr>\n<tr>\n<td colspan=\"2\" width=\"339\"><strong>Ancho m\u00e1ximo de impresi\u00f3n<\/strong><\/td>\n<td width=\"521\">1800 mm<\/td>\n<\/tr>\n<tr>\n<td colspan=\"2\" rowspan=\"3\" width=\"339\"><strong>Resoluci\u00f3n de impresi\u00f3n<\/strong><strong>\/<\/strong><strong>Velocidad<\/strong><\/td>\n<td width=\"521\">Modo de producci\u00f3n: 60\u33a1 \/H<\/td>\n<\/tr>\n<tr>\n<td width=\"521\">Modo de resoluci\u00f3n: 45\u33a1\/H<\/td>\n<\/tr>\n<tr>\n<td width=\"521\">Modo de alta resoluci\u00f3n: 35\u33a1\/H<\/td>\n<\/tr>\n<tr>\n<td rowspan=\"2\" width=\"127\"><strong>Tinta<\/strong><\/td>\n<td width=\"212\"><strong>Tipo<\/strong><\/td>\n<td width=\"521\">Tinta de sublimaci\u00f3n<\/td>\n<\/tr>\n<tr>\n<td width=\"212\"><strong>Capacidad<\/strong><\/td>\n<td width=\"521\">Sistema de suministro de tinta vac\u00edo de 1,5 l<\/td>\n<\/tr>\n<tr>\n<td rowspan=\"4\" width=\"127\"><strong>Medios de comunicaci\u00f3n<\/strong><\/td>\n<td width=\"212\"><strong>Ancho<\/strong><\/td>\n<td width=\"521\">1900mm<\/td>\n<\/tr>\n<tr>\n<td width=\"212\"><strong>Espesor<\/strong><\/td>\n<td width=\"521\">Ajustable de 1,5 mm a 8 mm<\/td>\n<\/tr>\n<tr>\n<td width=\"212\"><strong>Peso m\u00e1ximo del rollo<\/strong><\/td>\n<td width=\"521\">75 kg<\/td>\n<\/tr>\n<tr>\n<td width=\"212\"><strong>Material <\/strong><\/td>\n<td width=\"521\">papel de sublimaci\u00f3n<\/td>\n<\/tr>\n<tr>\n<td colspan=\"2\" width=\"339\"><strong>Alta calidad de impresi\u00f3n<\/strong><\/td>\n<td width=\"521\">tecnolog\u00eda VSD<\/td>\n<\/tr>\n<tr>\n<td colspan=\"2\" width=\"339\"><strong>Calentador de medios<\/strong><\/td>\n<td width=\"521\">Calentador trasero<\/td>\n<\/tr>\n<tr>\n<td colspan=\"2\" width=\"339\"><strong>Dispositivo de recogida de medios<\/strong><\/td>\n<td width=\"521\">Dispositivo de doble motor con compuerta autom\u00e1tica.<\/td>\n<\/tr>\n<tr>\n<td colspan=\"2\" width=\"339\"><strong>Sistema de secado<\/strong><\/td>\n<td width=\"521\">Sistema de secado por rayos infrarrojos.<\/td>\n<\/tr>\n<tr>\n<td colspan=\"2\" width=\"339\"><strong><b>Carril de gu\u00eda<\/b><\/strong><\/td>\n<td width=\"521\">THK de Jap\u00f3n<\/td>\n<\/tr>\n<tr>\n<td colspan=\"2\" width=\"339\"><strong>Interfaz<\/strong><\/td>\n<td width=\"521\">1000 Mbit\/s<\/td>\n<\/tr>\n<tr>\n<td colspan=\"2\" width=\"339\"><strong>Software RIP<\/strong><\/td>\n<td width=\"521\">Maintop V5.3, Maintop V6.1, Impresi\u00f3n fotogr\u00e1fica,<\/td>\n<\/tr>\n<tr>\n<td colspan=\"2\" width=\"339\"><strong>Voltaje<\/strong><\/td>\n<td width=\"521\">CA 110 V \u00b1 10 %, CA 220 V \u00b1 10 %, 50\/60 \u00b1 1 Hz<\/td>\n<\/tr>\n<tr>\n<td colspan=\"2\" width=\"339\"><strong>Entornos de operaci\u00f3n<\/strong><\/td>\n<td width=\"521\">Temperatura: 20 \u2103 -35 \u2103, Humedad: 35%RH-65%RH<\/td>\n<\/tr>\n<tr>\n<td colspan=\"2\" width=\"339\"><strong>Fuerza<\/strong><\/td>\n<td width=\"521\">2300W<\/td>\n<\/tr>\n<tr>\n<td colspan=\"2\" width=\"339\"><strong>Dimensiones de la impresora (L*W*H)<\/strong><\/td>\n<td width=\"521\">2900 * 850 * 1300 mil\u00edmetros<\/td>\n<\/tr>\n<tr>\n<td colspan=\"2\" width=\"339\"><strong>Dimensiones de<\/strong><strong>\u00a0Embalaje<\/strong><strong>(largo*ancho*alto)<\/strong><\/td>\n<td width=\"521\">3030 * 850 * 750 mil\u00edmetros<\/td>\n<\/tr>\n<tr>\n<td colspan=\"2\" width=\"339\"><strong>Peso neto<\/strong><\/td>\n<td width=\"521\">220 kg<\/td>\n<\/tr>\n<tr>\n<td colspan=\"2\" width=\"339\"><strong>Peso<\/strong><\/td>\n<td width=\"521\">270 kg<\/td>\n<\/tr>\n<\/tbody>\n<\/table>\n<p><strong><b>\u00a0<\/b><\/strong><\/p>\n<p class=\"\">\u00bfBusca una soluci\u00f3n de impresi\u00f3n que se adapte a sus necesidades espec\u00edficas? \u00a1No busques m\u00e1s que la placa AT! Con una variedad de configuraciones de cabezales, incluidos cabezales 2\/3\/4, 6\/8\/12\/15\/16\/20\/24\/30\/36, la placa AT es perfecta para diferentes usuarios.<\/p>\n<p class=\"\">\u00bfQuiere lograr impresiones en colores oscuros y fr\u00edos con facilidad? La placa AT ofrece capacidades de difuminado de 10 a 100, lo que hace que la impresi\u00f3n en color sea m\u00e1s conveniente. Adem\u00e1s, con la transmisi\u00f3n por cable, podr\u00e1 disfrutar de un rendimiento de impresi\u00f3n estable y confiable.<\/p>\n<p class=\"\">Proteja su cabezal de impresi\u00f3n incluso cuando la impresora no est\u00e9 en uso con la estaci\u00f3n de tinta elevadora. Esta caracter\u00edstica innovadora garantiza que su cabezal de impresi\u00f3n permanezca en condiciones \u00f3ptimas, listo para su pr\u00f3xima tarea de impresi\u00f3n.<\/p>\n<p class=\"\">Experimente un funcionamiento suave y silencioso con el riel gu\u00eda THK. Esta funci\u00f3n avanzada reduce el ruido, lo que le permite concentrarse en sus tareas de impresi\u00f3n sin distracciones.<\/p>\n<p class=\"\">Aumente su eficiencia de impresi\u00f3n con el motor servo integrado. Este potente motor garantiza una impresi\u00f3n precisa y fiable, ofreciendo resultados de alta calidad en todo momento.<\/p>\n<p class=\"\">Se utiliza para una amplia gama de industrias, incluida la impresi\u00f3n digital, la impresi\u00f3n de tiendas de campa\u00f1a, la impresi\u00f3n de alfombras, la impresi\u00f3n de juguetes de peluche, la impresi\u00f3n de banderas, la impresi\u00f3n de pinturas decorativas, la impresi\u00f3n de telas de fondo, la impresi\u00f3n de paraguas, la impresi\u00f3n de alfombrillas para mouse, la impresi\u00f3n de camisetas y la impresi\u00f3n de correas. \u00a1Actualice sus capacidades de impresi\u00f3n con la placa AT y lleve su negocio a nuevas alturas!<\/p>\n<p><img fetchpriority=\"high\" decoding=\"async\" class=\"alignnone size-full wp-image-9265\" src=\"https:\/\/saituprinter.com\/wp-content\/uploads\/2023\/11\/\u5fae\u4fe1\u56fe\u7247_20231113173441-scaled.jpg\" alt=\"\" width=\"1920\" height=\"2560\" srcset=\"https:\/\/www.saituprinter.com\/wp-content\/uploads\/2023\/11\/\u5fae\u4fe1\u56fe\u7247_20231113173441-scaled.jpg 1920w, https:\/\/www.saituprinter.com\/wp-content\/uploads\/2023\/11\/\u5fae\u4fe1\u56fe\u7247_20231113173441-scaled-600x800.jpg 600w, https:\/\/www.saituprinter.com\/wp-content\/uploads\/2023\/11\/\u5fae\u4fe1\u56fe\u7247_20231113173441-scaled-150x200.jpg 150w, https:\/\/www.saituprinter.com\/wp-content\/uploads\/2023\/11\/\u5fae\u4fe1\u56fe\u7247_20231113173441-scaled-800x1067.jpg 800w, https:\/\/www.saituprinter.com\/wp-content\/uploads\/2023\/11\/\u5fae\u4fe1\u56fe\u7247_20231113173441-768x1024.jpg 768w, https:\/\/www.saituprinter.com\/wp-content\/uploads\/2023\/11\/\u5fae\u4fe1\u56fe\u7247_20231113173441-1152x1536.jpg 1152w, https:\/\/www.saituprinter.com\/wp-content\/uploads\/2023\/11\/\u5fae\u4fe1\u56fe\u7247_20231113173441-1536x2048.jpg 1536w, https:\/\/www.saituprinter.com\/wp-content\/uploads\/2023\/11\/\u5fae\u4fe1\u56fe\u7247_20231113173441-9x12.jpg 9w\" sizes=\"(max-width: 1920px) 100vw, 1920px\" \/> <img decoding=\"async\" class=\"alignnone size-full wp-image-9266\" src=\"https:\/\/saituprinter.com\/wp-content\/uploads\/2023\/11\/\u5fae\u4fe1\u56fe\u7247_20231113173445-scaled.jpg\" alt=\"\" width=\"2560\" height=\"1920\" srcset=\"https:\/\/www.saituprinter.com\/wp-content\/uploads\/2023\/11\/\u5fae\u4fe1\u56fe\u7247_20231113173445-scaled.jpg 2560w, https:\/\/www.saituprinter.com\/wp-content\/uploads\/2023\/11\/\u5fae\u4fe1\u56fe\u7247_20231113173445-scaled-600x450.jpg 600w, https:\/\/www.saituprinter.com\/wp-content\/uploads\/2023\/11\/\u5fae\u4fe1\u56fe\u7247_20231113173445-scaled-150x113.jpg 150w, https:\/\/www.saituprinter.com\/wp-content\/uploads\/2023\/11\/\u5fae\u4fe1\u56fe\u7247_20231113173445-scaled-800x600.jpg 800w, https:\/\/www.saituprinter.com\/wp-content\/uploads\/2023\/11\/\u5fae\u4fe1\u56fe\u7247_20231113173445-768x576.jpg 768w, https:\/\/www.saituprinter.com\/wp-content\/uploads\/2023\/11\/\u5fae\u4fe1\u56fe\u7247_20231113173445-1536x1152.jpg 1536w, https:\/\/www.saituprinter.com\/wp-content\/uploads\/2023\/11\/\u5fae\u4fe1\u56fe\u7247_20231113173445-2048x1536.jpg 2048w, https:\/\/www.saituprinter.com\/wp-content\/uploads\/2023\/11\/\u5fae\u4fe1\u56fe\u7247_20231113173445-16x12.jpg 16w\" sizes=\"(max-width: 2560px) 100vw, 2560px\" \/> <img decoding=\"async\" class=\"alignnone size-full wp-image-9267\" src=\"https:\/\/saituprinter.com\/wp-content\/uploads\/2023\/11\/\u5fae\u4fe1\u56fe\u7247_20231113173448-scaled.jpg\" alt=\"\" width=\"2560\" height=\"1920\" srcset=\"https:\/\/www.saituprinter.com\/wp-content\/uploads\/2023\/11\/\u5fae\u4fe1\u56fe\u7247_20231113173448-scaled.jpg 2560w, https:\/\/www.saituprinter.com\/wp-content\/uploads\/2023\/11\/\u5fae\u4fe1\u56fe\u7247_20231113173448-scaled-600x450.jpg 600w, https:\/\/www.saituprinter.com\/wp-content\/uploads\/2023\/11\/\u5fae\u4fe1\u56fe\u7247_20231113173448-scaled-150x113.jpg 150w, https:\/\/www.saituprinter.com\/wp-content\/uploads\/2023\/11\/\u5fae\u4fe1\u56fe\u7247_20231113173448-scaled-800x600.jpg 800w, https:\/\/www.saituprinter.com\/wp-content\/uploads\/2023\/11\/\u5fae\u4fe1\u56fe\u7247_20231113173448-768x576.jpg 768w, https:\/\/www.saituprinter.com\/wp-content\/uploads\/2023\/11\/\u5fae\u4fe1\u56fe\u7247_20231113173448-1536x1152.jpg 1536w, https:\/\/www.saituprinter.com\/wp-content\/uploads\/2023\/11\/\u5fae\u4fe1\u56fe\u7247_20231113173448-2048x1536.jpg 2048w, https:\/\/www.saituprinter.com\/wp-content\/uploads\/2023\/11\/\u5fae\u4fe1\u56fe\u7247_20231113173448-16x12.jpg 16w\" sizes=\"(max-width: 2560px) 100vw, 2560px\" \/><\/p>\n<div style=\"width: 960px;\" class=\"wp-video\"><!--[if lt IE 9]><script>document.createElement('video');<\/script><![endif]-->\n<video class=\"wp-video-shortcode\" id=\"video-8815-1\" width=\"960\" height=\"544\" preload=\"metadata\" controls=\"controls\"><source type=\"video\/mp4\" src=\"https:\/\/saituprinter.com\/wp-content\/uploads\/2023\/11\/e79a291e60a04e576483952626d523d0.mp4?_=1\" \/><a href=\"https:\/\/saituprinter.com\/wp-content\/uploads\/2023\/11\/e79a291e60a04e576483952626d523d0.mp4\">https:\/\/saituprinter.com\/wp-content\/uploads\/2023\/11\/e79a291e60a04e576483952626d523d0.mp4<\/a><\/video><\/div>","protected":false},"excerpt":{"rendered":"<p>Actualice sus capacidades de impresi\u00f3n con la placa AT: una soluci\u00f3n vers\u00e1til para todas sus necesidades de impresi\u00f3n \u00fanicas. Disfrute de una impresi\u00f3n en colores oscuros y fr\u00edos, un rendimiento estable y una protecci\u00f3n \u00f3ptima del cabezal de impresi\u00f3n con su estaci\u00f3n de tinta elevadora. Experimente un funcionamiento silencioso con el riel gu\u00eda THK y aumente la eficiencia con un motor servo integrado. Ideal para impresi\u00f3n digital, impresi\u00f3n de carpas, impresi\u00f3n de alfombras y m\u00e1s, la placa AT es la clave para llevar su negocio a nuevas alturas.<\/p>","protected":false},"featured_media":9422,"comment_status":"closed","ping_status":"closed","template":"","meta":[],"product_cat":[18,89],"product_tag":[],"class_list":["post-8815","product","type-product","status-publish","has-post-thumbnail","hentry","product_cat-sublimation-printer","product_cat-simple-paper-system-machine"],"_links":{"self":[{"href":"https:\/\/www.saituprinter.com\/es\/wp-json\/wp\/v2\/product\/8815","targetHints":{"allow":["GET"]}}],"collection":[{"href":"https:\/\/www.saituprinter.com\/es\/wp-json\/wp\/v2\/product"}],"about":[{"href":"https:\/\/www.saituprinter.com\/es\/wp-json\/wp\/v2\/types\/product"}],"replies":[{"embeddable":true,"href":"https:\/\/www.saituprinter.com\/es\/wp-json\/wp\/v2\/comments?post=8815"}],"wp:featuredmedia":[{"embeddable":true,"href":"https:\/\/www.saituprinter.com\/es\/wp-json\/wp\/v2\/media\/9422"}],"wp:attachment":[{"href":"https:\/\/www.saituprinter.com\/es\/wp-json\/wp\/v2\/media?parent=8815"}],"wp:term":[{"taxonomy":"product_cat","embeddable":true,"href":"https:\/\/www.saituprinter.com\/es\/wp-json\/wp\/v2\/product_cat?post=8815"},{"taxonomy":"product_tag","embeddable":true,"href":"https:\/\/www.saituprinter.com\/es\/wp-json\/wp\/v2\/product_tag?post=8815"}],"curies":[{"name":"wp","href":"https:\/\/api.w.org\/{rel}","templated":true}]}}