{"id":12991,"date":"2025-05-17T20:08:08","date_gmt":"2025-05-17T12:08:08","guid":{"rendered":"https:\/\/saituprinter.com\/?post_type=product&#038;p=12991"},"modified":"2025-05-17T20:08:32","modified_gmt":"2025-05-17T12:08:32","slug":"3-2m-saitu-roll-to-roll-printer","status":"publish","type":"product","link":"https:\/\/www.saituprinter.com\/es\/producto\/3-2m-saitu-roll-to-roll-printer\/","title":{"rendered":"Impresora rollo a rollo Saitu de 3,2 m"},"content":{"rendered":"<p><strong>Especificaci\u00f3n:<\/strong><\/p>\n<table>\n<tbody>\n<tr>\n<td colspan=\"2\" width=\"243\"><strong>Modo<\/strong><\/td>\n<td width=\"207\"><strong>JC3204UV<\/strong><\/td>\n<td width=\"207\"><strong>JC3206UV<\/strong><\/td>\n<\/tr>\n<tr>\n<td colspan=\"2\" width=\"243\"><strong>Cabezal de impresi\u00f3n<\/strong><\/td>\n<td colspan=\"2\" width=\"415\">ricohg5<\/td>\n<\/tr>\n<tr>\n<td colspan=\"2\" width=\"243\"><strong>Color<\/strong><\/td>\n<td width=\"207\">CMYK<\/td>\n<td width=\"207\">W CMYK V<\/td>\n<\/tr>\n<tr>\n<td colspan=\"2\" rowspan=\"3\" width=\"243\"><strong>Resoluci\u00f3n de impresi\u00f3n<\/strong><strong>\/<\/strong><strong>Velocidad<\/strong><\/td>\n<td width=\"207\">Modo de producci\u00f3n: 22\u33a1\/H<\/td>\n<td width=\"207\">Modo de producci\u00f3n: 20\u33a1\/H<\/td>\n<\/tr>\n<tr>\n<td width=\"207\">Modo de resoluci\u00f3n: 19\u33a1\/H<\/td>\n<td width=\"207\">Modo de resoluci\u00f3n: 16\u33a1\/H<\/td>\n<\/tr>\n<tr>\n<td width=\"207\">Modo de alta resoluci\u00f3n: 16\u33a1\/H<\/td>\n<td width=\"207\">Modo de alta resoluci\u00f3n: 12\u33a1\/H<\/td>\n<\/tr>\n<tr>\n<td colspan=\"2\" width=\"243\"><strong>Ancho m\u00e1ximo de impresi\u00f3n<\/strong><\/td>\n<td width=\"207\">3200 mm<\/td>\n<td width=\"207\">3200 mm<\/td>\n<\/tr>\n<tr>\n<td rowspan=\"2\" width=\"91\"><strong>Tinta<\/strong><\/td>\n<td width=\"152\"><strong>Clasificar<\/strong><\/td>\n<td colspan=\"2\" width=\"415\">tinta ultravioleta<\/td>\n<\/tr>\n<tr>\n<td width=\"152\"><strong>Capacidad<\/strong><\/td>\n<td colspan=\"2\" width=\"415\">\u00a0Sistema de suministro de tinta vac\u00edo<\/td>\n<\/tr>\n<tr>\n<td rowspan=\"3\" width=\"91\"><strong>Medios de comunicaci\u00f3n<\/strong><\/td>\n<td width=\"152\"><strong>Ancho<\/strong><\/td>\n<td colspan=\"2\" width=\"415\">3300 mm<\/td>\n<\/tr>\n<tr>\n<td width=\"152\"><strong>Espesor<\/strong><\/td>\n<td colspan=\"2\" width=\"415\">Ajustable de 1,5 mm a 8 mm<\/td>\n<\/tr>\n<tr>\n<td width=\"152\"><strong>Clasificar<\/strong><\/td>\n<td colspan=\"2\" width=\"415\">Pel\u00edcula suave, inflable, pegatina, luz negra, todo tipo de papel tapiz, etc.<\/td>\n<\/tr>\n<tr>\n<td colspan=\"2\" width=\"243\"><strong>Alta calidad de impresi\u00f3n<\/strong><\/td>\n<td colspan=\"2\" width=\"415\">tecnolog\u00eda VSD<\/td>\n<\/tr>\n<tr>\n<td colspan=\"2\" width=\"243\"><strong>Calentador de medios<\/strong><\/td>\n<td colspan=\"2\" width=\"415\">Calentador trasero (se puede controlar por separado)<\/td>\n<\/tr>\n<tr>\n<td colspan=\"2\" width=\"243\"><strong>\u00a0Dispositivo de recogida de medios<\/strong><\/td>\n<td colspan=\"2\" width=\"415\">Dispositivo de recogida de pel\u00edcula suave (opcional)<\/td>\n<\/tr>\n<tr>\n<td colspan=\"2\" width=\"243\"><\/td>\n<td colspan=\"2\" width=\"415\"><\/td>\n<\/tr>\n<tr>\n<td colspan=\"2\" width=\"243\"><strong><b>Carril de gu\u00eda<\/b><\/strong><\/td>\n<td colspan=\"2\" width=\"415\">Marca famosa: THK de Jap\u00f3n<\/td>\n<\/tr>\n<tr>\n<td colspan=\"2\" width=\"243\"><strong>Interfaz<\/strong><\/td>\n<td colspan=\"2\" width=\"415\">USB 2.0<\/td>\n<\/tr>\n<tr>\n<td colspan=\"2\" width=\"243\"><strong>\u00a0Software RIP<\/strong><\/td>\n<td colspan=\"2\" width=\"415\">Impresi\u00f3n fotogr\u00e1fica, parte superior principal<\/td>\n<\/tr>\n<tr>\n<td colspan=\"2\" width=\"243\"><strong>Voltaje<\/strong><\/td>\n<td colspan=\"2\" width=\"415\">CA 110 V \u00b1 10 %, CA 220 V \u00b1 10 %, 50\/60 \u00b1 1 Hz<\/td>\n<\/tr>\n<tr>\n<td colspan=\"2\" width=\"243\"><strong>Entornos de operaci\u00f3n<\/strong><\/td>\n<td colspan=\"2\" width=\"415\">Temperatura: 15\u2103-30\u2103, Humedad: 35%RH-65%RH<\/td>\n<\/tr>\n<tr>\n<td colspan=\"2\" width=\"243\"><strong>Fuerza<\/strong><\/td>\n<td colspan=\"2\" width=\"415\">Impresora: 4000 W; Luz ultravioleta: 2500 W<\/td>\n<\/tr>\n<tr>\n<td colspan=\"2\" width=\"243\"><strong>Dimensiones de la impresora (L*W*H)<\/strong><\/td>\n<td colspan=\"2\" width=\"415\">4690*960*1380 mil\u00edmetros<\/td>\n<\/tr>\n<tr>\n<td colspan=\"2\" width=\"243\"><strong>Dimensiones de<\/strong><strong>\u00a0Embalaje<\/strong><strong>(largo*ancho*alto)<\/strong><\/td>\n<td colspan=\"2\" width=\"415\">4880 * 1135 * 1480 mm<\/td>\n<\/tr>\n<tr>\n<td colspan=\"2\" width=\"243\"><strong>Peso neto<\/strong><\/td>\n<td colspan=\"2\" width=\"415\">700KG<\/td>\n<\/tr>\n<tr>\n<td colspan=\"2\" width=\"243\"><strong>Peso<\/strong><\/td>\n<td colspan=\"2\" width=\"415\">900KG<\/td>\n<\/tr>\n<\/tbody>\n<\/table>\n<p><strong><b>1.<\/b><\/strong><strong><b>En cuanto a la plataforma, hicimos una plataforma desmontable, que es m\u00e1s s\u00f3lida y puede adaptarse a diferentes materiales.<\/b><\/strong><\/p>\n<p><strong><b>La nueva rueda de presi\u00f3n de papel de tres grupos hace que el material sea m\u00e1s suave durante la impresi\u00f3n.<\/b><\/strong><\/p>\n<p><img fetchpriority=\"high\" decoding=\"async\" class=\"alignnone wp-image-12992\" src=\"https:\/\/saituprinter.com\/wp-content\/uploads\/2025\/05\/platform-scaled.jpg\" alt=\"\" width=\"625\" height=\"469\" srcset=\"https:\/\/www.saituprinter.com\/wp-content\/uploads\/2025\/05\/platform-scaled.jpg 2560w, https:\/\/www.saituprinter.com\/wp-content\/uploads\/2025\/05\/platform-scaled-600x450.jpg 600w, https:\/\/www.saituprinter.com\/wp-content\/uploads\/2025\/05\/platform-scaled-150x113.jpg 150w, https:\/\/www.saituprinter.com\/wp-content\/uploads\/2025\/05\/platform-scaled-800x600.jpg 800w, https:\/\/www.saituprinter.com\/wp-content\/uploads\/2025\/05\/platform-768x576.jpg 768w, https:\/\/www.saituprinter.com\/wp-content\/uploads\/2025\/05\/platform-1536x1152.jpg 1536w, https:\/\/www.saituprinter.com\/wp-content\/uploads\/2025\/05\/platform-2048x1536.jpg 2048w, https:\/\/www.saituprinter.com\/wp-content\/uploads\/2025\/05\/platform-16x12.jpg 16w\" sizes=\"(max-width: 625px) 100vw, 625px\" \/><\/p>\n<p>2. El carro est\u00e1 equipado con un dispositivo anticolisi\u00f3n, que puede detener la m\u00e1quina inmediatamente cuando el material se raya para proteger la boquilla.<\/p>\n<p>La base de la boquilla se ha engrosado, por lo que la boquilla se puede colocar directamente sobre ella para un ajuste fino, lo que facilita la instalaci\u00f3n.<\/p>\n<p><img decoding=\"async\" class=\"alignnone wp-image-12993\" src=\"https:\/\/saituprinter.com\/wp-content\/uploads\/2025\/05\/cartridge-car-scaled.jpg\" alt=\"\" width=\"320\" height=\"427\" srcset=\"https:\/\/www.saituprinter.com\/wp-content\/uploads\/2025\/05\/cartridge-car-scaled.jpg 1920w, https:\/\/www.saituprinter.com\/wp-content\/uploads\/2025\/05\/cartridge-car-scaled-600x800.jpg 600w, https:\/\/www.saituprinter.com\/wp-content\/uploads\/2025\/05\/cartridge-car-scaled-150x200.jpg 150w, https:\/\/www.saituprinter.com\/wp-content\/uploads\/2025\/05\/cartridge-car-scaled-800x1067.jpg 800w, https:\/\/www.saituprinter.com\/wp-content\/uploads\/2025\/05\/cartridge-car-768x1024.jpg 768w, https:\/\/www.saituprinter.com\/wp-content\/uploads\/2025\/05\/cartridge-car-1152x1536.jpg 1152w, https:\/\/www.saituprinter.com\/wp-content\/uploads\/2025\/05\/cartridge-car-1536x2048.jpg 1536w, https:\/\/www.saituprinter.com\/wp-content\/uploads\/2025\/05\/cartridge-car-9x12.jpg 9w\" sizes=\"(max-width: 320px) 100vw, 320px\" \/> <img decoding=\"async\" class=\"alignnone wp-image-12986\" src=\"https:\/\/saituprinter.com\/wp-content\/uploads\/2025\/05\/ink-station-scaled.jpg\" alt=\"\" width=\"568\" height=\"426\" srcset=\"https:\/\/www.saituprinter.com\/wp-content\/uploads\/2025\/05\/ink-station-scaled.jpg 2560w, https:\/\/www.saituprinter.com\/wp-content\/uploads\/2025\/05\/ink-station-scaled-600x450.jpg 600w, https:\/\/www.saituprinter.com\/wp-content\/uploads\/2025\/05\/ink-station-scaled-150x113.jpg 150w, https:\/\/www.saituprinter.com\/wp-content\/uploads\/2025\/05\/ink-station-scaled-800x600.jpg 800w, https:\/\/www.saituprinter.com\/wp-content\/uploads\/2025\/05\/ink-station-768x576.jpg 768w, https:\/\/www.saituprinter.com\/wp-content\/uploads\/2025\/05\/ink-station-1536x1152.jpg 1536w, https:\/\/www.saituprinter.com\/wp-content\/uploads\/2025\/05\/ink-station-2048x1536.jpg 2048w, https:\/\/www.saituprinter.com\/wp-content\/uploads\/2025\/05\/ink-station-16x12.jpg 16w\" sizes=\"(max-width: 568px) 100vw, 568px\" \/><\/p>\n<p><strong><b>3.<\/b><\/strong>Los rieles gu\u00eda dobles THK importados de Jap\u00f3n funcionan de manera m\u00e1s silenciosa y suave, lo que hace que la impresi\u00f3n sea m\u00e1s precisa.<\/p>\n<p><img loading=\"lazy\" decoding=\"async\" class=\"alignnone wp-image-12995\" src=\"https:\/\/saituprinter.com\/wp-content\/uploads\/2025\/05\/\u5fae\u4fe1\u56fe\u7247_20250121113226-scaled.jpg\" alt=\"\" width=\"473\" height=\"355\" srcset=\"https:\/\/www.saituprinter.com\/wp-content\/uploads\/2025\/05\/\u5fae\u4fe1\u56fe\u7247_20250121113226-scaled.jpg 2560w, https:\/\/www.saituprinter.com\/wp-content\/uploads\/2025\/05\/\u5fae\u4fe1\u56fe\u7247_20250121113226-scaled-600x450.jpg 600w, https:\/\/www.saituprinter.com\/wp-content\/uploads\/2025\/05\/\u5fae\u4fe1\u56fe\u7247_20250121113226-scaled-150x113.jpg 150w, https:\/\/www.saituprinter.com\/wp-content\/uploads\/2025\/05\/\u5fae\u4fe1\u56fe\u7247_20250121113226-scaled-800x600.jpg 800w, https:\/\/www.saituprinter.com\/wp-content\/uploads\/2025\/05\/\u5fae\u4fe1\u56fe\u7247_20250121113226-768x576.jpg 768w, https:\/\/www.saituprinter.com\/wp-content\/uploads\/2025\/05\/\u5fae\u4fe1\u56fe\u7247_20250121113226-1536x1152.jpg 1536w, https:\/\/www.saituprinter.com\/wp-content\/uploads\/2025\/05\/\u5fae\u4fe1\u56fe\u7247_20250121113226-2048x1536.jpg 2048w, https:\/\/www.saituprinter.com\/wp-content\/uploads\/2025\/05\/\u5fae\u4fe1\u56fe\u7247_20250121113226-16x12.jpg 16w\" sizes=\"(max-width: 473px) 100vw, 473px\" \/><\/p>\n<p><strong><b>4.<\/b><\/strong><strong><b>Sistema autom\u00e1tico de alarma de tinta<\/b><\/strong><\/p>\n<p>Tinta: CMYK\/CMYK+W\/W+ CMYK+ V<\/p>\n<p><strong><b> <img loading=\"lazy\" decoding=\"async\" class=\"alignnone size-full wp-image-12996\" src=\"https:\/\/saituprinter.com\/wp-content\/uploads\/2025\/05\/bc04f86383b8aad1906fb5675dacdbe.png\" alt=\"\" width=\"276\" height=\"262\" srcset=\"https:\/\/www.saituprinter.com\/wp-content\/uploads\/2025\/05\/bc04f86383b8aad1906fb5675dacdbe.png 276w, https:\/\/www.saituprinter.com\/wp-content\/uploads\/2025\/05\/bc04f86383b8aad1906fb5675dacdbe-150x142.png 150w, https:\/\/www.saituprinter.com\/wp-content\/uploads\/2025\/05\/bc04f86383b8aad1906fb5675dacdbe-13x12.png 13w\" sizes=\"(max-width: 276px) 100vw, 276px\" \/><\/b><\/strong><\/p>\n<p><strong><b>5.<\/b><\/strong><strong><b>Sistema de recolecci\u00f3n de papel: Rodillo de goma de elevaci\u00f3n neum\u00e1tica, los materiales de impresi\u00f3n son m\u00e1s suaves, la precisi\u00f3n de impresi\u00f3n es mayor, equipado con un recolector de papel de pel\u00edcula suave<\/b><\/strong><\/p>\n<p>&nbsp;<\/p>\n<p><strong><b>6.<\/b><\/strong><strong><b>Sistema de alimentaci\u00f3n de papel<\/b><\/strong><\/p>\n<p><img loading=\"lazy\" decoding=\"async\" class=\"alignnone size-full wp-image-12997\" src=\"https:\/\/saituprinter.com\/wp-content\/uploads\/2025\/05\/038b1371f0b9e940693610ac5ff1225.png\" alt=\"\" width=\"329\" height=\"249\" srcset=\"https:\/\/www.saituprinter.com\/wp-content\/uploads\/2025\/05\/038b1371f0b9e940693610ac5ff1225.png 329w, https:\/\/www.saituprinter.com\/wp-content\/uploads\/2025\/05\/038b1371f0b9e940693610ac5ff1225-150x114.png 150w, https:\/\/www.saituprinter.com\/wp-content\/uploads\/2025\/05\/038b1371f0b9e940693610ac5ff1225-280x212.png 280w, https:\/\/www.saituprinter.com\/wp-content\/uploads\/2025\/05\/038b1371f0b9e940693610ac5ff1225-16x12.png 16w\" sizes=\"(max-width: 329px) 100vw, 329px\" \/> <img loading=\"lazy\" decoding=\"async\" class=\"alignnone size-medium wp-image-12998\" src=\"https:\/\/saituprinter.com\/wp-content\/uploads\/2025\/05\/d37334d12b87ec73d15abde8bc828ee.png\" alt=\"\" width=\"234\" height=\"242\" srcset=\"https:\/\/www.saituprinter.com\/wp-content\/uploads\/2025\/05\/d37334d12b87ec73d15abde8bc828ee.png 234w, https:\/\/www.saituprinter.com\/wp-content\/uploads\/2025\/05\/d37334d12b87ec73d15abde8bc828ee-150x155.png 150w, https:\/\/www.saituprinter.com\/wp-content\/uploads\/2025\/05\/d37334d12b87ec73d15abde8bc828ee-12x12.png 12w\" sizes=\"(max-width: 234px) 100vw, 234px\" \/><\/p>\n<p><strong><b><img loading=\"lazy\" decoding=\"async\" class=\"alignnone size-full wp-image-12999\" src=\"https:\/\/saituprinter.com\/wp-content\/uploads\/2025\/05\/\u5fae\u4fe1\u56fe\u7247_20231121151257.jpg\" alt=\"\" width=\"1920\" height=\"928\" srcset=\"https:\/\/www.saituprinter.com\/wp-content\/uploads\/2025\/05\/\u5fae\u4fe1\u56fe\u7247_20231121151257.jpg 1920w, https:\/\/www.saituprinter.com\/wp-content\/uploads\/2025\/05\/\u5fae\u4fe1\u56fe\u7247_20231121151257-600x290.jpg 600w, https:\/\/www.saituprinter.com\/wp-content\/uploads\/2025\/05\/\u5fae\u4fe1\u56fe\u7247_20231121151257-150x73.jpg 150w, https:\/\/www.saituprinter.com\/wp-content\/uploads\/2025\/05\/\u5fae\u4fe1\u56fe\u7247_20231121151257-800x387.jpg 800w, https:\/\/www.saituprinter.com\/wp-content\/uploads\/2025\/05\/\u5fae\u4fe1\u56fe\u7247_20231121151257-768x371.jpg 768w, https:\/\/www.saituprinter.com\/wp-content\/uploads\/2025\/05\/\u5fae\u4fe1\u56fe\u7247_20231121151257-1536x742.jpg 1536w, https:\/\/www.saituprinter.com\/wp-content\/uploads\/2025\/05\/\u5fae\u4fe1\u56fe\u7247_20231121151257-18x9.jpg 18w\" sizes=\"(max-width: 1920px) 100vw, 1920px\" \/> <img loading=\"lazy\" decoding=\"async\" class=\"alignnone size-medium wp-image-13000\" src=\"https:\/\/saituprinter.com\/wp-content\/uploads\/2025\/05\/\u5fae\u4fe1\u56fe\u7247_20231121151253.jpg\" alt=\"\" width=\"1920\" height=\"960\" srcset=\"https:\/\/www.saituprinter.com\/wp-content\/uploads\/2025\/05\/\u5fae\u4fe1\u56fe\u7247_20231121151253.jpg 1920w, https:\/\/www.saituprinter.com\/wp-content\/uploads\/2025\/05\/\u5fae\u4fe1\u56fe\u7247_20231121151253-600x300.jpg 600w, https:\/\/www.saituprinter.com\/wp-content\/uploads\/2025\/05\/\u5fae\u4fe1\u56fe\u7247_20231121151253-150x75.jpg 150w, https:\/\/www.saituprinter.com\/wp-content\/uploads\/2025\/05\/\u5fae\u4fe1\u56fe\u7247_20231121151253-800x400.jpg 800w, https:\/\/www.saituprinter.com\/wp-content\/uploads\/2025\/05\/\u5fae\u4fe1\u56fe\u7247_20231121151253-768x384.jpg 768w, https:\/\/www.saituprinter.com\/wp-content\/uploads\/2025\/05\/\u5fae\u4fe1\u56fe\u7247_20231121151253-1536x768.jpg 1536w, https:\/\/www.saituprinter.com\/wp-content\/uploads\/2025\/05\/\u5fae\u4fe1\u56fe\u7247_20231121151253-18x9.jpg 18w\" sizes=\"(max-width: 1920px) 100vw, 1920px\" \/><\/b><\/strong><\/p>\n<div style=\"width: 720px;\" class=\"wp-video\"><!--[if lt IE 9]><script>document.createElement('video');<\/script><![endif]-->\n<video class=\"wp-video-shortcode\" id=\"video-12991-1\" width=\"720\" height=\"1280\" preload=\"metadata\" controls=\"controls\"><source type=\"video\/mp4\" src=\"https:\/\/saituprinter.com\/wp-content\/uploads\/2025\/05\/49a374cc9a56e4e242beb3090ff28e54.mp4?_=1\" \/><a href=\"https:\/\/saituprinter.com\/wp-content\/uploads\/2025\/05\/49a374cc9a56e4e242beb3090ff28e54.mp4\">https:\/\/saituprinter.com\/wp-content\/uploads\/2025\/05\/49a374cc9a56e4e242beb3090ff28e54.mp4<\/a><\/video><\/div>","protected":false},"excerpt":{"rendered":"<p>Specification: Mode JC3204UV JC3206UV Print Head Ricoh G5 Color CMYK W CMYK V Print Resolution\/Speed Produce Mode:22\u33a1\/H Produce Mode:20\u33a1\/H Resolution<\/p>","protected":false},"featured_media":13004,"comment_status":"closed","ping_status":"closed","template":"","meta":[],"product_brand":[],"product_cat":[95,19],"product_tag":[],"class_list":{"0":"post-12991","1":"product","2":"type-product","3":"status-publish","4":"has-post-thumbnail","6":"product_cat-roll-to-roll-printer","7":"product_cat-uv-printer","9":"first","10":"instock","11":"shipping-taxable","12":"product-type-simple"},"_links":{"self":[{"href":"https:\/\/www.saituprinter.com\/es\/wp-json\/wp\/v2\/product\/12991","targetHints":{"allow":["GET"]}}],"collection":[{"href":"https:\/\/www.saituprinter.com\/es\/wp-json\/wp\/v2\/product"}],"about":[{"href":"https:\/\/www.saituprinter.com\/es\/wp-json\/wp\/v2\/types\/product"}],"replies":[{"embeddable":true,"href":"https:\/\/www.saituprinter.com\/es\/wp-json\/wp\/v2\/comments?post=12991"}],"wp:featuredmedia":[{"embeddable":true,"href":"https:\/\/www.saituprinter.com\/es\/wp-json\/wp\/v2\/media\/13004"}],"wp:attachment":[{"href":"https:\/\/www.saituprinter.com\/es\/wp-json\/wp\/v2\/media?parent=12991"}],"wp:term":[{"taxonomy":"product_brand","embeddable":true,"href":"https:\/\/www.saituprinter.com\/es\/wp-json\/wp\/v2\/product_brand?post=12991"},{"taxonomy":"product_cat","embeddable":true,"href":"https:\/\/www.saituprinter.com\/es\/wp-json\/wp\/v2\/product_cat?post=12991"},{"taxonomy":"product_tag","embeddable":true,"href":"https:\/\/www.saituprinter.com\/es\/wp-json\/wp\/v2\/product_tag?post=12991"}],"curies":[{"name":"wp","href":"https:\/\/api.w.org\/{rel}","templated":true}]}}