{"id":12634,"date":"2025-02-15T20:28:18","date_gmt":"2025-02-15T12:28:18","guid":{"rendered":"https:\/\/saituprinter.com\/?post_type=product&#038;p=12634"},"modified":"2025-06-19T20:41:19","modified_gmt":"2025-06-19T12:41:19","slug":"dtf-5head-printerjc0705","status":"publish","type":"product","link":"https:\/\/www.saituprinter.com\/es\/producto\/dtf-5head-printerjc0705\/","title":{"rendered":"Impresora Saitu DTF de 60 cm y 5 cabezales: JC0705"},"content":{"rendered":"<p><img fetchpriority=\"high\" decoding=\"async\" class=\"alignnone size-full wp-image-13017\" src=\"https:\/\/saituprinter.com\/wp-content\/uploads\/2025\/02\/\u5fae\u4fe1\u56fe\u7247_20240704163039.jpg\" alt=\"\" width=\"1000\" height=\"1000\" srcset=\"https:\/\/www.saituprinter.com\/wp-content\/uploads\/2025\/02\/\u5fae\u4fe1\u56fe\u7247_20240704163039.jpg 1000w, https:\/\/www.saituprinter.com\/wp-content\/uploads\/2025\/02\/\u5fae\u4fe1\u56fe\u7247_20240704163039-600x600.jpg 600w, https:\/\/www.saituprinter.com\/wp-content\/uploads\/2025\/02\/\u5fae\u4fe1\u56fe\u7247_20240704163039-150x150.jpg 150w, https:\/\/www.saituprinter.com\/wp-content\/uploads\/2025\/02\/\u5fae\u4fe1\u56fe\u7247_20240704163039-800x800.jpg 800w, https:\/\/www.saituprinter.com\/wp-content\/uploads\/2025\/02\/\u5fae\u4fe1\u56fe\u7247_20240704163039-768x768.jpg 768w, https:\/\/www.saituprinter.com\/wp-content\/uploads\/2025\/02\/\u5fae\u4fe1\u56fe\u7247_20240704163039-12x12.jpg 12w\" sizes=\"(max-width: 1000px) 100vw, 1000px\" \/><\/p>\n<p>&nbsp;<\/p>\n<p>PAR\u00c1METRO<\/p>\n<table>\n<tbody>\n<tr>\n<td colspan=\"2\" width=\"179\">Modelo<\/td>\n<td colspan=\"2\" width=\"420\">JC0705<\/td>\n<\/tr>\n<tr>\n<td colspan=\"2\" width=\"179\">cabezal de impresi\u00f3n<\/td>\n<td colspan=\"2\" width=\"420\">5 cabezales de impresi\u00f3n i3200<\/td>\n<\/tr>\n<tr>\n<td rowspan=\"3\" width=\"87\">Resoluci\u00f3n de impresi\u00f3n\/Velocidad<\/td>\n<td width=\"91\">Modo de producto<\/td>\n<td colspan=\"2\" width=\"420\">36\u33a1\/H<\/td>\n<\/tr>\n<tr>\n<td width=\"91\">Modo de resoluci\u00f3n<\/td>\n<td colspan=\"2\" width=\"420\">30\u33a1\/H<\/td>\n<\/tr>\n<tr>\n<td width=\"91\">Modo de alta resoluci\u00f3n<\/td>\n<td colspan=\"2\" width=\"420\">26\u33a1\/H<\/td>\n<\/tr>\n<tr>\n<td rowspan=\"2\" width=\"87\">Tinta<\/td>\n<td width=\"91\">clasificaci\u00f3n de tinta<\/td>\n<td colspan=\"2\" width=\"420\">Tinta pigmentada DTF<\/td>\n<\/tr>\n<tr>\n<td width=\"91\">Modo de suministro de tinta<\/td>\n<td colspan=\"2\" width=\"420\">Sistema de suministro de tinta vac\u00edo<\/td>\n<\/tr>\n<tr>\n<td rowspan=\"4\" width=\"87\">Medios de comunicaci\u00f3n<\/td>\n<td width=\"91\">Ancho<\/td>\n<td colspan=\"2\" width=\"420\">600 mm<\/td>\n<\/tr>\n<tr>\n<td width=\"91\">Espesor<\/td>\n<td colspan=\"2\" width=\"420\">1,5-8mm<\/td>\n<\/tr>\n<tr>\n<td width=\"91\">peso m\u00e1ximo<\/td>\n<td colspan=\"2\" width=\"420\">75 kg<\/td>\n<\/tr>\n<tr>\n<td width=\"91\">Clasificar<\/td>\n<td colspan=\"2\" width=\"420\">Materiales de pintura en caliente, pintura en caliente para ropa, material de impresi\u00f3n offset, pel\u00edcula grabada, bolsa de lona, sombrero.<\/td>\n<\/tr>\n<tr>\n<td colspan=\"2\" width=\"179\">Alta resoluci\u00f3n<\/td>\n<td colspan=\"2\" width=\"420\">tecnolog\u00eda VSD<\/td>\n<\/tr>\n<tr>\n<td colspan=\"2\" width=\"179\">Calentador de medios<\/td>\n<td colspan=\"2\" width=\"420\">Calefacci\u00f3n delantera\/trasera (se puede controlar por separado)<\/td>\n<\/tr>\n<tr>\n<td colspan=\"2\" width=\"179\">sistema de recogida<\/td>\n<td width=\"222\">Sistema de recogida sencillo<\/td>\n<td width=\"197\">Sistema de recogida pesada<\/td>\n<\/tr>\n<tr>\n<td colspan=\"2\" width=\"179\">Carril de gu\u00eda<\/td>\n<td colspan=\"2\" width=\"420\">THK de Jap\u00f3n<\/td>\n<\/tr>\n<tr>\n<td colspan=\"2\" width=\"179\">Interfaz<\/td>\n<td colspan=\"2\" width=\"420\">1000Mbps<\/td>\n<\/tr>\n<tr>\n<td colspan=\"2\" width=\"179\">software de procesamiento de archivos<\/td>\n<td colspan=\"2\" width=\"420\">Palo mayor<\/td>\n<\/tr>\n<tr>\n<td colspan=\"2\" width=\"179\">Voltaje<\/td>\n<td colspan=\"2\" width=\"420\">CA 220 V \u00b1 101 TP3T, 50\/60 \u00b1 1 Hz<\/td>\n<\/tr>\n<tr>\n<td colspan=\"2\" width=\"179\">Entornos de operaci\u00f3n<\/td>\n<td colspan=\"2\" width=\"420\">Temperatura: 15 \u2103 -30 \u2103, Humedad: 35%RH-65%RH<\/td>\n<\/tr>\n<tr>\n<td colspan=\"2\" width=\"179\">Potencia de la impresora<\/td>\n<td colspan=\"2\" width=\"420\">2500W<\/td>\n<\/tr>\n<tr>\n<td colspan=\"2\" width=\"179\">Potencia del horno<\/td>\n<td colspan=\"2\" width=\"420\">6000W<\/td>\n<\/tr>\n<tr>\n<td colspan=\"2\" width=\"179\">Dimensiones de la impresora (LWH)<\/td>\n<td colspan=\"2\" width=\"420\">Impresora: 1933 x 850 x 1600 mm; Horno: 2700 x 990 x 1000 mm<\/td>\n<\/tr>\n<tr>\n<td colspan=\"2\" width=\"179\">Dimensiones del embalaje (LWH)<\/td>\n<td colspan=\"2\" width=\"420\">Impresora: 2090 x 830 x 820 mm; Horno: 2280 x 1140 x 1160 mm<\/td>\n<\/tr>\n<tr>\n<td colspan=\"2\" width=\"179\">Peso neto<\/td>\n<td colspan=\"2\" width=\"420\">Impresora: 150 kg; Horno: 272 kg<\/td>\n<\/tr>\n<tr>\n<td colspan=\"2\" width=\"179\">Peso bruto<\/td>\n<td colspan=\"2\" width=\"420\">Impresora: 220 kg; Horno: 360 kg<\/td>\n<\/tr>\n<\/tbody>\n<\/table>\n<p>&nbsp;<\/p>\n<p><img decoding=\"async\" class=\"alignnone wp-image-12651\" src=\"https:\/\/saituprinter.com\/wp-content\/uploads\/2025\/02\/\u5fae\u4fe1\u56fe\u7247_20240617103706.jpg\" alt=\"\" width=\"278\" height=\"208\" srcset=\"https:\/\/www.saituprinter.com\/wp-content\/uploads\/2025\/02\/\u5fae\u4fe1\u56fe\u7247_20240617103706.jpg 1000w, https:\/\/www.saituprinter.com\/wp-content\/uploads\/2025\/02\/\u5fae\u4fe1\u56fe\u7247_20240617103706-600x450.jpg 600w, https:\/\/www.saituprinter.com\/wp-content\/uploads\/2025\/02\/\u5fae\u4fe1\u56fe\u7247_20240617103706-150x113.jpg 150w, https:\/\/www.saituprinter.com\/wp-content\/uploads\/2025\/02\/\u5fae\u4fe1\u56fe\u7247_20240617103706-800x600.jpg 800w, https:\/\/www.saituprinter.com\/wp-content\/uploads\/2025\/02\/\u5fae\u4fe1\u56fe\u7247_20240617103706-768x576.jpg 768w\" sizes=\"(max-width: 278px) 100vw, 278px\" \/> <img decoding=\"async\" class=\"alignnone wp-image-12663\" src=\"https:\/\/saituprinter.com\/wp-content\/uploads\/2025\/02\/\u5fae\u4fe1\u56fe\u7247_20240617103753.jpg\" alt=\"\" width=\"161\" height=\"215\" srcset=\"https:\/\/www.saituprinter.com\/wp-content\/uploads\/2025\/02\/\u5fae\u4fe1\u56fe\u7247_20240617103753.jpg 750w, https:\/\/www.saituprinter.com\/wp-content\/uploads\/2025\/02\/\u5fae\u4fe1\u56fe\u7247_20240617103753-600x800.jpg 600w, https:\/\/www.saituprinter.com\/wp-content\/uploads\/2025\/02\/\u5fae\u4fe1\u56fe\u7247_20240617103753-150x200.jpg 150w\" sizes=\"(max-width: 161px) 100vw, 161px\" \/> <img loading=\"lazy\" decoding=\"async\" class=\"alignnone wp-image-12667\" src=\"https:\/\/saituprinter.com\/wp-content\/uploads\/2025\/02\/\u5fae\u4fe1\u56fe\u7247_20240617103803.jpg\" alt=\"\" width=\"289\" height=\"217\" srcset=\"https:\/\/www.saituprinter.com\/wp-content\/uploads\/2025\/02\/\u5fae\u4fe1\u56fe\u7247_20240617103803.jpg 1000w, https:\/\/www.saituprinter.com\/wp-content\/uploads\/2025\/02\/\u5fae\u4fe1\u56fe\u7247_20240617103803-600x450.jpg 600w, https:\/\/www.saituprinter.com\/wp-content\/uploads\/2025\/02\/\u5fae\u4fe1\u56fe\u7247_20240617103803-150x113.jpg 150w, https:\/\/www.saituprinter.com\/wp-content\/uploads\/2025\/02\/\u5fae\u4fe1\u56fe\u7247_20240617103803-800x600.jpg 800w, https:\/\/www.saituprinter.com\/wp-content\/uploads\/2025\/02\/\u5fae\u4fe1\u56fe\u7247_20240617103803-768x576.jpg 768w\" sizes=\"(max-width: 289px) 100vw, 289px\" \/><\/p>\n<p>&nbsp;<\/p>\n<p><img loading=\"lazy\" decoding=\"async\" class=\"alignnone wp-image-12683\" src=\"https:\/\/saituprinter.com\/wp-content\/uploads\/2025\/02\/\u5fae\u4fe1\u56fe\u7247_20250215202545-scaled.jpg\" alt=\"\" width=\"452\" height=\"339\" srcset=\"https:\/\/www.saituprinter.com\/wp-content\/uploads\/2025\/02\/\u5fae\u4fe1\u56fe\u7247_20250215202545-scaled.jpg 2560w, https:\/\/www.saituprinter.com\/wp-content\/uploads\/2025\/02\/\u5fae\u4fe1\u56fe\u7247_20250215202545-scaled-600x450.jpg 600w, https:\/\/www.saituprinter.com\/wp-content\/uploads\/2025\/02\/\u5fae\u4fe1\u56fe\u7247_20250215202545-scaled-150x113.jpg 150w, https:\/\/www.saituprinter.com\/wp-content\/uploads\/2025\/02\/\u5fae\u4fe1\u56fe\u7247_20250215202545-scaled-800x600.jpg 800w, https:\/\/www.saituprinter.com\/wp-content\/uploads\/2025\/02\/\u5fae\u4fe1\u56fe\u7247_20250215202545-768x576.jpg 768w, https:\/\/www.saituprinter.com\/wp-content\/uploads\/2025\/02\/\u5fae\u4fe1\u56fe\u7247_20250215202545-1536x1152.jpg 1536w, https:\/\/www.saituprinter.com\/wp-content\/uploads\/2025\/02\/\u5fae\u4fe1\u56fe\u7247_20250215202545-2048x1536.jpg 2048w\" sizes=\"(max-width: 452px) 100vw, 452px\" \/><\/p>\n<p>&nbsp;<\/p>","protected":false},"excerpt":{"rendered":"<p>Impresora DTF de 60 cm y horno y agitador<\/p>\n<p>N\u00famero de cabeza: 5 cabezas<\/p>\n<p>Tama\u00f1o m\u00e1ximo de impresi\u00f3n: 60 cm<\/p>\n<p>Velocidad: 26-36 m\u00b2\/h<\/p>","protected":false},"featured_media":13094,"comment_status":"closed","ping_status":"closed","template":"","meta":[],"product_cat":[20],"product_tag":[],"class_list":["post-12634","product","type-product","status-publish","has-post-thumbnail","hentry","product_cat-dtf-printer"],"_links":{"self":[{"href":"https:\/\/www.saituprinter.com\/es\/wp-json\/wp\/v2\/product\/12634","targetHints":{"allow":["GET"]}}],"collection":[{"href":"https:\/\/www.saituprinter.com\/es\/wp-json\/wp\/v2\/product"}],"about":[{"href":"https:\/\/www.saituprinter.com\/es\/wp-json\/wp\/v2\/types\/product"}],"replies":[{"embeddable":true,"href":"https:\/\/www.saituprinter.com\/es\/wp-json\/wp\/v2\/comments?post=12634"}],"wp:featuredmedia":[{"embeddable":true,"href":"https:\/\/www.saituprinter.com\/es\/wp-json\/wp\/v2\/media\/13094"}],"wp:attachment":[{"href":"https:\/\/www.saituprinter.com\/es\/wp-json\/wp\/v2\/media?parent=12634"}],"wp:term":[{"taxonomy":"product_cat","embeddable":true,"href":"https:\/\/www.saituprinter.com\/es\/wp-json\/wp\/v2\/product_cat?post=12634"},{"taxonomy":"product_tag","embeddable":true,"href":"https:\/\/www.saituprinter.com\/es\/wp-json\/wp\/v2\/product_tag?post=12634"}],"curies":[{"name":"wp","href":"https:\/\/api.w.org\/{rel}","templated":true}]}}