{"id":12010,"date":"2024-08-02T11:48:15","date_gmt":"2024-08-02T03:48:15","guid":{"rendered":"https:\/\/saituprinter.com\/?post_type=product&#038;p=12010"},"modified":"2025-10-13T13:40:42","modified_gmt":"2025-10-13T05:40:42","slug":"saitu-700mm-1300mm-sublimation-printer-for-polyester-ribbons","status":"publish","type":"product","link":"https:\/\/www.saituprinter.com\/es\/producto\/saitu-700mm-1300mm-sublimation-printer-for-polyester-ribbons\/","title":{"rendered":"Impresora de sublimaci\u00f3n de 1300 mm JC1302\/1304"},"content":{"rendered":"<p>Impresora de sublimaci\u00f3n SAITU de 1300 mm para cintas de poli\u00e9ster<\/p>\n<p>&nbsp;<\/p>\n<p>En el competitivo mercado actual, destacar con una marca \u00fanica se ha vuelto m\u00e1s crucial que nunca. La impresora de sublimaci\u00f3n SAITU de 700 mm\/1300 mm para cintas de poli\u00e9ster ofrece una soluci\u00f3n innovadora que permite a empresas y creativos realzar sus productos con dise\u00f1os personalizados, sin las limitaciones de los m\u00e9todos de impresi\u00f3n tradicionales.<\/p>\n<p><img fetchpriority=\"high\" decoding=\"async\" class=\"alignnone wp-image-12962\" src=\"https:\/\/saituprinter.com\/wp-content\/uploads\/2024\/08\/11.jpg\" alt=\"\" width=\"594\" height=\"594\" srcset=\"https:\/\/www.saituprinter.com\/wp-content\/uploads\/2024\/08\/11.jpg 800w, https:\/\/www.saituprinter.com\/wp-content\/uploads\/2024\/08\/11-600x600.jpg 600w, https:\/\/www.saituprinter.com\/wp-content\/uploads\/2024\/08\/11-150x150.jpg 150w, https:\/\/www.saituprinter.com\/wp-content\/uploads\/2024\/08\/11-768x768.jpg 768w, https:\/\/www.saituprinter.com\/wp-content\/uploads\/2024\/08\/11-12x12.jpg 12w\" sizes=\"(max-width: 594px) 100vw, 594px\" \/><\/p>\n<p>PAR\u00c1METRO DEL PRODUCTO:<\/p>\n<table>\n<tbody>\n<tr>\n<td colspan=\"2\" width=\"203\">Modelo<\/td>\n<td width=\"205\">JC1302<\/td>\n<td width=\"163\">JC1304<\/td>\n<\/tr>\n<tr>\n<td colspan=\"2\" width=\"203\">cabezal de impresi\u00f3n<\/td>\n<td width=\"205\">2 cabezales de impresi\u00f3n Epson i3200<\/td>\n<td width=\"163\">4 cabezales de impresi\u00f3n Epson i3200<\/td>\n<\/tr>\n<tr>\n<td colspan=\"2\" width=\"203\">Ancho m\u00e1ximo de impresi\u00f3n<\/td>\n<td colspan=\"2\" width=\"368\">1180cm<\/td>\n<\/tr>\n<tr>\n<td colspan=\"2\" width=\"203\">\u00a0Modo de producto<\/td>\n<td width=\"205\">35\u33a1\/H<\/td>\n<td width=\"163\">59\u33a1\/H<\/td>\n<\/tr>\n<tr>\n<td colspan=\"2\" width=\"203\">\u00a0Modo de resoluci\u00f3n<\/td>\n<td width=\"205\">29\u33a1\/H<\/td>\n<td width=\"163\">53\u33a1\/H<\/td>\n<\/tr>\n<tr>\n<td colspan=\"2\" width=\"203\">\u9ad8\u7cbe\u5ea6\u6a21\u5f0f\/ Modo de alta resoluci\u00f3n<\/td>\n<td width=\"205\">25\u33a1\/H<\/td>\n<td width=\"163\">45\u33a1\/H<\/td>\n<\/tr>\n<tr>\n<td rowspan=\"2\" width=\"73\">Tinta<\/td>\n<td width=\"129\">Clasificar<\/td>\n<td colspan=\"2\" width=\"368\">tinta de sublimaci\u00f3n<\/td>\n<\/tr>\n<tr>\n<td width=\"129\">Capacidad<\/td>\n<td colspan=\"2\" width=\"368\">\u00a0Sistema de suministro de tinta vac\u00edo de 1,5 l.<\/td>\n<\/tr>\n<tr>\n<td rowspan=\"4\" width=\"73\">Medios de comunicaci\u00f3n<\/td>\n<td width=\"129\">\u00a0Ancho<\/td>\n<td colspan=\"2\" width=\"368\">1200 mm<\/td>\n<\/tr>\n<tr>\n<td width=\"129\">\u00a0Espesor<\/td>\n<td colspan=\"2\" width=\"368\">Cabezal de impresi\u00f3n ajustable de 1,5 mm a 8 mm.<\/td>\n<\/tr>\n<tr>\n<td width=\"129\">\u00a0Peso del material<\/td>\n<td colspan=\"2\" width=\"368\">30KG<\/td>\n<\/tr>\n<tr>\n<td width=\"129\">Clasificar<\/td>\n<td colspan=\"2\" width=\"368\">\u00a0papel de sublimaci\u00f3n<\/td>\n<\/tr>\n<tr>\n<td colspan=\"2\" width=\"203\">Alta calidad de impresi\u00f3n<\/td>\n<td colspan=\"2\" width=\"368\">\u00a0tecnolog\u00eda VSD<\/td>\n<\/tr>\n<tr>\n<td colspan=\"2\" width=\"203\">\u00a0Calentador de medios<\/td>\n<td colspan=\"2\" width=\"368\">calefacci\u00f3n trasera<\/td>\n<\/tr>\n<tr>\n<td colspan=\"2\" width=\"203\"><\/td>\n<td colspan=\"2\" width=\"368\"><\/td>\n<\/tr>\n<tr>\n<td colspan=\"2\" width=\"203\">\u00a0Sistema de secado<\/td>\n<td colspan=\"2\" width=\"368\">\u00a0Sistema de secado por rayos infrarrojos.<\/td>\n<\/tr>\n<tr>\n<td colspan=\"2\" width=\"203\">\u00a0Carril de gu\u00eda<\/td>\n<td colspan=\"2\" width=\"368\">THK de Jap\u00f3n<\/td>\n<\/tr>\n<tr>\n<td colspan=\"2\" width=\"203\">Interfaz<\/td>\n<td colspan=\"2\" width=\"368\">1000 Mbit\/s<\/td>\n<\/tr>\n<tr>\n<td colspan=\"2\" width=\"203\">\u00a0software de procesamiento de archivos<\/td>\n<td colspan=\"2\" width=\"368\">Impresi\u00f3n principal o fotogr\u00e1fica (opcional)<\/td>\n<\/tr>\n<tr>\n<td colspan=\"2\" width=\"203\">\u00a0Voltaje<\/td>\n<td colspan=\"2\" width=\"368\">CA 110 V \u00b1 10%, CA 220 V \u00b1 10%, 50\/60 \u00b1 1 Hz<\/td>\n<\/tr>\n<tr>\n<td colspan=\"2\" width=\"203\">\u00a0Entornos de operaci\u00f3n<\/td>\n<td colspan=\"2\" width=\"368\">Temperatura: 15 \u2103 -30 \u2103, Humedad: 35%RH-65%RH<\/td>\n<\/tr>\n<tr>\n<td colspan=\"2\" width=\"203\">\u00a0Fuerza<\/td>\n<td width=\"205\">2000W<\/td>\n<td width=\"163\">4000W<\/td>\n<\/tr>\n<tr>\n<td colspan=\"2\" width=\"203\">Dimensiones de la impresora (LWH)<\/td>\n<td colspan=\"2\" width=\"368\">2595*850*1338mm<\/td>\n<\/tr>\n<tr>\n<td colspan=\"2\" width=\"203\">Dimensiones del embalaje (LWH)<\/td>\n<td colspan=\"2\" width=\"368\">2730*760*750mm<\/td>\n<\/tr>\n<\/tbody>\n<\/table>\n<p>&nbsp;<\/p>\n<p>El poder de la impresi\u00f3n por sublimaci\u00f3n para cintas de poli\u00e9ster:<br \/>\nLa impresi\u00f3n por sublimaci\u00f3n es una t\u00e9cnica revolucionaria que supera las limitaciones de la impresi\u00f3n tradicional por inyecci\u00f3n de tinta o serigraf\u00eda. Funciona infundiendo tintes directamente en las fibras de los tejidos de poli\u00e9ster mediante calor y presi\u00f3n. La impresora SAITU utiliza esta tecnolog\u00eda para imprimir dise\u00f1os intrincados en papel de sublimaci\u00f3n, que posteriormente se transfieren a cintas de poli\u00e9ster mediante un proceso de alta temperatura. Esto da como resultado gr\u00e1ficos vibrantes y resistentes a la decoloraci\u00f3n que se integran en el tejido, garantizando una calidad duradera.<\/p>\n<p>Personalizaci\u00f3n ilimitada a tu alcance:<br \/>\nSe acabaron los costosos costos de instalaci\u00f3n y los pedidos m\u00ednimos. Con la impresora de sublimaci\u00f3n SAITU de 1300 mm, tendr\u00e1 total libertad creativa para dise\u00f1ar y producir cintas de poli\u00e9ster personalizadas en la cantidad que necesite. Ya sea que busque crear cintas de regalo \u00fanicas para una ocasi\u00f3n especial o producir en masa correas de tel\u00e9fono personalizadas para su negocio, esta m\u00e1quina lo tiene cubierto.<\/p>\n<p>Producci\u00f3n de alta velocidad para una mayor eficiencia:<br \/>\nLa eficiencia es clave para expandir su negocio. La impresora SAITU cuenta con una impresionante velocidad de producci\u00f3n de hasta 53 m\u00b2\/h, lo que le permite producir cintas personalizadas a una velocidad sin precedentes. Esto significa que puede procesar grandes pedidos con rapidez y eficiencia, satisfaciendo incluso las demandas m\u00e1s exigentes del mercado.<\/p>\n<p>Aplicaciones vers\u00e1tiles para cada necesidad:<br \/>\nLa versatilidad de las cintas de poli\u00e9ster impresas con la impresora de sublimaci\u00f3n SAITU es inigualable. Desde elegantes detalles para envolver regalos hasta elegantes correas para tel\u00e9fono y resistentes etiquetas colgantes, las posibilidades son infinitas. Estas cintas personalizadas pueden usarse para realzar la presentaci\u00f3n de sus productos, reforzar la identidad de su marca o simplemente darle un toque personal a cualquier ocasi\u00f3n.<\/p>\n<p><img decoding=\"async\" class=\"alignnone wp-image-12015\" src=\"https:\/\/saituprinter.com\/wp-content\/uploads\/2024\/08\/\u5fae\u4fe1\u56fe\u7247_20240716115129.jpg\" alt=\"\" width=\"452\" height=\"339\" srcset=\"https:\/\/www.saituprinter.com\/wp-content\/uploads\/2024\/08\/\u5fae\u4fe1\u56fe\u7247_20240716115129.jpg 1000w, https:\/\/www.saituprinter.com\/wp-content\/uploads\/2024\/08\/\u5fae\u4fe1\u56fe\u7247_20240716115129-600x450.jpg 600w, https:\/\/www.saituprinter.com\/wp-content\/uploads\/2024\/08\/\u5fae\u4fe1\u56fe\u7247_20240716115129-150x113.jpg 150w, https:\/\/www.saituprinter.com\/wp-content\/uploads\/2024\/08\/\u5fae\u4fe1\u56fe\u7247_20240716115129-800x600.jpg 800w, https:\/\/www.saituprinter.com\/wp-content\/uploads\/2024\/08\/\u5fae\u4fe1\u56fe\u7247_20240716115129-768x576.jpg 768w\" sizes=\"(max-width: 452px) 100vw, 452px\" \/> <img decoding=\"async\" class=\"alignnone wp-image-12019\" src=\"https:\/\/saituprinter.com\/wp-content\/uploads\/2024\/08\/\u5fae\u4fe1\u56fe\u7247_20240716115137.jpg\" alt=\"\" width=\"448\" height=\"336\" srcset=\"https:\/\/www.saituprinter.com\/wp-content\/uploads\/2024\/08\/\u5fae\u4fe1\u56fe\u7247_20240716115137.jpg 1000w, https:\/\/www.saituprinter.com\/wp-content\/uploads\/2024\/08\/\u5fae\u4fe1\u56fe\u7247_20240716115137-600x450.jpg 600w, https:\/\/www.saituprinter.com\/wp-content\/uploads\/2024\/08\/\u5fae\u4fe1\u56fe\u7247_20240716115137-150x113.jpg 150w, https:\/\/www.saituprinter.com\/wp-content\/uploads\/2024\/08\/\u5fae\u4fe1\u56fe\u7247_20240716115137-800x600.jpg 800w, https:\/\/www.saituprinter.com\/wp-content\/uploads\/2024\/08\/\u5fae\u4fe1\u56fe\u7247_20240716115137-768x576.jpg 768w\" sizes=\"(max-width: 448px) 100vw, 448px\" \/><\/p>\n<p>&nbsp;<\/p>\n<p><img loading=\"lazy\" decoding=\"async\" class=\"alignnone wp-image-12236\" src=\"https:\/\/saituprinter.com\/wp-content\/uploads\/2024\/08\/1597819608615053.jpg\" alt=\"\" width=\"378\" height=\"281\" srcset=\"https:\/\/www.saituprinter.com\/wp-content\/uploads\/2024\/08\/1597819608615053.jpg 500w, https:\/\/www.saituprinter.com\/wp-content\/uploads\/2024\/08\/1597819608615053-150x112.jpg 150w, https:\/\/www.saituprinter.com\/wp-content\/uploads\/2024\/08\/1597819608615053-280x208.jpg 280w\" sizes=\"(max-width: 378px) 100vw, 378px\" \/> <img loading=\"lazy\" decoding=\"async\" class=\"alignnone wp-image-12240\" src=\"https:\/\/saituprinter.com\/wp-content\/uploads\/2024\/08\/tw-11134201-7r98o-lkjdcudin5fk7e.jpeg\" alt=\"\" width=\"285\" height=\"285\" srcset=\"https:\/\/www.saituprinter.com\/wp-content\/uploads\/2024\/08\/tw-11134201-7r98o-lkjdcudin5fk7e.jpeg 1024w, https:\/\/www.saituprinter.com\/wp-content\/uploads\/2024\/08\/tw-11134201-7r98o-lkjdcudin5fk7e-600x600.jpeg 600w, https:\/\/www.saituprinter.com\/wp-content\/uploads\/2024\/08\/tw-11134201-7r98o-lkjdcudin5fk7e-150x150.jpeg 150w, https:\/\/www.saituprinter.com\/wp-content\/uploads\/2024\/08\/tw-11134201-7r98o-lkjdcudin5fk7e-800x800.jpeg 800w, https:\/\/www.saituprinter.com\/wp-content\/uploads\/2024\/08\/tw-11134201-7r98o-lkjdcudin5fk7e-768x768.jpeg 768w\" sizes=\"(max-width: 285px) 100vw, 285px\" \/><\/p>\n<div style=\"width: 1280px;\" class=\"wp-video\"><!--[if lt IE 9]><script>document.createElement('video');<\/script><![endif]-->\n<video class=\"wp-video-shortcode\" id=\"video-12010-1\" width=\"1280\" height=\"720\" preload=\"metadata\" controls=\"controls\"><source type=\"video\/mp4\" src=\"https:\/\/saituprinter.com\/wp-content\/uploads\/2024\/08\/WeChat_20240612140935.mp4?_=1\" \/><a href=\"https:\/\/saituprinter.com\/wp-content\/uploads\/2024\/08\/WeChat_20240612140935.mp4\">https:\/\/saituprinter.com\/wp-content\/uploads\/2024\/08\/WeChat_20240612140935.mp4<\/a><\/video><\/div>","protected":false},"excerpt":{"rendered":"<p>Libere todo el potencial de su marca con la impresora de sublimaci\u00f3n SAITU de 1300 mm para cintas de poli\u00e9ster. Esta revolucionaria m\u00e1quina imprime directamente sobre papel de sublimaci\u00f3n, utilizando tintas premium para crear dise\u00f1os impactantes que se transfieren perfectamente a telas de poli\u00e9ster. Disfrute de una personalizaci\u00f3n ilimitada sin necesidad de configuraciones costosas ni pedidos m\u00ednimos. Desde cintas de regalo hasta correas para tel\u00e9fono, produzca productos personalizados de alta calidad a velocidades de hasta 53 m\u00b2\/h.<\/p>","protected":false},"featured_media":12516,"comment_status":"closed","ping_status":"closed","template":"","meta":[],"product_cat":[18,89],"product_tag":[],"class_list":["post-12010","product","type-product","status-publish","has-post-thumbnail","hentry","product_cat-sublimation-printer","product_cat-simple-paper-system-machine"],"_links":{"self":[{"href":"https:\/\/www.saituprinter.com\/es\/wp-json\/wp\/v2\/product\/12010","targetHints":{"allow":["GET"]}}],"collection":[{"href":"https:\/\/www.saituprinter.com\/es\/wp-json\/wp\/v2\/product"}],"about":[{"href":"https:\/\/www.saituprinter.com\/es\/wp-json\/wp\/v2\/types\/product"}],"replies":[{"embeddable":true,"href":"https:\/\/www.saituprinter.com\/es\/wp-json\/wp\/v2\/comments?post=12010"}],"wp:featuredmedia":[{"embeddable":true,"href":"https:\/\/www.saituprinter.com\/es\/wp-json\/wp\/v2\/media\/12516"}],"wp:attachment":[{"href":"https:\/\/www.saituprinter.com\/es\/wp-json\/wp\/v2\/media?parent=12010"}],"wp:term":[{"taxonomy":"product_cat","embeddable":true,"href":"https:\/\/www.saituprinter.com\/es\/wp-json\/wp\/v2\/product_cat?post=12010"},{"taxonomy":"product_tag","embeddable":true,"href":"https:\/\/www.saituprinter.com\/es\/wp-json\/wp\/v2\/product_tag?post=12010"}],"curies":[{"name":"wp","href":"https:\/\/api.w.org\/{rel}","templated":true}]}}