{"id":9117,"date":"2023-12-25T15:24:01","date_gmt":"2023-12-25T07:24:01","guid":{"rendered":"https:\/\/saituprinter.com\/?page_id=9117"},"modified":"2025-02-17T20:06:35","modified_gmt":"2025-02-17T12:06:35","slug":"distributor","status":"publish","type":"page","link":"https:\/\/www.saituprinter.com\/es\/distributor\/","title":{"rendered":"DISTRIBUIDOR"},"content":{"rendered":"<h1 style=\"text-align: center;\">\u00danase a nosotros: \u00a1convi\u00e9rtase en distribuidor de impresoras de gran formato de alta calidad!<\/h1>\n<p><img decoding=\"async\" src=\"https:\/\/saituprinter.com\/wp-content\/uploads\/2023\/12\/\u5fae\u4fe1\u56fe\u7247_20180719160000.jpg\" alt=\"\" width=\"189\" height=\"72\" \/><\/p>\n<p>Somos un fabricante l\u00edder de impresoras de gran formato de alta calidad para diversas industrias, como impresi\u00f3n publicitaria, impresi\u00f3n textil, impresi\u00f3n de planchas, impresi\u00f3n de cuero, impresi\u00f3n de pel\u00edculas decorativas e impresi\u00f3n de productos inflables.    Nuestras impresoras se someten a rigurosas pruebas e inspecciones de calidad, lo que garantiza un rendimiento y una durabilidad superiores.<\/p>\n<p>Actualmente estamos ampliando nuestra presencia en los mercados internacionales y buscamos activamente distribuidores confiables que nos ayuden a llegar a nuevos clientes en todo el mundo.    Al asociarse con nosotros, los distribuidores pueden beneficiarse de las siguientes ventajas.<\/p>\n<p>\u00bfPor qu\u00e9 unirse a nosotros?<\/p>\n<ol>\n<li>\u00a0\u00a0\u00a0Productos de alta calidad: cada impresora se prueba exhaustivamente entre 24 y 48 horas antes de la entrega, lo que garantiza su longevidad y confiabilidad.    Nuestro dedicado departamento de inspecci\u00f3n de calidad garantiza el rendimiento de cada m\u00e1quina, asegurando una calidad de producci\u00f3n impecable.<\/li>\n<\/ol>\n<ol start=\"2\">\n<li>\u00a0\u00a0\u00a0Amplia gama de productos:Nuestra amplia gama de productos incluye una variedad de impresoras de gran formato adecuadas para diferentes aplicaciones.    Esto permite a los distribuidores atender diversas necesidades de impresi\u00f3n digital, diferentes tama\u00f1os de impresi\u00f3n y abordar de manera efectiva la demanda de diversos mercados.<\/li>\n<\/ol>\n<ol start=\"3\">\n<li>\u00a0\u00a0\u00a0Precios competitivos: Ofrecemos una estructura de precios competitiva para nuestras impresoras de gran formato.    Al trabajar con nosotros, los distribuidores pueden disfrutar de atractivos m\u00e1rgenes de beneficio y competir eficazmente en el mercado sin comprometer la calidad del producto.<\/li>\n<\/ol>\n<ol start=\"4\">\n<li>\u00a0\u00a0\u00a0Soporte t\u00e9cnico: Ofrecemos soporte t\u00e9cnico integral a nuestros distribuidores, dot\u00e1ndolos de los conocimientos y habilidades necesarios para atender a sus clientes de forma eficaz.    Nuestro equipo t\u00e9cnico profesional est\u00e1 disponible para abordar cualquier consulta o inquietud, garantizando operaciones fluidas y la satisfacci\u00f3n de los clientes.<\/li>\n<\/ol>\n<ol start=\"5\">\n<li>\u00a0\u00a0\u00a0Apoyo de marketing: Creemos en asociaciones a largo plazo y brindamos apoyo de marketing y promoci\u00f3n a nuestros distribuidores.    Esto les ayuda a promocionar eficazmente nuestras impresoras de gran formato en sus respectivos mercados, creando una mayor visibilidad y demanda de los clientes.<\/li>\n<\/ol>\n<p>Si est\u00e1 interesado en convertirse en distribuidor autorizado de nuestras impresoras de gran formato, comun\u00edquese con nosotros utilizando los datos de contacto que se proporcionan a continuaci\u00f3n.    Le proporcionaremos m\u00e1s informaci\u00f3n sobre nuestros planes de distribuci\u00f3n y luego los requisitos necesarios con prontitud.<\/p>\n<p>Asociarse con nosotros como distribuidor autorizado le brindar\u00e1 excelentes oportunidades para su crecimiento y \u00e9xito.    Con nuestros productos de alta calidad, amplia gama, precios competitivos, soporte t\u00e9cnico y asistencia de marketing, puede ampliar su alcance y ofrecer soluciones de impresi\u00f3n confiables a clientes de todo el mundo.    \u00danase a nosotros ahora para aprovechar estas oportunidades y convertirse en un proveedor confiable de impresoras de gran formato.<\/p>\n<p><img fetchpriority=\"high\" decoding=\"async\" class=\"alignnone size-full wp-image-12706\" src=\"https:\/\/saituprinter.com\/wp-content\/uploads\/2025\/02\/\u5fae\u4fe1\u56fe\u7247_20250217165406-scaled.jpg\" alt=\"\" width=\"2560\" height=\"1920\" srcset=\"https:\/\/www.saituprinter.com\/wp-content\/uploads\/2025\/02\/\u5fae\u4fe1\u56fe\u7247_20250217165406-scaled.jpg 2560w, https:\/\/www.saituprinter.com\/wp-content\/uploads\/2025\/02\/\u5fae\u4fe1\u56fe\u7247_20250217165406-scaled-600x450.jpg 600w, https:\/\/www.saituprinter.com\/wp-content\/uploads\/2025\/02\/\u5fae\u4fe1\u56fe\u7247_20250217165406-scaled-150x113.jpg 150w, https:\/\/www.saituprinter.com\/wp-content\/uploads\/2025\/02\/\u5fae\u4fe1\u56fe\u7247_20250217165406-scaled-800x600.jpg 800w, https:\/\/www.saituprinter.com\/wp-content\/uploads\/2025\/02\/\u5fae\u4fe1\u56fe\u7247_20250217165406-768x576.jpg 768w, https:\/\/www.saituprinter.com\/wp-content\/uploads\/2025\/02\/\u5fae\u4fe1\u56fe\u7247_20250217165406-1536x1152.jpg 1536w, https:\/\/www.saituprinter.com\/wp-content\/uploads\/2025\/02\/\u5fae\u4fe1\u56fe\u7247_20250217165406-2048x1536.jpg 2048w\" sizes=\"(max-width: 2560px) 100vw, 2560px\" \/><\/p>","protected":false},"excerpt":{"rendered":"<p>Join Us : Become a Distributor of High Quality Wide-Format Printers! We are a leading manufacturer of high-quality wide-format printers<\/p>","protected":false},"author":4,"featured_media":0,"parent":0,"menu_order":0,"comment_status":"closed","ping_status":"closed","template":"","meta":{"footnotes":""},"class_list":["post-9117","page","type-page","status-publish","hentry"],"_links":{"self":[{"href":"https:\/\/www.saituprinter.com\/es\/wp-json\/wp\/v2\/pages\/9117","targetHints":{"allow":["GET"]}}],"collection":[{"href":"https:\/\/www.saituprinter.com\/es\/wp-json\/wp\/v2\/pages"}],"about":[{"href":"https:\/\/www.saituprinter.com\/es\/wp-json\/wp\/v2\/types\/page"}],"author":[{"embeddable":true,"href":"https:\/\/www.saituprinter.com\/es\/wp-json\/wp\/v2\/users\/4"}],"replies":[{"embeddable":true,"href":"https:\/\/www.saituprinter.com\/es\/wp-json\/wp\/v2\/comments?post=9117"}],"version-history":[{"count":0,"href":"https:\/\/www.saituprinter.com\/es\/wp-json\/wp\/v2\/pages\/9117\/revisions"}],"wp:attachment":[{"href":"https:\/\/www.saituprinter.com\/es\/wp-json\/wp\/v2\/media?parent=9117"}],"curies":[{"name":"wp","href":"https:\/\/api.w.org\/{rel}","templated":true}]}}